{"id":45484,"date":"2021-06-17T13:02:06","date_gmt":"2021-06-17T11:02:06","guid":{"rendered":"http:\/\/www.jordenrunt.nu\/resa\/?page_id=45484"},"modified":"2021-06-17T14:56:36","modified_gmt":"2021-06-17T12:56:36","slug":"cook-island","status":"publish","type":"page","link":"https:\/\/www.jordenrunt.nu\/resa\/cook-island\/","title":{"rendered":"Cook Island"},"content":{"rendered":"<p><img loading=\"lazy\" src=\"http:\/\/www.jordenrunt.nu\/resa\/wp-content\/uploads\/2013\/10\/cook-island-flaggan.gif\" width=\"600\" height=\"300\" border=\"0\"><\/p>\n<p>Cook&ouml;arna ligger mitt i S&ouml;derhavet, med Samoa till v&auml;ster och Tahiti (Franska Polynesien) till &ouml;ster.<br \/>\nHuvud&ouml;n &auml;r Rarotonga, men det finns 14 &ouml;ar till att bes&ouml;ka.<\/p>\n<p>Cook&ouml;arna Turistsajt: <a href=\"http:\/\/www.cookislands.travel\" target=\"_blank\" rel=\"noopener\">www.cookislands.travel<\/a><\/p>\n<p>Atiu island: <a href=\"http:\/\/www.atiu.info\/attractions\" target=\"_blank\" rel=\"noopener\">www.atiu.info\/attractions<\/a><\/p>\n<p>Suwarrow Atoll National Park: <a href=\"https:\/\/environment.gov.ck\/protected-areas\/suwarrow-atoll-national-park\/\" target=\"_blank\" rel=\"noopener\">environment.gov.ck\/protected-areas\/suwarrow-atoll-national-park<\/a><br \/>\nAitutaki Island Reserves: <a href=\"https:\/\/environment.gov.ck\/protected-areas\/aitutaki-island-reserves\/\" target=\"_blank\" rel=\"noopener\">environment.gov.ck\/protected-areas\/aitutaki-island-reserves<\/a><\/p>\n<p>Cook Island Bus: <a href=\"http:\/\/www.busaboutraro.com\/schedule.html\" target=\"_blank\" rel=\"noopener\">www.busaboutraro.com\/schedule.html<\/a><\/p>\n<p>Flygplatser Cook&ouml;arna: <a href=\"http:\/\/www.cookislandsairports.com\" target=\"_blank\" rel=\"noopener\">www.cookislandsairports.com<\/a><\/p>\n<p>Diving in the Cook Islands: <a href=\"https:\/\/www.padi.com\/diving-in\/cook-islands\/\" target=\"_blank\" rel=\"noopener\">www.padi.com\/diving-in\/cook-islands<\/a><\/p>\n<p>Onlineguider:<br \/>\n<a href=\"https:\/\/www.lonelyplanet.com\/rarotonga-and-the-cook-islands\/places\" target=\"_blank\" rel=\"noopener\">www.lonelyplanet.com\/rarotonga-and-the-cook-islands\/places<\/a><br \/>\n<a href=\"https:\/\/www.fodors.com\/world\/australia-and-the-pacific\/cook-islands\" target=\"_blank\" rel=\"noopener\">www.fodors.com\/world\/australia-and-the-pacific\/cook-islands<\/a><br \/>\n<a href=\"http:\/\/www.cookislands.org.uk\/\" target=\"_blank\" rel=\"noopener\">www.cookislands.org.uk<\/a><br \/>\n<a href=\"http:\/\/www.ck\/\" target=\"_blank\" rel=\"noopener\">www.ck<\/a><\/p>\n<p>&nbsp;<br \/>\nFler restips fr&aring;n S&ouml;derhavet p&aring; jordenrunt.nu:<br \/>\n<div class=\"rpfc-container\"><ul><li><a href=\"https:\/\/www.jordenrunt.nu\/resa\/oceanien\/2021\/07\/19\/soderhavet-lokala-matfavoriter-pa-vanuatu\/\">S\u00f6derhavet &#8211; Lokala matfavoriter p\u00e5 Vanuatu<\/a><\/li><li><a href=\"https:\/\/www.jordenrunt.nu\/resa\/oceanien\/2021\/06\/17\/cook-island-turistsajt\/\">Cook Island &#8211; turistsajter Cook\u00f6arna<\/a><\/li><li><a href=\"https:\/\/www.jordenrunt.nu\/resa\/oceanien\/2019\/09\/20\/milne-bay-vrakdykning-trekking-och-karleksoar\/\">Milne Bay &#8211; Vrakdykning, trekking &#038; k\u00e4rlek<\/a><\/li><li><a href=\"https:\/\/www.jordenrunt.nu\/resa\/oceanien\/2019\/08\/21\/turistsajte-for-ogruppen-vanuatu\/\">Turistsajter f\u00f6r \u00f6gruppen Vanuatu<\/a><\/li><li><a href=\"https:\/\/www.jordenrunt.nu\/resa\/oceanien\/2019\/02\/07\/papua-nya-guinea-historisk-vandring-langs-kokoda-trail\/\">PNG &#8211; Historisk vandring l\u00e4ngs Kokoda Trail<\/a><\/li><li><a href=\"https:\/\/www.jordenrunt.nu\/resa\/oceanien\/2018\/12\/13\/soderhavet-varldens-tuffaste-bungy-pa-vanuatu\/\">S\u00f6derhavet &#8211; V\u00e4rldens tuffaste bungy p\u00e5 Vanuatu<\/a><\/li><li><a href=\"https:\/\/www.jordenrunt.nu\/resa\/oceanien\/2018\/09\/21\/med-bat-till-avlagsna-on-pitcairn\/\">S\u00f6derhavet &#8211; Med b\u00e5t till avl\u00e4gsna Pitcairn<\/a><\/li><li><a href=\"https:\/\/www.jordenrunt.nu\/resa\/reseplanera\/korallrev\/2018\/04\/11\/namena-barrier-reef-fiji-soderhavet\/\">Namena Barrier Reef \u2013 Fiji \u2013 S\u00f6derhavet<\/a><\/li><\/ul><\/div><\/p>\n","protected":false},"excerpt":{"rendered":"<p>Cook&ouml;arna ligger mitt i S&ouml;derhavet, med Samoa till v&auml;ster och Tahiti (Franska Polynesien) till &ouml;ster. Huvud&ouml;n &auml;r Rarotonga, men det finns [&hellip;]<\/p>\n","protected":false},"author":1,"featured_media":0,"parent":0,"menu_order":0,"comment_status":"closed","ping_status":"closed","template":"","meta":[],"_links":{"self":[{"href":"https:\/\/www.jordenrunt.nu\/resa\/wp-json\/wp\/v2\/pages\/45484"}],"collection":[{"href":"https:\/\/www.jordenrunt.nu\/resa\/wp-json\/wp\/v2\/pages"}],"about":[{"href":"https:\/\/www.jordenrunt.nu\/resa\/wp-json\/wp\/v2\/types\/page"}],"author":[{"embeddable":true,"href":"https:\/\/www.jordenrunt.nu\/resa\/wp-json\/wp\/v2\/users\/1"}],"replies":[{"embeddable":true,"href":"https:\/\/www.jordenrunt.nu\/resa\/wp-json\/wp\/v2\/comments?post=45484"}],"version-history":[{"count":6,"href":"https:\/\/www.jordenrunt.nu\/resa\/wp-json\/wp\/v2\/pages\/45484\/revisions"}],"predecessor-version":[{"id":45492,"href":"https:\/\/www.jordenrunt.nu\/resa\/wp-json\/wp\/v2\/pages\/45484\/revisions\/45492"}],"wp:attachment":[{"href":"https:\/\/www.jordenrunt.nu\/resa\/wp-json\/wp\/v2\/media?parent=45484"}],"curies":[{"name":"wp","href":"https:\/\/api.w.org\/{rel}","templated":true}]}}