{"id":43234,"date":"2018-06-14T11:47:56","date_gmt":"2018-06-14T09:47:56","guid":{"rendered":"http:\/\/www.jordenrunt.nu\/resa\/?page_id=43234"},"modified":"2018-06-28T14:31:18","modified_gmt":"2018-06-28T12:31:18","slug":"butrint-albanien","status":"publish","type":"page","link":"https:\/\/www.jordenrunt.nu\/resa\/butrint-albanien\/","title":{"rendered":"Tusen\u00e5riga ruiner i Butrint &#8211; Albanien"},"content":{"rendered":"<p>&nbsp;<br \/>\n<img loading=\"lazy\" src=\"http:\/\/www.jordenrunt.nu\/resa\/wp-content\/uploads\/2018\/06\/butrint-albanien-fonster-fonster.jpg\" alt=\"butrint-albanien-fonster-fonster\" width=\"1000\" height=\"686\" class=\"alignnone size-full wp-image-43256\" srcset=\"https:\/\/www.jordenrunt.nu\/resa\/wp-content\/uploads\/2018\/06\/butrint-albanien-fonster-fonster.jpg 1000w, https:\/\/www.jordenrunt.nu\/resa\/wp-content\/uploads\/2018\/06\/butrint-albanien-fonster-fonster-300x206.jpg 300w\" sizes=\"(max-width: 1000px) 100vw, 1000px\" \/><\/p>\n<p>&nbsp;<br \/>\nL\u00e4ngst nere i s\u00f6dra Albanien hittar du vid kusten nationalparken Butrint, en fantastisk plats att bes\u00f6ka. Omr\u00e5det \u00e4r fyllt av tusen\u00e5riga arkeologiska l\u00e4mningar av en stad som bland annat varit under b\u00e5de grekiskt och romersk styre. V\u00e4ldigt sp\u00e4nnande att vandra runt h\u00e4r (jag tyckte exempelvis att detta var mycket b\u00e4ttre \u00e4n Acropolis i Aten, Grekland).<br \/>\n&nbsp;<\/p>\n<p><img loading=\"lazy\" src=\"http:\/\/www.jordenrunt.nu\/resa\/wp-content\/uploads\/2018\/06\/butrint-albanien-1.jpg\" alt=\"butrint-albanien-1\" width=\"1000\" height=\"642\" class=\"alignnone size-full wp-image-43235\" srcset=\"https:\/\/www.jordenrunt.nu\/resa\/wp-content\/uploads\/2018\/06\/butrint-albanien-1.jpg 1000w, https:\/\/www.jordenrunt.nu\/resa\/wp-content\/uploads\/2018\/06\/butrint-albanien-1-300x193.jpg 300w\" sizes=\"(max-width: 1000px) 100vw, 1000px\" \/><\/p>\n<p>&nbsp;<br \/>\nSom alla stora sev\u00e4rdheter,  se till att vara p\u00e5 plats innan horder av turister st\u00f6r friden. Vilket just h\u00e4r betyder att h\u00e4nga p\u00e5 l\u00e5set n\u00e4r de \u00f6ppnar klockan \u00e5tta p\u00e5 morgonen. Jag vara p\u00e5 plats 07:40 och f\u00f6rst in och sedan n\u00e4r jag vandrade runt i det ganska stora och gr\u00f6nskande omr\u00e5det, hade jag det hela f\u00f6r mig sj\u00e4lv.<br \/>\n&nbsp;<\/p>\n<p><img loading=\"lazy\" src=\"http:\/\/www.jordenrunt.nu\/resa\/wp-content\/uploads\/2018\/06\/butrint-albanien-6.jpg\" alt=\"butrint-albanien-6\" width=\"1000\" height=\"667\" class=\"alignnone size-full wp-image-43242\" srcset=\"https:\/\/www.jordenrunt.nu\/resa\/wp-content\/uploads\/2018\/06\/butrint-albanien-6.jpg 1000w, https:\/\/www.jordenrunt.nu\/resa\/wp-content\/uploads\/2018\/06\/butrint-albanien-6-300x200.jpg 300w\" sizes=\"(max-width: 1000px) 100vw, 1000px\" \/><\/p>\n<p>&nbsp;<br \/>\nMan g\u00e5r som ett varv l\u00e4ngs stigar genom omr\u00e5det och den f\u00f6rsta delen bjuder p\u00e5 m\u00e5nga gamla murar&#8230;<br \/>\n&nbsp;<\/p>\n<p><img loading=\"lazy\" src=\"http:\/\/www.jordenrunt.nu\/resa\/wp-content\/uploads\/2018\/06\/butrint-albanien-2.jpg\" alt=\"butrint-albanien-2\" width=\"1000\" height=\"578\" class=\"alignnone size-full wp-image-43236\" srcset=\"https:\/\/www.jordenrunt.nu\/resa\/wp-content\/uploads\/2018\/06\/butrint-albanien-2.jpg 1000w, https:\/\/www.jordenrunt.nu\/resa\/wp-content\/uploads\/2018\/06\/butrint-albanien-2-300x173.jpg 300w\" sizes=\"(max-width: 1000px) 100vw, 1000px\" \/><\/p>\n<p>&nbsp;<\/p>\n<p><img loading=\"lazy\" src=\"http:\/\/www.jordenrunt.nu\/resa\/wp-content\/uploads\/2018\/06\/butrint-albanien-2-2-narbild-mur-vatten.jpg\" alt=\"butrint-albanien-2-2-narbild-mur-vatten\" width=\"1000\" height=\"697\" class=\"alignnone size-full wp-image-43237\" srcset=\"https:\/\/www.jordenrunt.nu\/resa\/wp-content\/uploads\/2018\/06\/butrint-albanien-2-2-narbild-mur-vatten.jpg 1000w, https:\/\/www.jordenrunt.nu\/resa\/wp-content\/uploads\/2018\/06\/butrint-albanien-2-2-narbild-mur-vatten-300x209.jpg 300w, https:\/\/www.jordenrunt.nu\/resa\/wp-content\/uploads\/2018\/06\/butrint-albanien-2-2-narbild-mur-vatten-400x280.jpg 400w\" sizes=\"(max-width: 1000px) 100vw, 1000px\" \/><\/p>\n<p>&nbsp;<br \/>\nOch en teater med tusen\u00e5riga anor!<br \/>\n&nbsp;<\/p>\n<p><img loading=\"lazy\" src=\"http:\/\/www.jordenrunt.nu\/resa\/wp-content\/uploads\/2018\/06\/butrint-albanien-4-theater.jpg\" alt=\"butrint-albanien-4-theater\" width=\"1000\" height=\"633\" class=\"alignnone size-full wp-image-43239\" srcset=\"https:\/\/www.jordenrunt.nu\/resa\/wp-content\/uploads\/2018\/06\/butrint-albanien-4-theater.jpg 1000w, https:\/\/www.jordenrunt.nu\/resa\/wp-content\/uploads\/2018\/06\/butrint-albanien-4-theater-300x190.jpg 300w\" sizes=\"(max-width: 1000px) 100vw, 1000px\" \/><\/p>\n<p>&nbsp;<br \/>\nP\u00e5 dessa stenar har det suttit inv\u00e5nare i Butrint och tittat p\u00e5 teater i form av grekiska tragedier eller kanske komiska f\u00f6rest\u00e4llningar. Och traditionen med f\u00f6rest\u00e4llningar i Butrint fortlever \u00e4n i dag d\u00e5 man har teaterfestival varje \u00e5r i juli.<br \/>\n&nbsp;<\/p>\n<p><img loading=\"lazy\" src=\"http:\/\/www.jordenrunt.nu\/resa\/wp-content\/uploads\/2018\/06\/butrint-albanien-5-theater-narbild.jpg\" alt=\"butrint-albanien-5-theater-narbild\" width=\"1000\" height=\"667\" class=\"alignnone size-full wp-image-43241\" srcset=\"https:\/\/www.jordenrunt.nu\/resa\/wp-content\/uploads\/2018\/06\/butrint-albanien-5-theater-narbild.jpg 1000w, https:\/\/www.jordenrunt.nu\/resa\/wp-content\/uploads\/2018\/06\/butrint-albanien-5-theater-narbild-300x200.jpg 300w\" sizes=\"(max-width: 1000px) 100vw, 1000px\" \/><\/p>\n<p>&nbsp;<br \/>\nEfter teatern fortsatte jag l\u00e4ngre in i gr\u00f6nskan och fastnade vid denna gamla kristna byggnad.<br \/>\n&nbsp;<\/p>\n<p><img loading=\"lazy\" src=\"http:\/\/www.jordenrunt.nu\/resa\/wp-content\/uploads\/2018\/06\/butrint-albanien-7-vagg1.jpg\" alt=\"butrint-albanien-7-vagg1\" width=\"630\" height=\"800\" class=\"alignnone size-full wp-image-43243\" srcset=\"https:\/\/www.jordenrunt.nu\/resa\/wp-content\/uploads\/2018\/06\/butrint-albanien-7-vagg1.jpg 630w, https:\/\/www.jordenrunt.nu\/resa\/wp-content\/uploads\/2018\/06\/butrint-albanien-7-vagg1-236x300.jpg 236w\" sizes=\"(max-width: 630px) 100vw, 630px\" \/><\/p>\n<p>&nbsp;<\/p>\n<p><img loading=\"lazy\" src=\"http:\/\/www.jordenrunt.nu\/resa\/wp-content\/uploads\/2018\/06\/butrint-albanien-7-vagg2.jpg\" alt=\"butrint-albanien-7-vagg2\" width=\"1000\" height=\"760\" class=\"alignnone size-full wp-image-43244\" srcset=\"https:\/\/www.jordenrunt.nu\/resa\/wp-content\/uploads\/2018\/06\/butrint-albanien-7-vagg2.jpg 1000w, https:\/\/www.jordenrunt.nu\/resa\/wp-content\/uploads\/2018\/06\/butrint-albanien-7-vagg2-300x228.jpg 300w\" sizes=\"(max-width: 1000px) 100vw, 1000px\" \/><\/p>\n<p>&nbsp;<\/p>\n<p><img loading=\"lazy\" src=\"http:\/\/www.jordenrunt.nu\/resa\/wp-content\/uploads\/2018\/06\/butrint-albanien-7-vagg3.jpg\" alt=\"butrint-albanien-7-vagg3\" width=\"1000\" height=\"667\" class=\"alignnone size-full wp-image-43245\" srcset=\"https:\/\/www.jordenrunt.nu\/resa\/wp-content\/uploads\/2018\/06\/butrint-albanien-7-vagg3.jpg 1000w, https:\/\/www.jordenrunt.nu\/resa\/wp-content\/uploads\/2018\/06\/butrint-albanien-7-vagg3-300x200.jpg 300w\" sizes=\"(max-width: 1000px) 100vw, 1000px\" \/><\/p>\n<p>&nbsp;<br \/>\nUnder storhetstiden av denna byggnad kan jag ana att det var \u00e4nnu m\u00e4ktigare att kliva in h\u00e4r och bland annat var hela golvytan t\u00e4ckt av mosaik. Viiket syns om man tittar n\u00e4rmare i bortre v\u00e4nstra h\u00f6rnet.<br \/>\n&nbsp;<\/p>\n<p><img loading=\"lazy\" src=\"http:\/\/www.jordenrunt.nu\/resa\/wp-content\/uploads\/2018\/06\/butrint-albanien-8-mosaik-1.jpg\" alt=\"butrint-albanien-8-mosaik-1\" width=\"524\" height=\"682\" class=\"alignnone size-full wp-image-43246\" srcset=\"https:\/\/www.jordenrunt.nu\/resa\/wp-content\/uploads\/2018\/06\/butrint-albanien-8-mosaik-1.jpg 524w, https:\/\/www.jordenrunt.nu\/resa\/wp-content\/uploads\/2018\/06\/butrint-albanien-8-mosaik-1-230x300.jpg 230w\" sizes=\"(max-width: 524px) 100vw, 524px\" \/><\/p>\n<p>&nbsp;<\/p>\n<p><img loading=\"lazy\" src=\"http:\/\/www.jordenrunt.nu\/resa\/wp-content\/uploads\/2018\/06\/butrint-albanien-8-mosaik-2.jpg\" alt=\"butrint-albanien-8-mosaik-2\" width=\"1000\" height=\"667\" class=\"alignnone size-full wp-image-43247\" srcset=\"https:\/\/www.jordenrunt.nu\/resa\/wp-content\/uploads\/2018\/06\/butrint-albanien-8-mosaik-2.jpg 1000w, https:\/\/www.jordenrunt.nu\/resa\/wp-content\/uploads\/2018\/06\/butrint-albanien-8-mosaik-2-300x200.jpg 300w\" sizes=\"(max-width: 1000px) 100vw, 1000px\" \/><\/p>\n<p>&nbsp;<\/p>\n<p><img loading=\"lazy\" src=\"http:\/\/www.jordenrunt.nu\/resa\/wp-content\/uploads\/2018\/06\/butrint-albanien-8-mosaik-3.jpg\" alt=\"butrint-albanien-8-mosaik-3\" width=\"1000\" height=\"686\" class=\"alignnone size-full wp-image-43248\" srcset=\"https:\/\/www.jordenrunt.nu\/resa\/wp-content\/uploads\/2018\/06\/butrint-albanien-8-mosaik-3.jpg 1000w, https:\/\/www.jordenrunt.nu\/resa\/wp-content\/uploads\/2018\/06\/butrint-albanien-8-mosaik-3-300x206.jpg 300w\" sizes=\"(max-width: 1000px) 100vw, 1000px\" \/><\/p>\n<p>&nbsp;<br \/>\nMin vandring fortsatte mot nya sp\u00e4nnande uppt\u00e4ckter. Eftersom jag var helt sj\u00e4lv under vandringen, k\u00e4nde jag mig n\u00e4stan som en uppt\u00e4ckare av denna plats. Den bortre delen bj\u00f6d p\u00e5 stora skyddsmurar av stenblock, detta d\u00e5 man genom historien har f\u00e5tt f\u00f6rsvara sig mot angripare som velat inta staden Butrint.<br \/>\n&nbsp;<\/p>\n<p><img loading=\"lazy\" src=\"http:\/\/www.jordenrunt.nu\/resa\/wp-content\/uploads\/2018\/06\/butrint-albanien-9-mur-gate.jpg\" alt=\"butrint-albanien-9-mur-gate\" width=\"542\" height=\"662\" class=\"alignnone size-full wp-image-43249\" srcset=\"https:\/\/www.jordenrunt.nu\/resa\/wp-content\/uploads\/2018\/06\/butrint-albanien-9-mur-gate.jpg 542w, https:\/\/www.jordenrunt.nu\/resa\/wp-content\/uploads\/2018\/06\/butrint-albanien-9-mur-gate-246x300.jpg 246w\" sizes=\"(max-width: 542px) 100vw, 542px\" \/><\/p>\n<p>&nbsp;<br \/>\nOvan ser du en av portarna in i staden och h\u00e4runder ytterligare en!<br \/>\n&nbsp;<\/p>\n<p><img loading=\"lazy\" src=\"http:\/\/www.jordenrunt.nu\/resa\/wp-content\/uploads\/2018\/06\/butrint-albanien-10-lion-gate.jpg\" alt=\"butrint-albanien-10-lion-gate\" width=\"1000\" height=\"667\" class=\"alignnone size-full wp-image-43250\" srcset=\"https:\/\/www.jordenrunt.nu\/resa\/wp-content\/uploads\/2018\/06\/butrint-albanien-10-lion-gate.jpg 1000w, https:\/\/www.jordenrunt.nu\/resa\/wp-content\/uploads\/2018\/06\/butrint-albanien-10-lion-gate-300x200.jpg 300w\" sizes=\"(max-width: 1000px) 100vw, 1000px\" \/><\/p>\n<p>&nbsp;<br \/>\nLejonporten hade fr\u00e5n b\u00f6rjan normalh\u00f6jd (likt porten p\u00e5 den f\u00f6rra bilden ovanf\u00f6r denna). Men vid ett senare skede i historien f\u00f6rminskades porten (genom att man satte upp lejonstenen), f\u00f6r att g\u00f6ra det sv\u00e5rare f\u00f6r angripare att ta sig in.<br \/>\n&nbsp;<\/p>\n<p><img loading=\"lazy\" src=\"http:\/\/www.jordenrunt.nu\/resa\/wp-content\/uploads\/2018\/06\/butrint-albanien-10-lion-gate-narbild.jpg\" alt=\"butrint-albanien-10-lion-gate-narbild\" width=\"1000\" height=\"667\" class=\"alignnone size-full wp-image-43251\" srcset=\"https:\/\/www.jordenrunt.nu\/resa\/wp-content\/uploads\/2018\/06\/butrint-albanien-10-lion-gate-narbild.jpg 1000w, https:\/\/www.jordenrunt.nu\/resa\/wp-content\/uploads\/2018\/06\/butrint-albanien-10-lion-gate-narbild-300x200.jpg 300w\" sizes=\"(max-width: 1000px) 100vw, 1000px\" \/><\/p>\n<p>&nbsp;<br \/>\nN\u00e4stan l\u00e4ngst bort p\u00e5 rundvandringen b\u00f6rjar man n\u00e4rma sig fortet, som f\u00f6rst b\u00f6rjade uppf\u00f6ras f\u00f6r cirka 600 \u00e5r sedan och d\u00e4refter har ut\u00f6kas genom historien.<br \/>\n&nbsp;<\/p>\n<p><img loading=\"lazy\" src=\"http:\/\/www.jordenrunt.nu\/resa\/wp-content\/uploads\/2018\/06\/butrint-albanien-11-mur-vatten.jpg\" alt=\"butrint-albanien-11-mur-vatten\" width=\"600\" height=\"711\" class=\"alignnone size-full wp-image-43253\" srcset=\"https:\/\/www.jordenrunt.nu\/resa\/wp-content\/uploads\/2018\/06\/butrint-albanien-11-mur-vatten.jpg 600w, https:\/\/www.jordenrunt.nu\/resa\/wp-content\/uploads\/2018\/06\/butrint-albanien-11-mur-vatten-253x300.jpg 253w\" sizes=\"(max-width: 600px) 100vw, 600px\" \/><\/p>\n<p>&nbsp;<br \/>\nH\u00e4r \u00e4r ett (kanonbra) f\u00f6rsvar uppe p\u00e5 fortets tak.<br \/>\n&nbsp;<\/p>\n<p><img loading=\"lazy\" src=\"http:\/\/www.jordenrunt.nu\/resa\/wp-content\/uploads\/2018\/06\/butrint-albanien-11-1-kanon.jpg\" alt=\"butrint-albanien-11-1-kanon\" width=\"1000\" height=\"669\" class=\"alignnone size-full wp-image-43252\" srcset=\"https:\/\/www.jordenrunt.nu\/resa\/wp-content\/uploads\/2018\/06\/butrint-albanien-11-1-kanon.jpg 1000w, https:\/\/www.jordenrunt.nu\/resa\/wp-content\/uploads\/2018\/06\/butrint-albanien-11-1-kanon-300x201.jpg 300w\" sizes=\"(max-width: 1000px) 100vw, 1000px\" \/><\/p>\n<p>&nbsp;<br \/>\nMissa inte det lilla men naggande goda museet (\u00f6ppnar kl 9) nere i delar av det gamla fortet. M\u00e5nga statyer och f\u00f6rem\u00e5l man hittat i Butrint finns utst\u00e4llda h\u00e4r, plus att man visar en intressant film om det arkeologiska arbetet i Butrint.<br \/>\n&nbsp;<\/p>\n<p><img loading=\"lazy\" src=\"http:\/\/www.jordenrunt.nu\/resa\/wp-content\/uploads\/2018\/06\/butrint-albanien-12-museet-flagga.jpg\" alt=\"butrint-albanien-12-museet-flagga\" width=\"1000\" height=\"697\" class=\"alignnone size-full wp-image-43254\" srcset=\"https:\/\/www.jordenrunt.nu\/resa\/wp-content\/uploads\/2018\/06\/butrint-albanien-12-museet-flagga.jpg 1000w, https:\/\/www.jordenrunt.nu\/resa\/wp-content\/uploads\/2018\/06\/butrint-albanien-12-museet-flagga-300x209.jpg 300w, https:\/\/www.jordenrunt.nu\/resa\/wp-content\/uploads\/2018\/06\/butrint-albanien-12-museet-flagga-400x280.jpg 400w\" sizes=\"(max-width: 1000px) 100vw, 1000px\" \/><\/p>\n<p>&nbsp;<br \/>\nText och bild: <b>Robert Karlsson<\/b> (<font color=\"#AC0000\">juni 2018<\/font color>)<br \/>\n&nbsp;<\/p>\n<p><img loading=\"lazy\" src=\"http:\/\/www.jordenrunt.nu\/resa\/wp-content\/uploads\/2018\/06\/butrint-albanien-selfie-theater.jpg\" alt=\"butrint-albanien-selfie-theater\" width=\"1000\" height=\"729\" class=\"alignnone size-full wp-image-43257\" srcset=\"https:\/\/www.jordenrunt.nu\/resa\/wp-content\/uploads\/2018\/06\/butrint-albanien-selfie-theater.jpg 1000w, https:\/\/www.jordenrunt.nu\/resa\/wp-content\/uploads\/2018\/06\/butrint-albanien-selfie-theater-300x219.jpg 300w\" sizes=\"(max-width: 1000px) 100vw, 1000px\" \/><\/p>\n<p>&nbsp;<br \/>\nGanska m\u00e4ktigt att sitta i teatern p\u00e5 stenarna och veta att p\u00e5 samma plats har det genom \u00e5rtusenden suttit andra bes\u00f6kare och tittat p\u00e5 teaterf\u00f6rest\u00e4llningar (sj\u00e4lv nj\u00f6t jag bara av fridfullheten i min ensamhet tidigt p\u00e5 morgonen). <\/p>\n<p>&nbsp;<br \/>\n<b>Planering<\/b><\/p>\n<p>Butrint National Park ligger l\u00e5ngt nere i s\u00f6dra Albanien (vid kusten och n\u00e4ra Greklands gr\u00e4ns).<\/p>\n<p>Man \u00f6ppnar klockan \u00e5tta p\u00e5 morgonen och intr\u00e4det \u00e4r 700 lek (strax under 60 kronor och v\u00e4l v\u00e4rt pengarna).<\/p>\n<p>Det kommer ganska m\u00e5nga busslaster med turister och skolklasser till Butrint, s\u00e5 f\u00f6r ett fridfullt bes\u00f6k se till att vara d\u00e4r n\u00e4r de \u00f6ppnar klockan \u00e5tta p\u00e5 morgonen. Efter ungef\u00e4r tio b\u00f6rjar det fyllas p\u00e5 (n\u00e4r jag gick vid halv elva var det ett tiotal stora turistbussar parkerade utanf\u00f6r, plus en massa bilar).<\/p>\n<p><img loading=\"lazy\" src=\"http:\/\/www.jordenrunt.nu\/resa\/wp-content\/uploads\/2018\/06\/butrint-albanien-4-theater-skolklass.jpg\" alt=\"butrint-albanien-4-theater-skolklass\" width=\"1000\" height=\"662\" class=\"alignnone size-full wp-image-43240\" srcset=\"https:\/\/www.jordenrunt.nu\/resa\/wp-content\/uploads\/2018\/06\/butrint-albanien-4-theater-skolklass.jpg 1000w, https:\/\/www.jordenrunt.nu\/resa\/wp-content\/uploads\/2018\/06\/butrint-albanien-4-theater-skolklass-300x199.jpg 300w\" sizes=\"(max-width: 1000px) 100vw, 1000px\" \/><\/p>\n<p>&nbsp;<br \/>\nDet g\u00e5r lokalbuss till Butrint fr\u00e5n Saranda (tar cirka 40 minuter och kostar 100 lek) och kommer du med bussen vid sjutiden p\u00e5 morgonen fr\u00e5n Saranda \u00e4r du i perfekt tid f\u00f6r att vara f\u00f6rst in och ha Butrint n\u00e4stan f\u00f6r dig sj\u00e4lv. Bussen (inte minibuss, utan stor buss) avg\u00e5r fr\u00e5n gatan (som g\u00e5r parallellt med strandpromenaden, en bit upp) bredvid en gr\u00f6nskande del i centrala Saranda (en bit nedanf\u00f6r d\u00e4r minibussarna ankommer och avg\u00e5r till andra delar av Albanien).<\/p>\n<p>Boende i alla uppt\u00e4nkliga prisklasser finns i Saranda. Jag hade exempelvis ett stort rum med tre s\u00e4ngar, badrum och balkong f\u00f6r nio euro p\u00e5 Hostel Gjika. Det finns \u00e4ven mycket boende i Ksamil Beach (b\u00e4ttre strand \u00e4n Saranda), som bara ligger n\u00e5gra kilometer fr\u00e5n Butrint (lokalbussen fr\u00e5n Saranda till Butrint stannar \u00e4ven i Ksamil).<\/p>\n<p>&nbsp;<br \/>\nL\u00e4nktips f\u00f6r mer fakta och planering:<br \/>\n<a href=\"http:\/\/albania.al\/destination\/17\/butrint\/\" target=\"_blank\">albania.al\/destination\/17\/butrint<\/a><br \/>\n<a href=\"https:\/\/whc.unesco.org\/en\/list\/570\" target=\"_blank\">whc.unesco.org\/en\/list\/570<\/a><br \/>\n<a href=\"http:\/\/www.expoaus.org\/butrint-national-park-uso12\" target=\"_blank\">www.expoaus.org\/butrint-national-park-uso12<\/a><br \/>\n<a href=\"https:\/\/www.sarandaweb.com\/sightseeing\/10-reasons-why-you-should-visit-butrint-saranda\" target=\"_blank\">www.sarandaweb.com\/sightseeing\/10-reasons-why-you-should-visit-butrint-saranda<\/a><br \/>\n<a href=\"https:\/\/www.butrintfoundation.co.uk\/contact\" target=\"_blank\">www.butrintfoundation.co.uk\/contact<\/a><br \/>\n<a href=\"http:\/\/albania.al\/destination\/22\/saranda\" target=\"_blank\">albania.al\/destination\/22\/saranda<\/a><\/p>\n<p>&nbsp;<br \/>\n<font color=\"#AC0000\"><b>MISSA INTE &#8211; fler platser att bes\u00f6ka i Albanien!<\/b><\/font color><\/p>\n<p>Ytterligare en h\u00f6jdpunkt i Albanien \u00e4r stenstaden Gjirokastra, l\u00e4s mer h\u00e4r:<br \/>\n<a href=\"http:\/\/www.jordenrunt.nu\/resa\/gjirokastra-albanien\">www.jordenrunt.nu\/resa\/gjirokastra-albanien<\/a><\/p>\n<p>Missa inte heller staden med tusen f\u00f6nster (Berat), l\u00e4s mer h\u00e4r:<br \/>\n<a href=\"http:\/\/www.jordenrunt.nu\/resa\/berat-albanien\">www.jordenrunt.nu\/resa\/berat-albanien<\/a><\/p>\n<p>Om du har v\u00e4garna f\u00f6rbi huvudstaden Tirana, ta ett stopp f\u00f6r en natt, l\u00e4s mer h\u00e4r:<br \/>\n<a href=\"http:\/\/www.jordenrunt.nu\/resa\/tirana-albanien\">www.jordenrunt.nu\/resa\/tirana-albanien<\/a><\/p>\n<p>Den magiska kustv\u00e4gen l\u00e4ngs Albaniens riviera, l\u00e4s mer h\u00e4r:<br \/>\n<a href=\"http:\/\/www.jordenrunt.nu\/resa\/medelhavskusten-albanien\">www.jordenrunt.nu\/resa\/medelhavskusten-albanien<\/a><\/p>\n<p>&nbsp;<\/p>\n","protected":false},"excerpt":{"rendered":"<p>&nbsp; &nbsp; L\u00e4ngst nere i s\u00f6dra Albanien hittar du vid kusten nationalparken Butrint, en fantastisk plats att bes\u00f6ka. Omr\u00e5det \u00e4r fyllt [&hellip;]<\/p>\n","protected":false},"author":1,"featured_media":0,"parent":0,"menu_order":0,"comment_status":"closed","ping_status":"closed","template":"","meta":[],"_links":{"self":[{"href":"https:\/\/www.jordenrunt.nu\/resa\/wp-json\/wp\/v2\/pages\/43234"}],"collection":[{"href":"https:\/\/www.jordenrunt.nu\/resa\/wp-json\/wp\/v2\/pages"}],"about":[{"href":"https:\/\/www.jordenrunt.nu\/resa\/wp-json\/wp\/v2\/types\/page"}],"author":[{"embeddable":true,"href":"https:\/\/www.jordenrunt.nu\/resa\/wp-json\/wp\/v2\/users\/1"}],"replies":[{"embeddable":true,"href":"https:\/\/www.jordenrunt.nu\/resa\/wp-json\/wp\/v2\/comments?post=43234"}],"version-history":[{"count":18,"href":"https:\/\/www.jordenrunt.nu\/resa\/wp-json\/wp\/v2\/pages\/43234\/revisions"}],"predecessor-version":[{"id":43510,"href":"https:\/\/www.jordenrunt.nu\/resa\/wp-json\/wp\/v2\/pages\/43234\/revisions\/43510"}],"wp:attachment":[{"href":"https:\/\/www.jordenrunt.nu\/resa\/wp-json\/wp\/v2\/media?parent=43234"}],"curies":[{"name":"wp","href":"https:\/\/api.w.org\/{rel}","templated":true}]}}