{"id":41376,"date":"2016-05-31T16:51:17","date_gmt":"2016-05-31T14:51:17","guid":{"rendered":"http:\/\/www.jordenrunt.nu\/resa\/?page_id=41376"},"modified":"2016-05-31T16:53:07","modified_gmt":"2016-05-31T14:53:07","slug":"tahiti","status":"publish","type":"page","link":"https:\/\/www.jordenrunt.nu\/resa\/tahiti\/","title":{"rendered":"S\u00f6derhavet &#8211; Tahiti &#8211; Resel\u00e4nkar"},"content":{"rendered":"<p><img loading=\"lazy\" src=\"http:\/\/www.jordenrunt.nu\/resa\/wp-content\/uploads\/2009\/02\/tahiti-omslagsbild-reselankar.jpg\" alt=\"tahiti-omslagsbild-reselankar\" width=\"600\" height=\"251\" border=\"1\"><\/p>\n<p>Tahiti &auml;r bel&auml;get i Polynesien i S&ouml;derhavet och best&aring;r av 118 &ouml;ar. Huvudstaden heter Papeete och ligger p&aring; &ouml;n Tahiti (samma namn som hela &ouml;gruppen allts&aring;). <\/p>\n<p>Nedan resel&auml;nkar f&ouml;r att planera ditt bes&ouml;k.<\/p>\n<p>Tahiti Tourisme: <a href=\"http:\/\/www.tahiti-tourisme.com\" target=\"_blank\">www.tahiti-tourisme.com<\/a><br \/>\nTahiti Tourisme: <a href=\"http:\/\/tahitinow.com.au\" target=\"_blank\">www.tahitinow.com.au<\/a><br \/>\nUppt&auml;ck Franska Polynesien: <a href=\"http:\/\/sca.france.fr\/sv\/om-frankrike\/upptaeck-franska-polynesien-tahiti-och-mycket-mer\" target=\"_blank\">sca.france.fr\/sv\/exotiska-frankrike\/list\/stillahavet<\/a><br \/>\nDiscover Tahiti: <a href=\"http:\/\/spto.org\/discover\/tahiti\" target=\"_blank\">spto.org\/discover\/tahiti<\/a><\/p>\n<p>Moorea visitor&#8217;s bureau: <a href=\"http:\/\/www.gomoorea.com\" target=\"_blank\">www.gomoorea.com<\/a><br \/>\nTourism office Marquesas islands: <a href=\"http:\/\/www.marquises.pf\/2index.htm\" target=\"_blank\">www.marquises.pf\/2index.htm<\/a><br \/>\nMus\u00e9e de Tahiti et des \u00celes: <a href=\"http:\/\/www.museetahiti.pf\/infos.php\" target=\"_blank\">www.museetahiti.pf\/infos.php<\/a><br \/>\nDiving in Tahiti: <a href=\"http:\/\/www.tahiti-tourisme.com\/diving\/tahitidiving.asp\" target=\"_blank\">www.tahiti-tourisme.com\/diving\/tahitidiving.asp<\/a><br \/>\nTahiti travel guide: <a href=\"hhttp:\/\/www.southpacific.org\/guide\/tahiti.html\" target=\"_blank\">ww.southpacific.org\/guide\/tahiti.html<\/a><br \/>\nTravel Guide of Tahiti &#038; Moorea: <a href=\"http:\/\/www.guidepolynesie.com\/index.php\/en.html\" target=\"_blank\">www.guidepolynesie.com\/index.php\/en.html<\/a><\/p>\n<p>[google-map-sc zoom=&#8221;9&#8243;]<\/p>\n<p>&nbsp;<br \/>\nFler restips om S&ouml;derhavet p&aring; jordenrunt.nu:<br \/>\n<div class=\"rpfc-container\"><ul><li><a href=\"https:\/\/www.jordenrunt.nu\/resa\/oceanien\/2021\/07\/19\/soderhavet-lokala-matfavoriter-pa-vanuatu\/\">S\u00f6derhavet &#8211; Lokala matfavoriter p\u00e5 Vanuatu<\/a><\/li><li><a href=\"https:\/\/www.jordenrunt.nu\/resa\/oceanien\/2021\/06\/17\/cook-island-turistsajt\/\">Cook Island &#8211; turistsajter Cook\u00f6arna<\/a><\/li><li><a href=\"https:\/\/www.jordenrunt.nu\/resa\/oceanien\/2019\/09\/20\/milne-bay-vrakdykning-trekking-och-karleksoar\/\">Milne Bay &#8211; Vrakdykning, trekking &#038; k\u00e4rlek<\/a><\/li><li><a href=\"https:\/\/www.jordenrunt.nu\/resa\/oceanien\/2019\/08\/21\/turistsajte-for-ogruppen-vanuatu\/\">Turistsajter f\u00f6r \u00f6gruppen Vanuatu<\/a><\/li><li><a href=\"https:\/\/www.jordenrunt.nu\/resa\/oceanien\/2019\/02\/07\/papua-nya-guinea-historisk-vandring-langs-kokoda-trail\/\">PNG &#8211; Historisk vandring l\u00e4ngs Kokoda Trail<\/a><\/li><li><a href=\"https:\/\/www.jordenrunt.nu\/resa\/oceanien\/2018\/12\/13\/soderhavet-varldens-tuffaste-bungy-pa-vanuatu\/\">S\u00f6derhavet &#8211; V\u00e4rldens tuffaste bungy p\u00e5 Vanuatu<\/a><\/li><li><a href=\"https:\/\/www.jordenrunt.nu\/resa\/oceanien\/2018\/09\/21\/med-bat-till-avlagsna-on-pitcairn\/\">S\u00f6derhavet &#8211; Med b\u00e5t till avl\u00e4gsna Pitcairn<\/a><\/li><li><a href=\"https:\/\/www.jordenrunt.nu\/resa\/reseplanera\/korallrev\/2018\/04\/11\/namena-barrier-reef-fiji-soderhavet\/\">Namena Barrier Reef \u2013 Fiji \u2013 S\u00f6derhavet<\/a><\/li><li><a href=\"https:\/\/www.jordenrunt.nu\/resa\/oceanien\/2018\/03\/21\/fiji-turistsajt\/\">Fiji turistsajter<\/a><\/li><li><a href=\"https:\/\/www.jordenrunt.nu\/resa\/asien\/2017\/05\/10\/sri-lanka-sydkusten-stranden-mirissa\/\">Sri Lanka &#8211; Sydkusten &#8211; stranden Mirissa<\/a><\/li><li><a href=\"https:\/\/www.jordenrunt.nu\/resa\/oceanien\/2017\/02\/21\/soderhavet-papau-nya-guinea-allt-om-att-surfa\/\">S\u00f6derhavet &#8211; Surfa p\u00e5 Papua Nya Guinea<\/a><\/li><li><a href=\"https:\/\/www.jordenrunt.nu\/resa\/ekoturism\/ekoturism-oceanien\/2016\/11\/18\/village-home-stay-i-american-samoa\/\">Village home stay p\u00e5 American Samoa<\/a><\/li><li><a href=\"https:\/\/www.jordenrunt.nu\/resa\/oceanien\/2016\/06\/25\/solomon-island-visumregler\/\">Solomon Island &#8211; Visumregler<\/a><\/li><li><a href=\"https:\/\/www.jordenrunt.nu\/resa\/oceanien\/2016\/06\/01\/soderhavet-tahiti-turistsajter\/\">S\u00f6derhavet &#8211; Tahiti &#8211; Turistsajter<\/a><\/li><li><a href=\"https:\/\/www.jordenrunt.nu\/resa\/oceanien\/2016\/03\/10\/soderhavet-new-caledonia-nya-kaledonien-turistsajter\/\">S\u00f6derhavet &#8211; Nya Kaledonien &#8211; turistsajter &#038; broschyrer<\/a><\/li><li><a href=\"https:\/\/www.jordenrunt.nu\/resa\/oceanien\/2016\/01\/06\/cook-island-visumregler\/\">S\u00f6derhavet &#8211; Cook\u00f6arna &#8211; Visumregler<\/a><\/li><li><a href=\"https:\/\/www.jordenrunt.nu\/resa\/oceanien\/2015\/06\/23\/samoa-visumregler\/\">Samoa &#8211; Visumregler<\/a><\/li><li><a href=\"https:\/\/www.jordenrunt.nu\/resa\/oceanien\/2015\/04\/25\/papua-nya-guinea-visumregler\/\">Papua Nya Guinea &#8211; Visumregler<\/a><\/li><li><a href=\"https:\/\/www.jordenrunt.nu\/resa\/oceanien\/2015\/04\/19\/tahiti-visumregler\/\">S\u00f6derhavet &#8211; Tahiti &#8211; Visumregler<\/a><\/li><li><a href=\"https:\/\/www.jordenrunt.nu\/resa\/oceanien\/2015\/03\/15\/lyxigt-hogt-tradhus-pa-fiji\/\">Lyxigt dyrt och h\u00f6gt tr\u00e4dhus p\u00e5 Fiji<\/a><\/li><\/ul><\/div><\/p>\n","protected":false},"excerpt":{"rendered":"<p>Tahiti &auml;r bel&auml;get i Polynesien i S&ouml;derhavet och best&aring;r av 118 &ouml;ar. Huvudstaden heter Papeete och ligger p&aring; &ouml;n Tahiti (samma [&hellip;]<\/p>\n","protected":false},"author":1,"featured_media":0,"parent":0,"menu_order":0,"comment_status":"closed","ping_status":"closed","template":"","meta":[],"_links":{"self":[{"href":"https:\/\/www.jordenrunt.nu\/resa\/wp-json\/wp\/v2\/pages\/41376"}],"collection":[{"href":"https:\/\/www.jordenrunt.nu\/resa\/wp-json\/wp\/v2\/pages"}],"about":[{"href":"https:\/\/www.jordenrunt.nu\/resa\/wp-json\/wp\/v2\/types\/page"}],"author":[{"embeddable":true,"href":"https:\/\/www.jordenrunt.nu\/resa\/wp-json\/wp\/v2\/users\/1"}],"replies":[{"embeddable":true,"href":"https:\/\/www.jordenrunt.nu\/resa\/wp-json\/wp\/v2\/comments?post=41376"}],"version-history":[{"count":3,"href":"https:\/\/www.jordenrunt.nu\/resa\/wp-json\/wp\/v2\/pages\/41376\/revisions"}],"predecessor-version":[{"id":41379,"href":"https:\/\/www.jordenrunt.nu\/resa\/wp-json\/wp\/v2\/pages\/41376\/revisions\/41379"}],"wp:attachment":[{"href":"https:\/\/www.jordenrunt.nu\/resa\/wp-json\/wp\/v2\/media?parent=41376"}],"curies":[{"name":"wp","href":"https:\/\/api.w.org\/{rel}","templated":true}]}}