{"id":40860,"date":"2016-02-23T15:41:44","date_gmt":"2016-02-23T13:41:44","guid":{"rendered":"http:\/\/www.jordenrunt.nu\/resa\/?page_id=40860"},"modified":"2016-02-23T15:47:11","modified_gmt":"2016-02-23T13:47:11","slug":"ecuador","status":"publish","type":"page","link":"https:\/\/www.jordenrunt.nu\/resa\/ecuador\/","title":{"rendered":"Ecuador &#8211; resel\u00e4nkar och reseplanering"},"content":{"rendered":"<p><img src=\"http:\/\/www.jordenrunt.nu\/resa\/wp-content\/uploads\/2014\/01\/ecuador-karta-flagga.jpg\" alt=\"ecuador-karta-flagga\" width=\"300\" class=\"alignnone size-full wp-image-32338\" srcset=\"https:\/\/www.jordenrunt.nu\/resa\/wp-content\/uploads\/2014\/01\/ecuador-karta-flagga.jpg 368w, https:\/\/www.jordenrunt.nu\/resa\/wp-content\/uploads\/2014\/01\/ecuador-karta-flagga-276x300.jpg 276w\" sizes=\"(max-width: 368px) 100vw, 368px\" \/><\/p>\n<p>Ecuador hittar du uppe i de nordv&auml;stra delarna av Sydamerika, plus att &auml;ven Galapagos&ouml;arna ute i Stilla Havet &auml;r en del av landet. Nedan ett antal riktigt tunga resel&auml;nkar som jag hoppas skall inspirera dig inf&ouml;r resan.<\/p>\n<p>Ecuador Ministry of Tourism: <a href=\"http:\/\/www.ecuador.travel\/en\" target=\"_blank\">www.ecuador.travel\/en<\/a><br \/>\nQuito Official Travel Information Site: <a href=\"http:\/\/www.quito.com.ec\/index.php?lang=en\" target=\"_blank\">www.quito.com.ec\/index.php?lang=en<\/a><br \/>\nMariscal Sucre Airport of Quito (sajten endast p&aring; spanska): <a href=\"http:\/\/www.aeropuertoquito.aero\" target=\"_blank\">www.aeropuertoquito.aero<\/a><br \/>\nWelcome to Guayaquil: <a href=\"http:\/\/turismo.guayaquil.gob.ec\/en\" target=\"_blank\">turismo.guayaquil.gob.ec\/en<\/a><\/p>\n<p><font color=\"#AC0000\">Boka billigt boendet i:<\/font color> &nbsp;<a href=\"http:\/\/www.reservations.bookhostels.com\/jordenrunt.nu\/findabed.php?ChosenCountry=Ecuador&#038;ChosenCity=quito\" target=\"_blank\"><u><font color=\"#AC0000\">Quito<\/font color><\/u><\/a> &nbsp; <a href=\"http:\/\/www.reservations.bookhostels.com\/jordenrunt.nu\/findabed.php?ChosenCountry=Ecuador&#038;ChosenCity=guayaquil\" target=\"_blank\"><u><font color=\"#AC0000\">Guayaquil<\/font color><\/u><\/a> &nbsp; <a href=\"http:\/\/www.reservations.bookhostels.com\/jordenrunt.nu\/index.php\" target=\"_blank\"><u><font color=\"#AC0000\">fler platser i Ecuador<\/font color><\/u><\/a><\/p>\n<p>Galapagos Conservancy: <a href=\"http:\/\/www.galapagos.org\/travel\/travel\/planning-a-trip\" target=\"_blank\">www.galapagos.org\/travel\/travel\/planning-a-trip<\/a><br \/>\nGalapagos Travel Guide: <a href=\"http:\/\/www.igtoa.org\/travel_guide\" target=\"_blank\">www.igtoa.org\/travel_guide<\/a><br \/>\nGalapagos National Park: <a href=\"http:\/\/www.galapagospark.org\/pn.php?page=turismo\" target=\"_blank\">www.galapagospark.org\/pn.php?page=turismo<\/a><br \/>\nOm Galapagos p&aring; Ecuadors turistsajt: <a href=\"http:\/\/ecuador.travel\/en\/4mundos#\" target=\"_blank\">ecuador.travel\/en\/4mundos#<\/a><\/p>\n<p><a href=\"http:\/\/media.reseguiden.se\/cgi-bin\/rg\/acq_air.cgi?city_name_dep=&#038;city_id_dep=&#038;country_name_dest=Ecuador&#038;event=country&#038;country_code_dest=EC&#038;site=jordenrunt\" target=\"_blank\"><font color=\"#AC0000\"><u>Hitta billigt flyg till Ecuador<\/u><\/font color><\/a><\/p>\n<p>Runa Tupari Native Travel: <a href=\"http:\/\/www.runatupari.com\/index.php\/en\/home\/our-company.html\" target=\"_blank\">www.runatupari.com\/index.php\/en\/home\/our-company.html<\/a><br \/>\nEl Pahuma Orchid Reserve: <a href=\"http:\/\/www.ceiba.org\/elpahuma.htm\" target=\"_blank\">www.ceiba.org\/elpahuma.htm<\/a><br \/>\nLalo Loor Dry Forest Reserve: <a href=\"http:\/\/www.ceiba.org\/loor.htm\" target=\"_blank\">www.ceiba.org\/loor.htm<\/a><br \/>\nRuna Huasi Eco-Lodge: <a href=\"http:\/\/www.selvaviva.ec\/en\/eco-lodge-runa-huasi\" target=\"_blank\">http:\/\/www.selvaviva.ec\/en\/eco-lodge-runa-huasi<\/a><br \/>\nEcotourism Maquipucuna: <a href=\"http:\/\/ecotourism.maqui.org\" target=\"_blank\">ecotourism.maqui.org<\/a><br \/>\nLos Cedros biological reserve: <a href=\"http:\/\/reservaloscedros.org\" target=\"_blank\">reservaloscedros.org<\/a><br \/>\nVandringsleder i Parque Nacional Cajas: <a href=\"http:\/\/parque-nacional-cajas.org\/tracks.html\" target=\"_blank\">parque-nacional-cajas.org\/tracks.html<\/a><br \/>\nSanta Luc\u00eda Cloud Forest Reserve: <a href=\"http:\/\/www.santaluciaecuador.com\/html\/aboutus.html\" target=\"_blank\">www.santaluciaecuador.com<\/a><br \/>\nYasun\u00ed Kichwa Ecolodge: <a href=\"http:\/\/www.yasuniecolodge.travel\/en\" target=\"_blank\">www.yasuniecolodge.travel\/en<\/a><br \/>\nBlack Sheep Inn Eco-Lodge: <a href=\"http:\/\/blacksheepinn.com\" target=\"_blank\">blacksheepinn.com<\/a><br \/>\nSani Lodge: <a href=\"http:\/\/sanilodge.com\" target=\"_blank\">sanilodge.com<\/a><\/p>\n<p>Se Ecuador p&aring; kartan, bl&aring; pin &auml;r Galapagos&#8230;<\/p>\n<p>[google-map-sc zoom=&#8221;5&#8243;]<\/p>\n<p>&nbsp;<br \/>\nFler restips fr&aring;n Sydamerika p&aring; jordenrunt.nu:<br \/>\n<div class=\"rpfc-container\"><ul><li><a href=\"https:\/\/www.jordenrunt.nu\/resa\/latinamerika\/2023\/03\/27\/argentina-fritt-reservat-i-utkanterna-av-buenos-aires\/\">Argentina &#8211; Gratis reservat i Buenos Aires<\/a><\/li><li><a href=\"https:\/\/www.jordenrunt.nu\/resa\/ekoturism\/2022\/01\/21\/angelfallen-varldens-hogsta-med-979-meters-fallhojd\/\">Venezuela &#8211; Angelfallen med 979 meters fallh\u00f6jd<\/a><\/li><li><a href=\"https:\/\/www.jordenrunt.nu\/resa\/latinamerika\/2021\/09\/02\/turistsajter-argentina\/\">Turistsajter Argentina<\/a><\/li><li><a href=\"https:\/\/www.jordenrunt.nu\/resa\/latinamerika\/2021\/06\/18\/otroliga-panoramabilder-av-angelfallen\/\">Otroliga panoramabilder av Angelfallen<\/a><\/li><li><a href=\"https:\/\/www.jordenrunt.nu\/resa\/latinamerika\/2021\/05\/26\/ecuador-maffiga-och-snurriga-bilder-fran-quito\/\">Ecuador &#8211; M\u00e4ktiga 360 graders bilder<\/a><\/li><li><a href=\"https:\/\/www.jordenrunt.nu\/resa\/latinamerika\/2021\/05\/17\/trekka-i-nahuel-huapi-national-park-i-patagonien\/\">Argentina &#8211; Trekka i Nahuel Huapi NP i Patagonien<\/a><\/li><li><a href=\"https:\/\/www.jordenrunt.nu\/resa\/latinamerika\/2019\/12\/11\/gratis-adelstensmuseum-i-rio\/\">Brasilien &#8211; Gratis \u00e4delstensmuseum i Rio<\/a><\/li><li><a href=\"https:\/\/www.jordenrunt.nu\/resa\/latinamerika\/2019\/07\/26\/peru-ak-tag-4-782-meter-upp-i-anderna\/\">Peru &#8211; T\u00e5g 4 782 meter upp i Anderna<\/a><\/li><li><a href=\"https:\/\/www.jordenrunt.nu\/resa\/ekoturism\/ekoturism-latinamerika\/2019\/04\/18\/ekoturism-i-sacred-valley-i-peru\/\">Ekoturism i Sacred Valley i Peru<\/a><\/li><li><a href=\"https:\/\/www.jordenrunt.nu\/resa\/latinamerika\/2018\/11\/29\/argentina-buenos-aires-turistpolis\/\">Argentina &#8211; Buenos Aires &#8211; Turistpolis<\/a><\/li><li><a href=\"https:\/\/www.jordenrunt.nu\/resa\/reseplanera\/gratis\/gratisguide\/2018\/10\/15\/argentina-gratis-guide-cicerones-de-buenos-aires\/\">Argentina &#8211; Bli guidad gratis i Buenos Aires<\/a><\/li><li><a href=\"https:\/\/www.jordenrunt.nu\/resa\/latinamerika\/2018\/07\/10\/volontarer-behovs-for-djurvard-i-bolivia-nu\/\">Djurvolont\u00e4r i Bolivias djungel<\/a><\/li><li><a href=\"https:\/\/www.jordenrunt.nu\/resa\/reseplanera\/karneval\/2018\/05\/25\/latinamerika-brasilien-karnevalen-i-rio\/\">Brasilien &#8211; Planera f\u00f6r karnevalen i Rio<\/a><\/li><li><a href=\"https:\/\/www.jordenrunt.nu\/resa\/latinamerika\/2017\/11\/29\/brasilien-gratis-pa-indianmuseum-i-rio\/\">Brasilien &#8211; Gratis p\u00e5 indianmuseum i Rio<\/a><\/li><li><a href=\"https:\/\/www.jordenrunt.nu\/resa\/latinamerika\/2017\/10\/27\/brasilien-rio-de-janeiro-pengamuseum-med-gratis-intrade\/\">Brasilien &#8211; Brasilia &#8211; Gratis pengamuseum<\/a><\/li><li><a href=\"https:\/\/www.jordenrunt.nu\/resa\/latinamerika\/2017\/09\/22\/brasilien-rio-de-janeiro-flygmuseum-som-ar-gratis\/\">Brasilien &#8211; Gratis flygmuseum i Rio<\/a><\/li><li><a href=\"https:\/\/www.jordenrunt.nu\/resa\/ekoturism\/ekoturism-latinamerika\/2017\/09\/18\/volontarmojligheter-hos-ceiba-i-ecuador\/\">Volont\u00e4rm\u00f6jligheter hos Ceiba i Ecuador<\/a><\/li><li><a href=\"https:\/\/www.jordenrunt.nu\/resa\/ekoturism\/ekoturism-boende\/2017\/07\/04\/huilo-huilo-biological-reserve-chile\/\">Patagonien &#8211; Huilo-Huilo Biological Reserve<\/a><\/li><li><a href=\"https:\/\/www.jordenrunt.nu\/resa\/latinamerika\/2016\/12\/01\/hjlp-naturen-i-chiles-del-av-patagonien\/\">Chile &#8211; Hj\u00e4lp naturen i Patagonien<\/a><\/li><li><a href=\"https:\/\/www.jordenrunt.nu\/resa\/latinamerika\/2016\/11\/30\/besok-en-av-varldens-storsta-dammar\/\">Bes\u00f6k en av v\u00e4rldens st\u00f6rsta dammar<\/a><\/li><li><a href=\"https:\/\/www.jordenrunt.nu\/resa\/latinamerika\/2016\/10\/26\/brasilien-folkmuseum-rio\/\">Brasilien &#8211; Sp\u00e4nnande folkmuseum i Rio<\/a><\/li><li><a href=\"https:\/\/www.jordenrunt.nu\/resa\/latinamerika\/2016\/09\/07\/brasilien-cykla-med-lanecykel-i-rio\/\">Brasilien &#8211; Cykla med l\u00e5necykel i Rio<\/a><\/li><li><a href=\"https:\/\/www.jordenrunt.nu\/resa\/latinamerika\/2016\/08\/08\/tag-snirklande-underbart-bergstag-i-brasilien\/\">T\u00e5g &#8211; Underbart bergst\u00e5g i Brasilien<\/a><\/li><li><a href=\"https:\/\/www.jordenrunt.nu\/resa\/latinamerika\/2016\/04\/02\/volontartips-fran-brasilien\/\">Volont\u00e4rtips &#8211; Ge barn i Brasilien en framtid<\/a><\/li><li><a href=\"https:\/\/www.jordenrunt.nu\/resa\/latinamerika\/2016\/02\/24\/ecuador-turistsajter\/\">Ecuador &#8211; turistsajter<\/a><\/li><li><a href=\"https:\/\/www.jordenrunt.nu\/resa\/latinamerika\/2016\/02\/01\/brasilien-anglok-genom-vinregionen-serra-gaucha\/\">Brasilien &#8211; \u00c5nglok i vinregionen Serra Gaucha<\/a><\/li><li><a href=\"https:\/\/www.jordenrunt.nu\/resa\/latinamerika\/2016\/01\/02\/ge-fattiga-barn-i-argentina-en-hjalpande-hand\/\">Ge fattiga barn i Argentina en hj\u00e4lpande hand<\/a><\/li><li><a href=\"https:\/\/www.jordenrunt.nu\/resa\/latinamerika\/2015\/12\/28\/argentina-sydamerika-visumregler\/\">Argentina &#8211; Sydamerika &#8211; Visumregler<\/a><\/li><li><a href=\"https:\/\/www.jordenrunt.nu\/resa\/latinamerika\/2015\/12\/22\/brasilien-sydamerika-visumregler\/\">Brasilien &#8211; Sydamerika &#8211; Visumregler<\/a><\/li><li><a href=\"https:\/\/www.jordenrunt.nu\/resa\/latinamerika\/2015\/12\/16\/reguljar-tagtrafik-i-argentina\/\">Regulj\u00e4r t\u00e5gtrafik i Argentina<\/a><\/li><li><a href=\"https:\/\/www.jordenrunt.nu\/resa\/latinamerika\/2015\/12\/15\/brasilien-tag-reguljara-taglinjer-i-brasilien\/\">Tv\u00e5 regulj\u00e4ra t\u00e5glinjer i Brasilien<\/a><\/li><li><a href=\"https:\/\/www.jordenrunt.nu\/resa\/latinamerika\/2015\/11\/26\/argentina-magiskt-tag-upp-bland-molnen\/\">Tren a las Nubes &#8211; Molnt\u00e5get i Argentina<\/a><\/li><li><a href=\"https:\/\/www.jordenrunt.nu\/resa\/reseplanera\/karneval\/2015\/06\/20\/latinamerika-brasilien-karnevalen-i-salvador\/\">Brasilien &#8211; Karnevalen i Salvador<\/a><\/li><li><a href=\"https:\/\/www.jordenrunt.nu\/resa\/latinamerika\/2015\/04\/26\/peru-sydamerika-visumregler\/\">Peru &#8211; Sydamerika &#8211; Visumregler<\/a><\/li><li><a href=\"https:\/\/www.jordenrunt.nu\/resa\/latinamerika\/2015\/02\/02\/argentina-liten-sajt-om-hamnstadsdel-i-buenos-aires\/\">Argentina &#8211; Sajt om stadsdel i Buenos Aires<\/a><\/li><li><a href=\"https:\/\/www.jordenrunt.nu\/resa\/latinamerika\/2015\/01\/07\/chile-besok-crusoe-cave\/\">Chile &#8211; Bes\u00f6k Robinson Crusoe Island<\/a><\/li><li><a href=\"https:\/\/www.jordenrunt.nu\/resa\/latinamerika\/2014\/10\/24\/argentina-buenos-aires-konstmuseum-med-gratis-intrade\/\">Argentina &#8211; Gratis p\u00e5 Konstmuseum i Buenos Aires<\/a><\/li><li><a href=\"https:\/\/www.jordenrunt.nu\/resa\/latinamerika\/2014\/07\/30\/elva-meter-hog-hand-i-chiles-oken\/\">Elva meter h\u00f6g hand i Chiles \u00f6ken<\/a><\/li><li><a href=\"https:\/\/www.jordenrunt.nu\/resa\/ekoturism\/ekoturism-latinamerika\/2014\/07\/14\/varna-om-miljon-vid-resa-i-latinamerika-och-karibien\/\">Ekoturism i Latinamerika och Karibien<\/a><\/li><li><a href=\"https:\/\/www.jordenrunt.nu\/resa\/ekoturism\/ekoturism-latinamerika\/2014\/06\/13\/sydamerika-brasilien-associacao-brasileira-de-ecoturismo\/\">Planera en gr\u00f6n och ekov\u00e4nlig resa till Brasilien<\/a><\/li><li><a href=\"https:\/\/www.jordenrunt.nu\/resa\/latinamerika\/2014\/03\/26\/brasilien-turistsajter\/\">Brasilien &#8211; Turistsajter<\/a><\/li><li><a href=\"https:\/\/www.jordenrunt.nu\/resa\/latinamerika\/2014\/02\/25\/chile-sydamerika-visumregler\/\">Chile &#8211; Sydamerika &#8211; Visumregler<\/a><\/li><li><a href=\"https:\/\/www.jordenrunt.nu\/resa\/latinamerika\/2014\/02\/24\/ecuador-sydamerika-visumregler\/\">Ecuador &#8211; Sydamerika &#8211; Visumregler<\/a><\/li><li><a href=\"https:\/\/www.jordenrunt.nu\/resa\/latinamerika\/2014\/02\/21\/peru-de-tolv-basta-busslinjerna-i-lima\/\">Peru &#8211; De tolv b\u00e4sta busslinjerna i Lima<\/a><\/li><li><a href=\"https:\/\/www.jordenrunt.nu\/resa\/latinamerika\/2014\/02\/09\/peru-golfbana-i-amazonas-dar-farorna-hotar\/\">Peru &#8211; Golfbana i Amazonas d\u00e4r \u201dfarorna\u201d hotar<\/a><\/li><li><a href=\"https:\/\/www.jordenrunt.nu\/resa\/latinamerika\/2014\/01\/18\/venezuela-visumregler\/\">Venezuela &#8211; Sydamerika &#8211; Visumregler<\/a><\/li><li><a href=\"https:\/\/www.jordenrunt.nu\/resa\/latinamerika\/2014\/01\/17\/bolivia-sydamerika-visumregler\/\">Bolivia &#8211; Sydamerika &#8211; Visumregler<\/a><\/li><li><a href=\"https:\/\/www.jordenrunt.nu\/resa\/latinamerika\/2014\/01\/16\/uruguay-visumregler\/\">Uruguay &#8211; Sydamerika &#8211; Visumregler<\/a><\/li><li><a href=\"https:\/\/www.jordenrunt.nu\/resa\/reseplanera\/karneval\/2013\/12\/23\/karnevaler-i-mindre-stader-i-brasilien\/\">Karnevaler i olika st\u00e4der i Brasilien<\/a><\/li><li><a href=\"https:\/\/www.jordenrunt.nu\/resa\/reseplanera\/karneval\/2013\/12\/20\/off-season-carnival-i-brasilien\/\">Off-season karnevaler i Brasilien<\/a><\/li><li><a href=\"https:\/\/www.jordenrunt.nu\/resa\/latinamerika\/2013\/11\/27\/argentina-turisttag-i-lake-district-och-patagonien\/\">Argentina &#8211; Turistt\u00e5g i Patagonien<\/a><\/li><li><a href=\"https:\/\/www.jordenrunt.nu\/resa\/latinamerika\/2013\/11\/23\/brasilien-turistpolis\/\">Brasilien &#8211; Turistpolis<\/a><\/li><li><a href=\"https:\/\/www.jordenrunt.nu\/resa\/latinamerika\/2013\/11\/20\/argentina-volontar-pa-ranch-i-patagonien\/\">Argentina &#8211; Volont\u00e4r p\u00e5 ranch i Patagonien<\/a><\/li><li><a href=\"https:\/\/www.jordenrunt.nu\/resa\/latinamerika\/2013\/11\/01\/chile-turistsajter\/\">Chile &#8211; Turistsajter<\/a><\/li><li><a href=\"https:\/\/www.jordenrunt.nu\/resa\/reseplanera\/karneval\/2013\/10\/10\/latinamerika-djavulens-karneval-i-bolivia\/\">Dj\u00e4vulens karneval i Bolivia<\/a><\/li><\/ul><\/div><\/p>\n","protected":false},"excerpt":{"rendered":"<p>Ecuador hittar du uppe i de nordv&auml;stra delarna av Sydamerika, plus att &auml;ven Galapagos&ouml;arna ute i Stilla Havet &auml;r en del [&hellip;]<\/p>\n","protected":false},"author":1,"featured_media":0,"parent":0,"menu_order":0,"comment_status":"closed","ping_status":"closed","template":"","meta":[],"_links":{"self":[{"href":"https:\/\/www.jordenrunt.nu\/resa\/wp-json\/wp\/v2\/pages\/40860"}],"collection":[{"href":"https:\/\/www.jordenrunt.nu\/resa\/wp-json\/wp\/v2\/pages"}],"about":[{"href":"https:\/\/www.jordenrunt.nu\/resa\/wp-json\/wp\/v2\/types\/page"}],"author":[{"embeddable":true,"href":"https:\/\/www.jordenrunt.nu\/resa\/wp-json\/wp\/v2\/users\/1"}],"replies":[{"embeddable":true,"href":"https:\/\/www.jordenrunt.nu\/resa\/wp-json\/wp\/v2\/comments?post=40860"}],"version-history":[{"count":5,"href":"https:\/\/www.jordenrunt.nu\/resa\/wp-json\/wp\/v2\/pages\/40860\/revisions"}],"predecessor-version":[{"id":40865,"href":"https:\/\/www.jordenrunt.nu\/resa\/wp-json\/wp\/v2\/pages\/40860\/revisions\/40865"}],"wp:attachment":[{"href":"https:\/\/www.jordenrunt.nu\/resa\/wp-json\/wp\/v2\/media?parent=40860"}],"curies":[{"name":"wp","href":"https:\/\/api.w.org\/{rel}","templated":true}]}}