{"id":40386,"date":"2015-12-03T14:06:46","date_gmt":"2015-12-03T12:06:46","guid":{"rendered":"http:\/\/www.jordenrunt.nu\/resa\/?page_id=40386"},"modified":"2015-12-03T14:09:35","modified_gmt":"2015-12-03T12:09:35","slug":"boston","status":"publish","type":"page","link":"https:\/\/www.jordenrunt.nu\/resa\/boston\/","title":{"rendered":"Boston &#8211; Resel\u00e4nkar och reseplanering"},"content":{"rendered":"<p><img loading=\"lazy\" src=\"http:\/\/www.jordenrunt.nu\/resa\/wp-content\/uploads\/2009\/10\/boston-bild.jpg\" width=\"600\" height=\"305\" border=\"1\"><\/p>\n<p>F&ouml;r dig som skall bes&ouml;ka Boston, har jag gr&auml;vt fram ett antal bra sajter f&ouml;r att underl&auml;tta planeringen och inspirera till upplevelser under bes&ouml;ket. <\/p>\n<p>Lycka till med reseplaneringen!<\/p>\n<p>Greater Boston Visitors Bureau: <a href=\"http:\/\/www.bostonusa.com\" target=\"_blank\">www.bostonusa.com<\/a><br \/>\nVisit Boston: <a href=\"http:\/\/www.cityofboston.gov\/visitors\" target=\"_blank\">www.cityofboston.gov\/visitors<\/a><br \/>\nVisit USA &#8211; Boston: <a href=\"http:\/\/www.visittheusa.com\/usa\/states\/massachusetts\/cities\/boston.aspx\" target=\"_blank\">visittheusa.com\/usa\/states\/massachusetts\/cities\/boston.aspx<\/a><br \/>\nBoston Chinatown: <a href=\"http:\/\/boston-chinatown.info\" target=\"_blank\">boston-chinatown.info<\/a><\/p>\n<p><a href=\"http:\/\/www.reservations.bookhostels.com\/jordenrunt.nu\/findabed.php?ChosenCountry=USA&#038;ChosenCity=Boston\" target=\"_blank\"><u><font color=\"#AC0000\">Boka billigaste boendet i Boston h&auml;r p&aring; jordenrunt.nu<\/font color><\/u><\/a><\/p>\n<p>Greater Boston Public Transport: <a href=\"http:\/\/www.mbta.com\" target=\"_blank\">www.mbta.com<\/a><br \/>\n40 Greater Boston area museums: <a href=\"http:\/\/www.museumsofboston.org\" target=\"_blank\">www.museumsofboston.org<\/a><br \/>\nParks &#038; Recreation: <a href=\"http:\/\/www.cityofboston.gov\/Parks\/TTD\" target=\"_blank\">www.cityofboston.gov\/Parks\/TTD<\/a><br \/>\nBoston National Historical Park: <a href=\"https:\/\/www.nps.gov\/bost\/planyourvisit\" target=\"_blank\">www.nps.gov\/bost\/planyourvisit<\/a><br \/>\nBoston Walking Tours: <a href=\"http:\/\/www.cityofboston.gov\/summer\/walkingtours.asp\" target=\"_blank\">www.cityofboston.gov\/summer\/walkingtours.asp<\/a><br \/>\nMount Vernon Street Walking Tour: <a href=\"http:\/\/www.beaconhillonline.com\/tour.htm\" target=\"_blank\">www.beaconhillonline.com\/tour.htm<\/a><br \/>\nBoston Logan International Airport: <a href=\"https:\/\/www.massport.com\/logan-airport\" target=\"_blank\">www.massport.com\/logan-airport<\/a><\/p>\n<p><a href=\"http:\/\/media.reseguiden.se\/cgi-bin\/rg\/acq_air.cgi?city_code_dest=BOS&#038;event=destination&#038;site=jordenrunt\" target=\"_blank\"><u><font color=\"#AC0000\">Hitta billigt flyg till Boston<\/font color><\/u><\/a><\/p>\n<p>Boston Accessiblity: <a href=\"http:\/\/www.bostonusa.com\/visit\/planyourtrip\/gettingaround\/accessiblity\" target=\"_blank\">www.bostonusa.com\/visit\/planyourtrip\/gettingaround\/accessiblity<\/a><br \/>\nPublic Transport Accessibility: <a href=\"http:\/\/www.mbta.com\/riding_the_t\/accessible_services\" target=\"_blank\">www.mbta.com\/riding_the_t\/accessible_services<\/a><br \/>\nWheelchair Accessible Boston: <a href=\"http:\/\/www.massvacation.com\/explore\/accessible-travel\" target=\"_blank\">www.massvacation.com\/explore\/accessible-travel<\/a><br \/>\nBoston Wheelchair Accessible Travel Guide: <a href=\"http:\/\/wheelchairtravel.org\/boston-ma\" target=\"_blank\">wheelchairtravel.org\/boston-ma<\/a><\/p>\n<p>&nbsp;<br \/>\n[google-map-sc zoom=&#8221;12&#8243;]<\/p>\n<p>&nbsp;<br \/>\nBoston ligger i Massachusetts (USA) &#8211; n&aring;gra l&auml;nkar f&ouml;r staten Massachusetts:<\/p>\n<p>Massachusetts Office of Travel &#038; Tourism: <a href=\"http:\/\/www.massvacation.com\" target=\"_blank\">www.massvacation.com<\/a><br \/>\nNorth of Boston Visitors Bureau: <a href=\"http:\/\/www.northofboston.org\" target=\"_blank\">www.northofboston.org<\/a><br \/>\nVisit USA &#8211; Massachusetts: <a href=\"http:\/\/www.visittheusa.com\/usa\/states\/massachusetts.aspx\" target=\"_blank\">visittheusa.com\/usa\/states\/massachusetts.aspx<\/a><br \/>\nNational Park Service: <a href=\"http:\/\/www.nps.gov\/state\/ma\" target=\"_blank\">www.nps.gov\/state\/ma<\/a><br \/>\nMaritime History in Massachusetts: <a href=\"http:\/\/www.nps.gov\/nr\/travel\/maritime\" target=\"_blank\">www.nps.gov\/nr\/travel\/maritime<\/a><br \/>\nDepartment of Recreation: <a href=\"http:\/\/www.mass.gov\/eea\/agencies\/dcr\/massparks\/places-to-go\" target=\"_blank\">mass.gov\/eea\/agencies\/dcr\/massparks\/places-to-go<\/a><br \/>\nSoutheastern Massachusetts Visitors Bureau: <a href=\"http:\/\/www.bristol-county.org\" target=\"_blank\">www.bristol-county.org<\/a><br \/>\nCentral Massachusetts Visitors Bureau: <a href=\"http:\/\/www.centralmass.org\" target=\"_blank\">www.centralmass.org<\/a><br \/>\nCape Cod: <a href=\"http:\/\/www.capecodchamber.org\" target=\"_blank\">www.capecodchamber.org<\/a><br \/>\nMartha&#8217;s Vineyard: <a href=\"http:\/\/www.mvy.com\/get-here\" target=\"_blank\">www.mvy.com\/get-here<\/a><br \/>\nBerkshire Visitors Bureau: <a href=\"http:\/\/www.berkshires.org\" target=\"_blank\">www.berkshires.org<\/a><\/p>\n<p>&nbsp;<br \/>\nFler restips om USA p&aring; jordenrunt.nu:<br \/>\n<div class=\"rpfc-container\"><ul><li><a href=\"https:\/\/www.jordenrunt.nu\/resa\/nordamerika\/2023\/03\/24\/usa-ta-angloket-mellan-durango-och-silverton\/\">USA &#8211; \u00c5nglok mellan Durango och Silverton<\/a><\/li><li><a href=\"https:\/\/www.jordenrunt.nu\/resa\/nordamerika\/2022\/03\/15\/usa-tusentals-cykelleder-pa-banvallar\/\">USA &#8211; Tusentals cykelleder p\u00e5 banvallar<\/a><\/li><li><a href=\"https:\/\/www.jordenrunt.nu\/resa\/nordamerika\/2022\/03\/05\/utsikt-320-meter-over-new-york\/\">USA &#8211; Utsikt 381 meter \u00f6ver New York<\/a><\/li><li><a href=\"https:\/\/www.jordenrunt.nu\/resa\/nordamerika\/2022\/01\/31\/usa-gratis-att-kolla-in-modeutstallningar-i-new-york\/\">USA &#8211; Gratis p\u00e5 modemuseum i New York<\/a><\/li><li><a href=\"https:\/\/www.jordenrunt.nu\/resa\/ekoturism\/ekoturism-nordamerika\/2021\/11\/02\/usa-ecotourism-association-hawaii\/\">USA &#8211; Ecotourism Association Hawaii<\/a><\/li><li><a href=\"https:\/\/www.jordenrunt.nu\/resa\/nordamerika\/2021\/10\/25\/cykla-i-washington\/\">USA &#8211; Cykla mellan sev\u00e4rdheter i Washington<\/a><\/li><li><a href=\"https:\/\/www.jordenrunt.nu\/resa\/nordamerika\/2021\/10\/11\/usa-fritt-intrade-pa-california-science-center\/\">Los Angeles &#8211; Gratis p\u00e5 California Science Center<\/a><\/li><li><a href=\"https:\/\/www.jordenrunt.nu\/resa\/nordamerika\/2021\/09\/21\/motorcykelmuseum-med-gamla-rariteter-i-usa\/\">Motorcykelmuseum i USA<\/a><\/li><li><a href=\"https:\/\/www.jordenrunt.nu\/resa\/europa\/2021\/09\/15\/titanic-museer\/\">Fyra Titanic museer i v\u00e4rlden<\/a><\/li><li><a href=\"https:\/\/www.jordenrunt.nu\/resa\/nordamerika\/2021\/09\/07\/usa-vinrutt-mellan-17-vinbarer-i-kalifornien\/\">Kalifornien &#8211; Stadsvandra och provsmaka viner<\/a><\/li><li><a href=\"https:\/\/www.jordenrunt.nu\/resa\/nordamerika\/2021\/07\/12\/usa-new-york-free-wall-street-walking-tour\/\">New York &#8211; Vandringstur p\u00e5 nedre Manhattan<\/a><\/li><li><a href=\"https:\/\/www.jordenrunt.nu\/resa\/reseplanera\/foto\/2021\/06\/24\/usa-fotografera-som-proffsen-i-florida-keys\/\">USA &#8211; Fotografera som proffsen i Florida Keys<\/a><\/li><li><a href=\"https:\/\/www.jordenrunt.nu\/resa\/nordamerika\/2021\/06\/15\/tagluffa-i-usa\/\">T\u00e5gluffa med Amtrak genom USA<\/a><\/li><li><a href=\"https:\/\/www.jordenrunt.nu\/resa\/nordamerika\/2021\/06\/04\/17-gratisdagar-pa-nationalparkerna-i-usa\/\">Gratisdagar p\u00e5 nationalparker i USA<\/a><\/li><li><a href=\"https:\/\/www.jordenrunt.nu\/resa\/nordamerika\/2020\/01\/01\/usa-utsikt-412-meter-over-chicago\/\">Utsikt 412 meter \u00f6ver Chicago<\/a><\/li><li><a href=\"https:\/\/www.jordenrunt.nu\/resa\/nordamerika\/2019\/12\/04\/usa-new-york-gratis-guidning-i-central-park\/\">New York &#8211; Gratis guidad tur i Central Park<\/a><\/li><li><a href=\"https:\/\/www.jordenrunt.nu\/resa\/nordamerika\/2019\/09\/02\/usa-new-york-gratis-guidning-i-the-federal-reserve-bank\/\">New York &#8211; Gratis tur i Federal Reserve Bank<\/a><\/li><li><a href=\"https:\/\/www.jordenrunt.nu\/resa\/reseplanera\/karneval\/2019\/08\/23\/mardi-gras-och-karneval-i-new-orleans\/\">USA &#8211; Mardi Gras och karneval i New Orleans<\/a><\/li><li><a href=\"https:\/\/www.jordenrunt.nu\/resa\/nordamerika\/2019\/08\/14\/usa-gratis-museum-i-san-francisco\/\">Gratis sp\u00e5rvagnsmuseum i San Francisco<\/a><\/li><li><a href=\"https:\/\/www.jordenrunt.nu\/resa\/nordamerika\/2019\/07\/19\/usa-bli-guidad-gratis-pa-ranch-i-kalifornien\/\">Kalifornien &#8211; Gratis guidad tur i historiemuseum<\/a><\/li><li><a href=\"https:\/\/www.jordenrunt.nu\/resa\/nordamerika\/2019\/05\/21\/usa-lanecykelsystem-i-boston\/\">USA &#8211; L\u00e5necykelsystem i Boston<\/a><\/li><li><a href=\"https:\/\/www.jordenrunt.nu\/resa\/nordamerika\/2019\/04\/20\/usa-res-i-bluesens-tecken-i-mississippi-och-tennessee\/\">USA &#8211; Res i bluesens tecken i Mississippi<\/a><\/li><li><a href=\"https:\/\/www.jordenrunt.nu\/resa\/nordamerika\/2019\/03\/25\/usa-new-york-grand-tour-guidar-dig-gratis-kring-grand-central-station\/\">New York &#8211; Gratis Grand Central station tour<\/a><\/li><li><a href=\"https:\/\/www.jordenrunt.nu\/resa\/nordamerika\/2019\/02\/14\/usa-gratis-guidad-rundtur-i-city-hall-new-york\/\">New York &#8211; Gratis guidad tur i City Hall<\/a><\/li><li><a href=\"https:\/\/www.jordenrunt.nu\/resa\/nordamerika\/2019\/02\/11\/usa-stort-lanecykelsystem-i-chivago\/\">USA &#8211; Stort l\u00e5necykelsystem i Chicago<\/a><\/li><li><a href=\"https:\/\/www.jordenrunt.nu\/resa\/nordamerika\/2019\/02\/05\/usa-gratis-pa-tagmuseum-i-frisco\/\">USA &#8211; Gratis sp\u00e5rvagnsmuseum i San Francisco<\/a><\/li><li><a href=\"https:\/\/www.jordenrunt.nu\/resa\/nordamerika\/2019\/01\/22\/new-york-gratis-buss-pa-nedre-manhattan\/\">New York &#8211; Gratisbuss p\u00e5 nedre Manhattan<\/a><\/li><li><a href=\"https:\/\/www.jordenrunt.nu\/resa\/nordamerika\/2019\/01\/17\/tva-flyg-och-rymdmuseer-i-washington-med-gratis-intrade\/\">Gratis flyg- och rymdmuseer i Washington<\/a><\/li><li><a href=\"https:\/\/www.jordenrunt.nu\/resa\/nordamerika\/2019\/01\/11\/usa-gratis-240-sidig-new-york-katalog\/\">USA &#8211; Bl\u00e4ddra i 254-sidors New York guide<\/a><\/li><li><a href=\"https:\/\/www.jordenrunt.nu\/resa\/nordamerika\/2018\/11\/16\/usa-new-york-high-line-vandringsled\/\">New York &#8211; Vandra High Line nio meter upp<\/a><\/li><li><a href=\"https:\/\/www.jordenrunt.nu\/resa\/nordamerika\/hawaii\/2018\/11\/12\/usa-lar-dig-allt-om-att-kaffeodling-pa-hawaii\/\">USA &#8211; Gratis att bes\u00f6ka kaffeodling p\u00e5 Hawaii<\/a><\/li><li><a href=\"https:\/\/www.jordenrunt.nu\/resa\/nordamerika\/2018\/11\/02\/usa-bli-gratis-guidad-i-botanisk-tradgard-i-frisco\/\">Gratis guidad tur i botanisk tr\u00e4dg\u00e5rd i San Francisco<\/a><\/li><li><a href=\"https:\/\/www.jordenrunt.nu\/resa\/nordamerika\/2018\/10\/26\/usa-promenera-i-new-yorks-parker\/\">USA &#8211; Promenera i New Yorks parker<\/a><\/li><li><a href=\"https:\/\/www.jordenrunt.nu\/resa\/nordamerika\/2018\/10\/09\/usa-50-000-kustbilder-fran-kalifornien\/\">USA &#8211; Tusentals kustbilder fr\u00e5n Kalifornien<\/a><\/li><li><a href=\"https:\/\/www.jordenrunt.nu\/resa\/reseplanera\/gratis\/gratisguide\/2018\/10\/08\/usa-gratis-guide-houston-greeters\/\">USA &#8211; Gratis Guide &#8211; Houston Greeters<\/a><\/li><li><a href=\"https:\/\/www.jordenrunt.nu\/resa\/nordamerika\/2018\/09\/10\/360-graders-utsikt-over-chicago\/\">360 graders utsikt \u00f6ver Chicago fr\u00e5n 300 meter<\/a><\/li><li><a href=\"https:\/\/www.jordenrunt.nu\/resa\/nordamerika\/2018\/07\/18\/usa-lanecykelsystem-i-new-york\/\">USA &#8211; L\u00e5necykel i New York<\/a><\/li><li><a href=\"https:\/\/www.jordenrunt.nu\/resa\/reseplanera\/gratis\/gratisguide\/2018\/06\/08\/usa-gratis-guide-chicago-greeter\/\">USA &#8211; Gratis guide med Chicago Greeter<\/a><\/li><li><a href=\"https:\/\/www.jordenrunt.nu\/resa\/nordamerika\/hawaii\/2018\/04\/16\/usa-gratis-guidad-vandring-pa-hawaii\/\">Hawaii &#8211; Gratis guidad vandring p\u00e5 Kauai<\/a><\/li><li><a href=\"https:\/\/www.jordenrunt.nu\/resa\/nordamerika\/2018\/03\/16\/usa-new-york-gratisfredagar-pa-bronx-konstmuseum\/\">New York &#8211; Gratis p\u00e5 Bronx konstmuseum<\/a><\/li><li><a href=\"https:\/\/www.jordenrunt.nu\/resa\/nordamerika\/2018\/01\/16\/usa-gratis-intrade-en-gang-i-veckan-pa-boston-museum\/\">USA &#8211; Gratisdagar p\u00e5 Boston museum<\/a><\/li><li><a href=\"https:\/\/www.jordenrunt.nu\/resa\/nordamerika\/2018\/01\/05\/usa-new-york-bli-guidad-gratis-genom-ett-bryggeri\/\">New York &#8211; Gratis guidad tur i bryggeri<\/a><\/li><li><a href=\"https:\/\/www.jordenrunt.nu\/resa\/nordamerika\/2017\/09\/26\/usa-taglugg-i-kalifornien-california-rail-pass\/\">USA &#8211; Kalifornien &#8211; California Rail Pass<\/a><\/li><li><a href=\"https:\/\/www.jordenrunt.nu\/resa\/nordamerika\/2017\/08\/10\/usa-ak-anglok-langs-timmerjarnvag-i-west-virginia\/\">USA &#8211; \u00c5nglok l\u00e4ngs timmerj\u00e4rnv\u00e4g i West Virginia<\/a><\/li><li><a href=\"https:\/\/www.jordenrunt.nu\/resa\/nordamerika\/2017\/06\/08\/new-york-turistsajter\/\">New York &#8211; Turistsajter<\/a><\/li><li><a href=\"https:\/\/www.jordenrunt.nu\/resa\/nordamerika\/2017\/06\/01\/billigt-hyrbil-fran-nagra-kronor-per-dag\/\">Billigt hyrbil i Europa, USA, Australien och Nya Zeeland<\/a><\/li><li><a href=\"https:\/\/www.jordenrunt.nu\/resa\/nordamerika\/2017\/04\/18\/usa-besok-museum-om-greyhound-bussbolaget\/\">USA &#8211; Greyhound Bus Museum<\/a><\/li><li><a href=\"https:\/\/www.jordenrunt.nu\/resa\/ekoturism\/ekoturism-nordamerika\/2017\/03\/06\/volontar-pa-hawaii\/\">USA &#8211; Volont\u00e4r p\u00e5 Hawaii<\/a><\/li><li><a href=\"https:\/\/www.jordenrunt.nu\/resa\/nordamerika\/2017\/02\/27\/usa-guidad-rundtur-pa-bryggeri-i-frisco\/\">USA &#8211; Guidad tur i San Francisco bryggeri<\/a><\/li><li><a href=\"https:\/\/www.jordenrunt.nu\/resa\/nordamerika\/2017\/01\/30\/usa-atlanta-for-free\/\">USA &#8211; Gratis museum i Atlanta<\/a><\/li><li><a href=\"https:\/\/www.jordenrunt.nu\/resa\/nordamerika\/hawaii\/2017\/01\/25\/usa-gratis-att-besoka-naturhistoriskt-museum-pa-hawaii-2\/\">USA &#8211; Gratis naturhistoriskt museum p\u00e5 Hawaii<\/a><\/li><li><a href=\"https:\/\/www.jordenrunt.nu\/resa\/nordamerika\/2016\/12\/22\/fira-nyar-med-miljoner-andra-pa-times-square\/\">New York &#8211; Ny\u00e5r med miljoner p\u00e5 Times Square<\/a><\/li><li><a href=\"https:\/\/www.jordenrunt.nu\/resa\/nordamerika\/2016\/12\/08\/usa-9-11-memorial-museum-new-york\/\">USA &#8211; 9\/11 Memorial Museum i New York<\/a><\/li><li><a href=\"https:\/\/www.jordenrunt.nu\/resa\/nordamerika\/2016\/11\/21\/usa-lat-ostappen-guida-dig-i-kalifornien\/\">USA &#8211; L\u00e5t ostappen guida dig i Kalifornien<\/a><\/li><li><a href=\"https:\/\/www.jordenrunt.nu\/resa\/reseplanera\/korallrev\/2016\/11\/17\/upptack-500-vrak-vid-florida-keys-korallrev\/\">USA &#8211; 500 vrak vid Florida Keys korallrev<\/a><\/li><li><a href=\"https:\/\/www.jordenrunt.nu\/resa\/nordamerika\/2016\/11\/16\/usa-alltid-fritt-intrade-pa-fyrtorn-i-los-angeles-hamn\/\">USA &#8211; Bes\u00f6k fyrhus i Los Angeles hamn<\/a><\/li><li><a href=\"https:\/\/www.jordenrunt.nu\/resa\/nordamerika\/2016\/08\/05\/usa-new-york-gratis-pa-brooklyns-botaniska-tradgard\/\">New York &#8211; Gratistider p\u00e5 botanisk tr\u00e4dg\u00e5rd<\/a><\/li><li><a href=\"https:\/\/www.jordenrunt.nu\/resa\/nordamerika\/2016\/07\/26\/gratis-stadsvandringar-i-washington\/\">USA &#8211; Gratis stadsvandringar i Washington<\/a><\/li><li><a href=\"https:\/\/www.jordenrunt.nu\/resa\/nordamerika\/2016\/06\/17\/usa-36-meters-fyr-oppnar-for-sasongen\/\">USA &#8211; 248 trappsteg uppf\u00f6r 36 meters fyr<\/a><\/li><li><a href=\"https:\/\/www.jordenrunt.nu\/resa\/nordamerika\/2016\/05\/11\/usa-besok-skadade-djur-i-florida\/\">USA &#8211; Bes\u00f6k skadade djur i Florida<\/a><\/li><li><a href=\"https:\/\/www.jordenrunt.nu\/resa\/nordamerika\/2016\/04\/22\/usa-taget-som-klattrar-upp-till-4-300-meter-hoga-pikes-peak\/\">USA &#8211; T\u00e5g 4 300 meter upp p\u00e5 Pikes Peak<\/a><\/li><li><a href=\"https:\/\/www.jordenrunt.nu\/resa\/nordamerika\/2016\/04\/06\/usa-oppet-hus-oppnar-stangda-byggnader-i-new-york\/\">New York &#8211; \u00d6ppet hus i st\u00e4ngda byggnader<\/a><\/li><li><a href=\"https:\/\/www.jordenrunt.nu\/resa\/reseplanera\/bussluffa\/2016\/02\/25\/usa-lagprisbuss-for-en-dollar\/\">L\u00e5gprisbuss f\u00f6r 21 kronor i USA<\/a><\/li><li><a href=\"https:\/\/www.jordenrunt.nu\/resa\/nordamerika\/2015\/12\/23\/usa-visumregler\/\">USA &#8211; Visumregler<\/a><\/li><li><a href=\"https:\/\/www.jordenrunt.nu\/resa\/reseplanera\/guidebok\/2015\/10\/10\/new-york-guidebocker\/\">New York guideb\u00f6cker<\/a><\/li><li><a href=\"https:\/\/www.jordenrunt.nu\/resa\/nordamerika\/hawaii\/2015\/09\/29\/usa-gratis-onlinebroschyr-om-hawaii\/\">USA &#8211; Gratis onlinebroschyr om Hawaii<\/a><\/li><li><a href=\"https:\/\/www.jordenrunt.nu\/resa\/nordamerika\/2015\/09\/18\/kalifornien-turistsajter\/\">Kalifornien &#8211; L\u00e4nktips och Reseplanering<\/a><\/li><li><a href=\"https:\/\/www.jordenrunt.nu\/resa\/ekoturism\/ekoturism-boende\/2015\/06\/11\/usa-florida-green-lodging-program\/\">USA &#8211; Bo gr\u00f6nt med Florida Green Lodging<\/a><\/li><li><a href=\"https:\/\/www.jordenrunt.nu\/resa\/nordamerika\/2015\/05\/16\/usa-tva-dagar-per-vecka-gratis-pa-new-york-botanical-garden\/\">Gratisdagar p\u00e5 New York Botanical Garden<\/a><\/li><li><a href=\"https:\/\/www.jordenrunt.nu\/resa\/nordamerika\/2015\/05\/03\/usa-new-york-lower-east-side-free-weekly-tour\/\">New York &#8211; Gratis guidning i Lower East side<\/a><\/li><li><a href=\"https:\/\/www.jordenrunt.nu\/resa\/nordamerika\/2015\/04\/29\/tagens-stora-dag-i-usa-i-maj\/\">T\u00e5gens stora dag i USA<\/a><\/li><li><a href=\"https:\/\/www.jordenrunt.nu\/resa\/nordamerika\/hawaii\/2015\/03\/17\/usa-aloha-tower-erbjuder-utsikt-over-hawaii\/\">USA &#8211; Utsikt \u00f6ver Hawaii fr\u00e5n Aloha Tower<\/a><\/li><li><a href=\"https:\/\/www.jordenrunt.nu\/resa\/nordamerika\/2015\/03\/04\/usa-gratis-konstutfard-i-bronx\/\">New York &#8211; Gratis konstutf\u00e4rd i Bronx<\/a><\/li><li><a href=\"https:\/\/www.jordenrunt.nu\/resa\/nordamerika\/hawaii\/2015\/02\/17\/usa-besok-valarnas-museum-pa-hawaii\/\">USA &#8211; Bes\u00f6k valarnas museum p\u00e5 Hawaii<\/a><\/li><li><a href=\"https:\/\/www.jordenrunt.nu\/resa\/nordamerika\/usa\/2015\/02\/09\/usa-new-york-alltid-gratis-pa-sonys-tekniska-museum\/\">New York &#8211; Gratis &#8211; Sony tekniska museum<\/a><\/li><li><a href=\"https:\/\/www.jordenrunt.nu\/resa\/nordamerika\/hawaii\/2014\/12\/27\/usa-kolla-stjarnorna-ovanfor-hawaii\/\">USA &#8211; Kolla stj\u00e4rnorna ovanf\u00f6r Hawaii<\/a><\/li><li><a href=\"https:\/\/www.jordenrunt.nu\/resa\/nordamerika\/2014\/11\/30\/usa-gratis-guidad-rundtur-i-new-york-byggnad\/\">Gratis guidad tur i New York byggnad<\/a><\/li><li><a href=\"https:\/\/www.jordenrunt.nu\/resa\/nordamerika\/2014\/10\/23\/gratis-stadsvandringar-i-new-york\/\">USA  &#8211; Gratis stadsvandring i New York<\/a><\/li><li><a href=\"https:\/\/www.jordenrunt.nu\/resa\/nordamerika\/2014\/10\/08\/usa-new-york-gratis-farjetur-med-grym-utsikt\/\">New York &#8211; Gratis f\u00e4rjetur med utsikt<\/a><\/li><li><a href=\"https:\/\/www.jordenrunt.nu\/resa\/nordamerika\/2014\/10\/06\/usa-new-york-bli-guidad-gratis-vid-union-square\/\">New York &#8211; Gratis guide vid Union Square<\/a><\/li><li><a href=\"https:\/\/www.jordenrunt.nu\/resa\/ekoturism\/ekoturism-boende\/2014\/09\/16\/usa-california-green-lodging-program\/\">USA &#8211; California Green Lodging Program<\/a><\/li><li><a href=\"https:\/\/www.jordenrunt.nu\/resa\/nordamerika\/hawaii\/2014\/08\/28\/hawaii-onlinebroschyr-om-kauai\/\">Hawaii &#8211; Onlinebroschyr om Kauai<\/a><\/li><li><a href=\"https:\/\/www.jordenrunt.nu\/resa\/nordamerika\/2014\/08\/17\/vikingfestival-i-usa-i-september\/\">Vikingafestival i USA i september<\/a><\/li><li><a href=\"https:\/\/www.jordenrunt.nu\/resa\/nordamerika\/2014\/08\/01\/usa-gratis-bryggerirundtur-hos-yuengling\/\">USA &#8211; Gratis bryggerirundtur i Tampa och Pottsville<\/a><\/li><li><a href=\"https:\/\/www.jordenrunt.nu\/resa\/nordamerika\/2014\/07\/23\/usa-planera-road-trip-i-kalifornien\/\">USA &#8211; Planera road trip i Kalifornien<\/a><\/li><li><a href=\"https:\/\/www.jordenrunt.nu\/resa\/nordamerika\/2014\/07\/09\/usa-gratisdag-att-besoka-naturhistoriskt-museum-i-la\/\">USA &#8211; Gratisdagar p\u00e5 naturhistoriskt museum i LA<\/a><\/li><li><a href=\"https:\/\/www.jordenrunt.nu\/resa\/kampanjer\/2014\/07\/08\/usa-matfestival-i-new-york-i-sommar\/\">USA &#8211; Matfestival i New York i sommar<\/a><\/li><li><a href=\"https:\/\/www.jordenrunt.nu\/resa\/nordamerika\/2014\/06\/20\/cykla-pa-lina-sju-meter-over-marken-i-usa\/\">Florida &#8211; Cykla eller zippa sju meter upp<\/a><\/li><li><a href=\"https:\/\/www.jordenrunt.nu\/resa\/nordamerika\/2014\/05\/30\/usa-helger-med-gratis-guidade-vandringar\/\">USA &#8211; Helger med gratis guidade vandringar<\/a><\/li><li><a href=\"https:\/\/www.jordenrunt.nu\/resa\/nordamerika\/2014\/05\/25\/usa-100-ganger-gratis-i-washington\/\">USA &#8211; 100 g\u00e5nger gratis i Washington<\/a><\/li><li><a href=\"https:\/\/www.jordenrunt.nu\/resa\/ekoturism\/ekoturism-nordamerika\/2014\/04\/26\/usa-ekotips-vid-kaneohe-bay\/\">USA &#8211; Ekotips p\u00e5 Hawaii<\/a><\/li><li><a href=\"https:\/\/www.jordenrunt.nu\/resa\/nordamerika\/2014\/04\/11\/new-york-allt-om-lower-east-side\/\">New York &#8211; Allt om Lower East Side<\/a><\/li><li><a href=\"https:\/\/www.jordenrunt.nu\/resa\/nordamerika\/2014\/04\/08\/usa-museum-om-tavlingsbilar-i-la-med-fritt-intrade\/\">USA &#8211; Gratis museum om t\u00e4vlingsbilar i LA<\/a><\/li><li><a href=\"https:\/\/www.jordenrunt.nu\/resa\/nordamerika\/2014\/03\/19\/ladda-hem-stadsvandringskartor-for-stader-i-usa\/\">Ladda hem kartor f\u00f6r stadsvandring i USA<\/a><\/li><li><a href=\"https:\/\/www.jordenrunt.nu\/resa\/nordamerika\/2013\/12\/26\/usa-allt-om-indianer-los-angeles\/\">USA &#8211; Allt om Indianer \u2013 Washington<\/a><\/li><li><a href=\"https:\/\/www.jordenrunt.nu\/resa\/nordamerika\/hawaii\/2013\/11\/10\/usa-hawaii-onomea-bjuder-pa-vyer\/\">USA &#8211; Hawaii &#8211; Onomea bjuder p\u00e5 vyer<\/a><\/li><li><a href=\"https:\/\/www.jordenrunt.nu\/resa\/nordamerika\/2013\/10\/24\/niagara-falls-turistsajter\/\">Niagara Falls &#8211; Turistsajter<\/a><\/li><li><a href=\"https:\/\/www.jordenrunt.nu\/resa\/nordamerika\/2013\/10\/20\/usa-officiella-turistsajter-for-colorado\/\">USA &#8211; Officiella turistsajter f\u00f6r Colorado<\/a><\/li><li><a href=\"https:\/\/www.jordenrunt.nu\/resa\/nordamerika\/2013\/10\/14\/usa-konstmarknad-i-new-orleans\/\">USA &#8211; Konstmarknad i New Orleans<\/a><\/li><li><a href=\"https:\/\/www.jordenrunt.nu\/resa\/nordamerika\/2013\/09\/24\/usa-new-york-gratis-musik-och-konstutstallningar\/\">Gratis musikupptr\u00e4danden i New York<\/a><\/li><\/ul><\/div><\/p>\n","protected":false},"excerpt":{"rendered":"<p>F&ouml;r dig som skall bes&ouml;ka Boston, har jag gr&auml;vt fram ett antal bra sajter f&ouml;r att underl&auml;tta planeringen och inspirera till [&hellip;]<\/p>\n","protected":false},"author":1,"featured_media":0,"parent":0,"menu_order":0,"comment_status":"open","ping_status":"closed","template":"","meta":[],"_links":{"self":[{"href":"https:\/\/www.jordenrunt.nu\/resa\/wp-json\/wp\/v2\/pages\/40386"}],"collection":[{"href":"https:\/\/www.jordenrunt.nu\/resa\/wp-json\/wp\/v2\/pages"}],"about":[{"href":"https:\/\/www.jordenrunt.nu\/resa\/wp-json\/wp\/v2\/types\/page"}],"author":[{"embeddable":true,"href":"https:\/\/www.jordenrunt.nu\/resa\/wp-json\/wp\/v2\/users\/1"}],"replies":[{"embeddable":true,"href":"https:\/\/www.jordenrunt.nu\/resa\/wp-json\/wp\/v2\/comments?post=40386"}],"version-history":[{"count":3,"href":"https:\/\/www.jordenrunt.nu\/resa\/wp-json\/wp\/v2\/pages\/40386\/revisions"}],"predecessor-version":[{"id":40389,"href":"https:\/\/www.jordenrunt.nu\/resa\/wp-json\/wp\/v2\/pages\/40386\/revisions\/40389"}],"wp:attachment":[{"href":"https:\/\/www.jordenrunt.nu\/resa\/wp-json\/wp\/v2\/media?parent=40386"}],"curies":[{"name":"wp","href":"https:\/\/api.w.org\/{rel}","templated":true}]}}