{"id":40056,"date":"2021-06-07T13:36:53","date_gmt":"2021-06-07T11:36:53","guid":{"rendered":"http:\/\/www.jordenrunt.nu\/resa\/?page_id=40056"},"modified":"2021-06-08T12:47:13","modified_gmt":"2021-06-08T10:47:13","slug":"kambodja","status":"publish","type":"page","link":"https:\/\/www.jordenrunt.nu\/resa\/kambodja\/","title":{"rendered":"Kambodja &#8211; Reseplanering och l\u00e4nktips"},"content":{"rendered":"<p><img loading=\"lazy\" src=\"http:\/\/www.jordenrunt.nu\/resa\/wp-content\/uploads\/2013\/12\/kambodja-flagga-karta.gif\" width=\"484\" height=\"414\" border=\"0\"><\/p>\n<p>Om du planerar ett sp\u00e4nnande bes\u00f6k i Kambodja, d\u00e5 hittar du allt f\u00f6r att planera resan till Kambodja h\u00e4r. Bland annat l\u00e4nkar till officiella turistsajter f\u00f6r Kambodja, plus m\u00e5nga l\u00e4nkar till ekoturism sajter (s\u00e5 att du kan gynna lokalbefolkningen under din resa i Kambodja.<\/p>\n<p>Lycka till med reseplaneringen!<\/p>\n<p>Cambodia Ministry of Tourism: <a href=\"https:\/\/www.tourismcambodia.org\/\" target=\"_blank\" rel=\"noopener\">www.tourismcambodia.org<\/a><br \/>\nMekong Tourism: <a href=\"https:\/\/www.mekongtourism.org\/experience-mekong\/cambodia\/\" target=\"_blank\" rel=\"noopener\">www.mekongtourism.org\/index.php\/experience-mekong\/cambodia<\/a><br \/>\nPhnom Phen City: <a href=\"http:\/\/phnompenh.gov.kh\/en\/visitors-tourism\/travel-guide\" target=\"_blank\" rel=\"noopener\">phnompenh.gov.kh\/en\/visitors-tourism\/travel-guide<\/a><\/p>\n<p>The Kingdom of Cambodia by Canby Publications: <a href=\"http:\/\/www.canbypublications.com\/\" target=\"_blank\" rel=\"noopener\">www.canbypublications.com<\/a><\/p>\n<p>Elephant Valley Project: <a href=\"http:\/\/www.elephantvalleyproject.org\" target=\"_blank\" rel=\"noopener\">www.elephantvalleyproject.org<\/a><br \/>\nChi Phat community-based ecotourism project: <a href=\"http:\/\/www.chi-phat.org\" target=\"_blank\" rel=\"noopener\">www.chi-phat.org<\/a><br \/>\nBanteay Chhmar Community-Based Tourism: <a href=\"https:\/\/www.visitbanteaychhmar.org\/\" target=\"_blank\" rel=\"noopener\">www.visitbanteaychhmar.org<\/a><br \/>\nCambodian Rural Development Tours: <a href=\"http:\/\/crdtours.com\/\" target=\"_blank\" rel=\"noopener\">www.crdtours.com<\/a><br \/>\nOsmose, Tonle Sap, ecotourism: <a href=\"https:\/\/osmosetonlesap.net\/wp\/index.php\/en\/eco-tours-uk\/\" target=\"_blank\" rel=\"noopener\">www.osmosetonlesap.net<\/a><br \/>\nConnecting Communities, Environment &#038; Responsible Tourism: <a href=\"https:\/\/concertcambodia.org\/how-to-help\/ecotours\/\" target=\"_blank\" rel=\"noopener\">www.concertcambodia.org<\/a><br \/>\nChambok Eco-tourism Site: <a href=\"https:\/\/chambok.org\/home-page\/post-page\/arrange-your-visit\/\" target=\"_blank\" rel=\"noopener\">chambok.org\/home-page\/post-page\/arrange-your-visit<\/a><\/p>\n<p>Visum till Kambodja: <a href=\"https:\/\/www.evisa.gov.kh\/\" target=\"_blank\" rel=\"noopener\">www.evisa.gov.kh<\/a><\/p>\n<p>T\u00e5gresor i Kambodja: <a href=\"http:\/\/royalrailway.easybook.com\/\" target=\"_blank\" rel=\"noopener\">hroyalrailway.easybook.com<\/a><br \/>\nPhnom Penh International Airport: <a href=\"https:\/\/pnh.cambodia-airports.aero\/\" target=\"_blank\" rel=\"noopener\">pnh.cambodia-airports.aero<\/a><\/p>\n<p>Onlineguider:<br \/>\n<a href=\"https:\/\/www.travelfish.org\/country\/cambodia\" target=\"_blank\" rel=\"noopener\">www.travelfish.org\/country\/cambodia<\/a><br \/>\n<a href=\"https:\/\/www.roughguides.com\/cambodia\/\" target=\"_blank\" rel=\"noopener\">www.roughguides.com\/cambodia<\/a><br \/>\n<a href=\"https:\/\/www.fodors.com\/world\/asia\/cambodia\" target=\"_blank\" rel=\"noopener\">www.fodors.com\/world\/asia\/cambodia<\/a><br \/>\n<a href=\"https:\/\/www.lonelyplanet.com\/cambodia\/places\" target=\"_blank\" rel=\"noopener\">www.lonelyplanet.com\/cambodia\/places<\/a><\/p>\n<p><a href=\"https:\/\/clk.tradedoubler.com\/click?p=21&#038;a=4512&#038;url=https%3A%2F%2Fwww.adlibris.com%2Fse%2Fsok%3Fq%3DCambodia%26sort_by%3DPublished%26order_by%3DDesc%26filter%3Dcategoryfacet%3Ab%25C3%25B6cker%252fresor%2B%2526%2Bgeografi%252freseguider\" target=\"_blank\" rel=\"noopener\"><u>K\u00f6p &#8211; Guideb\u00f6cker om Kambodja<\/u><\/a><\/p>\n<p>&nbsp;<br \/>\nSj\u00e4lvklart kan du hitta flygbiljetter och rundresor h\u00e4r p\u00e5 Jordenrunt.nu. Du hittar massor med sp\u00e4nnande l\u00e4nkar till researrang\u00f6rer, resebyr\u00e5er p\u00e5 f\u00f6ljande sida (plus resef\u00f6rs\u00e4kring, reseutrustning och resevaccination):<br \/>\n<a href=\"http:\/\/www.jordenrunt.nu\/resa\/reseforetag\"><strong>www.jordenrunt.nu\/resa\/reseforetag<\/strong><\/a><\/p>\n<p>&nbsp;<br \/>\nFler restips om Sydostasien p&aring; jordenrunt.nu:<br \/>\n<div class=\"rpfc-container\"><ul><li><a href=\"https:\/\/www.jordenrunt.nu\/resa\/asien\/2023\/04\/30\/singapore-turistsajt-och-nationalparkssajt\/\">Singapore &#8211; Turistsajter<\/a><\/li><li><a href=\"https:\/\/www.jordenrunt.nu\/resa\/asien\/2021\/12\/13\/heritage-trails-pa-malaysia\/\">Heritage trails i Malaysia<\/a><\/li><li><a href=\"https:\/\/www.jordenrunt.nu\/resa\/asien\/2021\/06\/09\/raja-ampat-coral-reef-indonesien\/\">Raja Ampat coral reef \u2013 Indonesien \u2013 Asien<\/a><\/li><li><a href=\"https:\/\/www.jordenrunt.nu\/resa\/asien\/2021\/06\/07\/turism-och-ekoturismsajter-i-kambodja\/\">Turism- och ekoturismsajter i Kambodja<\/a><\/li><li><a href=\"https:\/\/www.jordenrunt.nu\/resa\/asien\/2021\/06\/03\/upptack-laos-grottor\/\">Uppt\u00e4ck Laos grottprovins<\/a><\/li><li><a href=\"https:\/\/www.jordenrunt.nu\/resa\/asien\/2021\/04\/02\/indonesien-ordbok-online\/\">Roberts lilla indonesiska ordlista<\/a><\/li><li><a href=\"https:\/\/www.jordenrunt.nu\/resa\/asien\/2020\/01\/08\/besok-museum-om-landminor-i-kambodja\/\">Museum om landminor i Kambodja<\/a><\/li><li><a href=\"https:\/\/www.jordenrunt.nu\/resa\/asien\/2019\/12\/13\/turistsajter-malaysia\/\">Turistsajter Malaysia<\/a><\/li><li><a href=\"https:\/\/www.jordenrunt.nu\/resa\/asien\/2019\/07\/22\/kambodja-angkor-wat\/\">Asien &#8211; Kambodja &#8211; Angkor Wat<\/a><\/li><li><a href=\"https:\/\/www.jordenrunt.nu\/resa\/asien\/2019\/07\/09\/trecka-i-laos-och-gynna-lokalbefolkningen\/\">Trecka i Laos och gynna lokalbefolkningen<\/a><\/li><li><a href=\"https:\/\/www.jordenrunt.nu\/resa\/asien\/2019\/06\/10\/malaysia-tva-populara-nationalparker-pa-borneo\/\">Uppt\u00e4ck tv\u00e5 nationalparker i Sarawak (Borneo)<\/a><\/li><li><a href=\"https:\/\/www.jordenrunt.nu\/resa\/asien\/2019\/05\/04\/gratis-pa-flottans-museum-i-singapore\/\">Gratis p\u00e5 flottans museum i Singapore<\/a><\/li><li><a href=\"https:\/\/www.jordenrunt.nu\/resa\/asien\/2019\/02\/25\/gratis-intrade-pa-flygvapnets-museum-i-singapore\/\">Singapore &#8211; Gratis p\u00e5 Flygvapnets museum<\/a><\/li><li><a href=\"https:\/\/www.jordenrunt.nu\/resa\/asien\/2019\/01\/31\/thailand-museum-om-piratkopior-i-bangkok\/\">Thailand &#8211; Museum om piratkopior i Bangkok<\/a><\/li><li><a href=\"https:\/\/www.jordenrunt.nu\/resa\/asien\/2019\/01\/25\/thailand-klimatkarta-med-temperatur-och-regn\/\">Thailand &#8211; Klimatkarta med temperatur och regn<\/a><\/li><li><a href=\"https:\/\/www.jordenrunt.nu\/resa\/asien\/2019\/01\/04\/indonesien-bankmuseum-med-gratis-intrade\/\">Indonesien &#8211; Gratis bankmuseum i Jakarta<\/a><\/li><li><a href=\"https:\/\/www.jordenrunt.nu\/resa\/asien\/2018\/12\/17\/bo-ekovanligt-pa-ecolodges-i-indonesien\/\">Bo ekov\u00e4nligt p\u00e5 ecolodges i Indonesien<\/a><\/li><li><a href=\"https:\/\/www.jordenrunt.nu\/resa\/asien\/2018\/11\/09\/tubbataha-reef\/\">Tubbataha Reefs Natural Park \u2013 Filippinerna<\/a><\/li><li><a href=\"https:\/\/www.jordenrunt.nu\/resa\/asien\/2018\/10\/26\/malaysia-gratis-museum-i-kl\/\">Malaysia &#8211; Gratis p\u00e5 telefonmuseum i KL<\/a><\/li><li><a href=\"https:\/\/www.jordenrunt.nu\/resa\/asien\/2018\/09\/19\/thailand-makabert-museum-pa-sjukhus-i-bangkok\/\">Thailand &#8211; Makabert museum p\u00e5 sjukhus i Bangkok<\/a><\/li><li><a href=\"https:\/\/www.jordenrunt.nu\/resa\/asien\/2018\/08\/29\/kambodja-bo-och-stod-skola-i-phnom-phen\/\">Kambodja &#8211; Bo och st\u00f6d skola i Phnom Phen<\/a><\/li><li><a href=\"https:\/\/www.jordenrunt.nu\/resa\/asien\/2018\/07\/29\/malaysia-visumregler\/\">Malaysia &#8211; Visumregler<\/a><\/li><li><a href=\"https:\/\/www.jordenrunt.nu\/resa\/asien\/2018\/07\/28\/indonesien-visumregler\/\">Visumregler f\u00f6r Indonesien<\/a><\/li><li><a href=\"https:\/\/www.jordenrunt.nu\/resa\/asien\/2018\/07\/11\/vietnam-bo-hos-familj-i-fiskeby\/\">Vietnam &#8211; Bo hos familj i fiskeby<\/a><\/li><li><a href=\"https:\/\/www.jordenrunt.nu\/resa\/asien\/2018\/06\/18\/singapore-heritage-trails\/\">Singapore Heritage Trails<\/a><\/li><li><a href=\"https:\/\/www.jordenrunt.nu\/resa\/asien\/2018\/06\/01\/perhentian-den-lilla-och-stora-stopover-on-i-malaysia\/\">Lilla och stora Perhentian i Malaysia<\/a><\/li><li><a href=\"https:\/\/www.jordenrunt.nu\/resa\/asien\/2018\/05\/23\/batu-puteh-eko-borneo\/\">Borneo &#8211; Batu Puteh ekoturismprojekt<\/a><\/li><li><a href=\"https:\/\/www.jordenrunt.nu\/resa\/asien\/2018\/04\/27\/vietnam-upptack-nationalparken-cat-tien\/\">Vietnam &#8211; Uppt\u00e4ck nationalparken Cat Tien<\/a><\/li><li><a href=\"https:\/\/www.jordenrunt.nu\/resa\/asien\/2018\/04\/20\/vietnam-officiella-turistsajter\/\">Vietnam &#8211; Officiella turistsajter<\/a><\/li><li><a href=\"https:\/\/www.jordenrunt.nu\/resa\/asien\/2018\/03\/23\/indonesien-turistsajter\/\">Indonesien turistsajter<\/a><\/li><\/ul><\/div><\/p>\n","protected":false},"excerpt":{"rendered":"<p>Om du planerar ett sp\u00e4nnande bes\u00f6k i Kambodja, d\u00e5 hittar du allt f\u00f6r att planera resan till Kambodja h\u00e4r. Bland annat [&hellip;]<\/p>\n","protected":false},"author":1,"featured_media":0,"parent":0,"menu_order":0,"comment_status":"closed","ping_status":"closed","template":"","meta":[],"_links":{"self":[{"href":"https:\/\/www.jordenrunt.nu\/resa\/wp-json\/wp\/v2\/pages\/40056"}],"collection":[{"href":"https:\/\/www.jordenrunt.nu\/resa\/wp-json\/wp\/v2\/pages"}],"about":[{"href":"https:\/\/www.jordenrunt.nu\/resa\/wp-json\/wp\/v2\/types\/page"}],"author":[{"embeddable":true,"href":"https:\/\/www.jordenrunt.nu\/resa\/wp-json\/wp\/v2\/users\/1"}],"replies":[{"embeddable":true,"href":"https:\/\/www.jordenrunt.nu\/resa\/wp-json\/wp\/v2\/comments?post=40056"}],"version-history":[{"count":11,"href":"https:\/\/www.jordenrunt.nu\/resa\/wp-json\/wp\/v2\/pages\/40056\/revisions"}],"predecessor-version":[{"id":45428,"href":"https:\/\/www.jordenrunt.nu\/resa\/wp-json\/wp\/v2\/pages\/40056\/revisions\/45428"}],"wp:attachment":[{"href":"https:\/\/www.jordenrunt.nu\/resa\/wp-json\/wp\/v2\/media?parent=40056"}],"curies":[{"name":"wp","href":"https:\/\/api.w.org\/{rel}","templated":true}]}}