{"id":39901,"date":"2015-10-22T11:37:09","date_gmt":"2015-10-22T09:37:09","guid":{"rendered":"http:\/\/www.jordenrunt.nu\/resa\/?page_id=39901"},"modified":"2021-04-29T14:38:00","modified_gmt":"2021-04-29T12:38:00","slug":"om-oss","status":"publish","type":"page","link":"https:\/\/www.jordenrunt.nu\/resa\/om-oss\/","title":{"rendered":"Fakta om jordenrunt.nu"},"content":{"rendered":"<p><img loading=\"lazy\" src=\"http:\/\/www.jordenrunt.nu\/images\/collage_jordenrunt_1.jpg\" width=\"490\" height=\"80\" border=\"0\"><\/p>\n<p><strong>Resesajten jordenrunt.nu &auml;r den naturliga startplatsen f&ouml;r reseplanering. Spelar ingen roll om det g&auml;ller weekendresa, l&aring;ngresa med familjen eller att luffa med ryggs&auml;ck. H&auml;r finns tusentals inspirerande restips fr\u00e5n hela v&aring;r underbara v&auml;rld!<\/strong><\/p>\n<p><IMG SRC=\"http:\/\/www.jordenrunt.nu\/jordenrunt_tvs\/images\/tibet1.jpg\" WIDTH=400 HEIGHT=268 BORDER=1><\/p>\n<p>Jag heter Robert Karlsson och 1997 hade min sajt jordenrunt.nu premi\u00e4r. Tanken var att bjuda p\u00e5 inspirerande restips som f\u00f6rhoppningsvis skulle g\u00f6ra andra resen\u00e4rers resor \u00e4nnu lite b\u00e4ttre och roligare. <\/p>\n<p><img loading=\"lazy\" src=\"http:\/\/www.jordenrunt.nu\/resa\/wp-content\/uploads\/2014\/03\/indonesien-robert-pelni-sol.jpg\" alt=\"\" width=\"400\" height=\"264\" class=\"alignnone size-full wp-image-33320\" srcset=\"https:\/\/www.jordenrunt.nu\/resa\/wp-content\/uploads\/2014\/03\/indonesien-robert-pelni-sol.jpg 400w, https:\/\/www.jordenrunt.nu\/resa\/wp-content\/uploads\/2014\/03\/indonesien-robert-pelni-sol-300x198.jpg 300w\" sizes=\"(max-width: 400px) 100vw, 400px\" \/><\/p>\n<p>Nu har jordenrunt.nu tusentals restips och jag hoppas att du blir inspirerad. <\/p>\n<p>Du f\u00e5r g\u00e4rna hj\u00e4lpa till genom att skicka ett restips: <a href=\"mailto:res@jordenrunt.nu\"><u>res@jordenrunt.nu<\/u><\/a><\/p>\n<p>(ps. jag har tyv\u00e4rr ingen budget att k\u00f6pa in material!)<\/p>\n<p><strong>Robert Karlsson &#8211; vem \u00e4r jag?<\/strong><\/p>\n<p><img loading=\"lazy\" src=\"http:\/\/www.jordenrunt.nu\/resa\/wp-content\/uploads\/2016\/08\/lombok_rinjani5.jpg\" alt=\"lombok_rinjani5\" width=\"400\" height=\"280\" class=\"alignnone size-full wp-image-43643\" srcset=\"https:\/\/www.jordenrunt.nu\/resa\/wp-content\/uploads\/2016\/08\/lombok_rinjani5.jpg 400w, https:\/\/www.jordenrunt.nu\/resa\/wp-content\/uploads\/2016\/08\/lombok_rinjani5-300x210.jpg 300w\" sizes=\"(max-width: 400px) 100vw, 400px\" \/><\/p>\n<p>Jag har planerat och genomf&ouml;rt l&aring;ngresor sedan 1988 och &auml;lskar att ge mig ut p&aring; uppt&auml;cktsf&auml;rder runt om i v\u00e4rlden. Mina resor har tagit mig till 60-talet l&auml;nder och vissa har f\u00e5tt flera bes\u00f6k, som exempelvis Indonesien d\u00e4r jag varit fler \u00e4n 15 g\u00e5nger. <\/p>\n<p><IMG SRC=\"http:\/\/www.jordenrunt.nu\/jordenrunt_tvs\/images\/tibet2.jpg\" WIDTH=400 HEIGHT=274 BORDER=1><\/p>\n<p>Skulle tippa att jag s&auml;kerligen bes\u00f6kt fler &auml;n 300 sp&auml;nnande st&auml;der (varav exempelvis &ouml;ver 20 huvudst&auml;der i Europa). Sammanlagt m\u00e5ste jag ha spenderat en 7-8 \u00e5r p\u00e5 resande fot (en liten gissning om jag snabbt r\u00e4knar ihop alla mina resor).<\/p>\n<p><img loading=\"lazy\" src=\"http:\/\/www.jordenrunt.nu\/resa\/wp-content\/uploads\/2015\/03\/respodd-robert2-icon.jpg\" alt=\"\" width=\"387\" height=\"340\" class=\"alignnone size-full wp-image-38142\" srcset=\"https:\/\/www.jordenrunt.nu\/resa\/wp-content\/uploads\/2015\/03\/respodd-robert2-icon.jpg 387w, https:\/\/www.jordenrunt.nu\/resa\/wp-content\/uploads\/2015\/03\/respodd-robert2-icon-300x263.jpg 300w\" sizes=\"(max-width: 387px) 100vw, 387px\" \/><\/p>\n<p>\u00c4r journalist och kommunikat\u00f6r (<a href=\"https:\/\/www.linkedin.com\/in\/robert-karlsson-83040553\/\" rel=\"noopener\" target=\"_blank\">min Linkedin profil h\u00e4r<\/a>). Haft m\u00e4ngder av uppdrag och inom just reseomr\u00e5det har jag bland annat arrangerat en resm\u00e4ssa i Stockholm (2006-2008), plus hj\u00e4lpt exempelvis Aftonbladet resa, DN Resor, Travel Heroes, Kilroy och MinTur.<\/p>\n<p><img loading=\"lazy\" src=\"http:\/\/www.jordenrunt.nu\/images\/collage_jordenrunt_3.jpg\" width=\"490\" height=\"80\" border=\"0\"><\/p>\n<p>Varmt v&auml;lkommen att bli inspirerad att resa!<\/p>\n<p><img loading=\"lazy\" src=\"http:\/\/www.jordenrunt.nu\/images\/collage_jordenrunt_2.jpg\" width=\"490\" height=\"80\" border=\"0\"><\/p>\n<p><strong>Copyright \u00a9<\/strong><\/p>\n<p>Alla bilder, skrivet material och podcastens ljudfiler &auml;r skyddat av lagen om upphovsr&auml;tt. Eftertryck eller annan kopiering &auml;r f&ouml;rbjuden utan till&aring;telse fr&aring;n redaktionen.<\/p>\n<p>Jorden Runt ansvarar inte f&ouml;r &aring;sikter och inneh&aring;ll i l&auml;sartips, ins&auml;ndare, l&auml;sarnas ber&auml;ttelser eller artiklar skrivna av n&aring;gon annan &auml;n redakt&ouml;ren.<\/p>\n<p>&nbsp;<br \/>\n<strong>Tack till alla som hj&auml;lpt till<\/strong><\/p>\n<p>Jag vill passa p&aring; att tacka alla som hj&auml;lpt mig med Jorden Runt genom &aring;ren.<\/p>\n<p>Speciellt ett stort tack till TidskriftsVerkstaden (som tyv\u00e4rr inte finns kvar nu) och alla personer som h\u00f6ll till d&auml;r (det var i Tidskriftsverkstadens lokaler jag 1997 kunde starta upp jordenrunt.nu). <\/p>\n<p>\u00c4ven tack till alla de resen&auml;rer som skrivit reseber&auml;ttelser och skickat restips och till familj\/v&auml;nner och alla m&auml;nniskor jag m&ouml;tt p&aring; mina resor.<\/p>\n<p>Tusen Miljoners Tack, tack, tack, tack&#8230;<\/p>\n<p>\/Robert<\/p>\n","protected":false},"excerpt":{"rendered":"<p>Resesajten jordenrunt.nu &auml;r den naturliga startplatsen f&ouml;r reseplanering. Spelar ingen roll om det g&auml;ller weekendresa, l&aring;ngresa med familjen eller att luffa [&hellip;]<\/p>\n","protected":false},"author":1,"featured_media":0,"parent":0,"menu_order":0,"comment_status":"closed","ping_status":"closed","template":"","meta":[],"_links":{"self":[{"href":"https:\/\/www.jordenrunt.nu\/resa\/wp-json\/wp\/v2\/pages\/39901"}],"collection":[{"href":"https:\/\/www.jordenrunt.nu\/resa\/wp-json\/wp\/v2\/pages"}],"about":[{"href":"https:\/\/www.jordenrunt.nu\/resa\/wp-json\/wp\/v2\/types\/page"}],"author":[{"embeddable":true,"href":"https:\/\/www.jordenrunt.nu\/resa\/wp-json\/wp\/v2\/users\/1"}],"replies":[{"embeddable":true,"href":"https:\/\/www.jordenrunt.nu\/resa\/wp-json\/wp\/v2\/comments?post=39901"}],"version-history":[{"count":14,"href":"https:\/\/www.jordenrunt.nu\/resa\/wp-json\/wp\/v2\/pages\/39901\/revisions"}],"predecessor-version":[{"id":44796,"href":"https:\/\/www.jordenrunt.nu\/resa\/wp-json\/wp\/v2\/pages\/39901\/revisions\/44796"}],"wp:attachment":[{"href":"https:\/\/www.jordenrunt.nu\/resa\/wp-json\/wp\/v2\/media?parent=39901"}],"curies":[{"name":"wp","href":"https:\/\/api.w.org\/{rel}","templated":true}]}}