{"id":39802,"date":"2023-04-30T08:03:16","date_gmt":"2023-04-30T06:03:16","guid":{"rendered":"http:\/\/www.jordenrunt.nu\/resa\/?page_id=39802"},"modified":"2023-04-30T09:35:13","modified_gmt":"2023-04-30T07:35:13","slug":"singapore","status":"publish","type":"page","link":"https:\/\/www.jordenrunt.nu\/resa\/singapore\/","title":{"rendered":"Singapore &#8211; l\u00e4nkar till turistsajter"},"content":{"rendered":"<p><img loading=\"lazy\" src=\"http:\/\/www.jordenrunt.nu\/resa\/wp-content\/uploads\/2009\/03\/s-pore-flaggan-kartan.gif\" width=\"451\" height=\"300\" border=\"0\"><\/p>\n<p>H&auml;r kommer ett antal l&auml;nkar till sajter som kan hj&auml;lpa dig planera bes&ouml;ket i Singapore.<br \/>\nLycka till med Reseplaneringen och sedan hoppas jag du f&aring;r en trevlig resa!<\/p>\n<p>Singapore Tourism Board: &nbsp;<a href=\"https:\/\/www.visitsingapore.com\/en\/\" target=\"_blank\" rel=\"noopener\">www.visitsingapore.com<\/a><br \/>\nNational Parks Singapore: &nbsp;<a href=\"https:\/\/www.nparks.gov.sg\/\" target=\"_blank\" rel=\"noopener\">www.nparks.gov.sg<\/a><br \/>\nNational Heritage Board &#8211; Museums: &nbsp;<a href=\"https:\/\/www.nhb.gov.sg\/what-we-do\/our-work\/preserve-our-stories-treasures-and-places\/the-national-collection\" target=\"_blank\" rel=\"noopener\">www.nhb.gov.sg<\/a><br \/>\nSingapore Heritage Trails: &nbsp;<a href=\"https:\/\/www.roots.gov.sg\/nhb\/trails\" target=\"_blank\" rel=\"noopener\">www.roots.gov.sg\/nhb\/trails<\/a><br \/>\nChangi Airport: &nbsp;<a href=\"https:\/\/www.changiairport.com\/\" target=\"_blank\" rel=\"noopener\">www.changiairport.com<\/a><br \/>\nSingapore Public Transport: &nbsp;<a href=\"https:\/\/www.lta.gov.sg\/content\/ltagov\/en\/getting_around.html#public_transport\" target=\"_blank\" rel=\"noopener\">www.lta.gov.sg\/content\/ltaweb\/en\/public-transport.html<\/a><br \/>\nSingapore MRT (tunnelbana): &nbsp;<a href=\"https:\/\/www.lta.gov.sg\/content\/ltagov\/en\/getting_around\/public_transport\/rail_network.html\" target=\"_blank\" rel=\"noopener\">www.lta.gov.sg\/content\/ltaweb\/en\/public-transport\/mrt-and-lrt-trains\/train-system-map.html<\/a><br \/>\nChinatown Walking Trail: &nbsp;<a href=\"https:\/\/chinatown.sg\/walking-trail\/\" target=\"_blank\" rel=\"noopener\">chinatown.sg\/walking-trail\/<\/a><br \/>\nsingapore Botanic Gardens: &nbsp;<a href=\"https:\/\/www.nparks.gov.sg\/sbg\/visit-us\" target=\"_blank\" rel=\"noopener\">www.nparks.gov.sg\/sbg\/visit-us<\/a><br \/>\nGardens By the Bay: &nbsp;<a href=\"https:\/\/www.gardensbythebay.com.sg\/en\/about-us\/our-gardens-story\/our-story.html\" target=\"_blank\" rel=\"noopener\">www.gardensbythebay.com.sg<\/a><br \/>\nSentosa island: &nbsp;<a href=\"https:\/\/www.sentosa.com.sg\/en\" target=\"_blank\" rel=\"noopener\">www.sentosa.com.sg\/en<\/a><br \/>\nSingapores f\u00e4rjeterminaler: &nbsp;<a href=\"https:\/\/singaporecruise.com.sg\/schedule\/ferries\/\" target=\"_blank\" rel=\"noopener\">www.singaporecruise.com.sg<\/a> <\/p>\n<p>Fler restips om Sydostasien p&aring; jordenrunt.nu:<br \/>\n<div class=\"rpfc-container\"><ul><li><a href=\"https:\/\/www.jordenrunt.nu\/resa\/asien\/2023\/04\/30\/singapore-turistsajt-och-nationalparkssajt\/\">Singapore &#8211; Turistsajter<\/a><\/li><li><a href=\"https:\/\/www.jordenrunt.nu\/resa\/asien\/2021\/12\/13\/heritage-trails-pa-malaysia\/\">Heritage trails i Malaysia<\/a><\/li><li><a href=\"https:\/\/www.jordenrunt.nu\/resa\/asien\/2021\/06\/09\/raja-ampat-coral-reef-indonesien\/\">Raja Ampat coral reef \u2013 Indonesien \u2013 Asien<\/a><\/li><li><a href=\"https:\/\/www.jordenrunt.nu\/resa\/asien\/2021\/06\/07\/turism-och-ekoturismsajter-i-kambodja\/\">Turism- och ekoturismsajter i Kambodja<\/a><\/li><li><a href=\"https:\/\/www.jordenrunt.nu\/resa\/asien\/2021\/06\/03\/upptack-laos-grottor\/\">Uppt\u00e4ck Laos grottprovins<\/a><\/li><li><a href=\"https:\/\/www.jordenrunt.nu\/resa\/asien\/2021\/04\/02\/indonesien-ordbok-online\/\">Roberts lilla indonesiska ordlista<\/a><\/li><li><a href=\"https:\/\/www.jordenrunt.nu\/resa\/asien\/2020\/01\/08\/besok-museum-om-landminor-i-kambodja\/\">Museum om landminor i Kambodja<\/a><\/li><li><a href=\"https:\/\/www.jordenrunt.nu\/resa\/asien\/2019\/12\/13\/turistsajter-malaysia\/\">Turistsajter Malaysia<\/a><\/li><li><a href=\"https:\/\/www.jordenrunt.nu\/resa\/asien\/2019\/07\/22\/kambodja-angkor-wat\/\">Asien &#8211; Kambodja &#8211; Angkor Wat<\/a><\/li><li><a href=\"https:\/\/www.jordenrunt.nu\/resa\/asien\/2019\/07\/09\/trecka-i-laos-och-gynna-lokalbefolkningen\/\">Trecka i Laos och gynna lokalbefolkningen<\/a><\/li><li><a href=\"https:\/\/www.jordenrunt.nu\/resa\/asien\/2019\/06\/10\/malaysia-tva-populara-nationalparker-pa-borneo\/\">Uppt\u00e4ck tv\u00e5 nationalparker i Sarawak (Borneo)<\/a><\/li><li><a href=\"https:\/\/www.jordenrunt.nu\/resa\/asien\/2019\/05\/04\/gratis-pa-flottans-museum-i-singapore\/\">Gratis p\u00e5 flottans museum i Singapore<\/a><\/li><li><a href=\"https:\/\/www.jordenrunt.nu\/resa\/asien\/2019\/02\/25\/gratis-intrade-pa-flygvapnets-museum-i-singapore\/\">Singapore &#8211; Gratis p\u00e5 Flygvapnets museum<\/a><\/li><li><a href=\"https:\/\/www.jordenrunt.nu\/resa\/asien\/2019\/01\/31\/thailand-museum-om-piratkopior-i-bangkok\/\">Thailand &#8211; Museum om piratkopior i Bangkok<\/a><\/li><li><a href=\"https:\/\/www.jordenrunt.nu\/resa\/asien\/2019\/01\/25\/thailand-klimatkarta-med-temperatur-och-regn\/\">Thailand &#8211; Klimatkarta med temperatur och regn<\/a><\/li><li><a href=\"https:\/\/www.jordenrunt.nu\/resa\/asien\/2019\/01\/04\/indonesien-bankmuseum-med-gratis-intrade\/\">Indonesien &#8211; Gratis bankmuseum i Jakarta<\/a><\/li><li><a href=\"https:\/\/www.jordenrunt.nu\/resa\/asien\/2018\/12\/17\/bo-ekovanligt-pa-ecolodges-i-indonesien\/\">Bo ekov\u00e4nligt p\u00e5 ecolodges i Indonesien<\/a><\/li><li><a href=\"https:\/\/www.jordenrunt.nu\/resa\/asien\/2018\/11\/09\/tubbataha-reef\/\">Tubbataha Reefs Natural Park \u2013 Filippinerna<\/a><\/li><li><a href=\"https:\/\/www.jordenrunt.nu\/resa\/asien\/2018\/10\/26\/malaysia-gratis-museum-i-kl\/\">Malaysia &#8211; Gratis p\u00e5 telefonmuseum i KL<\/a><\/li><li><a href=\"https:\/\/www.jordenrunt.nu\/resa\/asien\/2018\/09\/19\/thailand-makabert-museum-pa-sjukhus-i-bangkok\/\">Thailand &#8211; Makabert museum p\u00e5 sjukhus i Bangkok<\/a><\/li><li><a href=\"https:\/\/www.jordenrunt.nu\/resa\/asien\/2018\/08\/29\/kambodja-bo-och-stod-skola-i-phnom-phen\/\">Kambodja &#8211; Bo och st\u00f6d skola i Phnom Phen<\/a><\/li><li><a href=\"https:\/\/www.jordenrunt.nu\/resa\/asien\/2018\/07\/29\/malaysia-visumregler\/\">Malaysia &#8211; Visumregler<\/a><\/li><li><a href=\"https:\/\/www.jordenrunt.nu\/resa\/asien\/2018\/07\/28\/indonesien-visumregler\/\">Visumregler f\u00f6r Indonesien<\/a><\/li><li><a href=\"https:\/\/www.jordenrunt.nu\/resa\/asien\/2018\/07\/11\/vietnam-bo-hos-familj-i-fiskeby\/\">Vietnam &#8211; Bo hos familj i fiskeby<\/a><\/li><li><a href=\"https:\/\/www.jordenrunt.nu\/resa\/asien\/2018\/06\/18\/singapore-heritage-trails\/\">Singapore Heritage Trails<\/a><\/li><li><a href=\"https:\/\/www.jordenrunt.nu\/resa\/asien\/2018\/06\/01\/perhentian-den-lilla-och-stora-stopover-on-i-malaysia\/\">Lilla och stora Perhentian i Malaysia<\/a><\/li><li><a href=\"https:\/\/www.jordenrunt.nu\/resa\/asien\/2018\/05\/23\/batu-puteh-eko-borneo\/\">Borneo &#8211; Batu Puteh ekoturismprojekt<\/a><\/li><li><a href=\"https:\/\/www.jordenrunt.nu\/resa\/asien\/2018\/04\/27\/vietnam-upptack-nationalparken-cat-tien\/\">Vietnam &#8211; Uppt\u00e4ck nationalparken Cat Tien<\/a><\/li><li><a href=\"https:\/\/www.jordenrunt.nu\/resa\/asien\/2018\/04\/20\/vietnam-officiella-turistsajter\/\">Vietnam &#8211; Officiella turistsajter<\/a><\/li><li><a href=\"https:\/\/www.jordenrunt.nu\/resa\/asien\/2018\/03\/23\/indonesien-turistsajter\/\">Indonesien turistsajter<\/a><\/li><li><a href=\"https:\/\/www.jordenrunt.nu\/resa\/asien\/2018\/01\/15\/gratis-museum-om-singapore-under-andra-varldskriget\/\">Singapore &#8211; Gratis v\u00e4rldskrigsmuseum<\/a><\/li><li><a href=\"https:\/\/www.jordenrunt.nu\/resa\/asien\/2017\/11\/24\/volontartips-i-laos\/\">Laos &#8211; Gynna lokalbefolkningen i Vang Vieng<\/a><\/li><li><a href=\"https:\/\/www.jordenrunt.nu\/resa\/asien\/2017\/11\/01\/bo-och-gynna-barn-i-sodra-thailand\/\">Bo och gynna barn i s\u00f6dra Thailand<\/a><\/li><li><a href=\"https:\/\/www.jordenrunt.nu\/resa\/asien\/2017\/10\/19\/kambodja-bli-volontar-pa-landmine-museet\/\">Kambodja &#8211; Volont\u00e4r p\u00e5 landminemuseet<\/a><\/li><li><a href=\"https:\/\/www.jordenrunt.nu\/resa\/asien\/2017\/09\/04\/indonesien-gratis-guidning-i-nationalmuseum\/\">Indonesien &#8211; Gratis tur i nationalmuseum<\/a><\/li><li><a href=\"https:\/\/www.jordenrunt.nu\/resa\/asien\/2017\/04\/03\/kambodja-ekovanliga-guidade-fagelutflykter\/\">Kambodja &#8211; Ekov\u00e4nliga guidade f\u00e5gelutflykter<\/a><\/li><li><a href=\"https:\/\/www.jordenrunt.nu\/resa\/asien\/2017\/02\/17\/gratis-sjukhusmuseum-i-singapore\/\">Gratis sjukhusmuseum i Singapore<\/a><\/li><li><a href=\"https:\/\/www.jordenrunt.nu\/resa\/asien\/2017\/01\/26\/malaysia-gratis-att-besoka-royal-selangor-pewter\/\">Malaysia &#8211; Gratis &#8211; Royal Selangor Pewter<\/a><\/li><li><a href=\"https:\/\/www.jordenrunt.nu\/resa\/asien\/2016\/12\/24\/malaysia-sola-bada-snorkla-dyk-eller-klattra-pa-tioman\/\">Malaysia &#8211; Sol, bad, dyk eller trekking p\u00e5 Tioman<\/a><\/li><li><a href=\"https:\/\/www.jordenrunt.nu\/resa\/asien\/2016\/09\/16\/spannande-ekoturismutfarder-i-ostra-indonesien\/\">Papua &#8211; Indonesien &#8211; Eko-f\u00e5gelutflykter<\/a><\/li><li><a href=\"https:\/\/www.jordenrunt.nu\/resa\/asien\/2016\/07\/15\/bli-volontar-och-lar-studenter-i-kambodja-engelska\/\">Volont\u00e4rer l\u00e4r studenter i Kambodja engelska<\/a><\/li><li><a href=\"https:\/\/www.jordenrunt.nu\/resa\/asien\/2016\/06\/26\/laos-visumregler\/\">Laos &#8211; Visumregler<\/a><\/li><li><a href=\"https:\/\/www.jordenrunt.nu\/resa\/asien\/2016\/06\/24\/volontar-i-skolor-i-nordostra-thailand\/\">Volont\u00e4r i skolor i nord\u00f6stra Thailand<\/a><\/li><li><a href=\"https:\/\/www.jordenrunt.nu\/resa\/asien\/2016\/05\/04\/bo-och-gynna-akha-hill-tribe-guest-house-i-norra-thailand\/\">Thailand &#8211; Bo, trekka eller volont\u00e4r i bergsbyn Akha<\/a><\/li><li><a href=\"https:\/\/www.jordenrunt.nu\/resa\/asien\/2016\/05\/02\/filippinerna-guest-house-hjalper-barn\/\">Filippinerna &#8211; Guest House hj\u00e4lper barn<\/a><\/li><li><a href=\"https:\/\/www.jordenrunt.nu\/resa\/asien\/2016\/03\/21\/vietnam-tag-duong-sat-viet-nam\/\">Vietnam \u2013 T\u00e5g &#8211; Duong Sat Viet Nam<\/a><\/li><li><a href=\"https:\/\/www.jordenrunt.nu\/resa\/asien\/2016\/02\/18\/malaysia-borneo-tag-sabah-state-railway-department\/\">Malaysia &#8211; Ta t\u00e5get p\u00e5 Borneo<\/a><\/li><li><a href=\"https:\/\/www.jordenrunt.nu\/resa\/asien\/2015\/12\/11\/indonesien-tag\/\">Ta t\u00e5get i Indonesien<\/a><\/li><li><a href=\"https:\/\/www.jordenrunt.nu\/resa\/asien\/2015\/12\/10\/malaysia-tag-keretapi-tanah-melayu-berhad\/\">Ta t\u00e5get genom Malaysia<\/a><\/li><li><a href=\"https:\/\/www.jordenrunt.nu\/resa\/asien\/2015\/09\/30\/tips-pa-guidebocker-for-thailand\/\">Tips p\u00e5 guideb\u00f6cker f\u00f6r Thailand<\/a><\/li><li><a href=\"https:\/\/www.jordenrunt.nu\/resa\/asien\/2015\/08\/24\/thailand-bo-hos-familj-lisu-hill-tribe\/\">Thailand &#8211; Bo hos familj &#8211; Lisu Hill Tribe<\/a><\/li><li><a href=\"https:\/\/www.jordenrunt.nu\/resa\/asien\/2015\/05\/04\/gratis-pa-konstmuseum-i-singapore\/\">Gratis p\u00e5 konstmuseum i Singapore<\/a><\/li><li><a href=\"https:\/\/www.jordenrunt.nu\/resa\/asien\/2015\/05\/01\/aka-tag-pa-filippinerna\/\">\u00c5ka t\u00e5g p\u00e5 Filippinerna<\/a><\/li><li><a href=\"https:\/\/www.jordenrunt.nu\/resa\/asien\/2015\/04\/21\/kambodja-visumregler\/\">Kambodja &#8211; Visumregler<\/a><\/li><li><a href=\"https:\/\/www.jordenrunt.nu\/resa\/asien\/2015\/03\/12\/thailand-songkran-varldens-blotaste-vattenfest\/\">Thailand &#8211; Songkran \u2013 Genombl\u00f6t vattenfest<\/a><\/li><li><a href=\"https:\/\/www.jordenrunt.nu\/resa\/asien\/2015\/02\/12\/thailand-stor-inomhuslekplats-i-bangkok\/\">Thailand &#8211; Stor inomhuslekplats i Bangkok<\/a><\/li><li><a href=\"https:\/\/www.jordenrunt.nu\/resa\/asien\/2015\/01\/16\/thailand-gratis-pa-flottans-museum\/\">Thailand &#8211; Gratis p\u00e5 flottans museum<\/a><\/li><li><a href=\"https:\/\/www.jordenrunt.nu\/resa\/asien\/2014\/11\/28\/bo-i-jattelik-stubbe-i-vietnam\/\">Bo i j\u00e4tte-stubbe i Vietnam<\/a><\/li><li><a href=\"https:\/\/www.jordenrunt.nu\/resa\/asien\/2014\/11\/26\/laos-officiella-turistsajter\/\">Laos &#8211; Officiella turistsajter<\/a><\/li><li><a href=\"https:\/\/www.jordenrunt.nu\/resa\/asien\/2014\/11\/15\/malaysia-tamannegara\/\">Asien &#8211; Malaysia &#8211; Taman Negara<\/a><\/li><li><a href=\"https:\/\/www.jordenrunt.nu\/resa\/asien\/2014\/11\/11\/bo-gront-i-thailand\/\">Bo gr\u00f6nt i Thailand<\/a><\/li><li><a href=\"https:\/\/www.jordenrunt.nu\/resa\/asien\/2014\/11\/10\/asien-thailand-bangkok-chatuchak-market\/\">Thailand &#8211; Bangkok Chatuchak Market<\/a><\/li><li><a href=\"https:\/\/www.jordenrunt.nu\/resa\/asien\/2014\/10\/10\/visumregler-for-vietnam\/\">Vietnam &#8211; Visumregler<\/a><\/li><li><a href=\"https:\/\/www.jordenrunt.nu\/resa\/asien\/2014\/10\/10\/volontar-pa-skolor-i-kambodja\/\">Volont\u00e4r p\u00e5 skolor i Kambodja<\/a><\/li><li><a href=\"https:\/\/www.jordenrunt.nu\/resa\/asien\/2014\/09\/23\/lanktips-turistsajter-for-filippinerna\/\">L\u00e4nktips turistsajter f\u00f6r Filippinerna<\/a><\/li><\/ul><\/div><\/p>\n","protected":false},"excerpt":{"rendered":"<p>H&auml;r kommer ett antal l&auml;nkar till sajter som kan hj&auml;lpa dig planera bes&ouml;ket i Singapore. Lycka till med Reseplaneringen och sedan [&hellip;]<\/p>\n","protected":false},"author":1,"featured_media":0,"parent":0,"menu_order":0,"comment_status":"open","ping_status":"closed","template":"","meta":[],"_links":{"self":[{"href":"https:\/\/www.jordenrunt.nu\/resa\/wp-json\/wp\/v2\/pages\/39802"}],"collection":[{"href":"https:\/\/www.jordenrunt.nu\/resa\/wp-json\/wp\/v2\/pages"}],"about":[{"href":"https:\/\/www.jordenrunt.nu\/resa\/wp-json\/wp\/v2\/types\/page"}],"author":[{"embeddable":true,"href":"https:\/\/www.jordenrunt.nu\/resa\/wp-json\/wp\/v2\/users\/1"}],"replies":[{"embeddable":true,"href":"https:\/\/www.jordenrunt.nu\/resa\/wp-json\/wp\/v2\/comments?post=39802"}],"version-history":[{"count":5,"href":"https:\/\/www.jordenrunt.nu\/resa\/wp-json\/wp\/v2\/pages\/39802\/revisions"}],"predecessor-version":[{"id":47592,"href":"https:\/\/www.jordenrunt.nu\/resa\/wp-json\/wp\/v2\/pages\/39802\/revisions\/47592"}],"wp:attachment":[{"href":"https:\/\/www.jordenrunt.nu\/resa\/wp-json\/wp\/v2\/media?parent=39802"}],"curies":[{"name":"wp","href":"https:\/\/api.w.org\/{rel}","templated":true}]}}