{"id":39514,"date":"2015-09-09T16:44:54","date_gmt":"2015-09-09T14:44:54","guid":{"rendered":"http:\/\/www.jordenrunt.nu\/resa\/?page_id=39514"},"modified":"2015-09-09T16:45:14","modified_gmt":"2015-09-09T14:45:14","slug":"fiji","status":"publish","type":"page","link":"https:\/\/www.jordenrunt.nu\/resa\/fiji\/","title":{"rendered":"Fiji &#8211; Reseplanering och l\u00e4nktips"},"content":{"rendered":"<p><img loading=\"lazy\" src=\"http:\/\/www.jordenrunt.nu\/resa\/wp-content\/uploads\/2013\/10\/fiji-flagg-kart.gif\" width=\"600\" height=\"363\" border=\"0\"><\/p>\n<p>Om du dr&ouml;mmer om S&ouml;derhavsparadiset, d&aring; kan kanske Fiji&ouml;arna vara n&aring;got f&ouml;r dig. De tv&aring; st&ouml;rsta &ouml;arna &auml;r Viti Levu (med huvudstaden Suva och andra storstaden Nadi) och Vanua Levu. F&ouml;r att ge dig lite inspiration, har jag samlat ihop l&auml;nkar till ett antal officiella turistsajer f&ouml;r Fiji.<\/p>\n<p>Fiji Turistsajt: <a href=\"http:\/\/www.fiji.travel\" target=\"_blank\">www.fiji.travel<\/A><\/p>\n<p><font color=\"#AC0000\">Boka billigt boende i:<\/font color> <a href=\"http:\/\/www.reservations.bookhostels.com\/jordenrunt.nu\/findabed.php?ChosenCountry=fiji&#038;ChosenCity=nadi\" target=\"_blank\"><u><font color=\"#AC0000\">Nadi<\/font color><\/u><\/a> &nbsp;<a href=\"http:\/\/jordenrunt.nu\/hotell\" target=\"_blank\"><u><font color=\"#AC0000\">fler platser p&aring; Fiji<\/font color><\/u><\/a><\/p>\n<p>Namena Marine Reserve: <a href=\"http:\/\/www.namena.org\/marine-life\" target=\"_blank\">www.namena.org\/marine-life<\/a><br \/>\nSavusavu Tourism Association (Vanua Levu): <a href=\"http:\/\/www.fiji-savusavu.com\" target=\"_blank\">www.fiji-savusavu.com<\/a><br \/>\nFiji\u00b4s Coral Coast (Viti Levu): <a href=\"http:\/\/coralcoastfiji.org\" target=\"_blank\">coralcoastfiji.org<\/a><br \/>\nLevuka Tourism Association (Ovalau Island): <a href=\"http:\/\/www.levuka-ovalauisland.com\" target=\"_blank\">www.levuka-ovalauisland.com<\/a><br \/>\nTaveuni Tourism Association: <a href=\"http:\/\/www.puretaveuni.com\" target=\"_blank\">www.puretaveuni.com<\/a><\/p>\n<p><a href=\"http:\/\/media.reseguiden.se\/cgi-bin\/rg\/acq_air.cgi?event=country&#038;country_code_dest=FJ&#038;site=jordenrunt\" target=\"_blank\"><u><font color=\"#AC0000\">Hitta ett riktigt billigt flyg till Fiji&ouml;arna<\/font color><\/u><\/a><\/p>\n<p>Nadi International Airport: <a href=\"http:\/\/www.airportsfiji.com\/nadi_aiport.php\" target=\"_blank\">www.airportsfiji.com\/nadi_aiport.php<\/a><br \/>\nBuss runt hela huvud&ouml;n Viti Levu (passerar bland annat storst&auml;derna Suva och Nadi): <a href=\"http:\/\/www.sunbeamfiji.com\" target=\"_blank\">www.sunbeamfiji.com<\/a><br \/>\nFiji Museum (Suva): <a href=\"http:\/\/www.fijimuseum.org.fj\" target=\"_blank\">www.fijimuseum.org.fj<\/a><br \/>\nFiji Hotel and Tourism Association: <a href=\"http:\/\/www.fhta.com.fj\/members.cfm\" target=\"_blank\">www.fhta.com.fj\/members.cfm<\/a><br \/>\nFiji Meteorological Service: <a href=\"http:\/\/www.met.gov.fj\" target=\"_blank\">www.met.gov.fj<\/a><\/p>\n<p>[google-map-sc zoom=&#8221;7&#8243;]<\/p>\n<p>&nbsp;<br \/>\nFler restips fr&aring;n S&ouml;derhavet p&aring; jordenrunt.nu:<br \/>\n<div class=\"rpfc-container\"><ul><li><a href=\"https:\/\/www.jordenrunt.nu\/resa\/oceanien\/2021\/07\/19\/soderhavet-lokala-matfavoriter-pa-vanuatu\/\">S\u00f6derhavet &#8211; Lokala matfavoriter p\u00e5 Vanuatu<\/a><\/li><li><a href=\"https:\/\/www.jordenrunt.nu\/resa\/oceanien\/2021\/06\/17\/cook-island-turistsajt\/\">Cook Island &#8211; turistsajter Cook\u00f6arna<\/a><\/li><li><a href=\"https:\/\/www.jordenrunt.nu\/resa\/oceanien\/2019\/09\/20\/milne-bay-vrakdykning-trekking-och-karleksoar\/\">Milne Bay &#8211; Vrakdykning, trekking &#038; k\u00e4rlek<\/a><\/li><li><a href=\"https:\/\/www.jordenrunt.nu\/resa\/oceanien\/2019\/08\/21\/turistsajte-for-ogruppen-vanuatu\/\">Turistsajter f\u00f6r \u00f6gruppen Vanuatu<\/a><\/li><li><a href=\"https:\/\/www.jordenrunt.nu\/resa\/oceanien\/2019\/02\/07\/papua-nya-guinea-historisk-vandring-langs-kokoda-trail\/\">PNG &#8211; Historisk vandring l\u00e4ngs Kokoda Trail<\/a><\/li><li><a href=\"https:\/\/www.jordenrunt.nu\/resa\/oceanien\/2018\/12\/13\/soderhavet-varldens-tuffaste-bungy-pa-vanuatu\/\">S\u00f6derhavet &#8211; V\u00e4rldens tuffaste bungy p\u00e5 Vanuatu<\/a><\/li><li><a href=\"https:\/\/www.jordenrunt.nu\/resa\/oceanien\/2018\/09\/21\/med-bat-till-avlagsna-on-pitcairn\/\">S\u00f6derhavet &#8211; Med b\u00e5t till avl\u00e4gsna Pitcairn<\/a><\/li><li><a href=\"https:\/\/www.jordenrunt.nu\/resa\/reseplanera\/korallrev\/2018\/04\/11\/namena-barrier-reef-fiji-soderhavet\/\">Namena Barrier Reef \u2013 Fiji \u2013 S\u00f6derhavet<\/a><\/li><li><a href=\"https:\/\/www.jordenrunt.nu\/resa\/oceanien\/2018\/03\/21\/fiji-turistsajt\/\">Fiji turistsajter<\/a><\/li><li><a href=\"https:\/\/www.jordenrunt.nu\/resa\/asien\/2017\/05\/10\/sri-lanka-sydkusten-stranden-mirissa\/\">Sri Lanka &#8211; Sydkusten &#8211; stranden Mirissa<\/a><\/li><li><a href=\"https:\/\/www.jordenrunt.nu\/resa\/oceanien\/2017\/02\/21\/soderhavet-papau-nya-guinea-allt-om-att-surfa\/\">S\u00f6derhavet &#8211; Surfa p\u00e5 Papua Nya Guinea<\/a><\/li><li><a href=\"https:\/\/www.jordenrunt.nu\/resa\/ekoturism\/ekoturism-oceanien\/2016\/11\/18\/village-home-stay-i-american-samoa\/\">Village home stay p\u00e5 American Samoa<\/a><\/li><li><a href=\"https:\/\/www.jordenrunt.nu\/resa\/oceanien\/2016\/06\/25\/solomon-island-visumregler\/\">Solomon Island &#8211; Visumregler<\/a><\/li><li><a href=\"https:\/\/www.jordenrunt.nu\/resa\/oceanien\/2016\/06\/01\/soderhavet-tahiti-turistsajter\/\">S\u00f6derhavet &#8211; Tahiti &#8211; Turistsajter<\/a><\/li><li><a href=\"https:\/\/www.jordenrunt.nu\/resa\/oceanien\/2016\/03\/10\/soderhavet-new-caledonia-nya-kaledonien-turistsajter\/\">S\u00f6derhavet &#8211; Nya Kaledonien &#8211; turistsajter &#038; broschyrer<\/a><\/li><li><a href=\"https:\/\/www.jordenrunt.nu\/resa\/oceanien\/2016\/01\/06\/cook-island-visumregler\/\">S\u00f6derhavet &#8211; Cook\u00f6arna &#8211; Visumregler<\/a><\/li><li><a href=\"https:\/\/www.jordenrunt.nu\/resa\/oceanien\/2015\/06\/23\/samoa-visumregler\/\">Samoa &#8211; Visumregler<\/a><\/li><li><a href=\"https:\/\/www.jordenrunt.nu\/resa\/oceanien\/2015\/04\/25\/papua-nya-guinea-visumregler\/\">Papua Nya Guinea &#8211; Visumregler<\/a><\/li><li><a href=\"https:\/\/www.jordenrunt.nu\/resa\/oceanien\/2015\/04\/19\/tahiti-visumregler\/\">S\u00f6derhavet &#8211; Tahiti &#8211; Visumregler<\/a><\/li><li><a href=\"https:\/\/www.jordenrunt.nu\/resa\/oceanien\/2015\/03\/15\/lyxigt-hogt-tradhus-pa-fiji\/\">Lyxigt dyrt och h\u00f6gt tr\u00e4dhus p\u00e5 Fiji<\/a><\/li><li><a href=\"https:\/\/www.jordenrunt.nu\/resa\/oceanien\/2015\/03\/09\/tonga-visumregler\/\">Tonga &#8211; Visumregler<\/a><\/li><li><a href=\"https:\/\/www.jordenrunt.nu\/resa\/oceanien\/2015\/03\/02\/vanuatu-visumregler\/\">Vanuatu &#8211; Visumregler<\/a><\/li><li><a href=\"https:\/\/www.jordenrunt.nu\/resa\/oceanien\/2015\/01\/13\/3800\/\">Papua Nya Guinea turistsajter<\/a><\/li><li><a href=\"https:\/\/www.jordenrunt.nu\/resa\/oceanien\/2015\/01\/06\/fiji-island-visumregler\/\">Fiji Island &#8211; Visumregler<\/a><\/li><li><a href=\"https:\/\/www.jordenrunt.nu\/resa\/oceanien\/2014\/06\/17\/soderhavet-simma-med-valar-pa-tonga\/\">S\u00f6derhavet &#8211; Simma med valar p\u00e5 Tonga<\/a><\/li><li><a href=\"https:\/\/www.jordenrunt.nu\/resa\/oceanien\/2014\/02\/02\/paradis-for-naturtrecking-pa-tonga\/\">Paradis f\u00f6r naturtrecking p\u00e5 Tonga<\/a><\/li><li><a href=\"https:\/\/www.jordenrunt.nu\/resa\/oceanien\/2013\/12\/09\/cookoarna-hjalp-djur-som-volontar\/\">Cook\u00f6arna &#8211; Hj\u00e4lp djur som volont\u00e4r<\/a><\/li><\/ul><\/div><\/p>\n","protected":false},"excerpt":{"rendered":"<p>Om du dr&ouml;mmer om S&ouml;derhavsparadiset, d&aring; kan kanske Fiji&ouml;arna vara n&aring;got f&ouml;r dig. De tv&aring; st&ouml;rsta &ouml;arna &auml;r Viti Levu (med [&hellip;]<\/p>\n","protected":false},"author":1,"featured_media":0,"parent":0,"menu_order":0,"comment_status":"open","ping_status":"closed","template":"","meta":[],"_links":{"self":[{"href":"https:\/\/www.jordenrunt.nu\/resa\/wp-json\/wp\/v2\/pages\/39514"}],"collection":[{"href":"https:\/\/www.jordenrunt.nu\/resa\/wp-json\/wp\/v2\/pages"}],"about":[{"href":"https:\/\/www.jordenrunt.nu\/resa\/wp-json\/wp\/v2\/types\/page"}],"author":[{"embeddable":true,"href":"https:\/\/www.jordenrunt.nu\/resa\/wp-json\/wp\/v2\/users\/1"}],"replies":[{"embeddable":true,"href":"https:\/\/www.jordenrunt.nu\/resa\/wp-json\/wp\/v2\/comments?post=39514"}],"version-history":[{"count":3,"href":"https:\/\/www.jordenrunt.nu\/resa\/wp-json\/wp\/v2\/pages\/39514\/revisions"}],"predecessor-version":[{"id":39517,"href":"https:\/\/www.jordenrunt.nu\/resa\/wp-json\/wp\/v2\/pages\/39514\/revisions\/39517"}],"wp:attachment":[{"href":"https:\/\/www.jordenrunt.nu\/resa\/wp-json\/wp\/v2\/media?parent=39514"}],"curies":[{"name":"wp","href":"https:\/\/api.w.org\/{rel}","templated":true}]}}