{"id":39295,"date":"2015-08-13T16:20:11","date_gmt":"2015-08-13T14:20:11","guid":{"rendered":"http:\/\/www.jordenrunt.nu\/resa\/?page_id=39295"},"modified":"2021-09-02T16:13:00","modified_gmt":"2021-09-02T14:13:00","slug":"argentina","status":"publish","type":"page","link":"https:\/\/www.jordenrunt.nu\/resa\/argentina\/","title":{"rendered":"Argentina &#8211; Reseplanering och restips"},"content":{"rendered":"<p><img src=\"http:\/\/www.jordenrunt.nu\/resa\/wp-content\/uploads\/2015\/10\/sidhuvud-iguazu-arg-1150.jpg\" alt=\"\" width=\"800\" class=\"alignnone size-full wp-image-39933\" srcset=\"https:\/\/www.jordenrunt.nu\/resa\/wp-content\/uploads\/2015\/10\/sidhuvud-iguazu-arg-1150.jpg 1150w, https:\/\/www.jordenrunt.nu\/resa\/wp-content\/uploads\/2015\/10\/sidhuvud-iguazu-arg-1150-300x133.jpg 300w, https:\/\/www.jordenrunt.nu\/resa\/wp-content\/uploads\/2015\/10\/sidhuvud-iguazu-arg-1150-1024x453.jpg 1024w\" sizes=\"(max-width: 1150px) 100vw, 1150px\" \/><\/p>\n<p>Argentina \u00e4r ett underbart land att bes\u00f6ka. Njut exempelvis av de magiska  vattenfallen i norr (Iguazu National Park), den sprudlande och pulserande huvudstaden Buenos Aires eller se n\u00e4r glaci\u00e4ren kalvar djupt nere i s\u00f6dra Argentina (Los Glaciares national park).<\/p>\n<p><img src=\"http:\/\/www.jordenrunt.nu\/resa\/wp-content\/uploads\/2021\/05\/argentina-patagonien-moreno-glac-1400-500.jpg\" alt=\"\" width=\"800\" class=\"alignnone size-full wp-image-44992\" srcset=\"https:\/\/www.jordenrunt.nu\/resa\/wp-content\/uploads\/2021\/05\/argentina-patagonien-moreno-glac-1400-500.jpg 1400w, https:\/\/www.jordenrunt.nu\/resa\/wp-content\/uploads\/2021\/05\/argentina-patagonien-moreno-glac-1400-500-300x107.jpg 300w, https:\/\/www.jordenrunt.nu\/resa\/wp-content\/uploads\/2021\/05\/argentina-patagonien-moreno-glac-1400-500-1024x366.jpg 1024w, https:\/\/www.jordenrunt.nu\/resa\/wp-content\/uploads\/2021\/05\/argentina-patagonien-moreno-glac-1400-500-768x274.jpg 768w\" sizes=\"(max-width: 1400px) 100vw, 1400px\" \/><\/p>\n<p>P\u00e5 denna sida finner du m\u00e5nga anv&auml;ndbara l&auml;nkar till turistsajter f&ouml;r regioner, st&auml;der och nationalparker. De flesta sajterna &auml;r p&aring; engelska och en del av dem jag l&auml;nkar till har google-&ouml;vers&auml;ttningar till engelska (d&aring; klickar man p&aring; en knapp l&auml;ngst upp).<\/p>\n<p>Lycka till med reseplaneringen!<\/p>\n<p>Argentina National Institute of Tourism Promotion: <a href=\"https:\/\/www.argentina.travel\/#!\/global\/home?lang=en\" target=\"_blank\" rel=\"noopener\">www.argentina.travel\/#!\/global\/home?lang=en<\/a><\/p>\n<p>Buenos Aires secretariat of Tourism: <a href=\"http:\/\/www.turismo.buenosaires.gob.ar\/en\" target=\"_blank\" rel=\"noopener\">www.turismo.buenosaires.gob.ar\/en<\/a><br \/>\nEcobici &#8211; gratis l&aring;necykel i Buenos Aires: <a href=\"https:\/\/www.baecobici.com.ar\/es\/turistas\" target=\"_blank\" rel=\"noopener\">www.baecobici.com.ar\/es\/turistas<\/a><br \/>\nTuristbyr\u00e5er i Buenos Aires:<br \/>\n<a href=\"https:\/\/turismo.buenosaires.gob.ar\/en\/recorrido\/tourist-assistance-centers\" target=\"_blank\" rel=\"noopener\">turismo.buenosaires.gob.ar\/en\/recorrido\/tourist-assistance-centers<\/a><br \/>\nTransporter i Buenos Aires: <a href=\"https:\/\/turismo.buenosaires.gob.ar\/en\/article\/getting-around\" target=\"_blank\" rel=\"noopener\">turismo.buenosaires.gob.ar\/en\/article\/getting-around<\/a><br \/>\nMinistro Pistarini International Airport i Buenos Aires: <a href=\"https:\/\/www.aa2000.com.ar\/ezeiza\" target=\"_blank\" rel=\"noopener\">www.aa2000.com.ar\/ezeiza<\/a><\/p>\n<p>Provinsen Misiones: <a href=\"https:\/\/www.misiones.tur.ar\/en\/\" target=\"_blank\" rel=\"noopener\">www.misiones.tur.ar\/en<\/a><br \/>\nIguazu Falls (v&auml;rldens h&auml;ftigaste vattenfall):<br \/>\n<a href=\"https:\/\/iguazuargentina.com\/en\/parquenacionaliguazu\" target=\"_blank\" rel=\"noopener\">www.iguazuargentina.com\/en\/parquenacionaliguazu<\/a><br \/>\n<a href=\"https:\/\/www.misiones.tur.ar\/en\/iguazu\/\" target=\"_blank\" rel=\"noopener\">www.misiones.tur.ar\/en\/iguazu\/<\/a><\/p>\n<p>Provinsen Tucum\u00e1n: <a href=\"http:\/\/en.tucumanturismo.gov.ar\" target=\"_blank\" rel=\"noopener\">en.tucumanturismo.gov.ar<\/a><br \/>\nNeuquen, Patagonien: <a href=\"http:\/\/neuquentur.gob.ar\/en\/\" target=\"_blank\" rel=\"noopener\">neuquentur.gob.ar\/en<\/a><br \/>\nPuerto Piramides (Valdeshalv&ouml;n, Patagonien): <a href=\"https:\/\/www.puertopiramides.gov.ar\/?lang=en\" target=\"_blank\" rel=\"noopener\">www.puertopiramides.gov.ar\/?lang=en<\/a><br \/>\nSalta: <a href=\"http:\/\/www.turismosalta.gov.ar\/\" target=\"_blank\" rel=\"noopener\">www.turismosalta.gov.ar<\/a><\/p>\n<p>Iber\u00e1 Project &#8211; The Scenic Route: <a href=\"https:\/\/rewildingargentina.org\/ibera-project\/#rutaescenica\" target=\"_blank\" rel=\"noopener\">rewildingargentina.org\/ibera-project\/#rutaescenica<\/a><br \/>\nLos Glaciares national park: <a href=\"http:\/\/losglaciares.com\/en\/parque\" target=\"_blank\" rel=\"noopener\">www.losglaciares.com\/en\/parque<\/a><\/p>\n<p>Turistinfo fr\u00e5n guideboksf\u00f6rlag (mycket info online):<br \/>\n<a href=\"https:\/\/www.lonelyplanet.com\/argentina\" target=\"_blank\" rel=\"noopener\">www.lonelyplanet.com\/argentina<\/a><br \/>\n<a href=\"https:\/\/www.roughguides.com\/argentina\/\" target=\"_blank\" rel=\"noopener\">www.roughguides.com\/argentina<\/a><br \/>\n<a href=\"https:\/\/www.frommers.com\/destinations\/argentina\" target=\"_blank\" rel=\"noopener\">www.frommers.com\/destinations\/argentina<\/a><br \/>\n<a href=\"https:\/\/www.fodors.com\/world\/south-america\/argentina\" target=\"_blank\" rel=\"noopener\">www.fodors.com\/world\/south-america\/argentina<\/a><\/p>\n","protected":false},"excerpt":{"rendered":"<p>Argentina \u00e4r ett underbart land att bes\u00f6ka. Njut exempelvis av de magiska vattenfallen i norr (Iguazu National Park), den sprudlande och [&hellip;]<\/p>\n","protected":false},"author":1,"featured_media":0,"parent":0,"menu_order":0,"comment_status":"open","ping_status":"closed","template":"","meta":[],"_links":{"self":[{"href":"https:\/\/www.jordenrunt.nu\/resa\/wp-json\/wp\/v2\/pages\/39295"}],"collection":[{"href":"https:\/\/www.jordenrunt.nu\/resa\/wp-json\/wp\/v2\/pages"}],"about":[{"href":"https:\/\/www.jordenrunt.nu\/resa\/wp-json\/wp\/v2\/types\/page"}],"author":[{"embeddable":true,"href":"https:\/\/www.jordenrunt.nu\/resa\/wp-json\/wp\/v2\/users\/1"}],"replies":[{"embeddable":true,"href":"https:\/\/www.jordenrunt.nu\/resa\/wp-json\/wp\/v2\/comments?post=39295"}],"version-history":[{"count":9,"href":"https:\/\/www.jordenrunt.nu\/resa\/wp-json\/wp\/v2\/pages\/39295\/revisions"}],"predecessor-version":[{"id":45820,"href":"https:\/\/www.jordenrunt.nu\/resa\/wp-json\/wp\/v2\/pages\/39295\/revisions\/45820"}],"wp:attachment":[{"href":"https:\/\/www.jordenrunt.nu\/resa\/wp-json\/wp\/v2\/media?parent=39295"}],"curies":[{"name":"wp","href":"https:\/\/api.w.org\/{rel}","templated":true}]}}