{"id":38323,"date":"2015-04-18T12:24:22","date_gmt":"2015-04-18T10:24:22","guid":{"rendered":"http:\/\/www.jordenrunt.nu\/resa\/?page_id=38323"},"modified":"2015-04-18T12:24:22","modified_gmt":"2015-04-18T10:24:22","slug":"sjuk-pa-resan","status":"publish","type":"page","link":"https:\/\/www.jordenrunt.nu\/resa\/sjuk-pa-resan\/","title":{"rendered":"Reseh\u00e4lsa"},"content":{"rendered":"<p>H&auml;r finns allt om att f&ouml;rb&auml;ttra reseh&auml;lsan och minimerar riskerna att r&aring;ka illa ut.<br \/>\n&nbsp;<\/p>\n<table bgcolor=\"#A9F5F2\" width=450 cellpadding=\"20\">\n<tr>\n<td><strong><font color=\"#000000\">1. Sjukdom &#8211; Olycka &#8211; R&aring;n &#8211; naturkatastrof &#8211; Krig<\/font color><\/strong><\/td>\n<\/tr>\n<\/table>\n<ol>\n<li><a href=\"http:\/\/www.jordenrunt.nu\/resa\/nodsida-sjuk-olycka\">Steg f\u00f6r steg guide i n&ouml;dens stund<\/a><\/li>\n<\/ol>\n<p>&nbsp; <\/p>\n<table bgcolor=\"#FF00B0\" width=450 cellpadding=\"20\">\n<tr>\n<td><strong><font color=\"#ffffff\">2. Hitta din vaccinationsklinik<\/font color><\/strong><\/td>\n<\/tr>\n<\/table>\n<p><ul><li><a href='https:\/\/www.jordenrunt.nu\/resa\/vaccination\/resehelsa\/2019\/05\/31\/resehalsa-bra-saker-till-lilla-forbandsladan\/'>Reseh\u00e4lsa &#8211; Bra saker till lilla f\u00f6rbandsl\u00e5dan<\/a><\/li><li><a href='https:\/\/www.jordenrunt.nu\/resa\/vaccination\/2016\/01\/21\/vaccination-stockholm\/'>Prisj\u00e4mf\u00f6relse resevaccination i Stockholm<\/a><\/li><li><a href='https:\/\/www.jordenrunt.nu\/resa\/vaccination\/2014\/09\/10\/vaccinationskliniker-skane-prisjamforelse\/'>Vaccinationskliniker Sk\u00e5ne &#8211; prisj\u00e4mf\u00f6relse<\/a><\/li><li><a href='https:\/\/www.jordenrunt.nu\/resa\/vaccination\/2014\/08\/22\/vaccination-goteborg\/'>Prisj\u00e4mf\u00f6relse vaccinationskliniker G\u00f6teborg<\/a><\/li><\/ul><br \/>\n&nbsp; <\/p>\n<table bgcolor=\"#A9F5F2\" width=450 cellpadding=\"20\">\n<tr>\n<td><strong><font color=\"#000000\">3. R&aring;d f&ouml;r god Reseh&auml;lsa<\/font color><\/strong><\/td>\n<\/tr>\n<\/table>\n<ul><li><a href='https:\/\/www.jordenrunt.nu\/resa\/vaccination\/resehelsa\/2019\/05\/31\/resehalsa-bra-saker-till-lilla-forbandsladan\/'>Reseh\u00e4lsa &#8211; Bra saker till lilla f\u00f6rbandsl\u00e5dan<\/a><\/li><li><a href='https:\/\/www.jordenrunt.nu\/resa\/vaccination\/resehelsa\/2010\/01\/15\/halsorad-pa-resan-ata-och-dricka\/'>H\u00e4lsor\u00e5d p\u00e5 resan &#8211; \u00c4ta och dricka<\/a><\/li><li><a href='https:\/\/www.jordenrunt.nu\/resa\/vaccination\/resehelsa\/2010\/01\/15\/halsorad-pa-resan-normalt-los-i-magen\/'>H\u00e4lsor\u00e5d p\u00e5 resan &#8211; &#8221;Normalt&#8221; l\u00f6s i magen<\/a><\/li><li><a href='https:\/\/www.jordenrunt.nu\/resa\/vaccination\/resehelsa\/2010\/01\/15\/halsorad-pa-resan-se-upp-med-varmen\/'>H\u00e4lsor\u00e5d p\u00e5 resan &#8211; Se upp med v\u00e4rmen<\/a><\/li><li><a href='https:\/\/www.jordenrunt.nu\/resa\/vaccination\/resehelsa\/2010\/01\/15\/halsorad-pa-resan-se-upp-med-solen\/'>H\u00e4lsor\u00e5d p\u00e5 resan &#8211; Se upp med solen<\/a><\/li><li><a href='https:\/\/www.jordenrunt.nu\/resa\/vaccination\/resehelsa\/2010\/01\/15\/halsorad-pa-resan-vid-sjukdom-eller-skada\/'>H\u00e4lsor\u00e5d p\u00e5 resan &#8211; Vid sjukdom eller skada<\/a><\/li><li><a href='https:\/\/www.jordenrunt.nu\/resa\/vaccination\/resehelsa\/2010\/01\/15\/ovriga-halso-och-sakerhetsrad-for-resenarer\/'>\u00d6vriga h\u00e4lso- och s\u00e4kerhetsr\u00e5d f\u00f6r resen\u00e4rer<\/a><\/li><\/ul>\n","protected":false},"excerpt":{"rendered":"<p>H&auml;r finns allt om att f&ouml;rb&auml;ttra reseh&auml;lsan och minimerar riskerna att r&aring;ka illa ut. &nbsp; 1. Sjukdom &#8211; Olycka &#8211; R&aring;n [&hellip;]<\/p>\n","protected":false},"author":1,"featured_media":0,"parent":0,"menu_order":0,"comment_status":"open","ping_status":"closed","template":"","meta":[],"_links":{"self":[{"href":"https:\/\/www.jordenrunt.nu\/resa\/wp-json\/wp\/v2\/pages\/38323"}],"collection":[{"href":"https:\/\/www.jordenrunt.nu\/resa\/wp-json\/wp\/v2\/pages"}],"about":[{"href":"https:\/\/www.jordenrunt.nu\/resa\/wp-json\/wp\/v2\/types\/page"}],"author":[{"embeddable":true,"href":"https:\/\/www.jordenrunt.nu\/resa\/wp-json\/wp\/v2\/users\/1"}],"replies":[{"embeddable":true,"href":"https:\/\/www.jordenrunt.nu\/resa\/wp-json\/wp\/v2\/comments?post=38323"}],"version-history":[{"count":1,"href":"https:\/\/www.jordenrunt.nu\/resa\/wp-json\/wp\/v2\/pages\/38323\/revisions"}],"predecessor-version":[{"id":38324,"href":"https:\/\/www.jordenrunt.nu\/resa\/wp-json\/wp\/v2\/pages\/38323\/revisions\/38324"}],"wp:attachment":[{"href":"https:\/\/www.jordenrunt.nu\/resa\/wp-json\/wp\/v2\/media?parent=38323"}],"curies":[{"name":"wp","href":"https:\/\/api.w.org\/{rel}","templated":true}]}}