{"id":38204,"date":"2015-04-01T14:25:49","date_gmt":"2015-04-01T13:25:49","guid":{"rendered":"http:\/\/www.jordenrunt.nu\/resa\/?page_id=38204"},"modified":"2015-04-13T11:44:23","modified_gmt":"2015-04-13T09:44:23","slug":"resepodden","status":"publish","type":"page","link":"https:\/\/www.jordenrunt.nu\/resa\/resepodden\/","title":{"rendered":"Resepodden"},"content":{"rendered":"<p><img loading=\"lazy\" src=\"http:\/\/www.jordenrunt.nu\/resa\/wp-content\/uploads\/2015\/03\/respodd-robert-600.jpg\" alt=\"respodd-robert-600\" width=\"600\" height=\"600\" border=\"0\"><\/p>\n<p>Sveriges b&auml;sta poddradios&auml;ndning om resor (resepodden) kan du lyssna p&aring; i <strong><font color=\"#AC0000\">En liten Respodd<\/font color><\/strong> fr&aring;n jordenrunt.nu<\/p>\n<p>Jag heter Robert Karlsson och nu kan ni &auml;ven h&ouml;ra mig prata med sp&auml;nnande resen&auml;rer och resproffs. <\/p>\n<p>Det &auml;r olika resetema i de olika avsnitten &#8211; Lyssna p&aring; de senaste resepoddens avsnitt h&auml;r:<br \/>\n<div class=\"rpfc-container\"><ul><li><a href=\"https:\/\/www.jordenrunt.nu\/resa\/asien\/2015\/11\/30\/respodd-avsnitt-5-2015-lisa-sihlberg-naturvardsfotograf\/\">Respodd #5 2015 &#8211; Lisa Sihlberg &#8211; Naturv\u00e5rdsfotograf<\/a><br><small>Robert Karlsson - 30 november 2015<\/small><\/li><li><a href=\"https:\/\/www.jordenrunt.nu\/resa\/respodd\/2015\/06\/15\/respodd-avsnitt-4-ivan-wagner\/\">Respodd avsnitt 4 &#8211; Ivan Wagner<\/a><br><small>Robert Karlsson - 15 juni 2015<\/small><\/li><li><a href=\"https:\/\/www.jordenrunt.nu\/resa\/respodd\/2015\/05\/15\/respodd-avsnitt-3-resehalsa-och-forsta-hjalpen\/\">Respodd avsnitt 3 &#8211; Reseh\u00e4lsa och f\u00f6rsta hj\u00e4lpen<\/a><br><small>Robert Karlsson - 15 maj 2015<\/small><\/li><li><a href=\"https:\/\/www.jordenrunt.nu\/resa\/respodd\/2015\/04\/20\/respodd2-2015-vildmarksmassan\/\">Respodd avsnitt 2 &#8211; Vildmarksm\u00e4ssan<\/a><br><small>Robert Karlsson - 20 april 2015<\/small><\/li><li><a href=\"https:\/\/www.jordenrunt.nu\/resa\/respodd\/2015\/03\/31\/respodd1-2015-bo-utomlands\/\">Respodd avsnitt 1 &#8211; Dr\u00f6mmar om boende utomlands<\/a><br><small>Robert Karlsson - 31 mars 2015<\/small><\/li><\/ul><\/div><\/p>\n<p>&nbsp;<\/p>\n","protected":false},"excerpt":{"rendered":"<p>Sveriges b&auml;sta poddradios&auml;ndning om resor (resepodden) kan du lyssna p&aring; i En liten Respodd fr&aring;n jordenrunt.nu Jag heter Robert Karlsson och [&hellip;]<\/p>\n","protected":false},"author":1,"featured_media":0,"parent":0,"menu_order":0,"comment_status":"open","ping_status":"closed","template":"","meta":[],"_links":{"self":[{"href":"https:\/\/www.jordenrunt.nu\/resa\/wp-json\/wp\/v2\/pages\/38204"}],"collection":[{"href":"https:\/\/www.jordenrunt.nu\/resa\/wp-json\/wp\/v2\/pages"}],"about":[{"href":"https:\/\/www.jordenrunt.nu\/resa\/wp-json\/wp\/v2\/types\/page"}],"author":[{"embeddable":true,"href":"https:\/\/www.jordenrunt.nu\/resa\/wp-json\/wp\/v2\/users\/1"}],"replies":[{"embeddable":true,"href":"https:\/\/www.jordenrunt.nu\/resa\/wp-json\/wp\/v2\/comments?post=38204"}],"version-history":[{"count":4,"href":"https:\/\/www.jordenrunt.nu\/resa\/wp-json\/wp\/v2\/pages\/38204\/revisions"}],"predecessor-version":[{"id":38265,"href":"https:\/\/www.jordenrunt.nu\/resa\/wp-json\/wp\/v2\/pages\/38204\/revisions\/38265"}],"wp:attachment":[{"href":"https:\/\/www.jordenrunt.nu\/resa\/wp-json\/wp\/v2\/media?parent=38204"}],"curies":[{"name":"wp","href":"https:\/\/api.w.org\/{rel}","templated":true}]}}