{"id":45111,"date":"2021-05-19T11:29:39","date_gmt":"2021-05-19T09:29:39","guid":{"rendered":"http:\/\/www.jordenrunt.nu\/resa\/?page_id=45111"},"modified":"2021-05-21T10:38:13","modified_gmt":"2021-05-21T08:38:13","slug":"covid-19-reseregler-reseplanering","status":"publish","type":"page","link":"http:\/\/www.jordenrunt.nu\/resa\/covid-19-reseregler-reseplanering\/","title":{"rendered":"Covid-19 &#8211; V\u00e4rldskarta med reseregler f\u00f6r l\u00e4nder"},"content":{"rendered":"<p>Nu n\u00e4r vaccinationstakten \u00f6kar, b\u00f6rjar v\u00e4rldens l\u00e4nder \u00f6ppna f\u00f6r bes\u00f6kande turister. Info och v\u00e4rldskartor p\u00e5 denna sida visar \u00f6ppna eller st\u00e4ngda l\u00e4nder och andel vaccinerad befolkning. En hj\u00e4lp n\u00e4r du planerar n\u00e4sta resa. <\/p>\n<p>Titta p\u00e5 de sex avdelningarna p\u00e5 denna sida (rubriker numrerade 1-6), s\u00e5 hittar du l\u00e4ttare ett land du kan bes\u00f6ka i n\u00e4rtid! <\/p>\n<p><strong>1. Reseregler land f\u00f6r land<\/strong><\/p>\n<p>P\u00e5 kartan nedan ser du ungef\u00e4rligen hur det ser ut f\u00f6r svenska medborgare som vill bes\u00f6ka ett land. Kartan ger dig en l\u00e4gesbild just nu. Gr\u00f6nt betyder att landet \u00e4r helt \u00f6ppet.<\/p>\n<p><iframe loading=\"lazy\" id=\"covidMapX12\" height=\"720\" width=\"600\" frameborder=\"0\" marginheight=\"0\" marginwidth=\"0\" scrolling=\"no\" sandbox=\"allow-forms allow-pointer-lock allow-popups allow-same-origin allow-scripts\"  src=\"https:\/\/bringbacktravel.com\/map.php?passport_countries_id=SE\"><\/iframe><\/p>\n<p><strong>2. Reser\u00e5d fr\u00e5n svenska ambassader<\/strong><\/p>\n<p>Ett bra s\u00e4tt att ta reda p\u00e5 l\u00e4get i ett land \u00e4r ocks\u00e5 att bes\u00f6ka den samlade sajten f\u00f6r svenska ambassader. D\u00e4r kan du v\u00e4lja land och f\u00e5 upp reseinformation f\u00f6r valt land (bland annat regler f\u00f6r inresa, h\u00e4lsol\u00e4ge och dylikt):<br \/>\n<a href=\"https:\/\/www.swedenabroad.se\/sv\/om-utlandet-f%C3%B6r-svenska-medborgare\/#\" target=\"_blank\" rel=\"noopener\">www.swedenabroad.se\/sv\/om-utlandet-f%C3%B6r-svenska-medborgare\/#<\/a><\/p>\n<p><strong>3. G\u00e4ller din resef\u00f6rs\u00e4kring i landet du ska bes\u00f6ka?<\/strong><\/p>\n<p>Viktigt att t\u00e4nka p\u00e5 n\u00e4r du i nul\u00e4get planerar din n\u00e4sta resa utomlands, \u00e4r ocks\u00e5 att ta reda p\u00e5 att din resef\u00f6rs\u00e4kring \u00e4r giltig i landet du planerar att resa till. Lite kort g\u00e4ller f\u00f6ljande: om UD (Utrikesdepartementet) avr\u00e5der fr\u00e5n resor till ett land, d\u00e5 g\u00e4ller INTE din resef\u00f6rs\u00e4kring i det landet. De flesta resef\u00f6rs\u00e4kringsbolag f\u00f6ljer denna regel (brukar \u00e4ven g\u00e4lla f\u00f6r hemf\u00f6rs\u00e4kringens resef\u00f6rs\u00e4kring).<\/p>\n<p>S\u00e5ledes viktigt att kika p\u00e5 UDs lista &ouml;ver l&auml;nder de avr&aring;der fr&aring;n resor till: <a href=\"http:\/\/www.regeringen.se\/uds-reseinformation\/ud-avrader\" target=\"_blank\" rel=\"noopener\">www.regeringen.se\/uds-reseinformation\/ud-avrader<\/a><\/p>\n<p><strong>4. Antal vaccinerade i v\u00e4rldens l\u00e4nder<\/strong><\/p>\n<p>Ytterligare en viktig aspekt att t\u00e4nka p\u00e5 n\u00e4r du v\u00e4ljer ett land att resa till nu i sp\u00e5ren efter Covid-19, \u00e4r hur stor del av landets befolkning som erh\u00e5llit Covid-19 vaccin. <\/p>\n<p>Ju h\u00f6gre procent av landets befolkning som \u00e4r vaccinerade, desto mindre smittspridning i landet. Vilket \u00e4r positivt f\u00f6r en bes\u00f6kande turist (troligen mindre restriktioner, mindre tryck p\u00e5 landets sjukv\u00e5rd och dylikt).<\/p>\n<p>Andel av befolkningen som f\u00e5tt en dos Covid-19 vaccin:<\/p>\n<p><iframe src=\"https:\/\/ourworldindata.org\/grapher\/share-people-vaccinated-covid?tab=map&#038;country=\" loading=\"lazy\" style=\"width: 100%; height: 600px; border: 0px none;\"><\/iframe><\/p>\n<p>Andel av befolkningen som \u00e4r fullt vaccinerade mot Covid-19:<\/p>\n<p><iframe src=\"https:\/\/ourworldindata.org\/grapher\/share-people-fully-vaccinated-covid?tab=map&#038;time=latest&#038;region=Europe&#038;country=\" loading=\"lazy\" style=\"width: 100%; height: 600px; border: 0px none;\"><\/iframe><\/p>\n<p><iframe src=\"https:\/\/ourworldindata.org\/grapher\/share-people-fully-vaccinated-covid?tab=map&#038;time=latest&#038;region=Asia&#038;country=\" loading=\"lazy\" style=\"width: 100%; height: 600px; border: 0px none;\"><\/iframe><\/p>\n<p><iframe src=\"https:\/\/ourworldindata.org\/grapher\/share-people-fully-vaccinated-covid?tab=map&#038;time=latest&#038;region=Oceania&#038;country=\" loading=\"lazy\" style=\"width: 100%; height: 600px; border: 0px none;\"><\/iframe><\/p>\n<p><iframe src=\"https:\/\/ourworldindata.org\/grapher\/share-people-fully-vaccinated-covid?tab=map&#038;time=latest&#038;region=NorthAmerica&#038;country=\" loading=\"lazy\" style=\"width: 100%; height: 600px; border: 0px none;\"><\/iframe><\/p>\n<p><iframe src=\"https:\/\/ourworldindata.org\/grapher\/share-people-fully-vaccinated-covid?tab=map&#038;time=latest&#038;region=SouthAmerica&#038;country=\" loading=\"lazy\" style=\"width: 100%; height: 600px; border: 0px none;\"><\/iframe><\/p>\n<p><iframe src=\"https:\/\/ourworldindata.org\/grapher\/share-people-fully-vaccinated-covid?tab=map&#038;time=latest&#038;region=Africa&#038;country=\" loading=\"lazy\" style=\"width: 100%; height: 600px; border: 0px none;\"><\/iframe><\/p>\n<p><strong>5. Restips om Covid-19 inreseregler f\u00f6r l\u00e4nder p\u00e5 Jordenrunt.nu<\/strong><\/p>\n<div class=\"rpfc-container\"><ul><li><a href=\"http:\/\/www.jordenrunt.nu\/resa\/covid19\/2021\/04\/30\/covid-19-inreseregler-grekland\/\">Covid-19 &#8211; inreseregler Grekland<\/a><\/li><li><a href=\"http:\/\/www.jordenrunt.nu\/resa\/covid19\/2021\/04\/26\/covid19-inreseregler-kroatien\/\">Covid-19 &#8211; inreseregler Kroatien<\/a><\/li><\/ul><\/div>\n<p><strong>6. Hitta flyg, boende och researrang\u00f6rer<\/strong> <\/p>\n<p>N\u00e4r du v\u00e4l valt land att resa till, g\u00e5 g\u00e4rna till sidan med tips p\u00e5 resef\u00f6retag h\u00e4r p\u00e5 jordenrunt.nu. M\u00e5nga sp\u00e4nnande arrang\u00f6rer, resebyr\u00e5er och flygbolag som kan hj\u00e4lpa dig ut i v\u00e4rlden. Du hittar \u00e4ven hotell, resef\u00f6rs\u00e4kring, guideb\u00f6cker, resetidningar och resevaccination:<\/p>\n<p><a href=\"http:\/\/www.jordenrunt.nu\/resa\/reseforetag\/\" rel=\"noopener\"><b>www.jordenrunt.nu\/resa\/reseforetag<\/b><\/a><\/p>\n","protected":false},"excerpt":{"rendered":"<p>Nu n\u00e4r vaccinationstakten \u00f6kar, b\u00f6rjar v\u00e4rldens l\u00e4nder \u00f6ppna f\u00f6r bes\u00f6kande turister. Info och v\u00e4rldskartor p\u00e5 denna sida visar \u00f6ppna eller st\u00e4ngda [&hellip;]<\/p>\n","protected":false},"author":1,"featured_media":45130,"parent":0,"menu_order":0,"comment_status":"closed","ping_status":"closed","template":"","meta":[],"_links":{"self":[{"href":"http:\/\/www.jordenrunt.nu\/resa\/wp-json\/wp\/v2\/pages\/45111"}],"collection":[{"href":"http:\/\/www.jordenrunt.nu\/resa\/wp-json\/wp\/v2\/pages"}],"about":[{"href":"http:\/\/www.jordenrunt.nu\/resa\/wp-json\/wp\/v2\/types\/page"}],"author":[{"embeddable":true,"href":"http:\/\/www.jordenrunt.nu\/resa\/wp-json\/wp\/v2\/users\/1"}],"replies":[{"embeddable":true,"href":"http:\/\/www.jordenrunt.nu\/resa\/wp-json\/wp\/v2\/comments?post=45111"}],"version-history":[{"count":26,"href":"http:\/\/www.jordenrunt.nu\/resa\/wp-json\/wp\/v2\/pages\/45111\/revisions"}],"predecessor-version":[{"id":45144,"href":"http:\/\/www.jordenrunt.nu\/resa\/wp-json\/wp\/v2\/pages\/45111\/revisions\/45144"}],"wp:featuredmedia":[{"embeddable":true,"href":"http:\/\/www.jordenrunt.nu\/resa\/wp-json\/wp\/v2\/media\/45130"}],"wp:attachment":[{"href":"http:\/\/www.jordenrunt.nu\/resa\/wp-json\/wp\/v2\/media?parent=45111"}],"curies":[{"name":"wp","href":"https:\/\/api.w.org\/{rel}","templated":true}]}}