{"id":43692,"date":"2018-08-13T12:23:31","date_gmt":"2018-08-13T10:23:31","guid":{"rendered":"http:\/\/www.jordenrunt.nu\/resa\/?page_id=43692"},"modified":"2018-08-14T12:05:54","modified_gmt":"2018-08-14T10:05:54","slug":"resefotografering-mattias-klum","status":"publish","type":"page","link":"http:\/\/www.jordenrunt.nu\/resa\/resefotografering-mattias-klum\/","title":{"rendered":"23 fr\u00e5gor till fotograf Mattias Klum"},"content":{"rendered":"<p>Jag (Robert Karlsson) intervjuade Mattias i september 2000 och h\u00e4r publiceras intervjun igen!<\/p>\n<p>Fotografen och f\u00f6rfattaren Mattias Klum har genom \u00e5ren skildrat s\u00e5v\u00e4l svensk som tropisk natur och f\u00f6retagit m&aring;nga stora fotoexpeditioner till n\u00e5gra av v\u00e4ldens mest otillg\u00e4ngliga platser. <\/p>\n<p><IMG SRC=\"http:\/\/www.jordenrunt.nu\/explorer\/klum\/mattias_monika_bild1.jpg\" WIDTH=351 HEIGHT=245 BORDER=1> <i>Mattias och hans fru Monika, som ocks\u00e5 \u00e4r fotograf<\/I><\/p>\n<p><B>1. Varf\u00f6r blev du fotograf?<\/B><br \/>\n&#8211; \u00c4lskar att ber\u00e4tta.<\/p>\n<p><B>2. Vad betyder resa f\u00f6r dig?<\/B><br \/>\n&#8211; Frihet och nyfikenhet samt allt f\u00f6r l\u00e5nga sittningar&#8230;<\/p>\n<p><B>3. \u00c4r det en flykt fr\u00e5n verkligheten att resa?<\/B><br \/>\n&#8211; Nej det \u00e4r uts\u00e4tta sig f\u00f6r verkligheten.<\/p>\n<p><B>4. Hur f\u00f6rbereder du dig inf&ouml;r en expedition?<\/B><br \/>\n&#8211; L\u00e4ser p\u00e5, g\u00f6r rekresor och pratar med kunnigt folk.<\/p>\n<p><B>5. Hur l\u00e5ng tid beh\u00f6ver du f\u00f6r f\u00f6rberedelser innan du kan \u00e5ka iv\u00e4g?<\/B><br \/>\n&#8211; Beror p\u00e5 projektets l\u00e4ngd och inriktning, mellan n\u00e5gra m\u00e5nader och ett par \u00e5r!<\/p>\n<p><B>6. Hur m\u00e5nga kameror och objektiv brukar du ha med dig p\u00e5 dina expeditioner?<\/B><br \/>\n&#8211; Oftast 4-7 kamera hus och 10-20 objektiv.<\/p>\n<p><B>7. Vad \u00e4r det f\u00f6rsta du g\u00f6r p\u00e5 en ny plats du kommer till?<\/B><br \/>\n&#8211; Numera tar det lugnt f\u00f6rsta dygnet om det \u00e4r n\u00e5gon m\u00e4rkbar tidsskillnad.<\/p>\n<p><B>8. Hur brukar du bo?<\/B><br \/>\n&#8211; Hotell, T\u00e4lt, Tr\u00e4dg\u00f6mslen, markg\u00f6mslen etc.<\/p>\n<p><B>9. Har du n\u00e5gon g\u00e5ng blivit allvarligt sjuk?<\/B><br \/>\n&#8211; Ett par g\u00e5nger har jag tyv\u00e4rr varit riktigt illa ute. Malaria t ex.<\/p>\n<p><B>10. Har du n\u00e5gon g\u00e5ng haft problem med myndigheterna (polis, immigration, tull&#8230;)?<\/B><br \/>\n&#8211; Inga stora problem. Viktigt att vara v\u00e4l f\u00f6rberedd och att landets regering vet att man kommer.<\/p>\n<p><B>11. Sv\u00e5raste landet att resa i?<\/B><br \/>\n&#8211; Jaaa&#8230; Nigeria, tror jag.<\/p>\n<p><B>12. V\u00e4rsta reseminnet?<\/B><br \/>\n&#8211; Vilse i Amazonas 1992.<\/p>\n<p><B>13. Kan en turist hj\u00e4lpa till att f\u00f6rb\u00e4ttra milj\u00f6v\u00e5rd och r\u00e4dda utrotningshotade djur?<\/B><br \/>\n&#8211; Ja det tror jag definitivt. Resa p\u00e5 ett milj\u00f6m\u00e4ssigt intelligent s\u00e4tt. Ta h\u00e4nsyn. S\u00e4tt ditt eget liv i relation till den milj\u00f6\/kultur du bes\u00f6ker. Bidra ekonomiskt till r\u00e4ddningsprojekt. Ta ansvar och st\u00e4llning!<\/p>\n<p><B>14. Vad har du l\u00e4rt dig n\u00e5got p\u00e5 dina resor?<\/B><br \/>\n&#8211; Mitt liv har till stor del med resor att g\u00f6ra s\u00e5 en mycket stor del av mina intryck, ber\u00e4ttelser, bilder och erfarenheter kommer fr\u00e5n v\u00e5rt resande.<\/p>\n<p><B>15. Den vackraste plats du sett?<\/B><br \/>\n&#8211; Jag \u00e4r privilegierad som f\u00e5r resa och se s\u00e5 m\u00e5nga underbara platser. Sverige ligger h\u00f6gt i kurs.<br \/>\n&nbsp;<br \/>\n<i>(fr\u00e5ga 15 var en sv\u00e5r fr\u00e5ga att besvara enligt Mattias!!)<\/i><br \/>\n&nbsp;<br \/>\n<B>16. Den mest sp\u00e4nnande plats du varit p\u00e5?<\/B><br \/>\n&#8211; Att m\u00f6ta de sista Asiatiska lejonen i Indien eller att blicka ut \u00f6ver en 100 miljoner \u00e5r gammal regnskog p\u00e5 Borneo eller att paddla ut i ok\u00e4nda delar av Amazonas med indianer \u00e4r h\u00f6jdare alla p\u00e5 sitt s\u00e4tt.<\/p>\n<p><B>17. Det vackraste djur du sett?<\/B><br \/>\n&#8211; En om\u00f6jlig fr\u00e5ga att besvara! M\u00f6jligtvis den Asiatiska Lejonhona som pryder omslaget p\u00e5 v\u00e5r bok; &#8221;Den Sk\u00f6ra Tr\u00e5den &#8211; Ber\u00e4ttelsen om de sista asiatiska lejonen&#8221;.<\/p>\n<p><IMG SRC=\"http:\/\/www.jordenrunt.nu\/explorer\/klum\/klum_lejon_ett1.jpg\" WIDTH=450 HEIGHT=299 BORDER=1> <FONT SIZE=1 FACE=Arial, Geneva>\u00a9 Mattias Klum<\/FONT><\/p>\n<p><B>18. Det farligaste djur du m\u00f6tt\/fotograferat?<\/B><br \/>\n&#8211; Asiatiska lejon, kungskobra, lansorm, gr\u00f6nmamba och Borneansk skogselefant \u00e4r alla potentiellt s\u00e4tt farliga. MEN djur \u00e4r s\u00e4llan speciellt farliga om man bara k\u00e4nner till hur de fungerar och r\u00e4ttar sig efter det.<\/p>\n<p><B>19. Sv\u00e5raste djuret att fotografera?<\/B><br \/>\n&#8211; Vild orangutang, nosh\u00f6rningsn\u00e4shornsf\u00e5gel med flera \u00e4r knepiga. Kattdjur i regnskog \u00e4r sv\u00e5rt.<\/p>\n<p><B>20. Vad \u00e4r viktigast f\u00f6r en bra bild?<\/B><br \/>\n&#8211; \u00c4rlighet och ber\u00f6ring.<\/p>\n<p><B>21. N\u00e5gra tips till en resen\u00e4r f\u00f6r att kunna ta bra bilder?<\/B><br \/>\n&#8211; Var kreativ. Hitta nya vinklar. Allt blir roligare d\u00e5.<\/p>\n<p><B>22. Vad f\u00e5r ditt blod att b\u00f6rja pulsera?<\/B><br \/>\n&#8211; Upplevelser och njutningar, ber\u00f6ring och delad gl\u00e4dje. K\u00e4rleken till livet.<\/p>\n<p><B>23. Din framtidsdr\u00f6m?<\/B><br \/>\n&#8211; Fred p\u00e5 jorden och en ren och frisk milj\u00f6.<\/p>\n<p>&nbsp;<br \/>\nMer om fotograf Mattias Klum h\u00e4r: <a href=\"http:\/\/www.tierragrande.se\/faq\/\" target=\"_blank\">www.tierragrande.se\/faq<\/a><\/p>\n<p>Kika i Mattias bildgalleri online: <a href=\"http:\/\/www.tierragrande.se\/rajaampat\" target=\"_blank\">www.tierragrande.se\/rajaampat<\/a><\/p>\n<p>&nbsp;<br \/>\nMer om resefotografering p&aring; jordenrunt.nu:<br \/>\n<div class=\"rpfc-container\"><ul><li><a href=\"http:\/\/www.jordenrunt.nu\/resa\/reseplanera\/foto\/2021\/06\/24\/usa-fotografera-som-proffsen-i-florida-keys\/\">USA &#8211; Fotografera som proffsen i Florida Keys<\/a><\/li><li><a href=\"http:\/\/www.jordenrunt.nu\/resa\/reseplanera\/foto\/fototips\/2021\/05\/01\/fototips-djurfotograf-paul-goldstein\/\">Fototips fr\u00e5n djurfotografen Paul Goldstein<\/a><\/li><li><a href=\"http:\/\/www.jordenrunt.nu\/resa\/reseplanera\/foto\/fototips\/2018\/08\/17\/ta-battre-bilder-med-mobilen-pa-resan\/\">Ta b\u00e4ttre bilder med mobilen p\u00e5 resan<\/a><\/li><li><a href=\"http:\/\/www.jordenrunt.nu\/resa\/reseplanera\/foto\/fototips\/2018\/08\/16\/fyra-fragor-till-fotograf-jan-fleischmann\/\">Fyra fr\u00e5gor till fotograf Jan Fleischmann<\/a><\/li><li><a href=\"http:\/\/www.jordenrunt.nu\/resa\/reseplanera\/foto\/fototips\/2018\/08\/15\/sju-fragor-till-fotograf-staffan-widstrand\/\">Sju fr\u00e5gor till fotograf Staffan Widstrand<\/a><\/li><li><a href=\"http:\/\/www.jordenrunt.nu\/resa\/reseplanera\/foto\/fototips\/2018\/08\/14\/43710\/\">23 fr\u00e5gor till fotograf Mattias Klum<\/a><\/li><li><a href=\"http:\/\/www.jordenrunt.nu\/resa\/reseplanera\/foto\/fototips\/2018\/08\/13\/gratis-broschyr-med-fototips\/\">Gratis broschyr med fototips<\/a><\/li><li><a href=\"http:\/\/www.jordenrunt.nu\/resa\/asien\/2015\/11\/30\/respodd-avsnitt-5-2015-lisa-sihlberg-naturvardsfotograf\/\">Respodd #5 2015 &#8211; Lisa Sihlberg &#8211; Naturv\u00e5rdsfotograf<\/a><\/li><li><a href=\"http:\/\/www.jordenrunt.nu\/resa\/blandade\/2013\/01\/15\/ta-battre-bilder-av-solens-upp-och-nedgang\/\">Ta b\u00e4ttre bilder av solens upp- och nedg\u00e5ng<\/a><\/li><li><a href=\"http:\/\/www.jordenrunt.nu\/resa\/blandade\/2012\/10\/26\/sa-tar-du-battre-resebilder-pa-kvallar\/\">S\u00e5 tar du b\u00e4ttre resebilder p\u00e5 kv\u00e4llar<\/a><\/li><li><a href=\"http:\/\/www.jordenrunt.nu\/resa\/reseplanera\/foto\/2012\/10\/12\/kodak-och-fujis-fototips\/\">Kodak och Fujis fototips<\/a><\/li><li><a href=\"http:\/\/www.jordenrunt.nu\/resa\/blandade\/2012\/10\/12\/foto-sa-fotograferar-du-landskap-pa-resan\/\">Canons tips f\u00f6r b\u00e4ttre fotografering<\/a><\/li><li><a href=\"http:\/\/www.jordenrunt.nu\/resa\/reseplanera\/foto\/fototips\/2011\/06\/23\/battre-bilder-under-resan-2\/\">B\u00e4ttre bilder under resan<\/a><\/li><li><a href=\"http:\/\/www.jordenrunt.nu\/resa\/blandade\/2011\/06\/23\/nagra-tips-fran-fotografer\/\">N\u00e5gra tips fr\u00e5n fotografer<\/a><\/li><li><a href=\"http:\/\/www.jordenrunt.nu\/resa\/reseplanera\/foto\/fototips\/2011\/06\/23\/bildbehandling-ger-battre-bilder\/\">Bildbehandling ger b\u00e4ttre bilder<\/a><\/li><li><a href=\"http:\/\/www.jordenrunt.nu\/resa\/reseplanera\/foto\/fototips\/2011\/06\/23\/svt-tipsar-hur-du-tar-battre-semesterbilder\/\">SVT tipsar hur du tar b\u00e4ttre semesterbilder<\/a><\/li><li><a href=\"http:\/\/www.jordenrunt.nu\/resa\/reseplanera\/foto\/fototips\/2011\/06\/23\/filma-battre-med-videokameran\/\">Filma b\u00e4ttre med videokameran<\/a><\/li><li><a href=\"http:\/\/www.jordenrunt.nu\/resa\/reseplanera\/foto\/fototips\/2011\/06\/23\/tavla-om-basta-semesterbild\/\">T\u00e4vla om b\u00e4sta semesterbild<\/a><\/li><li><a href=\"http:\/\/www.jordenrunt.nu\/resa\/reseplanera\/foto\/fototips\/2011\/06\/23\/kopa-bildbehandlingsprogram\/\">K\u00f6pa bildbehandlingsprogram<\/a><\/li><li><a href=\"http:\/\/www.jordenrunt.nu\/resa\/blandade\/2011\/06\/03\/fotograf-johans-resebilder\/\">Fotograf-Johans resebilder<\/a><\/li><li><a href=\"http:\/\/www.jordenrunt.nu\/resa\/blandade\/2009\/10\/12\/vackra-bilder-fran-var-varld\/\">Vackra bilder fr\u00e5n v\u00e5r v\u00e4rld<\/a><\/li><li><a href=\"http:\/\/www.jordenrunt.nu\/resa\/reseplanera\/foto\/2009\/08\/17\/fotografera-under-resan\/\">Fotografera under resan<\/a><\/li><li><a href=\"http:\/\/www.jordenrunt.nu\/resa\/reseplanera\/foto\/2009\/08\/17\/digital-kamera-pa-resan\/\">Digital kamera p\u00e5 resan<\/a><\/li><li><a href=\"http:\/\/www.jordenrunt.nu\/resa\/reseplanera\/foto\/2009\/08\/17\/tank-pa-detta-om-du-koper-en-pytteliten-kamera\/\">T\u00e4nk p\u00e5 detta om du k\u00f6per en pytteliten kamera<\/a><\/li><li><a href=\"http:\/\/www.jordenrunt.nu\/resa\/reseplanera\/foto\/2009\/08\/17\/battre-bilder-under-resan\/\">B\u00e4ttre bilder under resan<\/a><\/li><li><a href=\"http:\/\/www.jordenrunt.nu\/resa\/reseplanera\/foto\/2009\/08\/17\/kopa-filmrullar-till-vanlig-kamera\/\">K\u00f6pa filmrullar till vanlig kamera<\/a><\/li><li><a href=\"http:\/\/www.jordenrunt.nu\/resa\/reseplanera\/foto\/2009\/08\/16\/jorden-runts-bildgalleri\/\">Jorden Runts Bildgalleri<\/a><\/li><li><a href=\"http:\/\/www.jordenrunt.nu\/resa\/blandade\/2009\/05\/16\/ta-battre-bilder-pa-resan\/\">Ta b\u00e4ttre bilder p\u00e5 resan<\/a><\/li><li><a href=\"http:\/\/www.jordenrunt.nu\/resa\/blandade\/2009\/04\/07\/fyra-fotografer-tipsar\/\">Fyra fotografer tipsar<\/a><\/li><li><a href=\"http:\/\/www.jordenrunt.nu\/resa\/reseplanera\/foto\/2009\/03\/09\/webbkameror-i-varlden\/\">Webbkameror i v\u00e4rlden<\/a><\/li><li><a href=\"http:\/\/www.jordenrunt.nu\/resa\/blandade\/2008\/12\/08\/sju-tips-som-ger-battre-bilder-med-digitalkameran\/\">Sju tips som ger b\u00e4ttre bilder med digitalkameran<\/a><\/li><li><a href=\"http:\/\/www.jordenrunt.nu\/resa\/blandade\/2008\/11\/01\/foto-bli-en-bra-djurfotograf\/\">Foto &#8211; Bli en bra djurfotograf<\/a><\/li><li><a href=\"http:\/\/www.jordenrunt.nu\/resa\/blandade\/2008\/10\/07\/heta-bilder-pa-fotografers-sajter\/\">Heta bilder p\u00e5 fotografers sajter<\/a><\/li><li><a href=\"http:\/\/www.jordenrunt.nu\/resa\/blandade\/2008\/06\/06\/fyra-tips-for-battre-filmer-med-videokameran\/\">Fyra tips f\u00f6r b\u00e4ttre filmer med videokameran<\/a><\/li><li><a href=\"http:\/\/www.jordenrunt.nu\/resa\/blandade\/2008\/05\/29\/foto-ta-battre-bilder-pa-resan\/\">Foto &#8211; Ta b\u00e4ttre bilder p\u00e5 resan<\/a><\/li><\/ul><\/div><\/p>\n","protected":false},"excerpt":{"rendered":"<p>Jag (Robert Karlsson) intervjuade Mattias i september 2000 och h\u00e4r publiceras intervjun igen! Fotografen och f\u00f6rfattaren Mattias Klum har genom \u00e5ren [&hellip;]<\/p>\n","protected":false},"author":1,"featured_media":0,"parent":0,"menu_order":0,"comment_status":"closed","ping_status":"closed","template":"","meta":[],"_links":{"self":[{"href":"http:\/\/www.jordenrunt.nu\/resa\/wp-json\/wp\/v2\/pages\/43692"}],"collection":[{"href":"http:\/\/www.jordenrunt.nu\/resa\/wp-json\/wp\/v2\/pages"}],"about":[{"href":"http:\/\/www.jordenrunt.nu\/resa\/wp-json\/wp\/v2\/types\/page"}],"author":[{"embeddable":true,"href":"http:\/\/www.jordenrunt.nu\/resa\/wp-json\/wp\/v2\/users\/1"}],"replies":[{"embeddable":true,"href":"http:\/\/www.jordenrunt.nu\/resa\/wp-json\/wp\/v2\/comments?post=43692"}],"version-history":[{"count":23,"href":"http:\/\/www.jordenrunt.nu\/resa\/wp-json\/wp\/v2\/pages\/43692\/revisions"}],"predecessor-version":[{"id":43720,"href":"http:\/\/www.jordenrunt.nu\/resa\/wp-json\/wp\/v2\/pages\/43692\/revisions\/43720"}],"wp:attachment":[{"href":"http:\/\/www.jordenrunt.nu\/resa\/wp-json\/wp\/v2\/media?parent=43692"}],"curies":[{"name":"wp","href":"https:\/\/api.w.org\/{rel}","templated":true}]}}