{"id":43527,"date":"2018-07-03T14:32:12","date_gmt":"2018-07-03T12:32:12","guid":{"rendered":"http:\/\/www.jordenrunt.nu\/resa\/?page_id=43527"},"modified":"2018-07-04T12:56:00","modified_gmt":"2018-07-04T10:56:00","slug":"montenegro-kusten","status":"publish","type":"page","link":"http:\/\/www.jordenrunt.nu\/resa\/montenegro-kusten\/","title":{"rendered":"L\u00e4ngs kusten i Montenegro"},"content":{"rendered":"<p>&nbsp;<br \/>\n<img loading=\"lazy\" src=\"http:\/\/www.jordenrunt.nu\/resa\/wp-content\/uploads\/2018\/07\/montenegro-perast2.jpg\" alt=\"montenegro-perast2\" width=\"1000\" height=\"561\" class=\"alignnone size-full wp-image-43554\" srcset=\"http:\/\/www.jordenrunt.nu\/resa\/wp-content\/uploads\/2018\/07\/montenegro-perast2.jpg 1000w, http:\/\/www.jordenrunt.nu\/resa\/wp-content\/uploads\/2018\/07\/montenegro-perast2-300x168.jpg 300w\" sizes=\"(max-width: 1000px) 100vw, 1000px\" \/><\/p>\n<p>Montenegro har en riktigt vacker kuststr\u00e4cka l\u00e4ngs med Medelhavet och att ta sig fram l\u00e4ngs v\u00e4gen \u00e4r helt underbart. G\u00e5r l\u00e4ngs kusten fr\u00e5n Ulcinj (n\u00e4ra Albaniens gr\u00e4ns) och upp till Herceg Novi (n\u00e4ra gr\u00e4nsen till Kroatien).<\/p>\n<p>H\u00e4r kan du ta dig fram l\u00e4ngs en fantastisk v\u00e4g (med bil, buss, motorcykel eller vanlig cykel) och det bjuds p\u00e5 underbar utsikt och m\u00f6jligheter till stopp l\u00e4ngs v\u00e4gen i st\u00e4der och byar.<\/p>\n<p><img loading=\"lazy\" src=\"http:\/\/www.jordenrunt.nu\/resa\/wp-content\/uploads\/2018\/07\/montenegro-vybild-buss.jpg\" alt=\"montenegro-vybild-buss\" width=\"1000\" height=\"667\" class=\"alignnone size-full wp-image-43557\" srcset=\"http:\/\/www.jordenrunt.nu\/resa\/wp-content\/uploads\/2018\/07\/montenegro-vybild-buss.jpg 1000w, http:\/\/www.jordenrunt.nu\/resa\/wp-content\/uploads\/2018\/07\/montenegro-vybild-buss-300x200.jpg 300w\" sizes=\"(max-width: 1000px) 100vw, 1000px\" \/><\/p>\n<p>Jag kom fr\u00e5n Albanien och tog mig fram med lokalbussar. Mitt f\u00f6rsta stopp (d\u00e4r jag stannade ett par n\u00e4tter) var Budva, Som \u00e4r en ganska stor badort d\u00e4r byggnaderna huvudsakligen \u00e4r nyare varianter (ganska ocharmigt).<\/p>\n<p><img loading=\"lazy\" src=\"http:\/\/www.jordenrunt.nu\/resa\/wp-content\/uploads\/2018\/07\/montenegro-budva-kustlinje.jpg\" alt=\"montenegro-budva-kustlinje\" width=\"1000\" height=\"648\" class=\"alignnone size-full wp-image-43535\" srcset=\"http:\/\/www.jordenrunt.nu\/resa\/wp-content\/uploads\/2018\/07\/montenegro-budva-kustlinje.jpg 1000w, http:\/\/www.jordenrunt.nu\/resa\/wp-content\/uploads\/2018\/07\/montenegro-budva-kustlinje-300x194.jpg 300w\" sizes=\"(max-width: 1000px) 100vw, 1000px\" \/><\/p>\n<p>\u00c4ven trots att jag var d\u00e4r under l\u00e5gs\u00e4song (mitten av maj) var det v\u00e4ldigt mycket turister i Budva (huvudsakligen Balkanturister och turister som pratade ryska). S\u00e5 v\u00e4ldigt turistigt \u00f6verallt.<\/p>\n<p>Finns en gammal stadsdel i Budva nere vid vattnet och dessutom m\u00e5nga fina promenadstr\u00e5k vid vattnet.<\/p>\n<p><img loading=\"lazy\" src=\"http:\/\/www.jordenrunt.nu\/resa\/wp-content\/uploads\/2018\/07\/montenegro-budva-gamla-stan1.jpg\" alt=\"montenegro-budva-gamla-stan1\" width=\"1000\" height=\"667\" class=\"alignnone size-full wp-image-43532\" srcset=\"http:\/\/www.jordenrunt.nu\/resa\/wp-content\/uploads\/2018\/07\/montenegro-budva-gamla-stan1.jpg 1000w, http:\/\/www.jordenrunt.nu\/resa\/wp-content\/uploads\/2018\/07\/montenegro-budva-gamla-stan1-300x200.jpg 300w\" sizes=\"(max-width: 1000px) 100vw, 1000px\" \/><\/p>\n<p>&nbsp;<\/p>\n<p><img loading=\"lazy\" src=\"http:\/\/www.jordenrunt.nu\/resa\/wp-content\/uploads\/2018\/07\/montenegro-budva-gamla-stan2.jpg\" alt=\"montenegro-budva-gamla-stan2\" width=\"1000\" height=\"632\" class=\"alignnone size-full wp-image-43533\" srcset=\"http:\/\/www.jordenrunt.nu\/resa\/wp-content\/uploads\/2018\/07\/montenegro-budva-gamla-stan2.jpg 1000w, http:\/\/www.jordenrunt.nu\/resa\/wp-content\/uploads\/2018\/07\/montenegro-budva-gamla-stan2-300x190.jpg 300w\" sizes=\"(max-width: 1000px) 100vw, 1000px\" \/><\/p>\n<p>&nbsp;<\/p>\n<p><img loading=\"lazy\" src=\"http:\/\/www.jordenrunt.nu\/resa\/wp-content\/uploads\/2018\/07\/montenegro-budva-gamla-stan3.jpg\" alt=\"montenegro-budva-gamla-stan3\" width=\"1000\" height=\"652\" class=\"alignnone size-full wp-image-43534\" srcset=\"http:\/\/www.jordenrunt.nu\/resa\/wp-content\/uploads\/2018\/07\/montenegro-budva-gamla-stan3.jpg 1000w, http:\/\/www.jordenrunt.nu\/resa\/wp-content\/uploads\/2018\/07\/montenegro-budva-gamla-stan3-300x196.jpg 300w\" sizes=\"(max-width: 1000px) 100vw, 1000px\" \/><\/p>\n<p>Mysigast promenadomr\u00e5de \u00e4r att g\u00e5 l\u00e4ngs kusten till h\u00f6ger om den gamla stadsdelen.<\/p>\n<p><img loading=\"lazy\" src=\"http:\/\/www.jordenrunt.nu\/resa\/wp-content\/uploads\/2018\/07\/montenegro-budva-strandpromenad.jpg\" alt=\"montenegro-budva-strandpromenad\" width=\"1000\" height=\"633\" class=\"alignnone size-full wp-image-43538\" srcset=\"http:\/\/www.jordenrunt.nu\/resa\/wp-content\/uploads\/2018\/07\/montenegro-budva-strandpromenad.jpg 1000w, http:\/\/www.jordenrunt.nu\/resa\/wp-content\/uploads\/2018\/07\/montenegro-budva-strandpromenad-300x190.jpg 300w\" sizes=\"(max-width: 1000px) 100vw, 1000px\" \/><\/p>\n<p>&nbsp;<\/p>\n<p><img loading=\"lazy\" src=\"http:\/\/www.jordenrunt.nu\/resa\/wp-content\/uploads\/2018\/07\/montenegro-budva-strandpromenad2.jpg\" alt=\"montenegro-budva-strandpromenad2\" width=\"1000\" height=\"637\" class=\"alignnone size-full wp-image-43539\" srcset=\"http:\/\/www.jordenrunt.nu\/resa\/wp-content\/uploads\/2018\/07\/montenegro-budva-strandpromenad2.jpg 1000w, http:\/\/www.jordenrunt.nu\/resa\/wp-content\/uploads\/2018\/07\/montenegro-budva-strandpromenad2-300x191.jpg 300w\" sizes=\"(max-width: 1000px) 100vw, 1000px\" \/><\/p>\n<p>&nbsp;<\/p>\n<p><img loading=\"lazy\" src=\"http:\/\/www.jordenrunt.nu\/resa\/wp-content\/uploads\/2018\/07\/montenegro-budva-strand1.jpg\" alt=\"montenegro-budva-strand1\" width=\"1000\" height=\"668\" class=\"alignnone size-full wp-image-43536\" srcset=\"http:\/\/www.jordenrunt.nu\/resa\/wp-content\/uploads\/2018\/07\/montenegro-budva-strand1.jpg 1000w, http:\/\/www.jordenrunt.nu\/resa\/wp-content\/uploads\/2018\/07\/montenegro-budva-strand1-300x200.jpg 300w\" sizes=\"(max-width: 1000px) 100vw, 1000px\" \/><\/p>\n<p>&nbsp;<\/p>\n<p><img loading=\"lazy\" src=\"http:\/\/www.jordenrunt.nu\/resa\/wp-content\/uploads\/2018\/07\/montenegro-budva-strand2.jpg\" alt=\"montenegro-budva-strand2\" width=\"1000\" height=\"667\" class=\"alignnone size-full wp-image-43537\" srcset=\"http:\/\/www.jordenrunt.nu\/resa\/wp-content\/uploads\/2018\/07\/montenegro-budva-strand2.jpg 1000w, http:\/\/www.jordenrunt.nu\/resa\/wp-content\/uploads\/2018\/07\/montenegro-budva-strand2-300x200.jpg 300w\" sizes=\"(max-width: 1000px) 100vw, 1000px\" \/><\/p>\n<p>\u00c5ker du vidare mot nya dj\u00e4rva m\u00e5l, finns m\u00e5nga trevliga stopp att g\u00f6ra. <\/p>\n<p>Det \u00e4r ganska korta resor mellan st\u00e4der och byar l\u00e4ngs med kusten i Montenegro. <\/p>\n<p>P\u00e5 kartan nedan ser du Ulcinj (r\u00f6d), Budva (ljusbl\u00e5), Kotor (gr\u00f6n), Perast (lila) och Herceg Novi (orange).<\/p>\n<p>&nbsp;<br \/>\n[google-map-sc zoom=&#8221;8&#8243;]<br \/>\n&nbsp;<\/p>\n<p>Skall du exempelvis bes\u00f6ka Perast (ligger vackert vid vattnet i ett fjorliknande omr\u00e5de). Ett kortare stopp tycker jag r\u00e4cker d\u00e4r, men se till att vara p\u00e5 plats tidig f\u00f6rmiddag. Efter cirka klockan 10:30 kommer det lassvis med turister.<\/p>\n<p><img loading=\"lazy\" src=\"http:\/\/www.jordenrunt.nu\/resa\/wp-content\/uploads\/2018\/07\/montenegro-perast-busskoer.jpg\" alt=\"montenegro-perast-busskoer\" width=\"1000\" height=\"660\" class=\"alignnone size-full wp-image-43556\" srcset=\"http:\/\/www.jordenrunt.nu\/resa\/wp-content\/uploads\/2018\/07\/montenegro-perast-busskoer.jpg 1000w, http:\/\/www.jordenrunt.nu\/resa\/wp-content\/uploads\/2018\/07\/montenegro-perast-busskoer-300x198.jpg 300w\" sizes=\"(max-width: 1000px) 100vw, 1000px\" \/><\/p>\n<p>Klockan \u00e4r vid elva p\u00e5 bilden ovan och fullpackat p\u00e5 parkeringsplatsen vid Perast (bilden tagen p\u00e5 v\u00e4g d\u00e4rifr\u00e5n).<\/p>\n<p><img loading=\"lazy\" src=\"http:\/\/www.jordenrunt.nu\/resa\/wp-content\/uploads\/2018\/07\/montenegro-perast1.jpg\" alt=\"montenegro-perast1\" width=\"1000\" height=\"613\" class=\"alignnone size-full wp-image-43553\" srcset=\"http:\/\/www.jordenrunt.nu\/resa\/wp-content\/uploads\/2018\/07\/montenegro-perast1.jpg 1000w, http:\/\/www.jordenrunt.nu\/resa\/wp-content\/uploads\/2018\/07\/montenegro-perast1-300x184.jpg 300w\" sizes=\"(max-width: 1000px) 100vw, 1000px\" \/><\/p>\n<p>Vybild \u00f6ver Perast, taget en bit upp fr\u00e5n vattnet vid v\u00e4gen.<\/p>\n<p>Bilden nedan \u00e4r Perast nere vid vattnet.<\/p>\n<p><img loading=\"lazy\" src=\"http:\/\/www.jordenrunt.nu\/resa\/wp-content\/uploads\/2018\/07\/montenegro-perast3.jpg\" alt=\"montenegro-perast3\" width=\"1000\" height=\"591\" class=\"alignnone size-full wp-image-43555\" srcset=\"http:\/\/www.jordenrunt.nu\/resa\/wp-content\/uploads\/2018\/07\/montenegro-perast3.jpg 1000w, http:\/\/www.jordenrunt.nu\/resa\/wp-content\/uploads\/2018\/07\/montenegro-perast3-300x177.jpg 300w\" sizes=\"(max-width: 1000px) 100vw, 1000px\" \/><\/p>\n<p>Det finns flera mysiga platser att stoppa vid l\u00e4ngs v\u00e4gen mot Herceg Novi.<\/p>\n<p><img loading=\"lazy\" src=\"http:\/\/www.jordenrunt.nu\/resa\/wp-content\/uploads\/2018\/07\/montenegro-vybild-buss-vag.jpg\" alt=\"montenegro-vybild-buss-vag\" width=\"1000\" height=\"575\" class=\"alignnone size-full wp-image-43558\" srcset=\"http:\/\/www.jordenrunt.nu\/resa\/wp-content\/uploads\/2018\/07\/montenegro-vybild-buss-vag.jpg 1000w, http:\/\/www.jordenrunt.nu\/resa\/wp-content\/uploads\/2018\/07\/montenegro-vybild-buss-vag-300x173.jpg 300w\" sizes=\"(max-width: 1000px) 100vw, 1000px\" \/><\/p>\n<p>Och v\u00e4gen dit g\u00e5r upp och ned l\u00e4ngs berg. Herceg Novi har en ganska stor h\u00f6jdskillnad och v\u00e4g och busstation ligger ganska h\u00f6gt upp ovanf\u00f6r kusten (staden letar sig ned l\u00e4ngs sluttningen mot vattnet).<\/p>\n<p><img loading=\"lazy\" src=\"http:\/\/www.jordenrunt.nu\/resa\/wp-content\/uploads\/2018\/07\/montenegro-kust1.jpg\" alt=\"montenegro-kust1\" width=\"1000\" height=\"606\" class=\"alignnone size-full wp-image-43551\" srcset=\"http:\/\/www.jordenrunt.nu\/resa\/wp-content\/uploads\/2018\/07\/montenegro-kust1.jpg 1000w, http:\/\/www.jordenrunt.nu\/resa\/wp-content\/uploads\/2018\/07\/montenegro-kust1-300x182.jpg 300w\" sizes=\"(max-width: 1000px) 100vw, 1000px\" \/><\/p>\n<p>Staden har b\u00e5de en nyare bebyggelse, en \u00e4ldre stadsdel och ett gammalt fort.<\/p>\n<p><img loading=\"lazy\" src=\"http:\/\/www.jordenrunt.nu\/resa\/wp-content\/uploads\/2018\/07\/montenegro-herceg-novi-borg-gronska.jpg\" alt=\"montenegro-herceg-novi-borg-gronska\" width=\"1000\" height=\"667\" class=\"alignnone size-full wp-image-43542\" srcset=\"http:\/\/www.jordenrunt.nu\/resa\/wp-content\/uploads\/2018\/07\/montenegro-herceg-novi-borg-gronska.jpg 1000w, http:\/\/www.jordenrunt.nu\/resa\/wp-content\/uploads\/2018\/07\/montenegro-herceg-novi-borg-gronska-300x200.jpg 300w\" sizes=\"(max-width: 1000px) 100vw, 1000px\" \/><\/p>\n<p>&nbsp;<\/p>\n<p><img loading=\"lazy\" src=\"http:\/\/www.jordenrunt.nu\/resa\/wp-content\/uploads\/2018\/07\/montenegro-herceg-novi1.jpg\" alt=\"montenegro-herceg-novi1\" width=\"1000\" height=\"650\" class=\"alignnone size-full wp-image-43540\" srcset=\"http:\/\/www.jordenrunt.nu\/resa\/wp-content\/uploads\/2018\/07\/montenegro-herceg-novi1.jpg 1000w, http:\/\/www.jordenrunt.nu\/resa\/wp-content\/uploads\/2018\/07\/montenegro-herceg-novi1-300x195.jpg 300w\" sizes=\"(max-width: 1000px) 100vw, 1000px\" \/><\/p>\n<p>Ta p\u00e5 dig vandringsskorna och ge dig ut p\u00e5 str\u00f6vt\u00e5g i gr\u00e4nderna i den gamla stadsdelen.<\/p>\n<p><img loading=\"lazy\" src=\"http:\/\/www.jordenrunt.nu\/resa\/wp-content\/uploads\/2018\/07\/montenegro-herceg-novi-grand1.jpg\" alt=\"montenegro-herceg-novi-grand1\" width=\"1000\" height=\"667\" class=\"alignnone size-full wp-image-43543\" srcset=\"http:\/\/www.jordenrunt.nu\/resa\/wp-content\/uploads\/2018\/07\/montenegro-herceg-novi-grand1.jpg 1000w, http:\/\/www.jordenrunt.nu\/resa\/wp-content\/uploads\/2018\/07\/montenegro-herceg-novi-grand1-300x200.jpg 300w\" sizes=\"(max-width: 1000px) 100vw, 1000px\" \/><\/p>\n<p>&nbsp;<\/p>\n<p><img loading=\"lazy\" src=\"http:\/\/www.jordenrunt.nu\/resa\/wp-content\/uploads\/2018\/07\/montenegro-herceg-novi-grand-blommor.jpg\" alt=\"montenegro-herceg-novi-grand-blommor\" width=\"488\" height=\"700\" class=\"alignnone size-full wp-image-43544\" srcset=\"http:\/\/www.jordenrunt.nu\/resa\/wp-content\/uploads\/2018\/07\/montenegro-herceg-novi-grand-blommor.jpg 488w, http:\/\/www.jordenrunt.nu\/resa\/wp-content\/uploads\/2018\/07\/montenegro-herceg-novi-grand-blommor-209x300.jpg 209w\" sizes=\"(max-width: 488px) 100vw, 488px\" \/><\/p>\n<p>&nbsp;<\/p>\n<p><img loading=\"lazy\" src=\"http:\/\/www.jordenrunt.nu\/resa\/wp-content\/uploads\/2018\/07\/montenegro-herceg-novi-grand-gronska.jpg\" alt=\"montenegro-herceg-novi-grand-gronska\" width=\"631\" height=\"700\" class=\"alignnone size-full wp-image-43545\" srcset=\"http:\/\/www.jordenrunt.nu\/resa\/wp-content\/uploads\/2018\/07\/montenegro-herceg-novi-grand-gronska.jpg 631w, http:\/\/www.jordenrunt.nu\/resa\/wp-content\/uploads\/2018\/07\/montenegro-herceg-novi-grand-gronska-270x300.jpg 270w\" sizes=\"(max-width: 631px) 100vw, 631px\" \/><\/p>\n<p>Allra b\u00e4st \u00e4r tidig f\u00f6rmiddag (innan dagsturister anl\u00e4nt) och sen eftermiddag och kv\u00e4ll (efter att dagsturister \u00e5kt).<\/p>\n<p><img loading=\"lazy\" src=\"http:\/\/www.jordenrunt.nu\/resa\/wp-content\/uploads\/2018\/07\/montenegro-herceg-novi-grand-klocktorn.jpg\" alt=\"montenegro-herceg-novi-grand-klocktorn\" width=\"488\" height=\"700\" class=\"alignnone size-full wp-image-43546\" srcset=\"http:\/\/www.jordenrunt.nu\/resa\/wp-content\/uploads\/2018\/07\/montenegro-herceg-novi-grand-klocktorn.jpg 488w, http:\/\/www.jordenrunt.nu\/resa\/wp-content\/uploads\/2018\/07\/montenegro-herceg-novi-grand-klocktorn-209x300.jpg 209w\" sizes=\"(max-width: 488px) 100vw, 488px\" \/><\/p>\n<p>&nbsp;<\/p>\n<p><img loading=\"lazy\" src=\"http:\/\/www.jordenrunt.nu\/resa\/wp-content\/uploads\/2018\/07\/montenegro-herceg-novi-grand-klocktorn2.jpg\" alt=\"montenegro-herceg-novi-grand-klocktorn2\" width=\"880\" height=\"700\" class=\"alignnone size-full wp-image-43547\" srcset=\"http:\/\/www.jordenrunt.nu\/resa\/wp-content\/uploads\/2018\/07\/montenegro-herceg-novi-grand-klocktorn2.jpg 880w, http:\/\/www.jordenrunt.nu\/resa\/wp-content\/uploads\/2018\/07\/montenegro-herceg-novi-grand-klocktorn2-300x239.jpg 300w\" sizes=\"(max-width: 880px) 100vw, 880px\" \/><\/p>\n<p>&nbsp;<\/p>\n<p><img loading=\"lazy\" src=\"http:\/\/www.jordenrunt.nu\/resa\/wp-content\/uploads\/2018\/07\/montenegro-herceg-novi-vybild-skymning.jpg\" alt=\"montenegro-herceg-novi-vybild-skymning\" width=\"1000\" height=\"565\" class=\"alignnone size-full wp-image-43550\" srcset=\"http:\/\/www.jordenrunt.nu\/resa\/wp-content\/uploads\/2018\/07\/montenegro-herceg-novi-vybild-skymning.jpg 1000w, http:\/\/www.jordenrunt.nu\/resa\/wp-content\/uploads\/2018\/07\/montenegro-herceg-novi-vybild-skymning-300x170.jpg 300w\" sizes=\"(max-width: 1000px) 100vw, 1000px\" \/><\/p>\n<p>Mysigt att promenera n\u00e4r m\u00f6rkret b\u00f6rjar s\u00e4nka sig, kanske \u00e4ta en god m\u00e5ltid p\u00e5 en uteservering vid gamla stadstorget och sedan ta en underbar kv\u00e4llspromenad nere vid vattnet.<\/p>\n<p><img loading=\"lazy\" src=\"http:\/\/www.jordenrunt.nu\/resa\/wp-content\/uploads\/2018\/07\/montenegro-herceg-novi-strandpromenad2.jpg\" alt=\"montenegro-herceg-novi-strandpromenad2\" width=\"1000\" height=\"678\" class=\"alignnone size-full wp-image-43548\" srcset=\"http:\/\/www.jordenrunt.nu\/resa\/wp-content\/uploads\/2018\/07\/montenegro-herceg-novi-strandpromenad2.jpg 1000w, http:\/\/www.jordenrunt.nu\/resa\/wp-content\/uploads\/2018\/07\/montenegro-herceg-novi-strandpromenad2-300x203.jpg 300w\" sizes=\"(max-width: 1000px) 100vw, 1000px\" \/><\/p>\n<p>Herceg Novi \u00e4r helt enkelt min solklara favorit l\u00e4ngs med Montenegros kust.<\/p>\n<p><img loading=\"lazy\" src=\"http:\/\/www.jordenrunt.nu\/resa\/wp-content\/uploads\/2018\/07\/montenegro-herceg-novi-strandpromenad3.jpg\" alt=\"montenegro-herceg-novi-strandpromenad3\" width=\"1000\" height=\"678\" class=\"alignnone size-full wp-image-43549\" srcset=\"http:\/\/www.jordenrunt.nu\/resa\/wp-content\/uploads\/2018\/07\/montenegro-herceg-novi-strandpromenad3.jpg 1000w, http:\/\/www.jordenrunt.nu\/resa\/wp-content\/uploads\/2018\/07\/montenegro-herceg-novi-strandpromenad3-300x203.jpg 300w\" sizes=\"(max-width: 1000px) 100vw, 1000px\" \/><\/p>\n<p>&nbsp;<br \/>\nText och bild: <b>Robert Karlsson<\/b> (<font color=\"#AC0000\">juli 2018<\/font color>)<\/p>\n<p>&nbsp;<br \/>\n<b>Planering och l\u00e4nktips<\/b><\/p>\n<p>Ta sig till eller fr\u00e5n Albanien kan du g\u00f6ra mellan Ulcinj (Montenegro) och Shkodra (Albanien). Kostar fem euro, tar ett par timmar och har avg\u00e5ngar en eller ett par g\u00e5nger per dag (vanligen minibuss). Minibuss avg\u00e5r fr\u00e5n busstationen i Ulcinj och utanf\u00f6r Hotel Rozafa i Shkodra i Albanien (n\u00e4ra den centrala korsningen d\u00e4r Tirana minibussar anl\u00e4nder till eller avg\u00e5r fr\u00e5n).<\/p>\n<p>Finns \u00e4ven buss mellan Herceg Novi och Mostar (Bosnien och Hercegovina). Avg\u00e5ng morgon (vid halv nio) fr\u00e5n busstationen, kostar 20 euro. <\/p>\n<p>Plus bussar fr\u00e5n Herceg Novi till Dubrovnik (Kroatien), som kostar cirka 11-14 euro.<\/p>\n<p>&nbsp;<br \/>\nI Montenegro verkar de flesta st\u00e4der ha en central busstation d\u00e4r l\u00e5ngf\u00e4rdsbussar utg\u00e5r fr\u00e5n. S\u00e5ledes l\u00e4tt att ta sig runt i landet med buss. Kortare bussresor mellan kustst\u00e4derna (30-60 minuter) kostar ca 2-3 euro.<br \/>\nF\u00f6r att planera bussresor i Montenegro, kika g\u00e4rna p\u00e5 f\u00f6ljande tidtabell:<br \/>\n<a href=\"https:\/\/waytomonte.com\/en\/-bus-schedule\" target=\"_blank\">waytomonte.com\/en\/-bus-schedule<\/a><\/p>\n<p>&nbsp;<br \/>\nGanska bra pris p\u00e5 boende i Montenegro (oftast \u00e4r B&#038;B billigast), jag var d\u00e4r under l\u00e5gs\u00e4song (mitten av maj) och betalade vanligen 15 euro per natt i stort rum med egen toa och dusch. <\/p>\n<p>&nbsp;<br \/>\nOfficiella turistsajter:<\/p>\n<p><a href=\"https:\/\/www.montenegro.travel\/en\" target=\"_blank\">www.montenegro.travel\/en<\/a><\/p>\n<p><a href=\"https:\/\/www.hercegnovi.me\/en\/\" target=\"_blank\">www.hercegnovi.me\/en<\/a><\/p>\n<p><a href=\"https:\/\/budva.travel\/?lang=en\" target=\"_blank\">budva.travel\/?lang=en<\/a><\/p>\n<p><a href=\"http:\/\/www.tokotor.me\/en\/\" target=\"_blank\">www.tokotor.me\/en<\/a><\/p>\n<p><a href=\"http:\/\/www.ulcinj.travel\/en\" target=\"_blank\">www.ulcinj.travel\/en<\/a><\/p>\n<p>&nbsp;<br \/>\nOnlineguider om Montenegro:<\/p>\n<p><a href=\"https:\/\/www.roughguides.com\/destinations\/europe\/montenegro\" target=\"_blank\">www.roughguides.com\/destinations\/europe\/montenegro<\/a><\/p>\n<p><a href=\"https:\/\/www.lonelyplanet.com\/montenegro\" target=\"_blank\">www.lonelyplanet.com\/montenegro<\/a><\/p>\n<p><a href=\"https:\/\/www.bradtguides.com\/destinations\/europe\/montenegro.html\" target=\"_blank\">www.bradtguides.com\/destinations\/europe\/montenegro.html<\/a><\/p>\n<p>&nbsp;<br \/>\n<font color=\"#AC0000\"><b>MISSA INTE &#8211; magisk kustv\u00e4g \u00e4ven i Albanien:<\/b><\/font color><br \/>\n<a href=\"http:\/\/www.jordenrunt.nu\/resa\/medelhavskusten-albanien\">www.jordenrunt.nu\/resa\/medelhavskusten-albanien<\/a><\/p>\n<p>&nbsp;<\/p>\n","protected":false},"excerpt":{"rendered":"<p>&nbsp; Montenegro har en riktigt vacker kuststr\u00e4cka l\u00e4ngs med Medelhavet och att ta sig fram l\u00e4ngs v\u00e4gen \u00e4r helt underbart. G\u00e5r [&hellip;]<\/p>\n","protected":false},"author":1,"featured_media":0,"parent":0,"menu_order":0,"comment_status":"closed","ping_status":"closed","template":"","meta":[],"_links":{"self":[{"href":"http:\/\/www.jordenrunt.nu\/resa\/wp-json\/wp\/v2\/pages\/43527"}],"collection":[{"href":"http:\/\/www.jordenrunt.nu\/resa\/wp-json\/wp\/v2\/pages"}],"about":[{"href":"http:\/\/www.jordenrunt.nu\/resa\/wp-json\/wp\/v2\/types\/page"}],"author":[{"embeddable":true,"href":"http:\/\/www.jordenrunt.nu\/resa\/wp-json\/wp\/v2\/users\/1"}],"replies":[{"embeddable":true,"href":"http:\/\/www.jordenrunt.nu\/resa\/wp-json\/wp\/v2\/comments?post=43527"}],"version-history":[{"count":23,"href":"http:\/\/www.jordenrunt.nu\/resa\/wp-json\/wp\/v2\/pages\/43527\/revisions"}],"predecessor-version":[{"id":43578,"href":"http:\/\/www.jordenrunt.nu\/resa\/wp-json\/wp\/v2\/pages\/43527\/revisions\/43578"}],"wp:attachment":[{"href":"http:\/\/www.jordenrunt.nu\/resa\/wp-json\/wp\/v2\/media?parent=43527"}],"curies":[{"name":"wp","href":"https:\/\/api.w.org\/{rel}","templated":true}]}}