{"id":43449,"date":"2018-06-28T12:22:31","date_gmt":"2018-06-28T10:22:31","guid":{"rendered":"http:\/\/www.jordenrunt.nu\/resa\/?page_id=43449"},"modified":"2018-06-28T14:44:19","modified_gmt":"2018-06-28T12:44:19","slug":"medelhavskusten-albanien","status":"publish","type":"page","link":"http:\/\/www.jordenrunt.nu\/resa\/medelhavskusten-albanien\/","title":{"rendered":"Magisk v\u00e4g l\u00e4ngs Medelhavet i Albanien"},"content":{"rendered":"<p>&nbsp;<br \/>\n<img loading=\"lazy\" src=\"http:\/\/www.jordenrunt.nu\/resa\/wp-content\/uploads\/2018\/06\/albanien-kustvagen-topp10-2.jpg\" alt=\"albanien-kustvagen-topp10-2\" width=\"1000\" height=\"628\" class=\"alignnone size-full wp-image-43464\" srcset=\"http:\/\/www.jordenrunt.nu\/resa\/wp-content\/uploads\/2018\/06\/albanien-kustvagen-topp10-2.jpg 1000w, http:\/\/www.jordenrunt.nu\/resa\/wp-content\/uploads\/2018\/06\/albanien-kustvagen-topp10-2-300x188.jpg 300w\" sizes=\"(max-width: 1000px) 100vw, 1000px\" \/><\/p>\n<p>I Albanien finns en magisk kustremsa mot Medelhavet, \u00e4nda nerifr\u00e5n s\u00f6dra Albanien (vid gr\u00e4nsen till Grekland) och upp till gr\u00e4nsen mot Montenegro i norra Albanien. Och jag lovar, \u00e5ker du l\u00e4ngs v\u00e4gen som snirklar sig upp och nedf\u00f6r berg l\u00e4ngs kusten, blir du inte besviken. Helt enkelt en av de mest fantastiska v\u00e4gar jag \u00e5kt p\u00e5.<\/p>\n<p><img loading=\"lazy\" src=\"http:\/\/www.jordenrunt.nu\/resa\/wp-content\/uploads\/2018\/06\/sarande-1-albanien.jpg\" alt=\"sarande-1-albanien\" width=\"1000\" height=\"518\" class=\"alignnone size-full wp-image-43473\" srcset=\"http:\/\/www.jordenrunt.nu\/resa\/wp-content\/uploads\/2018\/06\/sarande-1-albanien.jpg 1000w, http:\/\/www.jordenrunt.nu\/resa\/wp-content\/uploads\/2018\/06\/sarande-1-albanien-300x155.jpg 300w\" sizes=\"(max-width: 1000px) 100vw, 1000px\" \/><\/p>\n<p>Staden Sarande ligger l\u00e5ngt nere i s\u00f6dra Albanien och det \u00e4r en bra utg\u00e5ngspunkt f\u00f6r resan l\u00e4ngs kusten norrut.<\/p>\n<p><img loading=\"lazy\" src=\"http:\/\/www.jordenrunt.nu\/resa\/wp-content\/uploads\/2018\/06\/sarande-albanien-2.jpg\" alt=\"sarande-albanien-2\" width=\"1000\" height=\"667\" class=\"alignnone size-full wp-image-43474\" srcset=\"http:\/\/www.jordenrunt.nu\/resa\/wp-content\/uploads\/2018\/06\/sarande-albanien-2.jpg 1000w, http:\/\/www.jordenrunt.nu\/resa\/wp-content\/uploads\/2018\/06\/sarande-albanien-2-300x200.jpg 300w\" sizes=\"(max-width: 1000px) 100vw, 1000px\" \/><\/p>\n<p>Missa dock inte att f\u00f6rst bes\u00f6ka bergsstaden <a href=\"http:\/\/www.jordenrunt.nu\/resa\/gjirokastra-albanien\"><u>Gjirkostra<\/u><\/a> (ca 1,5 timmar in\u00e5t landet) och ruinomr\u00e5det <a href=\"http:\/\/www.jordenrunt.nu\/resa\/butrint-albanienn\"><u>Butrint<\/u><\/a> (ca 40 minuter s\u00f6derut l\u00e4ngs kusten). <\/p>\n<p><img loading=\"lazy\" src=\"http:\/\/www.jordenrunt.nu\/resa\/wp-content\/uploads\/2018\/06\/albanien-kustvagen1.jpg\" alt=\"albanien-kustvagen1\" width=\"1000\" height=\"667\" class=\"alignnone size-full wp-image-43450\" srcset=\"http:\/\/www.jordenrunt.nu\/resa\/wp-content\/uploads\/2018\/06\/albanien-kustvagen1.jpg 1000w, http:\/\/www.jordenrunt.nu\/resa\/wp-content\/uploads\/2018\/06\/albanien-kustvagen1-300x200.jpg 300w\" sizes=\"(max-width: 1000px) 100vw, 1000px\" \/><\/p>\n<p>Den b\u00e4sta delen av kustv\u00e4gen norrut genom Albanien (100 procent njutning) g\u00e5r mellan Sarande och staden Vlora. <\/p>\n<p><img loading=\"lazy\" src=\"http:\/\/www.jordenrunt.nu\/resa\/wp-content\/uploads\/2018\/06\/albanien-kustvagen2.jpg\" alt=\"albanien-kustvagen2\" width=\"1000\" height=\"643\" class=\"alignnone size-full wp-image-43451\" srcset=\"http:\/\/www.jordenrunt.nu\/resa\/wp-content\/uploads\/2018\/06\/albanien-kustvagen2.jpg 1000w, http:\/\/www.jordenrunt.nu\/resa\/wp-content\/uploads\/2018\/06\/albanien-kustvagen2-300x193.jpg 300w\" sizes=\"(max-width: 1000px) 100vw, 1000px\" \/><\/p>\n<p>Jag brukar normalt inte propagera f\u00f6r hyrbil, men i just detta fall \u00e4r det en klar f\u00f6rdel med bil. <\/p>\n<p>Anledningen till att bil \u00e4r en f\u00f6rdel just l\u00e4ngs denna v\u00e4g \u00e4r att det \u00e4r ganska sparsamt med bussar som g\u00e5r fr\u00e5n Sarande och upp l\u00e4ngs kusten. D\u00e4rtill g\u00e5r v\u00e4gen ganska l\u00e5ngt upp i bergen ovanf\u00f6r kusten och den som vill ta ett stopp vid n\u00e5got strandomr\u00e5de, m\u00e5ste om du \u00e5ker buss ofta g\u00e5 ett par kilometer ned till sj\u00e4lva kusten och strandomr\u00e5det.<\/p>\n<p><img loading=\"lazy\" src=\"http:\/\/www.jordenrunt.nu\/resa\/wp-content\/uploads\/2018\/06\/albanien-kustvagen3.jpg\" alt=\"albanien-kustvagen3\" width=\"1000\" height=\"667\" class=\"alignnone size-full wp-image-43452\" srcset=\"http:\/\/www.jordenrunt.nu\/resa\/wp-content\/uploads\/2018\/06\/albanien-kustvagen3.jpg 1000w, http:\/\/www.jordenrunt.nu\/resa\/wp-content\/uploads\/2018\/06\/albanien-kustvagen3-300x200.jpg 300w\" sizes=\"(max-width: 1000px) 100vw, 1000px\" \/><\/p>\n<p>Dessutom \u00e4r det minibussar som g\u00e5r, utan n\u00e5gon bergfast tidtabell, s\u00e5 det kan vara lite kr\u00e5ngligt att ta sig vidare (minibussarna kan vara fullsatta n\u00e4r\/om de passerar uppe vid v\u00e4gen d\u00e4r bycentren oftast \u00e4r bel\u00e4gna). <\/p>\n<p><img loading=\"lazy\" src=\"http:\/\/www.jordenrunt.nu\/resa\/wp-content\/uploads\/2018\/06\/albanien-kustvagen4-2.jpg\" alt=\"albanien-kustvagen4-2\" width=\"1000\" height=\"675\" class=\"alignnone size-full wp-image-43454\" srcset=\"http:\/\/www.jordenrunt.nu\/resa\/wp-content\/uploads\/2018\/06\/albanien-kustvagen4-2.jpg 1000w, http:\/\/www.jordenrunt.nu\/resa\/wp-content\/uploads\/2018\/06\/albanien-kustvagen4-2-300x203.jpg 300w\" sizes=\"(max-width: 1000px) 100vw, 1000px\" \/><\/p>\n<p>Men det \u00e4r inte om\u00f6jligt att ta sig fram med minibussar (bara lite kr\u00e5ngligt).<\/p>\n<p><img loading=\"lazy\" src=\"http:\/\/www.jordenrunt.nu\/resa\/wp-content\/uploads\/2018\/06\/albanien-kustvagen5.jpg\" alt=\"albanien-kustvagen5\" width=\"1000\" height=\"667\" class=\"alignnone size-full wp-image-43455\" srcset=\"http:\/\/www.jordenrunt.nu\/resa\/wp-content\/uploads\/2018\/06\/albanien-kustvagen5.jpg 1000w, http:\/\/www.jordenrunt.nu\/resa\/wp-content\/uploads\/2018\/06\/albanien-kustvagen5-300x200.jpg 300w\" sizes=\"(max-width: 1000px) 100vw, 1000px\" \/><\/p>\n<p>En sak att t\u00e4nka p\u00e5 vid stopp l\u00e4ngs kusten, \u00e4r att i f\u00f6rv\u00e4g kolla vilken sorts strand det handlar om. M\u00e5nga str\u00e4nder h\u00e4r \u00e4r n\u00e4mligen inte finkornig strand, utan snarare sm\u00e5sten. Googla p\u00e5 bilder f\u00f6r de olika kustomr\u00e5dena, f\u00f6r att se vilken sorts strand det handlar (personligen f\u00f6redrar jag finkornig strand).<\/p>\n<p><img loading=\"lazy\" src=\"http:\/\/www.jordenrunt.nu\/resa\/wp-content\/uploads\/2018\/06\/albanien-kustvagen-upp6.jpg\" alt=\"albanien-kustvagen-upp6\" width=\"1000\" height=\"667\" class=\"alignnone size-full wp-image-43465\" srcset=\"http:\/\/www.jordenrunt.nu\/resa\/wp-content\/uploads\/2018\/06\/albanien-kustvagen-upp6.jpg 1000w, http:\/\/www.jordenrunt.nu\/resa\/wp-content\/uploads\/2018\/06\/albanien-kustvagen-upp6-300x200.jpg 300w\" sizes=\"(max-width: 1000px) 100vw, 1000px\" \/><\/p>\n<p>Ytterligare en anledning att bil \u00e4r att f\u00f6redra att det finns fantastiska m\u00f6jligheter f\u00f6r kortare stopp l\u00e4ngs kustv\u00e4gen. <\/p>\n<p>Det bjuds ju p\u00e5 fantastisk och magisk utsikt.<\/p>\n<p><img loading=\"lazy\" src=\"http:\/\/www.jordenrunt.nu\/resa\/wp-content\/uploads\/2018\/06\/albanien-kustvagen-upp7.jpg\" alt=\"albanien-kustvagen-upp7\" width=\"1000\" height=\"667\" class=\"alignnone size-full wp-image-43466\" srcset=\"http:\/\/www.jordenrunt.nu\/resa\/wp-content\/uploads\/2018\/06\/albanien-kustvagen-upp7.jpg 1000w, http:\/\/www.jordenrunt.nu\/resa\/wp-content\/uploads\/2018\/06\/albanien-kustvagen-upp7-300x200.jpg 300w\" sizes=\"(max-width: 1000px) 100vw, 1000px\" \/><\/p>\n<p>V\u00e4gen g\u00e5r som sagt upp och nedf\u00f6r berg och n\u00e4stintill hela tiden med utsikt mot kust, str\u00e4nder och Medelhavets vatten.<\/p>\n<p><img loading=\"lazy\" src=\"http:\/\/www.jordenrunt.nu\/resa\/wp-content\/uploads\/2018\/06\/albanien-kustvagen-upp7-2.jpg\" alt=\"albanien-kustvagen-upp7-2\" width=\"1000\" height=\"667\" class=\"alignnone size-full wp-image-43467\" srcset=\"http:\/\/www.jordenrunt.nu\/resa\/wp-content\/uploads\/2018\/06\/albanien-kustvagen-upp7-2.jpg 1000w, http:\/\/www.jordenrunt.nu\/resa\/wp-content\/uploads\/2018\/06\/albanien-kustvagen-upp7-2-300x200.jpg 300w\" sizes=\"(max-width: 1000px) 100vw, 1000px\" \/><\/p>\n<p>&nbsp;<\/p>\n<p><img loading=\"lazy\" src=\"http:\/\/www.jordenrunt.nu\/resa\/wp-content\/uploads\/2018\/06\/albanien-kustvagen-upp8.jpg\" alt=\"albanien-kustvagen-upp8\" width=\"1000\" height=\"667\" class=\"alignnone size-full wp-image-43468\" srcset=\"http:\/\/www.jordenrunt.nu\/resa\/wp-content\/uploads\/2018\/06\/albanien-kustvagen-upp8.jpg 1000w, http:\/\/www.jordenrunt.nu\/resa\/wp-content\/uploads\/2018\/06\/albanien-kustvagen-upp8-300x200.jpg 300w\" sizes=\"(max-width: 1000px) 100vw, 1000px\" \/><\/p>\n<p>Den mest magiska delen av denna l\u00e5nga kustv\u00e4g mellan st\u00e4derna Sarande och Vlora \u00e4r Llogara Pass. Detta strax \u00f6ver tusen meter h\u00f6ga bergspassa bjuder p\u00e5 makal\u00f6s utsikt \u00f6ver Albaniens Riviera (kustremsan mot Sarande).<\/p>\n<p><img loading=\"lazy\" src=\"http:\/\/www.jordenrunt.nu\/resa\/wp-content\/uploads\/2018\/06\/albanien-kustvagen-upp9.jpg\" alt=\"albanien-kustvagen-upp9\" width=\"1000\" height=\"667\" class=\"alignnone size-full wp-image-43469\" srcset=\"http:\/\/www.jordenrunt.nu\/resa\/wp-content\/uploads\/2018\/06\/albanien-kustvagen-upp9.jpg 1000w, http:\/\/www.jordenrunt.nu\/resa\/wp-content\/uploads\/2018\/06\/albanien-kustvagen-upp9-300x200.jpg 300w\" sizes=\"(max-width: 1000px) 100vw, 1000px\" \/><\/p>\n<p>V\u00e4gen zick-zackar sig upp l\u00e4ngs berget till toppen av Llogara Pass.<\/p>\n<p><img loading=\"lazy\" src=\"http:\/\/www.jordenrunt.nu\/resa\/wp-content\/uploads\/2018\/06\/albanien-kustvagen-upp9-2.jpg\" alt=\"albanien-kustvagen-upp9-2\" width=\"1000\" height=\"658\" class=\"alignnone size-full wp-image-43470\" srcset=\"http:\/\/www.jordenrunt.nu\/resa\/wp-content\/uploads\/2018\/06\/albanien-kustvagen-upp9-2.jpg 1000w, http:\/\/www.jordenrunt.nu\/resa\/wp-content\/uploads\/2018\/06\/albanien-kustvagen-upp9-2-300x197.jpg 300w\" sizes=\"(max-width: 1000px) 100vw, 1000px\" \/><\/p>\n<p>Och oj, oj, oj&#8230; vilken makal\u00f6s utsikt d\u00e4ruppe. <\/p>\n<p>D\u00e4r vill du verkligen ta ett stopp f\u00f6r att njuta.<\/p>\n<p><img loading=\"lazy\" src=\"http:\/\/www.jordenrunt.nu\/resa\/wp-content\/uploads\/2018\/06\/albanien-kustvagen-topp10.jpg\" alt=\"albanien-kustvagen-topp10\" width=\"1000\" height=\"668\" class=\"alignnone size-full wp-image-43463\" srcset=\"http:\/\/www.jordenrunt.nu\/resa\/wp-content\/uploads\/2018\/06\/albanien-kustvagen-topp10.jpg 1000w, http:\/\/www.jordenrunt.nu\/resa\/wp-content\/uploads\/2018\/06\/albanien-kustvagen-topp10-300x200.jpg 300w\" sizes=\"(max-width: 1000px) 100vw, 1000px\" \/><\/p>\n<p>Om du \u00e5ker med lokala bussar (betyder vanligen minibuss) kan det vara s\u00e5 att det blir stopp en liten stund d\u00e4ruppe. <\/p>\n<p>Har du otur, s\u00e5 stoppar chauff\u00f6ren inte d\u00e4r. Den minibuss jag \u00e5kte med tog irriterande nog ett stopp ett par kilometer senare i st\u00e4llet (chauff\u00f6ren tog matpaus).<\/p>\n<p>Eftersom min buss aldrig stoppade p\u00e5 v\u00e4g upp l\u00e4ngs Llogara Pass, \u00e4r de tidigare bilderna du sett alla tagna inifr\u00e5n minibussen under f\u00e4rden upp&#8230;<\/p>\n<p><img loading=\"lazy\" src=\"http:\/\/www.jordenrunt.nu\/resa\/wp-content\/uploads\/2018\/06\/albanien-kustvagen-ned11.jpg\" alt=\"albanien-kustvagen-ned11\" width=\"1000\" height=\"659\" class=\"alignnone size-full wp-image-43460\" srcset=\"http:\/\/www.jordenrunt.nu\/resa\/wp-content\/uploads\/2018\/06\/albanien-kustvagen-ned11.jpg 1000w, http:\/\/www.jordenrunt.nu\/resa\/wp-content\/uploads\/2018\/06\/albanien-kustvagen-ned11-300x198.jpg 300w\" sizes=\"(max-width: 1000px) 100vw, 1000px\" \/><\/p>\n<p>Visserligen ganska fin utsikt \u00e4ven d\u00e4r vi slutligen tog paus, men inte som kust-utsikten n\u00e5gra kilometer tidigare.<\/p>\n<p><img loading=\"lazy\" src=\"http:\/\/www.jordenrunt.nu\/resa\/wp-content\/uploads\/2018\/06\/albanien-kustvagen-ned11-2.jpg\" alt=\"albanien-kustvagen-ned11-2\" width=\"1000\" height=\"664\" class=\"alignnone size-full wp-image-43461\" srcset=\"http:\/\/www.jordenrunt.nu\/resa\/wp-content\/uploads\/2018\/06\/albanien-kustvagen-ned11-2.jpg 1000w, http:\/\/www.jordenrunt.nu\/resa\/wp-content\/uploads\/2018\/06\/albanien-kustvagen-ned11-2-300x199.jpg 300w\" sizes=\"(max-width: 1000px) 100vw, 1000px\" \/><\/p>\n<p>P\u00e5 andra sidan Llogara Pass, b\u00e4r det av ned\u00e5t mot kusten igen.<\/p>\n<p><img loading=\"lazy\" src=\"http:\/\/www.jordenrunt.nu\/resa\/wp-content\/uploads\/2018\/06\/albanien-kustvagen-ned12.jpg\" alt=\"albanien-kustvagen-ned12\" width=\"1000\" height=\"667\" class=\"alignnone size-full wp-image-43462\" srcset=\"http:\/\/www.jordenrunt.nu\/resa\/wp-content\/uploads\/2018\/06\/albanien-kustvagen-ned12.jpg 1000w, http:\/\/www.jordenrunt.nu\/resa\/wp-content\/uploads\/2018\/06\/albanien-kustvagen-ned12-300x200.jpg 300w\" sizes=\"(max-width: 1000px) 100vw, 1000px\" \/><\/p>\n<p>Och efter ett tag l\u00e4ngs kusten \u00e4r det dags f\u00f6r stora staden Vlore. <\/p>\n<p><img loading=\"lazy\" src=\"http:\/\/www.jordenrunt.nu\/resa\/wp-content\/uploads\/2018\/06\/albanien-kustvagen-vlore-solned1.jpg\" alt=\"albanien-kustvagen-vlore-solned1\" width=\"978\" height=\"642\" class=\"alignnone size-full wp-image-43471\" srcset=\"http:\/\/www.jordenrunt.nu\/resa\/wp-content\/uploads\/2018\/06\/albanien-kustvagen-vlore-solned1.jpg 978w, http:\/\/www.jordenrunt.nu\/resa\/wp-content\/uploads\/2018\/06\/albanien-kustvagen-vlore-solned1-300x197.jpg 300w\" sizes=\"(max-width: 978px) 100vw, 978px\" \/><\/p>\n<p>D\u00e4r du kanske likt mig, f\u00f6r njuta av en underbar solnedg\u00e5ng.<\/p>\n<p><img loading=\"lazy\" src=\"http:\/\/www.jordenrunt.nu\/resa\/wp-content\/uploads\/2018\/06\/albanien-kustvagen-vlore-solned2.jpg\" alt=\"albanien-kustvagen-vlore-solned2\" width=\"1000\" height=\"543\" class=\"alignnone size-full wp-image-43472\" srcset=\"http:\/\/www.jordenrunt.nu\/resa\/wp-content\/uploads\/2018\/06\/albanien-kustvagen-vlore-solned2.jpg 1000w, http:\/\/www.jordenrunt.nu\/resa\/wp-content\/uploads\/2018\/06\/albanien-kustvagen-vlore-solned2-300x163.jpg 300w\" sizes=\"(max-width: 1000px) 100vw, 1000px\" \/><\/p>\n<p>&nbsp;<br \/>\nText och bild: <b>Robert Karlsson<\/b> (<font color=\"#AC0000\">juni 2018<\/font color>)<\/p>\n<p>&nbsp;<br \/>\n<b>Planering och tips<\/b><\/p>\n<p>Det finns ingen busstation i Sarande, utan de flesta bussar och minibussar ankommer och avg\u00e5r fr\u00e5n ungef\u00e4r samma plats. Vid en korsning (bredvid en liten gr\u00f6nskande parkavdelning) en bit upp fr\u00e5n strandpromenaden (andra parralellgatan till strandpromenaden). Det avg\u00e5r minibussar till exempelvis Vlore, huvudsakligen tidig morgon (vid sju och tiotiden ungef\u00e4r). Kostnad till Vlore \u00e4r mellan 800 och 1 000 lek.<\/p>\n<p>T\u00e4nk p\u00e5 att minibussarna kan ta lite olika v\u00e4gar mellan Sarande och Vlore (eller Vlore till Sarande), antingen in i landet eller l\u00e4ngs kusten (du vill \u00e5ka kustv\u00e4gen: &#8221;Coast road&#8221; eller &#8221;Ionian Coast&#8221;)<\/p>\n<p>\u00c5t andra h\u00e5llet fr\u00e5n Vlore avg\u00e5r minibussar mot Sarande i n\u00e4rheten av turistinformationen i staden. Inte heller Vlore har en busstation, utan minibussar avg\u00e5r fr\u00e5n olika platser i staden (beroende p\u00e5 vart du skall \u00e5ka).<\/p>\n<p>F\u00f6r att planera bussresor i Albanien, kika g\u00e4rna p\u00e5 f\u00f6ljande tidtabell (har visserligen n\u00e5got \u00e5r p\u00e5 nacken, men \u00e4nd\u00e5  bra):<\/p>\n<p><a href=\"http:\/\/wp.akt.gov.al\/wp-content\/uploads\/2014\/07\/Albania-Interurban-Bus-Lines-Timetable-year-2017.pdf\" target=\"_blank\">wp.akt.gov.al\/wp-content\/uploads\/2014\/07\/Albania-Interurban-Bus-Lines-Timetable-year-2017.pdf<\/a><\/p>\n<p>&nbsp;<br \/>\nL\u00e4nktips om Llogara Pass:<\/p>\n<p><a href=\"http:\/\/albania.al\/article\/7\/ionian\" target=\"_blank\">albania.al\/article\/7\/ionian<\/a><\/p>\n<p><a href=\"https:\/\/adventuremotorcycletravel.com\/listing\/llogara-pass\" target=\"_blank\">adventuremotorcycletravel.com\/listing\/llogara-pass<\/a><\/p>\n<p><a href=\"https:\/\/invest-in-albania.org\/the-best-road-trips-in-albania\" target=\"_blank\">invest-in-albania.org\/the-best-road-trips-in-albania<\/a><\/p>\n<p>&nbsp;<br \/>\nGuider till Albaniens str\u00e4nder:<\/p>\n<p><a href=\"https:\/\/theculturetrip.com\/europe\/albania\/articles\/11-stunning-beaches-albania\/\" target=\"_blank\">theculturetrip.com\/europe\/albania\/articles\/11-stunning-beaches-albania<\/a><\/p>\n<p><a href=\"https:\/\/invest-in-albania.org\/top-15-best-beaches-in-albania\/\" target=\"_blank\">invest-in-albania.org\/top-15-best-beaches-in-albania<\/a><\/p>\n<p><a href=\"http:\/\/www.albania4travel.com\/best-beaches-in-south-albania\/\" target=\"_blank\">www.albania4travel.com\/best-beaches-in-south-albania<\/a><\/p>\n<p>&nbsp;<br \/>\n<font color=\"#AC0000\"><b>MISSA INTE &#8211; fler platser att bes\u00f6ka i Albanien!<\/b><\/font color><\/p>\n<p>Stenstaden Gjirokastra, l\u00e4s mer h\u00e4r:<br \/>\n<a href=\"http:\/\/www.jordenrunt.nu\/resa\/gjirokastra-albanien\">www.jordenrunt.nu\/resa\/gjirokastra-albanien<\/a><\/p>\n<p>Ytterligare en h\u00f6jdpunkt i Albanien \u00e4r Butrint (tusen\u00e5rig ruinstad), l\u00e4s mer h\u00e4r:<br \/>\n<a href=\"http:\/\/www.jordenrunt.nu\/resa\/butrint-albanien\">www.jordenrunt.nu\/resa\/butrint-albanien<\/a><\/p>\n<p>Missa inte heller staden med tusen f\u00f6nster (Berat), l\u00e4s mer h\u00e4r:<br \/>\n<a href=\"http:\/\/www.jordenrunt.nu\/resa\/berat-albanien\">www.jordenrunt.nu\/resa\/berat-albanien<\/a><\/p>\n<p>Om du har v\u00e4garna f\u00f6rbi huvudstaden Tirana, ta ett stopp f\u00f6r en natt, l\u00e4s mer h\u00e4r:<br \/>\n<a href=\"http:\/\/www.jordenrunt.nu\/resa\/tirana-albanien\">www.jordenrunt.nu\/resa\/tirana-albanien<\/a><\/p>\n","protected":false},"excerpt":{"rendered":"<p>&nbsp; I Albanien finns en magisk kustremsa mot Medelhavet, \u00e4nda nerifr\u00e5n s\u00f6dra Albanien (vid gr\u00e4nsen till Grekland) och upp till gr\u00e4nsen [&hellip;]<\/p>\n","protected":false},"author":1,"featured_media":0,"parent":0,"menu_order":0,"comment_status":"closed","ping_status":"closed","template":"","meta":[],"_links":{"self":[{"href":"http:\/\/www.jordenrunt.nu\/resa\/wp-json\/wp\/v2\/pages\/43449"}],"collection":[{"href":"http:\/\/www.jordenrunt.nu\/resa\/wp-json\/wp\/v2\/pages"}],"about":[{"href":"http:\/\/www.jordenrunt.nu\/resa\/wp-json\/wp\/v2\/types\/page"}],"author":[{"embeddable":true,"href":"http:\/\/www.jordenrunt.nu\/resa\/wp-json\/wp\/v2\/users\/1"}],"replies":[{"embeddable":true,"href":"http:\/\/www.jordenrunt.nu\/resa\/wp-json\/wp\/v2\/comments?post=43449"}],"version-history":[{"count":36,"href":"http:\/\/www.jordenrunt.nu\/resa\/wp-json\/wp\/v2\/pages\/43449\/revisions"}],"predecessor-version":[{"id":43518,"href":"http:\/\/www.jordenrunt.nu\/resa\/wp-json\/wp\/v2\/pages\/43449\/revisions\/43518"}],"wp:attachment":[{"href":"http:\/\/www.jordenrunt.nu\/resa\/wp-json\/wp\/v2\/media?parent=43449"}],"curies":[{"name":"wp","href":"https:\/\/api.w.org\/{rel}","templated":true}]}}