{"id":39757,"date":"2018-05-08T12:43:37","date_gmt":"2018-05-08T10:43:37","guid":{"rendered":"http:\/\/www.jordenrunt.nu\/resa\/?page_id=39757"},"modified":"2018-05-03T11:44:44","modified_gmt":"2018-05-03T09:44:44","slug":"tanzania","status":"publish","type":"page","link":"http:\/\/www.jordenrunt.nu\/resa\/tanzania\/","title":{"rendered":"Tanzania turistsajter &#8211; resel\u00e4nkar"},"content":{"rendered":"<p><img loading=\"lazy\" src=\"http:\/\/www.jordenrunt.nu\/resa\/wp-content\/uploads\/2009\/03\/Tanzania-flaggan-kartan.gif\" width=\"390\" height=\"336\" border=\"1\"><\/p>\n<p>Varf&ouml;r inte njuta av en sp&auml;nnande safari i Tamzania, till exempel i Serengeti National Park eller nere i den kollapsade vulkankratern Ngorongoro (d&auml;r det bjuds p&aring; regnskog och m&auml;ktiga djurupplevelser). Den som hellre vill ta sig upp&aring;t, kan fundera p&aring; att ta sig upp p&aring; Afrikas h&ouml;gsta berg, Mount Kilimanjaro. Sedan finns ju &auml;ven vita str&auml;nder och den tropiska &ouml;n Zanzibar, f&ouml;r den som hellre vill njuta av sol och bad.<\/p>\n<p>Som en hj&auml;lp i din reseplanering har jag samlat ihop ett antal l&auml;nkar till turistsajter i Tanzania.<\/p>\n<p>Tanzania Tourist Board: <a href=\"http:\/\/www.tanzaniatouristboard.com\" target=\"_blank\">www.tanzaniatouristboard.com<\/A><br \/>\nTanzania Cultural Tourism Programme: <a href=\"http:\/\/tanzaniaculturaltourism.go.tz\/\" target=\"_blank\">tanzaniaculturaltourism.go.tz<\/A><br \/>\nTanzania National Parks: <a href=\"http:\/\/www.tanzaniaparks.go.tz\" target=\"_blank\">www.tanzaniaparks.go.tz<\/A><br \/>\nCommunity Wildlife Management Areas: <a href=\"http:\/\/www.twma.co.tz\/wmas.html\" target=\"_blank\">www.twma.co.tz\/wmas.html<\/A><br \/>\nZanzibar Commission for Tourism: <a href=\"http:\/\/www.zanzibartourism.go.tz\" target=\"_blank\">www.zanzibartourism.go.tz<\/A><br \/>\nSajt om Zanzibar: <a href=\"http:\/\/zanzibar.net\" target=\"_blank\">zanzibar.net<\/A><br \/>\nNgorongoro Conservation Area Authority: <a href=\"http:\/\/www.ngorongorocrater.org\" target=\"_blank\">www.ngorongorocrater.org<\/a><br \/>\nSerengeti National Park: <a href=\"http:\/\/www.serengeti.org\" target=\"_blank\">www.serengeti.org<\/a><br \/>\nTanzania Cultural Tourism Programme: <a href=\"http:\/\/tanzaniaculturaltourism.go.tz\" target=\"_blank\">tanzaniaculturaltourism.go.tz<\/a><br \/>\nKyela Envirocare and Cultural Tourism: <a href=\"http:\/\/enviculture.jimdo.com\" target=\"_blank\">enviculture.jimdo.com<\/a><br \/>\nColors of Zanzibar &#8211; sustainable tourism: <a href=\"http:\/\/www.colorsofzanzibar.com\/sustainable-tourism\" target=\"_blank\">www.colorsofzanzibar.com\/sustainable-tourism<\/a><br \/>\nPrivat (bra) guide till Kilimanjaro: <a href=\"http:\/\/www.mountkilimanjaroguide.com\" target=\"_blank\">www.mountkilimanjaroguide.com<\/A><\/p>\n<p>[google-map-sc]<\/p>\n<p>&nbsp;<br \/>\nFler sp&auml;nnande restips om &ouml;stra Afrika p&aring; jordenrunt.nu:<br \/>\n<div class=\"rpfc-container\"><ul><li><a href=\"http:\/\/www.jordenrunt.nu\/resa\/afrika\/2019\/09\/06\/uganda-murchison-falls-national-park\/\">Uganda &#8211; Murchison Falls National Park<\/a><\/li><li><a href=\"http:\/\/www.jordenrunt.nu\/resa\/afrika\/2019\/06\/04\/bli-medlem-i-kenya-museum-society\/\">F\u00f6rm\u00e5nligt medlemsskap i Kenya Museum Society<\/a><\/li><li><a href=\"http:\/\/www.jordenrunt.nu\/resa\/afrika\/2019\/05\/12\/museum-och-kulturcenter-i-sydvastra-uganda\/\">Museum och kulturcenter i sydv\u00e4stra Uganda<\/a><\/li><li><a href=\"http:\/\/www.jordenrunt.nu\/resa\/afrika\/2019\/03\/06\/tanzania-volontar-genom-hostel-hoff\/\">Tanzania &#8211; Volont\u00e4r genom Hostel Hoff<\/a><\/li><li><a href=\"http:\/\/www.jordenrunt.nu\/resa\/afrika\/2019\/02\/13\/kenya-folj-med-pa-billig-fagelvandring\/\">Kenya &#8211; Billig guidad f\u00e5gelvandring i Nairobi<\/a><\/li><li><a href=\"http:\/\/www.jordenrunt.nu\/resa\/afrika\/2019\/02\/08\/billigare-med-gorillatrekking-i-uganda\/\">Djungelvandring till bergsgorillor i Uganda<\/a><\/li><li><a href=\"http:\/\/www.jordenrunt.nu\/resa\/afrika\/2018\/08\/24\/besok-avlagsna-oar-pa-seychellerna\/\">Bes\u00f6k avl\u00e4gsna \u00f6ar p\u00e5 Seychellerna<\/a><\/li><li><a href=\"http:\/\/www.jordenrunt.nu\/resa\/afrika\/2018\/07\/20\/kenya-basta-tid-for-att-besoka-kenya\/\">B\u00e4sta tid f\u00f6r safari i Kenya<\/a><\/li><li><a href=\"http:\/\/www.jordenrunt.nu\/resa\/afrika\/2018\/07\/12\/kenya-turistsajter\/\">Kenya turistsajter<\/a><\/li><li><a href=\"http:\/\/www.jordenrunt.nu\/resa\/afrika\/2018\/05\/09\/tanzania-turistsajter\/\">Tanzania turistsajter &#8211; resel\u00e4nkar<\/a><\/li><li><a href=\"http:\/\/www.jordenrunt.nu\/resa\/afrika\/2018\/03\/28\/kenya-big-5-snake-safari\/\">Kenya &#8211; Big 5 Snake safari<\/a><\/li><li><a href=\"http:\/\/www.jordenrunt.nu\/resa\/afrika\/2016\/10\/01\/bli-volontar-i-byn-ugunja-i-kenya\/\">Bli volont\u00e4r i byn Ugunja i Kenya<\/a><\/li><li><a href=\"http:\/\/www.jordenrunt.nu\/resa\/afrika\/2016\/05\/03\/tanzania-guest-house-hjalper-foraldralosa-barn\/\">Guest House i Afrika hj\u00e4lper f\u00f6r\u00e4ldral\u00f6sa<\/a><\/li><li><a href=\"http:\/\/www.jordenrunt.nu\/resa\/afrika\/2016\/04\/01\/uganda-lat-batwafolket-guida-dig-i-djungeln\/\">Uganda &#8211; L\u00e5t batwafolket guida dig i djungeln<\/a><\/li><li><a href=\"http:\/\/www.jordenrunt.nu\/resa\/afrika\/2015\/11\/12\/volontartips-hjalp-foraldralosa-i-uganda\/\">Du kan hj\u00e4lpa f\u00f6r\u00e4ldral\u00f6sa i Uganda<\/a><\/li><li><a href=\"http:\/\/www.jordenrunt.nu\/resa\/afrika\/2015\/07\/14\/uganda-visumregler\/\">Uganda &#8211; Visumregler<\/a><\/li><li><a href=\"http:\/\/www.jordenrunt.nu\/resa\/afrika\/2015\/05\/19\/upplev-reptiler-pa-reptilby-i-uganda\/\">Upplev reptiler p\u00e5 reptilby i Uganda<\/a><\/li><li><a href=\"http:\/\/www.jordenrunt.nu\/resa\/afrika\/2015\/04\/22\/billigast-att-besoka-bergsgorillor-i-virunga-i-kongo\/\">Billigast gorillatrekk i Virunga i Kongo<\/a><\/li><li><a href=\"http:\/\/www.jordenrunt.nu\/resa\/afrika\/2015\/04\/21\/chockhojning-med-1-700-kr-for-att-se-bergsgorillor-i-rwanda\/\">Dyrast att bes\u00f6ka bergsgorillor Rwanda<\/a><\/li><li><a href=\"http:\/\/www.jordenrunt.nu\/resa\/afrika\/2015\/03\/29\/kampanj-150-dollar-rabatt-pa-gorillatrekk\/\">Uganda &#8211; 250 dollar rabatt p\u00e5 gorillatrekk<\/a><\/li><li><a href=\"http:\/\/www.jordenrunt.nu\/resa\/afrika\/2015\/02\/09\/kenya-tag-nairobi-till-mombasa\/\">Kenya \u2013 T\u00e5g mellan Nairobi och Mombasa<\/a><\/li><li><a href=\"http:\/\/www.jordenrunt.nu\/resa\/afrika\/2015\/01\/05\/kenya-visumregler\/\">Kenya &#8211; Visumregler<\/a><\/li><li><a href=\"http:\/\/www.jordenrunt.nu\/resa\/afrika\/2014\/12\/01\/bo-uppe-i-trad-i-uganda\/\">Bo uppe i tr\u00e4d i Uganda<\/a><\/li><li><a href=\"http:\/\/www.jordenrunt.nu\/resa\/afrika\/2014\/10\/07\/folkslag-i-kenya\/\">Folkslag i Kenya<\/a><\/li><li><a href=\"http:\/\/www.jordenrunt.nu\/resa\/afrika\/2014\/09\/26\/fem-spannande-sjoar-i-kenya\/\">Fem sp\u00e4nnande sj\u00f6ar i Kenya<\/a><\/li><li><a href=\"http:\/\/www.jordenrunt.nu\/resa\/afrika\/2014\/03\/22\/kenya-tag-nairobi-railway-museum\/\">Kenya \u2013 Nairobi Railway Museum<\/a><\/li><li><a href=\"http:\/\/www.jordenrunt.nu\/resa\/afrika\/2013\/09\/18\/tanzania-visumregler\/\">Tanzania &#8211; Visumregler<\/a><\/li><li><a href=\"http:\/\/www.jordenrunt.nu\/resa\/afrika\/2013\/09\/07\/kenya-giraffe-manor\/\">Spektakul\u00e4rt boende &#8211; Giraffe Manor Kenya<\/a><\/li><li><a href=\"http:\/\/www.jordenrunt.nu\/resa\/afrika\/2013\/06\/05\/kenya-turistpolis\/\">I n\u00f6dens stund &#8211; Turistpolisen i Kenya<\/a><\/li><\/ul><\/div><\/p>\n","protected":false},"excerpt":{"rendered":"<p>Varf&ouml;r inte njuta av en sp&auml;nnande safari i Tamzania, till exempel i Serengeti National Park eller nere i den kollapsade vulkankratern [&hellip;]<\/p>\n","protected":false},"author":1,"featured_media":0,"parent":0,"menu_order":0,"comment_status":"open","ping_status":"closed","template":"","meta":[],"_links":{"self":[{"href":"http:\/\/www.jordenrunt.nu\/resa\/wp-json\/wp\/v2\/pages\/39757"}],"collection":[{"href":"http:\/\/www.jordenrunt.nu\/resa\/wp-json\/wp\/v2\/pages"}],"about":[{"href":"http:\/\/www.jordenrunt.nu\/resa\/wp-json\/wp\/v2\/types\/page"}],"author":[{"embeddable":true,"href":"http:\/\/www.jordenrunt.nu\/resa\/wp-json\/wp\/v2\/users\/1"}],"replies":[{"embeddable":true,"href":"http:\/\/www.jordenrunt.nu\/resa\/wp-json\/wp\/v2\/comments?post=39757"}],"version-history":[{"count":4,"href":"http:\/\/www.jordenrunt.nu\/resa\/wp-json\/wp\/v2\/pages\/39757\/revisions"}],"predecessor-version":[{"id":43126,"href":"http:\/\/www.jordenrunt.nu\/resa\/wp-json\/wp\/v2\/pages\/39757\/revisions\/43126"}],"wp:attachment":[{"href":"http:\/\/www.jordenrunt.nu\/resa\/wp-json\/wp\/v2\/media?parent=39757"}],"curies":[{"name":"wp","href":"https:\/\/api.w.org\/{rel}","templated":true}]}}