{"id":39533,"date":"2019-12-13T08:49:38","date_gmt":"2019-12-13T06:49:38","guid":{"rendered":"http:\/\/www.jordenrunt.nu\/resa\/?page_id=39533"},"modified":"2019-12-13T12:09:03","modified_gmt":"2019-12-13T10:09:03","slug":"malaysia","status":"publish","type":"page","link":"http:\/\/www.jordenrunt.nu\/resa\/malaysia\/","title":{"rendered":"Malaysia &#8211; L\u00e4nktips och Reseplanering"},"content":{"rendered":"<p><img loading=\"lazy\" src=\"http:\/\/www.jordenrunt.nu\/resa\/wp-content\/uploads\/2009\/03\/malay-flagg-kart.gif\" width=\"500\" height=\"167\" border=\"0\"><\/p>\n<p>Malaysia &auml;r underbart att bes&ouml;ka, antingen ta sig runt p&aring; fastlandet eller ut till &ouml;ar som Penang, Tioman, Perhentian eller Langkawi. Dessutom finns s\u00e5 klart malaysias del av Borneo att bes&ouml;ka (Sabah och Sarawak). <\/p>\n<p>Jag har samlat ihop &ouml;ver 20 tips p&aring; bra sajter f&ouml;r att planera resan till Malaysia. <\/p>\n<p>Lycka till med reseplaneringen.<\/p>\n<p>Tourism Malaysia: <a href=\"https:\/\/www.malaysia.travel\/en\/se\" target=\"_blank\">www.malaysia.travel\/en\/se<\/A><br \/>\nMalaysia My Second Home: <a href=\"http:\/\/www.mm2h.gov.my\" target=\"_blank\">www.mm2h.gov.my<\/A><br \/>\nMalaysia Associations of Hotels: <a href=\"http:\/\/www.hotels.org.my\/members\" target=\"_blank\">www.hotels.org.my\/members<\/A><br \/>\nTourism Malaysia Image Gallery: <a href=\"https:\/\/imagegallery.tourism.gov.my\/fotoweb\/\" target=\"_blank\">imagegallery.tourism.gov.my\/fotoweb<\/A><br \/>\nTrain Malaysia (KTB): <a href=\"https:\/\/www.ktmb.com.my\/\" target=\"_blank\">www.ktmb.com.my<\/A><\/p>\n<p><font color=\"#AC0000\">Boka billigt boende i:<\/font color> <a href=\"http:\/\/www.reservations.bookhostels.com\/jordenrunt.nu\/findabed.php?ChosenCountry=Malaysia&#038;ChosenCity=Kuala%20lumpur\" target=\"_blank\"><u><font color=\"#AC0000\">Kuala Lumpur<\/font color><\/u><\/a> &nbsp;<a href=\"http:\/\/www.reservations.bookhostels.com\/jordenrunt.nu\/findabed.php?ChosenCountry=Malaysia&#038;ChosenCity=penang\" target=\"_blank\"><u><font color=\"#AC0000\">Penang<\/font color><\/u><\/a> &nbsp;<a href=\"http:\/\/jordenrunt.nu\/hotell\" target=\"_blank\"><u><font color=\"#AC0000\">fler platser i Malaysia<\/font color><\/u><\/a><\/p>\n<p>St&auml;der, delstater och nationalparker:<\/p>\n<p>Visit Kuala Lumpur: <a href=\"http:\/\/www.visitkl.gov.my\" target=\"_blank\">www.visitkl.gov.my<\/A><br \/>\nIconic Experience Kuala Lumpur: <a href=\"http:\/\/myiconic.klcc.com.my\" target=\"_blank\">myiconic.klcc.com.my<\/A><br \/>\nKuala Lumpur International Airport: <a href=\"https:\/\/airports.malaysiaairports.com.my\" target=\"_blank\">airports.malaysiaairports.com.my<\/A><\/p>\n<p><a href=\"http:\/\/media.reseguiden.se\/cgi-bin\/rg\/acq_air.cgi?city_code_dest=KUL&#038;city_name_dest=Kuala+Lumpur&#038;event=destination&#038;site=jordenrunt\" target=\"_blank\"><u><font color=\"#AC0000\">Hitta ett riktigt billigt flyg till Kuala Lumpur<\/font color><\/u><\/a><\/p>\n<p>Natural Langkawi: <a href=\"http:\/\/www.naturallylangkawi.my\/EN\/Home\" target=\"_blank\">www.naturallylangkawi.my<\/A><br \/>\nTourism Johor: <a href=\"https:\/\/tourismjohor.my\/\" target=\"_blank\">tourismjohor.my<\/A><br \/>\nJohor National Parks: <a href=\"http:\/\/johorparks.blogspot.se\/p\/parks.html\" target=\"_blank\">johorparks.blogspot.se\/p\/parks.html<\/A><br \/>\nTourism Melaka: <a href=\"https:\/\/tourismmelaka.com\/\" target=\"_blank\">tourismmelaka.com<\/A><br \/>\nPahang Tourism: <a href=\"http:\/\/www.pahangtourism.org.my\" target=\"_blank\">www.pahangtourism.org.my<\/A><br \/>\nPenang Global Tourism: <a href=\"https:\/\/mypenang.gov.my\/\" target=\"_blank\">mypenang.gov.my<\/A><br \/>\nPenang International Airport: <a href=\"https:\/\/airports.malaysiaairports.com.my\/penang\" target=\"_blank\">airports.malaysiaairports.com.my\/penang<\/A><br \/>\nTourism Perak: <a href=\"hhttp:\/\/www.tourismperakmalaysia.com\/\" target=\"_blank\">www.tourismperakmalaysia.com<\/A><br \/>\nSabah Tourist Board: <a href=\"http:\/\/www.sabahtourism.com\" target=\"_blank\">www.sabahtourism.com<\/A><br \/>\nSabah National Parks: <a href=\"http:\/\/www.sabahparks.org.my\" target=\"_blank\">www.sabahparks.org.my<\/A><br \/>\nKota Kinabalu International Airport: <a href=\"https:\/\/airports.malaysiaairports.com.my\/kota-kinabalu\" target=\"_blank\">airports.malaysiaairports.com.my\/kota-kinabalu<\/A><br \/>\nSarawak Tourist Board: <a href=\"http:\/\/www.sarawaktourism.com\" target=\"_blank\">www.sarawaktourism.com<\/A><br \/>\nMulu World Heritage Area (Sarawak): <a href=\"http:\/\/mulupark.com\" target=\"_blank\">mulupark.com<\/A><br \/>\nSarawak National Parks:<br \/>\n<a href=\"https:\/\/www.sarawakforestry.com\/national-parks-nature-reserves\/\" target=\"_blank\">www.sarawakforestry.com\/national-parks-nature-reserves<\/A><br \/>\nKuching International Airport: <a href=\"https:\/\/airports.malaysiaairports.com.my\/kuching\" target=\"_blank\">airports.malaysiaairports.com.my\/kuching<\/A><br \/>\nSelangor Tourism: <a href=\"http:\/\/www.tourismselangor.my\" target=\"_blank\">www.tourismselangor.my<\/A><br \/>\nTerengganu Tourism: <a href=\"https:\/\/www.beautifulterengganu.com\/\" target=\"_blank\">www.beautifulterengganu.com\/<\/A><\/p>\n<p>[google-map-sc zoom=&#8221;5&#8243;]<\/p>\n<p>&nbsp;<br \/>\nJordenrunt.nu har fler restips om Malaysia:<br \/>\n<div class=\"rpfc-container\"><ul><li><a href=\"http:\/\/www.jordenrunt.nu\/resa\/asien\/2021\/12\/13\/heritage-trails-pa-malaysia\/\">Heritage trails i Malaysia<\/a><\/li><li><a href=\"http:\/\/www.jordenrunt.nu\/resa\/asien\/2019\/12\/13\/turistsajter-malaysia\/\">Turistsajter Malaysia<\/a><\/li><li><a href=\"http:\/\/www.jordenrunt.nu\/resa\/asien\/2019\/06\/10\/malaysia-tva-populara-nationalparker-pa-borneo\/\">Uppt\u00e4ck tv\u00e5 nationalparker i Sarawak (Borneo)<\/a><\/li><li><a href=\"http:\/\/www.jordenrunt.nu\/resa\/asien\/2018\/10\/26\/malaysia-gratis-museum-i-kl\/\">Malaysia &#8211; Gratis p\u00e5 telefonmuseum i KL<\/a><\/li><li><a href=\"http:\/\/www.jordenrunt.nu\/resa\/asien\/2018\/07\/29\/malaysia-visumregler\/\">Malaysia &#8211; Visumregler<\/a><\/li><li><a href=\"http:\/\/www.jordenrunt.nu\/resa\/asien\/2018\/06\/01\/perhentian-den-lilla-och-stora-stopover-on-i-malaysia\/\">Lilla och stora Perhentian i Malaysia<\/a><\/li><li><a href=\"http:\/\/www.jordenrunt.nu\/resa\/asien\/2018\/05\/23\/batu-puteh-eko-borneo\/\">Borneo &#8211; Batu Puteh ekoturismprojekt<\/a><\/li><li><a href=\"http:\/\/www.jordenrunt.nu\/resa\/asien\/2017\/01\/26\/malaysia-gratis-att-besoka-royal-selangor-pewter\/\">Malaysia &#8211; Gratis &#8211; Royal Selangor Pewter<\/a><\/li><li><a href=\"http:\/\/www.jordenrunt.nu\/resa\/asien\/2016\/12\/24\/malaysia-sola-bada-snorkla-dyk-eller-klattra-pa-tioman\/\">Malaysia &#8211; Sol, bad, dyk eller trekking p\u00e5 Tioman<\/a><\/li><li><a href=\"http:\/\/www.jordenrunt.nu\/resa\/asien\/2016\/02\/18\/malaysia-borneo-tag-sabah-state-railway-department\/\">Malaysia &#8211; Ta t\u00e5get p\u00e5 Borneo<\/a><\/li><li><a href=\"http:\/\/www.jordenrunt.nu\/resa\/asien\/2015\/12\/10\/malaysia-tag-keretapi-tanah-melayu-berhad\/\">Ta t\u00e5get genom Malaysia<\/a><\/li><li><a href=\"http:\/\/www.jordenrunt.nu\/resa\/asien\/2015\/08\/19\/orangutangens-dag\/\">Orangutangens dag &#8211; 19 augusti \u00e5rligen<\/a><\/li><li><a href=\"http:\/\/www.jordenrunt.nu\/resa\/asien\/2014\/11\/15\/malaysia-tamannegara\/\">Asien &#8211; Malaysia &#8211; Taman Negara<\/a><\/li><li><a href=\"http:\/\/www.jordenrunt.nu\/resa\/asien\/2014\/06\/04\/tambunan-village-homestay-borneo\/\">Malaysia &#8211; Borneo &#8211; Tambunan Village Homestay<\/a><\/li><li><a href=\"http:\/\/www.jordenrunt.nu\/resa\/asien\/2014\/03\/05\/lasartips-malaysia-bada-inte-i-penang\/\">L\u00e4sartips Malaysia &#8211; Bada inte i Penang<\/a><\/li><li><a href=\"http:\/\/www.jordenrunt.nu\/resa\/asien\/2013\/11\/11\/malaysia-kalasa-pa-farska-jordgubbar\/\">Malaysia &#8211; Festa p\u00e5 f\u00e4rska jordgubbar<\/a><\/li><li><a href=\"http:\/\/www.jordenrunt.nu\/resa\/asien\/2013\/07\/30\/ny-app-guidar-till-malaysia\/\">Ny app guidar till Malaysia<\/a><\/li><li><a href=\"http:\/\/www.jordenrunt.nu\/resa\/asien\/2013\/06\/12\/appa-dig-fram-pa-borneo\/\">Appa dig fram p\u00e5 Borneo<\/a><\/li><li><a href=\"http:\/\/www.jordenrunt.nu\/resa\/asien\/2013\/05\/03\/asien-malaysia-mount-kinabalu\/\">Asien &#8211; Malaysia &#8211; Mount Kinabalu<\/a><\/li><li><a href=\"http:\/\/www.jordenrunt.nu\/resa\/asien\/2013\/02\/28\/malaysia-fagelfestival-pa-borneo\/\">Malaysia &#8211; F\u00e5gelfestival p\u00e5 Borneo<\/a><\/li><\/ul><\/div><\/p>\n<p>Restips fr&aring;n l&auml;nder i Sydostasien:<br \/>\n<div class=\"rpfc-container\"><ul><li><a href=\"http:\/\/www.jordenrunt.nu\/resa\/asien\/2023\/04\/30\/singapore-turistsajt-och-nationalparkssajt\/\">Singapore &#8211; Turistsajter<\/a><\/li><li><a href=\"http:\/\/www.jordenrunt.nu\/resa\/asien\/2021\/12\/13\/heritage-trails-pa-malaysia\/\">Heritage trails i Malaysia<\/a><\/li><li><a href=\"http:\/\/www.jordenrunt.nu\/resa\/asien\/2021\/06\/09\/raja-ampat-coral-reef-indonesien\/\">Raja Ampat coral reef \u2013 Indonesien \u2013 Asien<\/a><\/li><li><a href=\"http:\/\/www.jordenrunt.nu\/resa\/asien\/2021\/06\/07\/turism-och-ekoturismsajter-i-kambodja\/\">Turism- och ekoturismsajter i Kambodja<\/a><\/li><li><a href=\"http:\/\/www.jordenrunt.nu\/resa\/asien\/2021\/06\/03\/upptack-laos-grottor\/\">Uppt\u00e4ck Laos grottprovins<\/a><\/li><li><a href=\"http:\/\/www.jordenrunt.nu\/resa\/asien\/2021\/04\/02\/indonesien-ordbok-online\/\">Roberts lilla indonesiska ordlista<\/a><\/li><li><a href=\"http:\/\/www.jordenrunt.nu\/resa\/asien\/2020\/01\/08\/besok-museum-om-landminor-i-kambodja\/\">Museum om landminor i Kambodja<\/a><\/li><li><a href=\"http:\/\/www.jordenrunt.nu\/resa\/asien\/2019\/12\/13\/turistsajter-malaysia\/\">Turistsajter Malaysia<\/a><\/li><li><a href=\"http:\/\/www.jordenrunt.nu\/resa\/asien\/2019\/07\/22\/kambodja-angkor-wat\/\">Asien &#8211; Kambodja &#8211; Angkor Wat<\/a><\/li><li><a href=\"http:\/\/www.jordenrunt.nu\/resa\/asien\/2019\/07\/09\/trecka-i-laos-och-gynna-lokalbefolkningen\/\">Trecka i Laos och gynna lokalbefolkningen<\/a><\/li><li><a href=\"http:\/\/www.jordenrunt.nu\/resa\/asien\/2019\/06\/10\/malaysia-tva-populara-nationalparker-pa-borneo\/\">Uppt\u00e4ck tv\u00e5 nationalparker i Sarawak (Borneo)<\/a><\/li><li><a href=\"http:\/\/www.jordenrunt.nu\/resa\/asien\/2019\/05\/04\/gratis-pa-flottans-museum-i-singapore\/\">Gratis p\u00e5 flottans museum i Singapore<\/a><\/li><li><a href=\"http:\/\/www.jordenrunt.nu\/resa\/asien\/2019\/02\/25\/gratis-intrade-pa-flygvapnets-museum-i-singapore\/\">Singapore &#8211; Gratis p\u00e5 Flygvapnets museum<\/a><\/li><li><a href=\"http:\/\/www.jordenrunt.nu\/resa\/asien\/2019\/01\/31\/thailand-museum-om-piratkopior-i-bangkok\/\">Thailand &#8211; Museum om piratkopior i Bangkok<\/a><\/li><li><a href=\"http:\/\/www.jordenrunt.nu\/resa\/asien\/2019\/01\/25\/thailand-klimatkarta-med-temperatur-och-regn\/\">Thailand &#8211; Klimatkarta med temperatur och regn<\/a><\/li><li><a href=\"http:\/\/www.jordenrunt.nu\/resa\/asien\/2019\/01\/04\/indonesien-bankmuseum-med-gratis-intrade\/\">Indonesien &#8211; Gratis bankmuseum i Jakarta<\/a><\/li><li><a href=\"http:\/\/www.jordenrunt.nu\/resa\/asien\/2018\/12\/17\/bo-ekovanligt-pa-ecolodges-i-indonesien\/\">Bo ekov\u00e4nligt p\u00e5 ecolodges i Indonesien<\/a><\/li><li><a href=\"http:\/\/www.jordenrunt.nu\/resa\/asien\/2018\/11\/09\/tubbataha-reef\/\">Tubbataha Reefs Natural Park \u2013 Filippinerna<\/a><\/li><li><a href=\"http:\/\/www.jordenrunt.nu\/resa\/asien\/2018\/10\/26\/malaysia-gratis-museum-i-kl\/\">Malaysia &#8211; Gratis p\u00e5 telefonmuseum i KL<\/a><\/li><li><a href=\"http:\/\/www.jordenrunt.nu\/resa\/asien\/2018\/09\/19\/thailand-makabert-museum-pa-sjukhus-i-bangkok\/\">Thailand &#8211; Makabert museum p\u00e5 sjukhus i Bangkok<\/a><\/li><li><a href=\"http:\/\/www.jordenrunt.nu\/resa\/asien\/2018\/08\/29\/kambodja-bo-och-stod-skola-i-phnom-phen\/\">Kambodja &#8211; Bo och st\u00f6d skola i Phnom Phen<\/a><\/li><li><a href=\"http:\/\/www.jordenrunt.nu\/resa\/asien\/2018\/07\/29\/malaysia-visumregler\/\">Malaysia &#8211; Visumregler<\/a><\/li><li><a href=\"http:\/\/www.jordenrunt.nu\/resa\/asien\/2018\/07\/28\/indonesien-visumregler\/\">Visumregler f\u00f6r Indonesien<\/a><\/li><li><a href=\"http:\/\/www.jordenrunt.nu\/resa\/asien\/2018\/07\/11\/vietnam-bo-hos-familj-i-fiskeby\/\">Vietnam &#8211; Bo hos familj i fiskeby<\/a><\/li><li><a href=\"http:\/\/www.jordenrunt.nu\/resa\/asien\/2018\/06\/18\/singapore-heritage-trails\/\">Singapore Heritage Trails<\/a><\/li><li><a href=\"http:\/\/www.jordenrunt.nu\/resa\/asien\/2018\/06\/01\/perhentian-den-lilla-och-stora-stopover-on-i-malaysia\/\">Lilla och stora Perhentian i Malaysia<\/a><\/li><li><a href=\"http:\/\/www.jordenrunt.nu\/resa\/asien\/2018\/05\/23\/batu-puteh-eko-borneo\/\">Borneo &#8211; Batu Puteh ekoturismprojekt<\/a><\/li><li><a href=\"http:\/\/www.jordenrunt.nu\/resa\/asien\/2018\/04\/27\/vietnam-upptack-nationalparken-cat-tien\/\">Vietnam &#8211; Uppt\u00e4ck nationalparken Cat Tien<\/a><\/li><li><a href=\"http:\/\/www.jordenrunt.nu\/resa\/asien\/2018\/04\/20\/vietnam-officiella-turistsajter\/\">Vietnam &#8211; Officiella turistsajter<\/a><\/li><li><a href=\"http:\/\/www.jordenrunt.nu\/resa\/asien\/2018\/03\/23\/indonesien-turistsajter\/\">Indonesien turistsajter<\/a><\/li><li><a href=\"http:\/\/www.jordenrunt.nu\/resa\/asien\/2018\/01\/15\/gratis-museum-om-singapore-under-andra-varldskriget\/\">Singapore &#8211; Gratis v\u00e4rldskrigsmuseum<\/a><\/li><li><a href=\"http:\/\/www.jordenrunt.nu\/resa\/asien\/2017\/11\/24\/volontartips-i-laos\/\">Laos &#8211; Gynna lokalbefolkningen i Vang Vieng<\/a><\/li><li><a href=\"http:\/\/www.jordenrunt.nu\/resa\/asien\/2017\/11\/01\/bo-och-gynna-barn-i-sodra-thailand\/\">Bo och gynna barn i s\u00f6dra Thailand<\/a><\/li><li><a href=\"http:\/\/www.jordenrunt.nu\/resa\/asien\/2017\/10\/19\/kambodja-bli-volontar-pa-landmine-museet\/\">Kambodja &#8211; Volont\u00e4r p\u00e5 landminemuseet<\/a><\/li><li><a href=\"http:\/\/www.jordenrunt.nu\/resa\/asien\/2017\/09\/04\/indonesien-gratis-guidning-i-nationalmuseum\/\">Indonesien &#8211; Gratis tur i nationalmuseum<\/a><\/li><li><a href=\"http:\/\/www.jordenrunt.nu\/resa\/asien\/2017\/04\/03\/kambodja-ekovanliga-guidade-fagelutflykter\/\">Kambodja &#8211; Ekov\u00e4nliga guidade f\u00e5gelutflykter<\/a><\/li><li><a href=\"http:\/\/www.jordenrunt.nu\/resa\/asien\/2017\/02\/17\/gratis-sjukhusmuseum-i-singapore\/\">Gratis sjukhusmuseum i Singapore<\/a><\/li><li><a href=\"http:\/\/www.jordenrunt.nu\/resa\/asien\/2017\/01\/26\/malaysia-gratis-att-besoka-royal-selangor-pewter\/\">Malaysia &#8211; Gratis &#8211; Royal Selangor Pewter<\/a><\/li><li><a href=\"http:\/\/www.jordenrunt.nu\/resa\/asien\/2016\/12\/24\/malaysia-sola-bada-snorkla-dyk-eller-klattra-pa-tioman\/\">Malaysia &#8211; Sol, bad, dyk eller trekking p\u00e5 Tioman<\/a><\/li><li><a href=\"http:\/\/www.jordenrunt.nu\/resa\/asien\/2016\/09\/16\/spannande-ekoturismutfarder-i-ostra-indonesien\/\">Papua &#8211; Indonesien &#8211; Eko-f\u00e5gelutflykter<\/a><\/li><li><a href=\"http:\/\/www.jordenrunt.nu\/resa\/asien\/2016\/07\/15\/bli-volontar-och-lar-studenter-i-kambodja-engelska\/\">Volont\u00e4rer l\u00e4r studenter i Kambodja engelska<\/a><\/li><li><a href=\"http:\/\/www.jordenrunt.nu\/resa\/asien\/2016\/06\/26\/laos-visumregler\/\">Laos &#8211; Visumregler<\/a><\/li><li><a href=\"http:\/\/www.jordenrunt.nu\/resa\/asien\/2016\/06\/24\/volontar-i-skolor-i-nordostra-thailand\/\">Volont\u00e4r i skolor i nord\u00f6stra Thailand<\/a><\/li><li><a href=\"http:\/\/www.jordenrunt.nu\/resa\/asien\/2016\/05\/04\/bo-och-gynna-akha-hill-tribe-guest-house-i-norra-thailand\/\">Thailand &#8211; Bo, trekka eller volont\u00e4r i bergsbyn Akha<\/a><\/li><li><a href=\"http:\/\/www.jordenrunt.nu\/resa\/asien\/2016\/05\/02\/filippinerna-guest-house-hjalper-barn\/\">Filippinerna &#8211; Guest House hj\u00e4lper barn<\/a><\/li><li><a href=\"http:\/\/www.jordenrunt.nu\/resa\/asien\/2016\/03\/21\/vietnam-tag-duong-sat-viet-nam\/\">Vietnam \u2013 T\u00e5g &#8211; Duong Sat Viet Nam<\/a><\/li><li><a href=\"http:\/\/www.jordenrunt.nu\/resa\/asien\/2016\/02\/18\/malaysia-borneo-tag-sabah-state-railway-department\/\">Malaysia &#8211; Ta t\u00e5get p\u00e5 Borneo<\/a><\/li><li><a href=\"http:\/\/www.jordenrunt.nu\/resa\/asien\/2015\/12\/11\/indonesien-tag\/\">Ta t\u00e5get i Indonesien<\/a><\/li><li><a href=\"http:\/\/www.jordenrunt.nu\/resa\/asien\/2015\/12\/10\/malaysia-tag-keretapi-tanah-melayu-berhad\/\">Ta t\u00e5get genom Malaysia<\/a><\/li><li><a href=\"http:\/\/www.jordenrunt.nu\/resa\/asien\/2015\/09\/30\/tips-pa-guidebocker-for-thailand\/\">Tips p\u00e5 guideb\u00f6cker f\u00f6r Thailand<\/a><\/li><li><a href=\"http:\/\/www.jordenrunt.nu\/resa\/asien\/2015\/08\/24\/thailand-bo-hos-familj-lisu-hill-tribe\/\">Thailand &#8211; Bo hos familj &#8211; Lisu Hill Tribe<\/a><\/li><li><a href=\"http:\/\/www.jordenrunt.nu\/resa\/asien\/2015\/05\/04\/gratis-pa-konstmuseum-i-singapore\/\">Gratis p\u00e5 konstmuseum i Singapore<\/a><\/li><li><a href=\"http:\/\/www.jordenrunt.nu\/resa\/asien\/2015\/05\/01\/aka-tag-pa-filippinerna\/\">\u00c5ka t\u00e5g p\u00e5 Filippinerna<\/a><\/li><li><a href=\"http:\/\/www.jordenrunt.nu\/resa\/asien\/2015\/04\/21\/kambodja-visumregler\/\">Kambodja &#8211; Visumregler<\/a><\/li><li><a href=\"http:\/\/www.jordenrunt.nu\/resa\/asien\/2015\/03\/12\/thailand-songkran-varldens-blotaste-vattenfest\/\">Thailand &#8211; Songkran \u2013 Genombl\u00f6t vattenfest<\/a><\/li><li><a href=\"http:\/\/www.jordenrunt.nu\/resa\/asien\/2015\/02\/12\/thailand-stor-inomhuslekplats-i-bangkok\/\">Thailand &#8211; Stor inomhuslekplats i Bangkok<\/a><\/li><li><a href=\"http:\/\/www.jordenrunt.nu\/resa\/asien\/2015\/01\/16\/thailand-gratis-pa-flottans-museum\/\">Thailand &#8211; Gratis p\u00e5 flottans museum<\/a><\/li><li><a href=\"http:\/\/www.jordenrunt.nu\/resa\/asien\/2014\/11\/28\/bo-i-jattelik-stubbe-i-vietnam\/\">Bo i j\u00e4tte-stubbe i Vietnam<\/a><\/li><li><a href=\"http:\/\/www.jordenrunt.nu\/resa\/asien\/2014\/11\/26\/laos-officiella-turistsajter\/\">Laos &#8211; Officiella turistsajter<\/a><\/li><li><a href=\"http:\/\/www.jordenrunt.nu\/resa\/asien\/2014\/11\/15\/malaysia-tamannegara\/\">Asien &#8211; Malaysia &#8211; Taman Negara<\/a><\/li><li><a href=\"http:\/\/www.jordenrunt.nu\/resa\/asien\/2014\/11\/11\/bo-gront-i-thailand\/\">Bo gr\u00f6nt i Thailand<\/a><\/li><li><a href=\"http:\/\/www.jordenrunt.nu\/resa\/asien\/2014\/11\/10\/asien-thailand-bangkok-chatuchak-market\/\">Thailand &#8211; Bangkok Chatuchak Market<\/a><\/li><li><a href=\"http:\/\/www.jordenrunt.nu\/resa\/asien\/2014\/10\/10\/visumregler-for-vietnam\/\">Vietnam &#8211; Visumregler<\/a><\/li><li><a href=\"http:\/\/www.jordenrunt.nu\/resa\/asien\/2014\/10\/10\/volontar-pa-skolor-i-kambodja\/\">Volont\u00e4r p\u00e5 skolor i Kambodja<\/a><\/li><li><a href=\"http:\/\/www.jordenrunt.nu\/resa\/asien\/2014\/09\/23\/lanktips-turistsajter-for-filippinerna\/\">L\u00e4nktips turistsajter f\u00f6r Filippinerna<\/a><\/li><li><a href=\"http:\/\/www.jordenrunt.nu\/resa\/asien\/2014\/09\/12\/thailand-vinst-fran-guest-house-i-chiang-mai-gar-till-barnhem\/\">Thailand &#8211; Guest House driver barnhem<\/a><\/li><li><a href=\"http:\/\/www.jordenrunt.nu\/resa\/asien\/2014\/06\/26\/kambodja-bo-och-at-och-hjalp-utsatta-kvinnor\/\">Kambodja &#8211; Bo och \u00e4t och du hj\u00e4lper utsatta kvinnor<\/a><\/li><li><a href=\"http:\/\/www.jordenrunt.nu\/resa\/asien\/2014\/06\/25\/kambodja-ekoturism-i-ksach-poy-som-hjalper\/\">Kambodja &#8211; Ekoturism i Ksach Poy som hj\u00e4lper<\/a><\/li><li><a href=\"http:\/\/www.jordenrunt.nu\/resa\/asien\/2014\/06\/24\/vietnam-sapa-backpackers-hjalper-gatubarn\/\">Vietnam &#8211; Sapa Backpackers hj\u00e4lper gatubarn<\/a><\/li><li><a href=\"http:\/\/www.jordenrunt.nu\/resa\/asien\/2014\/06\/07\/vietnam-fika-ta-en-ol-eller-at-i-hanoi-och-stod-gatubarn\/\">Vietnam &#8211; \u00c4t p\u00e5 restaurang och st\u00f6d gatubarn<\/a><\/li><li><a href=\"http:\/\/www.jordenrunt.nu\/resa\/asien\/2014\/06\/04\/tambunan-village-homestay-borneo\/\">Malaysia &#8211; Borneo &#8211; Tambunan Village Homestay<\/a><\/li><li><a href=\"http:\/\/www.jordenrunt.nu\/resa\/asien\/2014\/05\/06\/singapore-bo-hos-betel-box-och-fa-gratis-rundturer\/\">Singapore &#8211; Gratis stadsrundturer om du bor hos Betel Box<\/a><\/li><li><a href=\"http:\/\/www.jordenrunt.nu\/resa\/asien\/2014\/04\/30\/thailand-bangkok-wat-saket-the-golden-mountain\/\">Thailand &#8211; Bangkok &#8211; Wat Saket (Golden Mountain)<\/a><\/li><li><a href=\"http:\/\/www.jordenrunt.nu\/resa\/asien\/2014\/04\/09\/gratis-guidebok-72-timmar-thailand\/\">Gratis &#8211; 72-timmars guidebok f\u00f6r Thailand<\/a><\/li><li><a href=\"http:\/\/www.jordenrunt.nu\/resa\/asien\/2014\/04\/01\/svarta-listan-i-singapore\/\">Svarta listan i Singapore<\/a><\/li><li><a href=\"http:\/\/www.jordenrunt.nu\/resa\/asien\/2014\/03\/11\/indonesien-gratis-bussrundtur-i-jakarta\/\">Indonesien &#8211; Gratis bussrundtur i Jakarta<\/a><\/li><li><a href=\"http:\/\/www.jordenrunt.nu\/resa\/asien\/2014\/03\/05\/lasartips-malaysia-bada-inte-i-penang\/\">L\u00e4sartips Malaysia &#8211; Bada inte i Penang<\/a><\/li><li><a href=\"http:\/\/www.jordenrunt.nu\/resa\/asien\/2014\/01\/18\/besok-tagmuseum-i-indonesien\/\">Bes\u00f6k t\u00e5gmuseer i Indonesien<\/a><\/li><li><a href=\"http:\/\/www.jordenrunt.nu\/resa\/asien\/2013\/12\/31\/transport-till-och-fran-flygplatser-i-vietnam\/\">Transport till och fr\u00e5n flygplatser i Vietnam<\/a><\/li><li><a href=\"http:\/\/www.jordenrunt.nu\/resa\/asien\/2013\/12\/28\/gratis-intrade-pa-bank-of-thailand-museum\/\">Gratis p\u00e5 Bank of Thailand Museum<\/a><\/li><li><a href=\"http:\/\/www.jordenrunt.nu\/resa\/asien\/2013\/11\/11\/malaysia-kalasa-pa-farska-jordgubbar\/\">Malaysia &#8211; Festa p\u00e5 f\u00e4rska jordgubbar<\/a><\/li><li><a href=\"http:\/\/www.jordenrunt.nu\/resa\/asien\/2013\/10\/26\/simma-200-meter-ovan-singapore\/\">Utsikt 200 meter ovan Singapore<\/a><\/li><li><a href=\"http:\/\/www.jordenrunt.nu\/resa\/asien\/2013\/09\/23\/vietnam-halva-priset-pa-musikupptradanden-i-hue\/\">Vietnam &#8211; Halva priset p\u00e5 musikupptr\u00e4danden i Hue<\/a><\/li><li><a href=\"http:\/\/www.jordenrunt.nu\/resa\/asien\/2013\/09\/14\/nytt-gemensamt-visum-for-thailand-och-kambodja\/\">Gemensamt visum f\u00f6r Thailand och Kambodja<\/a><\/li><li><a href=\"http:\/\/www.jordenrunt.nu\/resa\/asien\/2013\/08\/31\/kambodja-sla-en-golfboll-genom-angkor-wat\/\">Kambodja &#8211; Sl\u00e5 en golfboll genom Angkor Wat<\/a><\/li><\/ul><\/div><\/p>\n","protected":false},"excerpt":{"rendered":"<p>Malaysia &auml;r underbart att bes&ouml;ka, antingen ta sig runt p&aring; fastlandet eller ut till &ouml;ar som Penang, Tioman, Perhentian eller Langkawi. [&hellip;]<\/p>\n","protected":false},"author":1,"featured_media":0,"parent":0,"menu_order":0,"comment_status":"open","ping_status":"closed","template":"","meta":[],"_links":{"self":[{"href":"http:\/\/www.jordenrunt.nu\/resa\/wp-json\/wp\/v2\/pages\/39533"}],"collection":[{"href":"http:\/\/www.jordenrunt.nu\/resa\/wp-json\/wp\/v2\/pages"}],"about":[{"href":"http:\/\/www.jordenrunt.nu\/resa\/wp-json\/wp\/v2\/types\/page"}],"author":[{"embeddable":true,"href":"http:\/\/www.jordenrunt.nu\/resa\/wp-json\/wp\/v2\/users\/1"}],"replies":[{"embeddable":true,"href":"http:\/\/www.jordenrunt.nu\/resa\/wp-json\/wp\/v2\/comments?post=39533"}],"version-history":[{"count":3,"href":"http:\/\/www.jordenrunt.nu\/resa\/wp-json\/wp\/v2\/pages\/39533\/revisions"}],"predecessor-version":[{"id":44425,"href":"http:\/\/www.jordenrunt.nu\/resa\/wp-json\/wp\/v2\/pages\/39533\/revisions\/44425"}],"wp:attachment":[{"href":"http:\/\/www.jordenrunt.nu\/resa\/wp-json\/wp\/v2\/media?parent=39533"}],"curies":[{"name":"wp","href":"https:\/\/api.w.org\/{rel}","templated":true}]}}