{"id":39290,"date":"2021-10-22T12:13:06","date_gmt":"2021-10-22T10:13:06","guid":{"rendered":"http:\/\/www.jordenrunt.nu\/resa\/?page_id=39290"},"modified":"2021-10-22T13:22:18","modified_gmt":"2021-10-22T11:22:18","slug":"london","status":"publish","type":"page","link":"http:\/\/www.jordenrunt.nu\/resa\/london\/","title":{"rendered":"Allt om London &#8211; Reseplanering och restips"},"content":{"rendered":"<p><img src=\"http:\/\/www.jordenrunt.nu\/london\/bilder\/london_fakta_buss.jpg\" width=500 height=309 border=1><\/p>\n<p>London &auml;r en tung stad att bes&ouml;ka. Ge dig exempelvis ge dig ut p&aring; en stadsvandring eller ta en rundtur genom staden sittandes uppe i en dubbeld&auml;ckad buss och kika ned p&aring; stadens gator.<\/p>\n<p>Jag har har samlat ihop nyttiga l&auml;nkar till sajter som kan hj&auml;lpa dig att planera ditt bes&ouml;k i London. <\/p>\n<p>Lycka till med reseplaneringen!<\/p>\n<p>London &#038; Partners: <a href=\"https:\/\/www.visitlondon.com\/\" target=\"_blank\" rel=\"noopener\">www.visitlondon.com<\/a><br \/>\nVisit Londons officiella app: <a href=\"https:\/\/www.visitlondon.com\/london-app\" target=\"_blank\" rel=\"noopener\">www.visitlondon.com\/london-app<\/a><br \/>\nLadda hem Londonkartor gratis (tunnelbanekarta, busskarta, vandringskarta, stadskarta, cykelkarta m.m.):<br \/>\n<a href=\"https:\/\/www.visitlondon.com\/traveller-information\/getting-around-london\/london-maps-and-guides\/free-london-travel-maps\" target=\"_blank\" rel=\"noopener\">visitlondon.com\/traveller-information\/getting-around-london\/london-maps-and-guides\/free-london-travel-maps<\/a><\/p>\n<p>Visit England: <a href=\"https:\/\/www.visitengland.com\/things-to-do\/london\" target=\"_blank\" rel=\"noopener\">www.visitengland.com\/things-to-do\/london<\/a><br \/>\nVisit Britain: <a href=\"https:\/\/www.visitbritain.com\/gb\/en\/england\/london\" target=\"_blank\" rel=\"noopener\">www.visitbritain.com\/gb\/en\/england\/london<\/a><\/p>\n<p>City of London (Londons innersta cityk\u00e4rna): <a href=\"https:\/\/www.cityoflondon.gov.uk\/things-to-do\" target=\"_blank\" rel=\"noopener\">www.cityoflondon.gov.uk\/things-to-do<\/a><br \/>\nStadsdelen Tower Hamlets: <a href=\"https:\/\/www.towerhamlets.gov.uk\/lgnl\/leisure_and_culture\/local_attractions\/local_attractions.aspx\" target=\"_blank\" rel=\"noopener\">www.towerhamlets.gov.uk\/lgnl\/leisure_and_culture\/local_attractions\/local_attractions.aspx<\/a><br \/>\nStadsdelen Greenwich: <a href=\"https:\/\/www.royalgreenwich.gov.uk\/info\/200223\/parks_leisure_and_culture\" target=\"_blank\" rel=\"noopener\">www.royalgreenwich.gov.uk\/info\/200223\/parks_leisure_and_culture<\/a><br \/>\nVandra i parker i stadsdelen Southwark: <a href=\"https:\/\/www.southwark.gov.uk\/parks-and-open-spaces\/parks-information\/park-trails\" target=\"_blank\" rel=\"noopener\">www.southwark.gov.uk\/parks-and-open-spaces\/parks-information\/park-trails<\/a><\/p>\n<p>Tips p\u00e5 museer med gratis intr\u00e4de:<br \/>\nBritish Museum: <a href=\"https:\/\/www.britishmuseum.org\/visit\" target=\"_blank\" rel=\"noopener\">www.britishmuseum.org\/visit<\/a><br \/>\nMuseum of London: <a href=\"https:\/\/www.museumoflondon.org.uk\/museum-london\/plan-your-visit\" target=\"_blank\" rel=\"noopener\">www.museumoflondon.org.uk\/museum-london\/plan-your-visit<\/a><br \/>\nWellcome Collection: <a href=\"https:\/\/wellcomecollection.org\/visit-us\" target=\"_blank\" rel=\"noopener\">wellcomecollection.org\/visit-us<\/a><br \/>\nNational Gallery: <a href=\"https:\/\/www.nationalgallery.org.uk\/visiting\/plan-your-visit\" target=\"_blank\" rel=\"noopener\">www.nationalgallery.org.uk\/visiting\/plan-your-visit<\/a><\/p>\n<p>Fler tips p\u00e5 gratis museer i London:<br \/>\n<a href=\"https:\/\/www.visitlondon.com\/things-to-do\/sightseeing\/london-attraction\/museum\/free-museums-in-london\" target=\"_blank\" rel=\"noopener\">www.visitlondon.com\/things-to-do\/sightseeing\/london-attraction\/museum\/free-museums-in-london<\/a><\/p>\n<p>Transport (tunnelbana &#038; bussar): <a href=\"https:\/\/tfl.gov.uk\/travel-information\/visiting-london\/\" target=\"_blank\" rel=\"noopener\">tfl.gov.uk\/travel-information\/visiting-london\/<\/a><br \/>\nSantander Cycles bike-sharing: <a href=\"https:\/\/tfl.gov.uk\/modes\/cycling\/santander-cycles?intcmp=2295\" target=\"_blank\" rel=\"noopener\">tfl.gov.uk\/modes\/cycling\/santander-cycles?intcmp=2295<\/a><\/p>\n<p>T\u00e5gstationen f\u00f6r Eurostar till Paris\/Bryssel: <a href=\"https:\/\/stpancras.com\/trains\" target=\"_blank\" rel=\"noopener\">stpancras.com\/trains<\/a><br \/>\nFakta om fler <a href=\"https:\/\/www.visitlondon.com\/search?sort=popularity&#038;category=%2Ftraveller-information%2Fgetting-around-london%2Frailway-station\" target=\"_blank\" rel=\"noopener\"><u>t\u00e5gstationer i London<\/u><\/a><\/p>\n<p>Metropolitan Police Tourist Advice: <a href=\"https:\/\/www.met.police.uk\/cp\/crime-prevention\/protect-yourself-from-crime\/visiting-london\/\" target=\"_blank\" rel=\"noopener\">www.met.police.uk\/cp\/crime-prevention\/protect-yourself-from-crime\/visiting-london<\/a><\/p>\n<p>&Aring;tta Londonparker: <a href=\"http:\/\/www.royalparks.org.uk\/parks\" target=\"_blank\" rel=\"noopener\">www.royalparks.org.uk\/parks<\/a><\/p>\n<p>Heathrow Airport: <a href=\"https:\/\/www.heathrow.com\/\" target=\"_blank\" rel=\"noopener\">www.heathrow.com<\/a><br \/>\nStansted Airport: <a href=\"https:\/\/www.stanstedairport.com\/\" target=\"_blank\" rel=\"noopener\">www.stanstedairport.com<\/a><br \/>\nGatwick Airport: <a href=\"https:\/\/www.gatwickairport.com\/\" target=\"_blank\" rel=\"noopener\">www.gatwickairport.com<\/a><br \/>\nLondon Luton Airport: <a href=\"https:\/\/www.london-luton.co.uk\/\" target=\"_blank\" rel=\"noopener\">www.london-luton.co.uk<\/a><br \/>\nLondon City Airport: <a href=\"https:\/\/www.londoncityairport.com\/\" target=\"_blank\" rel=\"noopener\">www.londoncityairport.com<\/a><\/p>\n<p>Tillg&auml;nglighetsanpassat London (f&ouml;r bes&ouml;kare i exempelvis rullstol):<br \/>\n<a href=\"http:\/\/www.visitlondon.com\/traveller-information\/essential-information\/accessible-london?ref=nav\" target=\"_blank\" rel=\"noopener\">visitlondon.com\/traveller-information\/essential-information\/accessible-london<\/a><br \/>\n<a href=\"https:\/\/tfl.gov.uk\/transport-accessibility\" target=\"_blank\" rel=\"noopener\">tfl.gov.uk\/transport-accessibility<\/a><\/p>\n<p>Fler restips om London p&aring; jordenrunt.nu:<br \/>\n<div class=\"rpfc-container\"><ul><li><a href=\"http:\/\/www.jordenrunt.nu\/resa\/europa\/2023\/04\/18\/oppet-hus-gratis-intrade-till-700-byggnader-i-london\/\">London &#8211; \u00d6ppet hus och gratis p\u00e5 800 byggnader<\/a><\/li><li><a href=\"http:\/\/www.jordenrunt.nu\/resa\/europa\/2022\/02\/12\/england-london-kew-bridge-steam-museum\/\">\u00c5ngmaskinsmuseum i London<\/a><\/li><li><a href=\"http:\/\/www.jordenrunt.nu\/resa\/london\/2021\/10\/22\/lankar-till-sajter-om-london\/\">Planera bes\u00f6ket i London<\/a><\/li><li><a href=\"http:\/\/www.jordenrunt.nu\/resa\/europa\/2021\/10\/04\/besok-harry-potters-inspelningsstudio\/\">Bes\u00f6k Harry Potters inspelningsstudio<\/a><\/li><li><a href=\"http:\/\/www.jordenrunt.nu\/resa\/europa\/2019\/08\/30\/england-550-veteranbilar-i-london-och-brighton\/\">England &#8211; 400 veteranbilar i London och Brighton<\/a><\/li><li><a href=\"http:\/\/www.jordenrunt.nu\/resa\/europa\/2019\/07\/03\/enda-helgen-att-besoka-privata-tradgardar-i-london\/\">Privata Londontr\u00e4dg\u00e5rdar \u00f6ppna en helg<\/a><\/li><li><a href=\"http:\/\/www.jordenrunt.nu\/resa\/london\/gratis_london\/2019\/07\/02\/london-gratis-guidad-tur-i-historisk-byggnad\/\">London &#8211; Gratis guidade turer i historisk byggnad<\/a><\/li><li><a href=\"http:\/\/www.jordenrunt.nu\/resa\/europa\/2019\/01\/29\/england-london-besok-parlamentet\/\">Gratis att bes\u00f6ka parlamentet i London<\/a><\/li><li><a href=\"http:\/\/www.jordenrunt.nu\/resa\/europa\/2018\/11\/15\/england-london-guidad-rundtur-pa-wembley-stadium\/\">London &#8211; Guidad rundtur p\u00e5 Wembley<\/a><\/li><li><a href=\"http:\/\/www.jordenrunt.nu\/resa\/europa\/2018\/11\/13\/vandra-mellan-brittiska-sevardheter-och-skona-miljon\/\">Milj\u00f6v\u00e4nlig stadsvandring i Storbritannien<\/a><\/li><li><a href=\"http:\/\/www.jordenrunt.nu\/resa\/europa\/2018\/05\/02\/gratis-guidade-vandringar-i-londons-parker\/\">Gratis guidade vandringar i Londons parker<\/a><\/li><li><a href=\"http:\/\/www.jordenrunt.nu\/resa\/europa\/2018\/01\/11\/emirates-air-line-over-london-for-nagra-pund\/\">Emirates Air Line \u00f6ver London f\u00f6r n\u00e5gra pund<\/a><\/li><li><a href=\"http:\/\/www.jordenrunt.nu\/resa\/europa\/2017\/01\/19\/england-london-fotboll-och-stadium-tour-arsenal\/\">London &#8211; Arsenal &#8211; Emirates stadium tour<\/a><\/li><li><a href=\"http:\/\/www.jordenrunt.nu\/resa\/london\/2016\/11\/12\/cykeltorsdag-i-london\/\">Cykeltorsdag i London<\/a><\/li><li><a href=\"http:\/\/www.jordenrunt.nu\/resa\/europa\/2016\/10\/11\/gratis-intrade-pa-biskoparnas-palats-i-london\/\">Gratis p\u00e5 biskopspalats i London<\/a><\/li><li><a href=\"http:\/\/www.jordenrunt.nu\/resa\/europa\/2016\/07\/09\/england-london-karneval-i-augusti\/\">Europa &#8211; London &#8211; Karneval i augusti<\/a><\/li><li><a href=\"http:\/\/www.jordenrunt.nu\/resa\/europa\/2015\/12\/04\/england-fakta-om-londons-flygplatser\/\">England &#8211; Till och fr\u00e5n Londons flygplatser<\/a><\/li><li><a href=\"http:\/\/www.jordenrunt.nu\/resa\/europa\/2015\/10\/06\/london-crystal-palace-stadium-tour\/\">London &#8211; Crystal Palace &#8211; Stadium Tour<\/a><\/li><li><a href=\"http:\/\/www.jordenrunt.nu\/resa\/europa\/2015\/10\/05\/england-london-fotboll-och-stadium-tour-tottenham\/\">London &#8211; Tottenham &#8211; stadium tour<\/a><\/li><li><a href=\"http:\/\/www.jordenrunt.nu\/resa\/europa\/2015\/07\/11\/england-london-fotboll-och-stadium-tour-fullham\/\">London &#8211; Fullham stadium tour<\/a><\/li><li><a href=\"http:\/\/www.jordenrunt.nu\/resa\/europa\/2015\/04\/17\/england-london-fotboll-och-stadium-tour-chelsea\/\">London  &#8211; Chelsea &#8211; stadium tour<\/a><\/li><li><a href=\"http:\/\/www.jordenrunt.nu\/resa\/london\/2014\/11\/14\/tips-pa-boende-i-london\/\">Tips p\u00e5 boende i London<\/a><\/li><li><a href=\"http:\/\/www.jordenrunt.nu\/resa\/europa\/2014\/11\/10\/gorillor-springer-genom-london\/\">Hundratals gorillor springer genom London<\/a><\/li><li><a href=\"http:\/\/www.jordenrunt.nu\/resa\/europa\/2014\/10\/02\/alltid-gratis-pa-british-museum-i-london\/\">Alltid gratis p\u00e5 British Museum i London<\/a><\/li><li><a href=\"http:\/\/www.jordenrunt.nu\/resa\/europa\/2014\/08\/31\/london-i-rullstol\/\">London i rullstol<\/a><\/li><li><a href=\"http:\/\/www.jordenrunt.nu\/resa\/reseplanera\/bussluffa\/2014\/07\/15\/buss-mellan-london-och-paris-och-amsterdam-for-15-kronor\/\">Billig buss i Storbritannien och Europa<\/a><\/li><li><a href=\"http:\/\/www.jordenrunt.nu\/resa\/europa\/2014\/06\/11\/england-topp-tio-london\/\">England &#8211; Topp Tio London<\/a><\/li><li><a href=\"http:\/\/www.jordenrunt.nu\/resa\/europa\/2014\/03\/31\/besok-klassiska-pubar-i-london\/\">Bes\u00f6k klassiska pubar i London<\/a><\/li><\/ul><\/div><\/p>\n","protected":false},"excerpt":{"rendered":"<p>London &auml;r en tung stad att bes&ouml;ka. Ge dig exempelvis ge dig ut p&aring; en stadsvandring eller ta en rundtur genom [&hellip;]<\/p>\n","protected":false},"author":1,"featured_media":0,"parent":0,"menu_order":0,"comment_status":"open","ping_status":"closed","template":"","meta":[],"_links":{"self":[{"href":"http:\/\/www.jordenrunt.nu\/resa\/wp-json\/wp\/v2\/pages\/39290"}],"collection":[{"href":"http:\/\/www.jordenrunt.nu\/resa\/wp-json\/wp\/v2\/pages"}],"about":[{"href":"http:\/\/www.jordenrunt.nu\/resa\/wp-json\/wp\/v2\/types\/page"}],"author":[{"embeddable":true,"href":"http:\/\/www.jordenrunt.nu\/resa\/wp-json\/wp\/v2\/users\/1"}],"replies":[{"embeddable":true,"href":"http:\/\/www.jordenrunt.nu\/resa\/wp-json\/wp\/v2\/comments?post=39290"}],"version-history":[{"count":15,"href":"http:\/\/www.jordenrunt.nu\/resa\/wp-json\/wp\/v2\/pages\/39290\/revisions"}],"predecessor-version":[{"id":46063,"href":"http:\/\/www.jordenrunt.nu\/resa\/wp-json\/wp\/v2\/pages\/39290\/revisions\/46063"}],"wp:attachment":[{"href":"http:\/\/www.jordenrunt.nu\/resa\/wp-json\/wp\/v2\/media?parent=39290"}],"curies":[{"name":"wp","href":"https:\/\/api.w.org\/{rel}","templated":true}]}}