{"id":39219,"date":"2015-08-06T14:49:48","date_gmt":"2015-08-06T12:49:48","guid":{"rendered":"http:\/\/www.jordenrunt.nu\/resa\/?page_id=39219"},"modified":"2015-08-06T14:55:08","modified_gmt":"2015-08-06T12:55:08","slug":"transsibiriska-priser","status":"publish","type":"page","link":"http:\/\/www.jordenrunt.nu\/resa\/transsibiriska-priser\/","title":{"rendered":"Transsibiriska J\u00e4rnv\u00e4gen biljetter"},"content":{"rendered":"<p><a href=\"http:\/\/commons.wikimedia.org\/wiki\/File:Trains_Rossija_and_Sibirjak_in_Balezino.jpg\" target=\"_blank\"><img loading=\"lazy\" src=\"http:\/\/www.jordenrunt.nu\/resa\/wp-content\/uploads\/2014\/12\/transsibiriska-tag1.jpg\" width=\"600\" height=\"409\" border=\"1\"><\/a><\/p>\n<p><strong>Den mytomspunna Transsibiriska J&auml;rnv&auml;g stod f&auml;rdig &aring;r 1905 och gick mellan Moskva och Vladivostok i ryska fj&auml;rran &Ouml;stern. Det som de flesta i dag f&ouml;rknippar med Transsibiriska J&auml;rnv&auml;gen &auml;r t&aring;gresan till Peking i Kina och denna str&auml;ckning &ouml;ppnades &aring;r 1916. Nedan fakta om t&aring;gresan, biljetter och tips.<\/strong><\/p>\n<p><img loading=\"lazy\" src=\"http:\/\/www.jordenrunt.nu\/resa\/wp-content\/uploads\/2009\/06\/transsibiriska_karta.jpg\" alt=\"\" title=\"\" width=\"449\" height=\"234\" border=\"1\"><\/p>\n<p>Numera finns tv&aring; m&ouml;jligheter att &aring;ka till Kina l&auml;ngs Transsibiriska. Antingen l&auml;ngs rutten <font color=\"#009036\"><strong>Trans Mongolian<\/strong><\/font color>  som g&aring;r via Mongoliet och g&ouml;r det m&ouml;jligt f&ouml;r resen&auml;ren att ta ett stopp i Mongoliets huvudstad Ulan Batur. Den andra rutten till Peking g&aring;r runt Mongoliet och kallas <font color=\"#ae609e\"><strong>Trans Manchurian<\/strong><\/font color>. <\/p>\n<p>&nbsp; &nbsp; &nbsp; &nbsp; &nbsp; (Moskva = r&ouml;d &nbsp;&#8211;&nbsp; Irkust = orange &nbsp;&#8211;&nbsp; Ulan Bator = lila &nbsp;&#8211;&nbsp; Vladivostok = ljusbl&aring; &nbsp;&#8211;&nbsp; Peking = m&ouml;rkbl&aring;)<br \/>\n[google-map-sc zoom=&#8221;2&#8243;]<\/p>\n<p>&nbsp;<br \/>\nAlla Transsibiriska t&aring;g avg&aring;r fr&aring;n Moskva (Ryssland) och vanligen sent p&aring; kv&auml;llen. Och t&aring;get fr&aring;n Helsingfors (Finland) kommer in p&aring; morgonen, s&aring; minst av allt f&aring;r du den dagen i Moskva. Men stanna g&auml;rna en natt, det &auml;r en sp&auml;nnande stad att uppt&auml;cka (minst av allt ta en tur i den vackra tunnelbanan).<br \/>\n&nbsp;&nbsp; &Aring;ker du sedan Transsibiriska utan stopp, tar t&aring;get 6-7 dagar till Peking och lika l&auml;nge till Vladivostok. De popul\u00e4raste stoppen &auml;r annars vid Bajkalsj&ouml;n (Irkutsk, ca 4 dagar dit) eller Mongoliet (ca 5 dagar dit).<br \/>\n&nbsp;&nbsp; Du beh&ouml;ver en del visum (Ryssland och Kina) och den svenska resebyr&aring; du k&ouml;per Transsibirisk biljett hos, kan hj&auml;lpa till med det ryska visumet (som annars &auml;r sv&aring;rt och kr&aring;ngligt att ordna p&aring; egen hand). Visum till Kina kan du dock ordna sj&auml;lv och under 2014 och 2015 beh&ouml;vs inget visum till Mongoliet om du skall dit.<\/p>\n<p><strong>Transsibiriska biljetter &#8211; priser 2014<\/strong><br \/>\nDet finns flera svenska resebyr&aring;er (<a href=\"http:\/\/www.iventustravel.se\/transsibiriska-jarnvagen-pa-egen-hand\" target=\"_blank\"><u>Iventus Travel<\/u><\/a> till exempel) som s&auml;ljer biljetter till Transsibiriska, antingen direktbiljetter utan stopp eller biljetter till destinationer innan slutstationerna. Ungef&auml;rliga priser:<\/p>\n<p>Moskva till Peking kostar runt 5 000 kronor eller lite billigare.<br \/>\nMoskva till Ulan Bator, r&auml;kna med runt 3 300-3 500 kr.<br \/>\nMoskva till Vladivostok g&aring;r p&aring; ungef&auml;r 5 500 kronor.<br \/>\nMoskva till Irkutsk (Bajkalsj&ouml;n) pris kring 3 300-3 500 kr.<br \/>\nUlan Bator till Peking kostar cirka 1 500 kr.<br \/>\nIrkutsk till Ulan Bator ungef&auml;r 1 600 kr<\/p>\n<p>H&ouml;gs&auml;song (flest resen&auml;rer) l&auml;ngs Transsibiriska &auml;r det ungef&auml;r mellan maj och september, med allra flest resen&auml;rer fr&aring;n ungef&auml;r mitten p&aring; juli till i b&ouml;rjan av september. <\/p>\n<p><strong>K&ouml;p t&aring;gbiljett Helsingfors till Moskva online<\/strong><br \/>\nFr&aring;n Helsingfors (Finland) avg&aring;r dagligen  t&aring;get (Tolstoi) klockan 18.23 och kommer fram till Leningradstationen i Moskva n&auml;sta morgon klockan 08.24. K&ouml;per du denna biljett genom Finska J&auml;rnv&auml;gen (k&ouml;p online), kostar det cirka 87 euro i fyrb&auml;ddskupe. F&ouml;ljande sida har tidtabell och du kan &auml;ven k&ouml;pa biljett:<br \/>\n<a href=\"https:\/\/www.vr.fi\/cs\/vr\/sv\/_venajan_liikenne_sv#Tolstoistidtabeller\" target=\"_blank\">www.vr.fi\/cs\/vr\/sv\/_venajan_liikenne_sv#Tolstoistidtabeller<\/A><\/p>\n<p><img loading=\"lazy\" src=\"http:\/\/www.jordenrunt.nu\/transsibiriska\/helsingfors_tagstation.jpg\" width=\"400\" height=\"302\" border=\"1\"><\/p>\n<p>P&aring; Helsingfors t&aring;gstation finns v&auml;xlingskontor, uttagsautomater (Visa\/Master Card), f&ouml;rvaringsboxar f&ouml;r rygga\/v&auml;ska, kiosker och serveringar. I anslutning till stationsbyggnaden (ta rulltrapporna en trappa ned) finns restauranger, livsmedelsbutiker (med en del f&auml;rdigr&auml;tter som exempelvis pytt) och uttagsautomater.<\/p>\n<p><strong>Mer om den Transsibiriska t&aring;gresan<\/strong><br \/>\n<img src=\"http:\/\/www.jordenrunt.nu\/fakta\/transsibiriska_tag.jpg\" width=392 height=245 border=1><br \/>\nDet Transsibiriska t&aring;gen fr&aring;n Moskva (som g\u00e5r &ouml;sterut l&auml;ngs Transsibiriska j&auml;rnv&auml;gen mot Kina, Mongoliet och Ryska fj&auml;rran &ouml;stern) avg&aring;r fr&aring;n Jaroslavskaya-stationen (ligger precis bredvid Leningrad stationen).<br \/>\n&nbsp; &nbsp;P&aring; t&aring;gen kan du v&auml;lja mellan fyrb&auml;dds- eller tv&aring;b&auml;ddskup\u00e9. Fyrb&auml;dds fungerar alldeles utm&auml;rkt och &auml;r s&aring;klart mycket billigare &auml;n de mer lyxiga tv&aring;b&auml;ddskupeerna (som exempelvis har dusch). N&auml;r det g&auml;ller tv&auml;ttm&ouml;jligheterna i fyrb&auml;dskupeerna, s&aring; &auml;r det vaskning i handfat p&aring; vagnens toalett som g&auml;ller.<br \/>\n&nbsp; &nbsp;Det finns alltid varmt vatten till te, kaffe, snabbnudlar och liknande att h&auml;mta i vagnarna (finns en samovar med hett vatten i ena &auml;nden p&aring; vagnen).<br \/>\n&nbsp; &nbsp;I t&aring;gets restaurangvagn finns dryck, snacks och matr&auml;tter och du betalar i lokal valuta (US-dollar kan ocks&aring; fungera, fast vanligen till d&aring;lig v&auml;xelkurs). Ju l&auml;ngre resan varar, desto mindre utbud i restaurangvagnen.<br \/>\n&nbsp; &nbsp;N&auml;r du &aring;ker genom Ryssland brukar det finnas: kefir, kaffe, the, kaka, kex, kaviar, ost, stekt &auml;gg, korv, skinka, soppa, kycklingr&auml;tt, biffstek och fiskr&auml;tt i restaurangvagnen.<br \/>\n&nbsp;&nbsp; P&aring; stationerna finns n&auml;stan alltid sm&aring; kiosker och st&aring;nd. Utbudet varierar fr&aring;n station till station, du kan hitta till exempel kex, dryck, snacks, frukt och sm&aring;r&auml;tter till billiga priser. Var dock vaksam, s&aring; att t&aring;get inte avg&aring;r utan dig, d&aring; stannar ofta bara kortare stunder. <\/p>\n<p><a href=\"http:\/\/commons.wikimedia.org\/wiki\/File:%D0%A2%D1%80%D0%B0%D0%BD%D1%81%D1%81%D0%B8%D0%B1%D0%B8%D1%80%D1%81%D0%BA%D0%B0_%D0%B6%D0%B5%D0%BB%D0%B5%D0%B7%D0%BD%D0%B8%D1%86%D0%B0.JPG\" target=\"_blank\"><img loading=\"lazy\" src=\"http:\/\/www.jordenrunt.nu\/resa\/wp-content\/uploads\/2014\/12\/transsibriska-station2.jpg\" width=\"600\" height=\"418\" border=\"1\"><\/a><\/p>\n<p>T&aring;gen g&aring;r ganska sakta, ca 70-80 km per timma och stannar p&aring; en stor m&auml;ngd stationer. Men stoppen &auml;r korta, vanligen 15-20 minuter och det finns inte tid annat &auml;n att str&auml;cka p&aring; benen ute p&aring; perrongen. G&aring; inte ut fr&aring;n stationen, f&ouml;r ibland kan de ge sig av efter ett kortare stopp (exempelvis om de ligger efter tidtabellen) och det &auml;r nog ingen h&ouml;jdare att bli strandsatt n&aring;gonstans i Sibirien (speciellt inte om det &auml;r p&aring; vintern). <\/p>\n<p>Fakta och research (dec 2014) &#8211; <strong>Robert Karlsson<\/strong> (jordenrunt.nu)<\/p>\n<p>Relaterade tips p&aring; jordenrunt.nu!<\/p>\n<p>Ryssland:<br \/>\n<div class=\"rpfc-container\"><ul><li><a href=\"http:\/\/www.jordenrunt.nu\/resa\/europa\/2021\/12\/08\/ryssland-vackra-stationer-i-moskvas-tunnelbana\/\">Moskva &#8211; Vackra stationer i tunnelbanan<\/a><\/li><li><a href=\"http:\/\/www.jordenrunt.nu\/resa\/europa\/2014\/07\/03\/ryssland-gratis-pa-tunnelbanemuseum-i-moskva\/\">Gratis tunnelbanemuseum i Moskva<\/a><\/li><\/ul><\/div><\/p>\n<p>Mongoliet:<br \/>\n<div class=\"rpfc-container\"><ul><li><a href=\"http:\/\/www.jordenrunt.nu\/resa\/asien\/2019\/03\/12\/mongoliet-guest-house-hjalper-foraldralosa-barn\/\">Mongoliet &#8211; Guest House hj\u00e4lper f\u00f6r\u00e4ldral\u00f6sa<\/a><\/li><li><a href=\"http:\/\/www.jordenrunt.nu\/resa\/asien\/2016\/02\/05\/mongoliet-turistsajter\/\">Mongoliet turistsajter<\/a><\/li><li><a href=\"http:\/\/www.jordenrunt.nu\/resa\/asien\/2015\/04\/16\/mongoliet-visumregler\/\">Mongoliet &#8211; Visumregler<\/a><\/li><li><a href=\"http:\/\/www.jordenrunt.nu\/resa\/asien\/2013\/04\/25\/lasartips-och-prisguide-mongoliet\/\">L\u00e4sartips och prisguide Mongoliet<\/a><\/li><\/ul><\/div><\/p>\n<p>Kina:<br \/>\n[rpfc_recent_posts_from_category category=&#8221;70&#8243; posts=&#8221;28&#8243;<\/p>\n","protected":false},"excerpt":{"rendered":"<p>Den mytomspunna Transsibiriska J&auml;rnv&auml;g stod f&auml;rdig &aring;r 1905 och gick mellan Moskva och Vladivostok i ryska fj&auml;rran &Ouml;stern. Det som de [&hellip;]<\/p>\n","protected":false},"author":1,"featured_media":0,"parent":0,"menu_order":0,"comment_status":"open","ping_status":"closed","template":"","meta":[],"_links":{"self":[{"href":"http:\/\/www.jordenrunt.nu\/resa\/wp-json\/wp\/v2\/pages\/39219"}],"collection":[{"href":"http:\/\/www.jordenrunt.nu\/resa\/wp-json\/wp\/v2\/pages"}],"about":[{"href":"http:\/\/www.jordenrunt.nu\/resa\/wp-json\/wp\/v2\/types\/page"}],"author":[{"embeddable":true,"href":"http:\/\/www.jordenrunt.nu\/resa\/wp-json\/wp\/v2\/users\/1"}],"replies":[{"embeddable":true,"href":"http:\/\/www.jordenrunt.nu\/resa\/wp-json\/wp\/v2\/comments?post=39219"}],"version-history":[{"count":1,"href":"http:\/\/www.jordenrunt.nu\/resa\/wp-json\/wp\/v2\/pages\/39219\/revisions"}],"predecessor-version":[{"id":39220,"href":"http:\/\/www.jordenrunt.nu\/resa\/wp-json\/wp\/v2\/pages\/39219\/revisions\/39220"}],"wp:attachment":[{"href":"http:\/\/www.jordenrunt.nu\/resa\/wp-json\/wp\/v2\/media?parent=39219"}],"curies":[{"name":"wp","href":"https:\/\/api.w.org\/{rel}","templated":true}]}}