{"id":35717,"date":"2018-09-04T10:28:24","date_gmt":"2018-09-04T08:28:24","guid":{"rendered":"http:\/\/www.jordenrunt.nu\/resa\/?page_id=35717"},"modified":"2018-09-11T10:57:36","modified_gmt":"2018-09-11T08:57:36","slug":"vaccinationskliniker-skane-prisjamforelse","status":"publish","type":"page","link":"http:\/\/www.jordenrunt.nu\/resa\/vaccinationskliniker-skane-prisjamforelse\/","title":{"rendered":"Vaccinationskliniker Sk\u00e5ne &#8211; prisj\u00e4mf\u00f6relse"},"content":{"rendered":"<p>&nbsp;<br \/>\n<b>Prisj&auml;mf&ouml;relse resevaccination:<\/b><br \/>\n<a href=\"http:\/\/www.jordenrunt.nu\/resa\/vaccinationskliniker-stockholms-lan-prisjamforelse\"><u>Stockholms l&auml;n<\/u><\/a> &nbsp;&#8211;&nbsp; <a href=\"http:\/\/www.jordenrunt.nu\/resa\/vaccinationskliniker-goteborg-prisjamforelse\"><u>G&ouml;teborg<\/u><\/a> &nbsp;&#8211;&nbsp; <a href=\"http:\/\/www.jordenrunt.nu\/resa\/vaccinationskliniker-skane-prisjamforelse\"><u>Sk&aring;ne<\/u><\/a> &nbsp;&#8211;&nbsp; <a href=\"http:\/\/www.jordenrunt.nu\/resa\/vaccinationskliniker-uppsala-prisjamforelse\"><u>Uppsala<\/u><\/a> &nbsp;&#8211;&nbsp; <a href=\"http:\/\/www.jordenrunt.nu\/resa\/resevaccination-norrkoping-och-linkoping\"><u>Norrk&ouml;ping + Link&ouml;ping + J&ouml;nk&ouml;ping<\/u><\/a><br \/>\n<a href=\"http:\/\/www.jordenrunt.nu\/resa\/resevaccination-vasteras-orebro-och-eskilstuna\/\"><u>V&auml;ster&aring;s + &Ouml;rebro + Eskilstuna + Karlstad<\/u><\/a> &nbsp;&#8211;&nbsp; <a href=\"http:\/\/www.jordenrunt.nu\/resa\/resevaccination-lulea-umea-sundsvall\/\"><u>Lule&aring; + Ume&aring; + Sundsvall<\/u><\/a><\/p>\n<p>&nbsp;<br \/>\n<img loading=\"lazy\" src=\"http:\/\/www.jordenrunt.nu\/resa\/wp-content\/uploads\/2014\/06\/vaccinering-spruta.gif\" alt=\"vaccinering-spruta\" width=\"600\" height=\"151\" border=\"0\"><br \/>\n&nbsp;<\/p>\n<p><strong>Vaccinationspriser kan skilja kraftigt och d&auml;rf&ouml;r har jag listat kliniker i Sk&aring;ne med prisexempel, prisj&auml;mf&ouml;relse, info, adress och l&auml;nk till deras hemsida. F&ouml;rhoppningsvis hj&auml;lper det dig att hitta b&auml;sta och billigaste vaccinationskliniken inf&ouml;r din resa ut i v&auml;rlden.<\/strong><\/p>\n<p>T&auml;nk p&aring; att denna info endast &auml;r en v&auml;gledning, d&aring; bland annat priser kan &auml;ndras snabbt (exempelvis beroende p&aring; tillg&aring;ng och efterfr&aring;gan p&aring; vacciner). Klicka p&aring; klinikens namn f&ouml;r senaste nytt p&aring; deras hemsida.<\/p>\n<p>T&auml;nk p&aring; att vaccinpriser kan skilja ordentligt. Landstinget &auml;r ofta billigare &auml;n privatkliniker. <\/p>\n<p>&nbsp;<br \/>\n<font color=\"#AC0000\"><b>&#8212;&#8212;&#8212;&#8212;&#8212;&#8212;&#8212;&#8212;&#8212;&#8212;&#8212;&#8212;&#8212;&#8212;&#8212;&#8212;&#8212;&#8212;&#8212;&#8212;&#8212;&#8212;&#8212;&#8212;<\/b><\/font color><\/p>\n<p>&nbsp;<font color=\"#AC0000\"><strong>INFO + PRISER = uppdaterad SEP 2018<\/strong><\/font color><\/p>\n<p>&nbsp;(h&auml;mtat fr&aring;n klinikernas sajter)<\/p>\n<p><font color=\"#AC0000\"><b>&#8212;&#8212;&#8212;&#8212;&#8212;&#8212;&#8212;&#8212;&#8212;&#8212;&#8212;&#8212;&#8212;&#8212;&#8212;&#8212;&#8212;&#8212;&#8212;&#8212;&#8212;&#8212;&#8212;&#8212;<\/b><\/font color><br \/>\n&nbsp;<\/p>\n<p>Prisexemplen &auml;r f&ouml;r en dos av f&ouml;ljande vacciner:<br \/>\nGula febern (Stamaril), Hepatit A (Havrix), Hepatit B (Engerix), Hep A + B (Twinrix).<br \/>\nPlus priset f&ouml;r TV&Aring; doser koleravaccin (dukoral eller Etec).<\/p>\n<p>Vissa vacciner skall tas i flera doser f&ouml;r fullgott skydd (du f&aring;r &aring;terkomma f&ouml;r ytterligare dos).<br \/>\nGula febern = en dos (ger 10 &aring;rs skydd).<br \/>\nHepatit A = tv&aring; doser (en dos skyddar i ungef&auml;r ett &aring;r och tv&aring; doser i 20 &aring;r).<br \/>\nHepatit B = tre doser (ger 10 &aring;rs skydd).<br \/>\nTwinrix (hep A + B) = tre doser (upp till 20 &aring;rs skydd).<br \/>\nDukoral (kolera) = tv&aring; doser (skyddar vuxna mot kolera i tv&aring; &aring;r och barn sex m&aring;nader).<\/p>\n<p>Om du undrar vilka vacciner du beh\u00f6ver ta innan resan, kika p\u00e5 f\u00f6ljande sajt (v\u00e4ldigt bra och utf\u00f6rlig information):<br \/>\n<a href=\"https:\/\/www.1177.se\/Skane\/Tema\/Vaccinationer\/\" target=\"_blank\">www.1177.se\/Skane\/Tema\/Vaccinationer\/<\/a><\/p>\n<p><font color=\"#AC0000\">Viktigt &#8211; Innan du vaccinerar dig!<\/font color><br \/>\nH&ouml;r med vaccinationsmottagningen att de har doktor p&aring; plats (vilket de skall ha enligt Socialstyrelsen). Detta &auml;r f&ouml;r patientens s&auml;kerhet, utifall den som vaccineras drabbas av exempelvis en allergisk reaktion (d&aring; skall l&auml;kare finnas p&aring; plats f&ouml;r att kunna behandla).<\/p>\n<p>&nbsp;<br \/>\n<img loading=\"lazy\" src=\"http:\/\/www.jordenrunt.nu\/resa\/wp-content\/uploads\/2014\/08\/rubrik-vaccin-skane.gif\" width=\"598\" height=\"42\" border=\"0\"><br \/>\n&nbsp;<br \/>\nNedan finns fakta om klinikerna och om varje klinik &auml;r det &auml;ven en liten prisj&auml;mf&ouml;relse f&ouml;r fullst&auml;ndig vaccinering av tv&aring; vanliga resevacciner (f&ouml;r dig som skall p&aring; &auml;ventyr i Asien, Latinamerika eller Afrika). Klinikerna &auml;r listade (billigast f&ouml;rst) med utg&aring;ngspunkt fr&aring;n prisj&auml;mf&ouml;relsen (dock &#8211; d&aring; vissa erbjuder studentrabatter &#8211; kan de bli billigare med rabatten dragen)&#8230;<\/p>\n<p>&nbsp;<br \/>\n<a href=\"http:\/\/www.kungsgardshalsan.se\/vaccination.html\" target=\"_blank\"><font color=\"#8C0000\"><strong><u>Kungstr&auml;dg&aring;rdsh&auml;lsan &Auml;ngelholm<\/strong><\/font color><\/u><\/A><br \/>\nEndast tidsbokad vaccination inf\u00f6r resor.<br \/>\n<font color=\"#085941\">Hitta >>><\/font color> Verkstadsgatan 4, <strong>&Auml;ngelholm<\/strong> <\/p>\n<p><font color=\"#085949\"><strong>Prisexempel<\/strong><\/font color><\/u><br \/>\nDu betalar en bes&ouml;ksavgift om 200 kronor vid varje bes&ouml;k (om du bara skall ta dukoral, \u00e4r bes\u00f6ksavgiften 50 kr), plus avgift f\u00f6r vaccin:<br \/>\nGula febern 240 kr<br \/>\nHepatit A 270 kr<br \/>\nHepatit B 230 kr<br \/>\nTwinrix (Hepatit A + B) 375 kr<br \/>\nKolera (dukoral, tv&aring; doser) 400 kr<br \/>\n&nbsp;<br \/>\n<font color=\"#085949\"><strong>Prisj&auml;mf&ouml;relse<\/strong><\/font color> &#8211; fullst&auml;ndig vaccinering med tv&aring; vanliga resevacciner:<br \/>\n600 kr (grundkostnad) + 1 125 kr (3 doser Twinrix) + 400 kr (2 doser dukoral) = <font color=\"#AC0000\">2 125 kr<\/font color><\/p>\n<p>&nbsp;<br \/>\n<a href=\"http:\/\/www.hbgvaccinationsbyra.se\/#!\/home\/#prices\" target=\"_blank\"><font color=\"#8C0000\"><strong><u>Helsingborgs Vaccinationsbyr&aring;<\/u><\/strong><\/font color><\/a><br \/>\nBokad vaccinationstid vardagar eller drop in m&aring;n-tor kl 16 &#8211; 19.<br \/>\n<font color=\"#085941\">Hitta >>><\/font color> Karl Johans gata 10, <strong>Helsingborg<\/strong><\/p>\n<p><font color=\"#085949\"><strong>Prisexempel<\/strong><\/font color><br \/>\nGula Febern 550 kr<br \/>\nHepatit A 450 kr<br \/>\nHepatit B 400 kr<br \/>\nTwinrix (Hepatit A + B) 550 kr<br \/>\nKolera (dukoral, tv&aring; doser) 500 kr<br \/>\n&nbsp;<br \/>\n<font color=\"#085949\"><strong>Prisj&auml;mf&ouml;relse<\/strong><\/font color> &#8211; fullst&auml;ndig vaccinering med tv&aring; vanliga resevacciner:<br \/>\n1 650 kr (3 doser Twinrix) + 500 kr (2 doser dukoral) = <font color=\"#AC0000\">2 150 kr<\/font color><\/p>\n<p>&nbsp;<br \/>\n<a href=\"https:\/\/www.aleris.se\/Har-finns-vi\/Malmo\/Aleris-Specialistvard-Malmo-Arena\/Vaccination\/Prislista-vaccin\/\" target=\"_blank\"><font color=\"#8C0000\"><strong><u>Aleris Specialistv\u00e5rd Malm&ouml; Arena<\/strong><\/font color><\/u><\/A><br \/>\nVaccination och resemedicinsk r\u00e5dgivning. Tidsbokad vaccination.<br \/>\n<font color=\"#085941\">Rabatt >>><\/font color> 10% studentrabatt.<br \/>\n<font color=\"#085941\">Hitta >>><\/font color> Hyllie Stationstorg 2, <strong>Malm&ouml;<\/strong><\/p>\n<p><font color=\"#085949\"><strong>Prisexempel<\/strong><\/font color><\/u><br \/>\nGula febern 500 kr<br \/>\nHepatit A 460 kr<br \/>\nHepatit B 360 kr<br \/>\nTwinrix (Hepatit A + B) 560 kr<br \/>\nKolera (dukoral, tv&aring; doser) 480 kr<br \/>\nRecept malariatabletter 120 kr<br \/>\n&nbsp;<br \/>\n<font color=\"#085949\"><strong>Prisj&auml;mf&ouml;relse<\/strong><\/font color> &#8211; fullst&auml;ndig vaccinering med tv&aring; vanliga resevacciner:<br \/>\n1 680 kr (3 doser Twinrix) + 480 kr (2 doser dukoral) = <font color=\"#AC0000\">2 160 kr<\/font color><br \/>\n&nbsp;<br \/>\nMed 10% studentrabatt:<br \/>\n1 512 kr (3 doser Twinrix) + 432 kr (2 doser dukoral) = <font color=\"#AC0000\">1 944 kr<\/font color><\/p>\n<p>&nbsp;<br \/>\n<a href=\"https:\/\/capio.se\/narsjukvard\/skane\/malmo-stortorget\/vard-och-halsa\/vaccination\/vaccin-och-priser\/\" target=\"_blank\"><font color=\"#8C0000\"><strong><u>Cityklinikens Vaccinationsmottagning Malm&ouml; Stortorget<\/u><\/strong><\/font color><\/a><br \/>\nVaccinationsmottagning  med endast tidsbokade bes&ouml;k.<br \/>\n<font color=\"#085941\">Rabatt >>><\/font color> 10% studentrabatt p\u00e5 vissa vacciner mot uppvisande av Studentkortet eller Mecenatkortet.<br \/>\n<font color=\"#085941\">Hitta >>><\/font color> Stortorget 9, <strong>Malm&ouml;<\/strong><\/p>\n<p><font color=\"#085949\"><strong>Prisexempel<\/strong><\/font color><br \/>\nHepatit A 460 kr<br \/>\nHepatit B 380 kr<br \/>\nTwinrix (Hepatit A + B) 550 kr<br \/>\nKolera (etec, tv&aring; doser) recept 140 kr, plus kostnad f\u00f6r att k\u00f6pa vaccinet p\u00e5 apotek, ca 410 kr<br \/>\n(om du f\u00e5r en spruta vaccin mot n\u00e5got annat samtidigt, kostar etec receptet 100 kr).<br \/>\n&nbsp;<br \/>\n<font color=\"#085949\"><strong>Prisj&auml;mf&ouml;relse<\/strong><\/font color> &#8211; fullst&auml;ndig vaccinering med tv&aring; vanliga resevacciner:<br \/>\n1 650 kr (3 doser Twinrix) + 510 kr (2 doser etec) = <font color=\"#AC0000\">2 160 kr<\/font color><\/p>\n<p>&nbsp;<br \/>\n<a href=\"https:\/\/lakarhusetroslunda.se\/portfolio\/vaccination\/\" target=\"_blank\"><font color=\"#8C0000\"><strong><u>L&auml;karhuset Roslund<\/strong><\/font color><\/u><\/A><br \/>\nVaccinationsk&ouml;terskor och l&auml;kare med specialutbildning inom resemedicin.<br \/>\n<font color=\"#085941\">Hitta >>><\/font color> Errarpsv&auml;gen 3, <strong>&Auml;ngelholm<\/strong><\/p>\n<p><font color=\"#085949\"><strong>Prisexempel<\/strong><\/font color><\/u><br \/>\nGula febern 400 kr<br \/>\nHepatit A 460 kr<br \/>\nHepatit B 380 kr<br \/>\nTwinrix (Hepatit A + B) 570 kr<br \/>\nKolera (dukoral, tv&aring; doser) 500 kr<br \/>\nRecept malariatabletter 200 kr<br \/>\n&nbsp;<br \/>\n<font color=\"#085949\"><strong>Prisj&auml;mf&ouml;relse<\/strong><\/font color> &#8211; fullst&auml;ndig vaccinering med tv&aring; vanliga resevacciner:<br \/>\n1 710 kr (3 doser Twinrix) + 500 kr (2 doser dukoral) = <font color=\"#AC0000\">2 210 kr<\/font color><\/p>\n<p>&nbsp;<br \/>\n<a href=\"http:\/\/www.1177.se\/Skane\/Tema\/Vaccinationer\/Vaccinationer\/Avgifter-vid-vaccination\" target=\"_blank\"><font color=\"#8C0000\"><strong><u>Vaccinpriser genom Sk&aring;nes landsting<\/u><\/strong><\/font color><\/a><br \/>\nLandstingets v&aring;rdcentraler och sjukhus (som resevaccinerar) i Region Sk&aring;ne har en gemensam prislista (dessa priser g&auml;ller dock inte privata mottagningar). P&aring; sjukhus &auml;r det oftast Infektionskliniken som sk&ouml;ter vaccination.<\/p>\n<p><font color=\"#085949\"><strong>Prisexempel vacciner Region Sk&aring;ne<\/strong><\/font color><br \/>\nEn grundavgift p&aring; 200 kronor per vaccinationstillf&auml;lle, plus vaccinkostnaden:<br \/>\nGula febern 230 kr<br \/>\nHepatit A 230 kr<br \/>\nHepatit B 160 kr<br \/>\nTwinrix (Hepatit A + B) 380 kr<\/p>\n<p>&nbsp;<br \/>\n<a href=\"https:\/\/vard.skane.se\/helsingborgs-lasarett\/mottagningar-och-avdelningar\/infektionsmottagning\/?highlight=vaccination\" target=\"_blank\"><font color=\"#8C0000\"><strong><u>Helsingsborgs Lasarett &#8211; Infektionskliniken &#8211; Vaccinationsmottagningen<\/u><\/strong><\/font color><\/a><br \/>\nVaccinationsmottagning med specialutbildad personal inom resemedicin och vaccinationer. <\/p>\n<p>&nbsp;<br \/>\n<a href=\"http:\/\/www.ptj.se\/halsocentralen-sankt-hans\/mottagningar\/vaccination\/\" target=\"_blank\"><font color=\"#8C0000\"><strong><u>H&auml;lsocentralen Sankt Hans<\/u><\/strong><\/font color><\/a><br \/>\nVaccinationsmottagningen \u00e4r i f\u00f6rsta hand till f\u00f6r den som \u00e4r listad p\u00e5 H\u00e4lsocentralen.<br \/>\n<font color=\"#085941\">Hitta >>><\/font color> F&auml;ladstorget 22, <strong>Lund<\/strong><\/p>\n<p><font color=\"#085949\"><strong>Prisexempel<\/strong><\/font color><br \/>\nHepatit A 470 kr<br \/>\nHepatit B 370 kr<br \/>\nTwinrix (Hepatit A + B) 560 kr<\/p>\n<p>&nbsp;<br \/>\n<a href=\"http:\/\/vidavarldensvaccin.se\/prislista\/\" target=\"_blank\"><font color=\"#8C0000\"><strong><u>Vida V&auml;rldens Vaccin<\/u><\/strong><\/font color><\/a><br \/>\nResevaccinationer och r&aring;dgivning hos vaccinationsutbildade sjuksk&ouml;terskor och l&auml;kare.<br \/>\nBokad vaccinationstid vardagar eller drop in m&aring;n kl 13-18, tisdag kl 13-17 och torsdag kl 13-18.<br \/>\n<font color=\"#085941\">Rabatt >>><\/font color> 10% studentrabatt p&aring; vissa vacciner.<br \/>\n<font color=\"#085941\">Hitta >>><\/font color> Drottninggatan 62, <strong>Helsingborg<\/strong><\/p>\n<p><font color=\"#085949\"><strong>Prisexempel<\/strong><\/font color><br \/>\nGula Febern 550 kr<br \/>\nHepatit A 450 kr (10% studentrabatt)<br \/>\nHepatit B 380 kr (10% studentrabatt)<br \/>\nTwinrix (Hepatit A + B) 575 kr (10% studentrabatt)<br \/>\nKolera (dukoral, tv&aring; doser) 500 kr<br \/>\nRecept malariatabletter 100 kr<br \/>\n&nbsp;<br \/>\n<font color=\"#085949\"><strong>Prisj&auml;mf&ouml;relse<\/strong><\/font color> &#8211; fullst&auml;ndig vaccinering med tv&aring; vanliga resevacciner:<br \/>\n1 725 kr (3 doser Twinrix) + 480 kr (2 doser dukoral) = <font color=\"#AC0000\">2 225 kr<\/font color><br \/>\n&nbsp;<br \/>\nMed 10% studentrabatt:<br \/>\n1 550 kr (3 doser Twinrix) + 480 kr (2 doser dukoral) = <font color=\"#AC0000\">2 050 kr<\/font color><\/p>\n<p>&nbsp;<br \/>\n<a href=\"http:\/\/www.sveakliniken.com\/mottagningar\/vaccination\" target=\"_blank\"><font color=\"#8C0000\"><strong><u>Sveakliniken i Svedala<\/strong><\/font color><\/u><\/A><br \/>\nR\u00e5dgivning och vaccination inf\u00f6r resa.<br \/>\n<font color=\"#085941\">Rabatt >>><\/font color> 10% studentrabatt.<br \/>\n<font color=\"#085941\">Hitta >>><\/font color> Toftav&auml;gen 25, <strong>Svedala<\/strong><\/p>\n<p><font color=\"#085949\"><strong>Prisexempel<\/strong><\/font color><\/u><br \/>\nGula febern 500 kr<br \/>\nHepatit A 520 kr<br \/>\nHepatit B 420 kr<br \/>\nTwinrix (Hepatit A + B) 600 kr<br \/>\nKolera (dukoral, tv&aring; doser) 450 kr<br \/>\nRecept malariatabletter 100 kr<br \/>\n&nbsp;<br \/>\n<font color=\"#085949\"><strong>Prisj&auml;mf&ouml;relse<\/strong><\/font color> &#8211; fullst&auml;ndig vaccinering med tv&aring; vanliga resevacciner:<br \/>\n1 800 kr (3 doser Twinrix) + 450 kr (2 doser dukoral) = <font color=\"#AC0000\">2 250 kr<\/font color><br \/>\n&nbsp;<br \/>\nMed 10% studentrabatt:<br \/>\n1 620 kr (3 doser Twinrix) + 405 kr (2 doser dukoral) = <font color=\"#AC0000\">2025 kr<\/font color><\/p>\n<p>&nbsp;<br \/>\n<a href=\"https:\/\/www.apoteket.se\/halsotjanster\/Vaccination\" target=\"_blank\"><font color=\"#8C0000\"><strong><u>Apoteket Vaccination<\/u><\/strong><\/font color><\/a><br \/>\nP\u00e5 vissa Apotek g&aring;r det att vaccinera sig (de har dock inte alla resevacciner), <a href=\"https:\/\/www.apoteket.se\/halsotjanster\/Vaccination\" target=\"_blank\"><font color=\"#8C0000\"><u>se vilka Apotek h&auml;r<\/u><\/font color><\/a>.<br \/>\nVid vaccination f&aring;r du kundklubbspo&auml;ng p&aring; din vaccination.<\/p>\n<p><font color=\"#085949\"><strong>Prisexempel<\/strong><\/font color><br \/>\nHepatit A 450 kr<br \/>\nHepatit B 340 kr<br \/>\nTwinrix (Hepatit A + B) 580 kr<br \/>\nKolera (Dukoral, tv&aring; doser) 510 kr<br \/>\n&nbsp;<br \/>\n<font color=\"#085949\"><strong>Prisj&auml;mf&ouml;relse<\/strong><\/font color> &#8211; fullst&auml;ndig vaccinering med tv&aring; vanliga resevacciner:<br \/>\n1 740 kr (3 doser Twinrix) + 510 kr (2 doser dukoral) = <font color=\"#AC0000\">2 250 kr<\/font color><\/p>\n<p>&nbsp;<br \/>\n<a href=\"https:\/\/capio.se\/narsjukvard\/skane\/kristianstad-vardcentral\/vaccination\/vaccin-och-priser\/\" target=\"_blank\"><font color=\"#8C0000\"><strong><u>Capio Citykliniken Kristianstad<\/strong><\/font color><\/u><\/A><br \/>\nVaccinationsklinik med konsultation kring vilka vacciner du beh&ouml;ver, men &auml;ven h&auml;lsor&aring;d och tips inf&ouml;r resan.<br \/>\n<font color=\"#085941\">Rabatt >>><\/font color> de erbjuder studentrabatt p&aring; vissa vacciner.<br \/>\n<font color=\"#085941\">Hitta >>><\/font color> Bj&ouml;rkhemsv&auml;gen 15c, <strong>Kristianstad<\/strong><\/p>\n<p><font color=\"#085949\"><strong>Prisexempel<\/strong><\/font color><\/u><br \/>\nHepatit A 460 kr<br \/>\nHepatit B 380 kr<br \/>\nTwinrix (Hepatit A + B) 550 kr<br \/>\nKolera (dukoral, tv&aring; doser) recept 200 kr + kostnad f\u00f6r att k\u00f6pa vaccinet dukoral p\u00e5 apotek, ca 410 kr<br \/>\nRecept malariatabletter 100 kr<br \/>\n&nbsp;<br \/>\n<font color=\"#085949\"><strong>Prisj&auml;mf&ouml;relse<\/strong><\/font color> &#8211; fullst&auml;ndig vaccinering med tv&aring; vanliga resevacciner:<br \/>\n1 650 kr (3 doser Twinrix) + 610 kr (2 doser dukoral) = <font color=\"#AC0000\">2 260 kr<\/font color><\/p>\n<p>&nbsp;<br \/>\n<a href=\"https:\/\/capio.se\/narsjukvard\/skane\/malmo-limhamn-vardcentral\/vaccination\/vaccin-och-priser\/\" target=\"_blank\"><font color=\"#8C0000\"><strong><u>Capio Citykliniken Limhamn<\/u><\/strong><\/font color><\/a><br \/>\nGer r&aring;d inf&ouml;r resan och g&aring;r igenom ditt grundskydd. Drop-in onsdagar 14-16:30.<br \/>\n<font color=\"#085941\">Rabatt >>><\/font color> studentrabatt p\u00e5 viss vaccination.<br \/>\n<font color=\"#085941\">Hitta >>><\/font color> J&auml;rnv&auml;gsgatan 56, <strong>Limhamn<\/strong><\/p>\n<p><font color=\"#085949\"><strong>Prisexempel<\/strong><\/font color><br \/>\nGula Febern 460 kr<br \/>\nHepatit A 460 kr<br \/>\nHepatit B 360 kr<br \/>\nTwinrix (Hepatit A + B) 550 kr<br \/>\nKolera (tv&aring; doser) recept 200 kr, plus kostnad f\u00f6r att k\u00f6pa vaccin p\u00e5 apotek, ca 410 kr<br \/>\nRecept malariatabletter 200 kr (om du vaccinerar dig mot n&aring;got annat samtidigt &auml;r receptet gratis)<br \/>\n&nbsp;<br \/>\n<font color=\"#085949\"><strong>Prisj&auml;mf&ouml;relse<\/strong><\/font color> &#8211; fullst&auml;ndig vaccinering med tv&aring; vanliga resevacciner:<br \/>\n1 650 kr (3 doser Twinrix) + 610 kr (2 doser kolera) = <font color=\"#AC0000\">2 260 kr<\/font color><\/p>\n<p>&nbsp;<br \/>\n<a href=\"https:\/\/capio.se\/narsjukvard\/skane\/malmo-bunkeflo-hyllie-vardcentral\/vaccination\/vaccin-och-priser\/\" target=\"_blank\"><font color=\"#8C0000\"><strong><u>Capio Citykliniken Bunkeflo Hyllie<\/u><\/strong><\/font color><\/a><br \/>\nGer r&aring;d inf&ouml;r resan och g&aring;r igenom ditt grundskydd. Endast tidsbokad vaccination.<br \/>\n<font color=\"#085941\">Rabatt >>><\/font color> Studentrabatt p&aring; viss vaccinering.<br \/>\n<font color=\"#085941\">Hitta >>><\/font color> Sadelmakarebyn 5, <strong>Bunkeflo<\/strong><\/p>\n<p><font color=\"#085949\"><strong>Prisexempel<\/strong><\/font color><br \/>\nGula Febern 390 kr<br \/>\nHepatit A 460 kr<br \/>\nHepatit B 380 kr<br \/>\nTwinrix (Hepatit A + B) 550 kr<br \/>\nKolera (dukoral, tv&aring; doser) recept 200 kr, plus kostnad f\u00f6r k\u00f6p av dukoral p\u00e5 apotek, ca 410 kr<br \/>\nRecept malariatabletter 100 kr<br \/>\n&nbsp;<br \/>\n<font color=\"#085949\"><strong>Prisj&auml;mf&ouml;relse<\/strong><\/font color> &#8211; fullst&auml;ndig vaccinering med tv&aring; vanliga resevacciner:<br \/>\n1 650 kr (3 doser Twinrix) + 610 kr (2 doser dukoral) = <font color=\"#AC0000\">2 260 kr<\/font color><\/p>\n<p>&nbsp;<br \/>\n<a href=\"https:\/\/capio.se\/narsjukvard\/skane\/lund-laurentiigatan\/vard-och-halsa\/vaccination\/vaccin-och-priser\/\" target=\"_blank\"><font color=\"#8C0000\"><strong><u>Cityklinikens Vaccinationsmottagning<\/u><\/strong><\/font color><\/a><br \/>\nEndast tidsbokad resevaccination.<br \/>\n<font color=\"#085941\">Rabatt >>><\/font color> 10% studentrabatt p\u00e5 vissa vacciner mot uppvisande av Studentkortet eller Mecenatkortet.<br \/>\n<font color=\"#085941\">Hitta >>><\/font color> S:t Laurentiigatan 10, <strong>Lund<\/strong><\/p>\n<p><font color=\"#085949\"><strong>Prisexempel<\/strong><\/font color><br \/>\nGula Febern 560 kr<br \/>\nHepatit A 470 kr<br \/>\nHepatit B 390 kr<br \/>\nTwinrix (Hepatit A + B) 580 kr<br \/>\nKolera (dukoral, tv&aring; doser) recept 140 kr, plus kostnad f\u00f6r att k\u00f6pa dukoral p\u00e5 apotek, ca 410 kr<br \/>\n&nbsp;<br \/>\n<font color=\"#085949\"><strong>Prisj&auml;mf&ouml;relse<\/strong><\/font color> &#8211; fullst&auml;ndig vaccinering med tv&aring; vanliga resevacciner:<br \/>\n1 740 kr (3 doser Twinrix) + 550 kr (2 doser dukoral) = <font color=\"#AC0000\">2 290 kr<\/font color><\/p>\n<p>&nbsp;<br \/>\n<a href=\"http:\/\/bergalakarhus.se\/resevaccination\/\" target=\"_blank\"><font color=\"#8C0000\"><strong><u>Berga L&auml;karhus<\/u><\/strong><\/font color><\/a><br \/>\nBerga L&auml;karhus hj&auml;lper dig g&auml;rna med b&aring;de vaccination och r&aring;dgivning.<br \/>\n<font color=\"#085941\">Hitta >>><\/font color> Rundg&aring;ngen 26, <strong>Helsingborg<\/strong><\/p>\n<p><font color=\"#085949\"><strong>Prisexempel vacciner<\/strong><\/font color><br \/>\nGula Febern 450 kr<br \/>\nHepatit A 500 kr<br \/>\nHepatit B 400 kr<br \/>\nTwinrix (hep A + B) 600 kr<br \/>\nKolera (Dukoral, tv&aring; doser) 500 kr<br \/>\n&nbsp;<br \/>\n<font color=\"#085949\"><strong>Prisj&auml;mf&ouml;relse<\/strong><\/font color> &#8211; fullst&auml;ndig vaccinering med tv&aring; vanliga resevacciner:<br \/>\n1 800 kr (3 doser Twinrix) + 500 kr (2 doser dukoral) = <font color=\"#AC0000\">2 300 kr<\/font color><\/p>\n<p>&nbsp;<br \/>\n<a href=\"https:\/\/vaccindirekt.se\/prislista-malmo\/\" target=\"_blank\"><font color=\"#8C0000\"><strong><u>VaccDirekt Malm&ouml;<\/u><\/strong><\/font color><\/a><br \/>\nDrop-in vaccination inf\u00f6r resor, m&aring;ndagar kl 10-19 (lunchst&auml;ngt 13-14), tis-tor kl 10-18 (lunchst&auml;ngt 13-14) och fredagar kl 10-15.<br \/>\n<font color=\"#085941\">Hitta >>><\/font color> Dj&auml;knegatan 23, 3 tr, <strong>Malm&ouml;<\/strong><\/p>\n<p><font color=\"#085949\"><strong>Prisexempel<\/strong><\/font color><br \/>\nGula Febern 540 kr<br \/>\nHepatit A 480 kr<br \/>\nHepatit B 380 kr<br \/>\nTwinrix (Hepatit A + B) 590 kr<br \/>\nKolera (dukoral, tv&aring; doser) 560 kr<br \/>\n&nbsp;<br \/>\n<font color=\"#085949\"><strong>Prisj&auml;mf&ouml;relse<\/strong><\/font color> &#8211; fullst&auml;ndig vaccinering med tv&aring; vanliga resevacciner:<br \/>\n1 770 kr (3 doser Twinrix) + 560 kr (2 doser dukoral) = <font color=\"#AC0000\">2 330 kr<\/font color><\/p>\n<p>&nbsp;<br \/>\n<a href=\"http:\/\/sveavaccin.se\/besok-oss\/svea-vaccins-mottagningar-i-malmo\/triangeln\" target=\"_blank\"><font color=\"#8C0000\"><strong><u>Svea Vaccin Malm&ouml;<\/strong><\/font color><\/u><\/A><br \/>\nDrop-in mottagning f&ouml;r resevaccination m&aring;ndag till fredag klockan 10-18 och l&aouml;rdagar KL 10-15.<br \/>\n<font color=\"#085941\">Rabatt >>><\/font color> Studenter erh&aring;ller 10% rabatt mot uppvisande av studentkort.<br \/>\n<font color=\"#085941\">Hitta >>><\/font color> R&aring;dmansgatan 12 C, <strong>Malm&ouml;<\/strong><\/p>\n<p><font color=\"#085949\"><strong>Prisexempel<\/strong><\/font color><\/u><br \/>\nGula febern 550 kr<br \/>\nHepatit A 490 kr<br \/>\nHepatit B 380 kr<br \/>\nTwinrix (Hepatit A + B) 610 kr<br \/>\nKolera (dukoral, tv&aring; doser) 600 kr<br \/>\nRecept malariatabletter 140 kr<br \/>\n&nbsp;<br \/>\n<font color=\"#085949\"><strong>Prisj&auml;mf&ouml;relse<\/strong><\/font color> &#8211; fullst&auml;ndig vaccinering med tv&aring; vanliga resevacciner:<br \/>\n1 830 kr (3 doser Twinrix) + 600 kr (2 doser ETEC) = <font color=\"#AC0000\">2 430 kr<\/font color><br \/>\n&nbsp;<br \/>\nMed 10% studentrabatt:<br \/>\n1 647 kr (3 doser Twinrix) + 540 kr (2 doser dukoral) = <font color=\"#AC0000\">2 187 kr<\/font color><\/p>\n","protected":false},"excerpt":{"rendered":"<p>&nbsp; Prisj&auml;mf&ouml;relse resevaccination: Stockholms l&auml;n &nbsp;&#8211;&nbsp; G&ouml;teborg &nbsp;&#8211;&nbsp; Sk&aring;ne &nbsp;&#8211;&nbsp; Uppsala &nbsp;&#8211;&nbsp; Norrk&ouml;ping + Link&ouml;ping + J&ouml;nk&ouml;ping V&auml;ster&aring;s + &Ouml;rebro + [&hellip;]<\/p>\n","protected":false},"author":1,"featured_media":0,"parent":0,"menu_order":0,"comment_status":"open","ping_status":"closed","template":"","meta":[],"_links":{"self":[{"href":"http:\/\/www.jordenrunt.nu\/resa\/wp-json\/wp\/v2\/pages\/35717"}],"collection":[{"href":"http:\/\/www.jordenrunt.nu\/resa\/wp-json\/wp\/v2\/pages"}],"about":[{"href":"http:\/\/www.jordenrunt.nu\/resa\/wp-json\/wp\/v2\/types\/page"}],"author":[{"embeddable":true,"href":"http:\/\/www.jordenrunt.nu\/resa\/wp-json\/wp\/v2\/users\/1"}],"replies":[{"embeddable":true,"href":"http:\/\/www.jordenrunt.nu\/resa\/wp-json\/wp\/v2\/comments?post=35717"}],"version-history":[{"count":16,"href":"http:\/\/www.jordenrunt.nu\/resa\/wp-json\/wp\/v2\/pages\/35717\/revisions"}],"predecessor-version":[{"id":44065,"href":"http:\/\/www.jordenrunt.nu\/resa\/wp-json\/wp\/v2\/pages\/35717\/revisions\/44065"}],"wp:attachment":[{"href":"http:\/\/www.jordenrunt.nu\/resa\/wp-json\/wp\/v2\/media?parent=35717"}],"curies":[{"name":"wp","href":"https:\/\/api.w.org\/{rel}","templated":true}]}}