{"id":35400,"date":"2018-08-30T11:58:28","date_gmt":"2018-08-30T09:58:28","guid":{"rendered":"http:\/\/www.jordenrunt.nu\/resa\/?page_id=35400"},"modified":"2018-09-11T10:59:00","modified_gmt":"2018-09-11T08:59:00","slug":"vaccinationskliniker-uppsala-prisjamforelse","status":"publish","type":"page","link":"http:\/\/www.jordenrunt.nu\/resa\/vaccinationskliniker-uppsala-prisjamforelse\/","title":{"rendered":"Vaccinationskliniker Uppsala &#8211; prisj\u00e4mf\u00f6relse"},"content":{"rendered":"<p>&nbsp;<br \/>\n<b>Prisj&auml;mf&ouml;relse resevaccination:<\/b><br \/>\n<a href=\"http:\/\/www.jordenrunt.nu\/resa\/vaccinationskliniker-stockholms-lan-prisjamforelse\"><u>Stockholms l&auml;n<\/u><\/a> &nbsp;&#8211;&nbsp; <a href=\"http:\/\/www.jordenrunt.nu\/resa\/vaccinationskliniker-goteborg-prisjamforelse\"><u>G&ouml;teborg<\/u><\/a> &nbsp;&#8211;&nbsp; <a href=\"http:\/\/www.jordenrunt.nu\/resa\/vaccinationskliniker-skane-prisjamforelse\"><u>Sk&aring;ne<\/u><\/a> &nbsp;&#8211;&nbsp; <a href=\"http:\/\/www.jordenrunt.nu\/resa\/vaccinationskliniker-uppsala-prisjamforelse\"><u>Uppsala<\/u><\/a> &nbsp;&#8211;&nbsp; <a href=\"http:\/\/www.jordenrunt.nu\/resa\/resevaccination-norrkoping-och-linkoping\"><u>Norrk&ouml;ping + Link&ouml;ping + J&ouml;nk&ouml;ping<\/u><\/a><br \/>\n<a href=\"http:\/\/www.jordenrunt.nu\/resa\/resevaccination-vasteras-orebro-och-eskilstuna\/\"><u>V&auml;ster&aring;s + &Ouml;rebro + Eskilstuna + Karlstad<\/u><\/a> &nbsp;&#8211;&nbsp; <a href=\"http:\/\/www.jordenrunt.nu\/resa\/resevaccination-lulea-umea-sundsvall\/\"><u>Lule&aring; + Ume&aring; + Sundsvall<\/u><\/a><\/p>\n<p>&nbsp;<br \/>\n<img loading=\"lazy\" src=\"http:\/\/www.jordenrunt.nu\/resa\/wp-content\/uploads\/2014\/06\/vaccinering-spruta.gif\" alt=\"vaccinering-spruta\" width=\"600\" height=\"151\" border=\"0\"><br \/>\n&nbsp;<\/p>\n<p><strong>Priser f&ouml;r resevaccinering i Uppsala varierar och jag har listat kliniker med prisexempel, prisj&auml;mf&ouml;relse, info, adress och l&auml;nk till hemsida. F&ouml;rhoppningsvis g&ouml;r detta att du hittar b&auml;sta och billigaste vaccinationskliniken f&ouml;r just dig.<\/strong><\/p>\n<p>T&auml;nk p&aring; att denna info endast &auml;r en v&auml;gledning, d&aring; bland annat priser kan &auml;ndras snabbt (exempelvis beroende p&aring; tillg&aring;ng och efterfr&aring;gan p&aring; vacciner). Klicka p&aring; klinikens namn f&ouml;r senaste nytt p&aring; deras hemsida.<\/p>\n<p>&nbsp;<br \/>\n<font color=\"#AC0000\"><b>&#8212;&#8212;&#8212;&#8212;&#8212;&#8212;&#8212;&#8212;&#8212;&#8212;&#8212;&#8212;&#8212;&#8212;&#8212;&#8212;&#8212;&#8212;&#8212;&#8212;&#8212;&#8212;&#8212;&#8212;<\/b><\/font color><\/p>\n<p>&nbsp;<font color=\"#AC0000\"><strong>INFO + PRISER = uppdaterad AUG 2018<\/strong><\/font color><\/p>\n<p>&nbsp;(h&auml;mtat fr&aring;n klinikernas sajter)<\/p>\n<p><font color=\"#AC0000\"><b>&#8212;&#8212;&#8212;&#8212;&#8212;&#8212;&#8212;&#8212;&#8212;&#8212;&#8212;&#8212;&#8212;&#8212;&#8212;&#8212;&#8212;&#8212;&#8212;&#8212;&#8212;&#8212;&#8212;&#8212;<\/b><\/font color><br \/>\n&nbsp;<\/p>\n<p>Prisexemplen p&aring; denna sida &auml;r f&ouml;r en dos av f&ouml;ljande vacciner:<br \/>\nGula febern (Stamaril), Hepatit A (Havrix), Hepatit B (Engerix), Hep A + B (Twinrix).<br \/>\nPlus priset f&ouml;r TV&Aring; doser koleravaccin (dukoral eller Etec).<\/p>\n<p>Vissa vacciner skall tas i flera doser f&ouml;r fullgott skydd (du f&aring;r &aring;terkomma f&ouml;r ytterligare dos).<br \/>\nGula febern = en dos (ger 10 &aring;rs skydd).<br \/>\nHepatit A = tv&aring; doser (en dos skyddar i ungef&auml;r ett &aring;r och tv&aring; doser i 20 &aring;r).<br \/>\nHepatit B = tre doser (ger 10 &aring;rs skydd).<br \/>\nTwinrix (hep A + B) = tre doser (upp till 20 &aring;rs skydd).<br \/>\nDukoral (kolera) = tv&aring; doser (skyddar vuxna mot kolera i tv&aring; &aring;r och barn sex m&aring;nader).<\/p>\n<p>Om du undrar vilka vacciner du beh\u00f6ver ta innan resan, kika p\u00e5 f\u00f6ljande sajt (v\u00e4ldigt bra och utf\u00f6rlig information):<br \/>\n<a href=\"https:\/\/www.1177.se\/Uppsala-lan\/Tema\/Vaccinationer\/\" target=\"_blank\">www.1177.se\/Uppsala-lan\/Tema\/Vaccinationer<\/a><\/p>\n<p><font color=\"#AC0000\">Viktigt &#8211; Innan du vaccinerar dig!<\/font color><br \/>\nH&ouml;r med vaccinationsmottagningen att de har doktor p&aring; plats (vilket de skall ha enligt Socialstyrelsen). Detta &auml;r f&ouml;r patientens s&auml;kerhet, utifall den som vaccineras drabbas av exempelvis en allergisk reaktion (d&aring; skall l&auml;kare finnas p&aring; plats f&ouml;r att kunna behandla).<\/p>\n<p>&nbsp;<br \/>\n<img loading=\"lazy\" src=\"http:\/\/www.jordenrunt.nu\/resa\/wp-content\/uploads\/2014\/08\/rubrik-vaccin-uppsala.gif\" width=\"598\" height=\"42\" border=\"0\"><br \/>\n&nbsp; <\/p>\n<p><a href=\"https:\/\/vaccindirekt.se\/mottagningar-uppsala\/\" target=\"_blank\"><font color=\"#8C0000\"><strong><u>Uppsala Vaccinationsbyr&aring;<\/u><\/u><\/strong><\/font color><\/a><br \/>\nVaccinationer utan tidsbest&auml;llning &#8211; M&aring;n-tor 10-19, fre 10-17 och l&ouml;r 10-15.<br \/>\n<font color=\"#085941\">Hitta >>><\/font color> Sysslomansgatan 5 &#8211; Uppsala<\/p>\n<p><font color=\"#085949\"><strong>Prisexempel<\/strong><\/font color><br \/>\nGula febern 520 kr<br \/>\nHepatit A 480 kr<br \/>\nHepatit B 350 kr<br \/>\nTwinrix (hep A + B) 570 kr<br \/>\nKolera (Dukoral, tv&aring; doser) 520 kr<br \/>\nMalariatabletter recept gratis vid vaccinering (annars 150 kr)<\/p>\n<p><font color=\"#085949\"><strong>Prisj&auml;mf&ouml;relse<\/strong><\/font color> &#8211; fullst&auml;ndig vaccinering med tv&aring; vanliga resevacciner hos Uppsala Vaccinationsbyr&aring;:<br \/>\n1 710 kr (3 doser Twinrix) + 520 kr (2 doser dukoral) = <font color=\"#AC0000\">2 230 kr<\/font color><\/p>\n<p>&nbsp;<br \/>\n<a href=\"http:\/\/www.resecentrumvaccinationer.se\" target=\"_blank\"><font color=\"#8C0000\"><strong><u>Resecentrum Vaccinationer<\/u><\/u><\/strong><\/font color><\/a><br \/>\nVaccinationer inf&ouml;r resa. Bokade tider eller drop-in m&aring;n-l&ouml;rdag.<br \/>\n<font color=\"#085941\">Hitta >>><\/font color> B&auml;verns gr&auml;nd 24 nb, Uppsala<\/p>\n<p><font color=\"#085949\"><strong>Prisexempel<\/strong><\/font color><br \/>\nGula febern 520 kr<br \/>\nHepatit A 480 kr<br \/>\nHepatit B 370 kr<br \/>\nTwinrix (Hepatit A + B) 570 kr<br \/>\nkolera (Dukoral, tv&aring; doser) 520 kr<br \/>\nMalariatabletter recept 100 kr<\/p>\n<p><font color=\"#085949\"><strong>Prisj&auml;mf&ouml;relse<\/strong><\/font color> &#8211; fullst&auml;ndig vaccinering med tv&aring; vanliga resevacciner hos Resecentrum Vaccinationer:<br \/>\n1 710 kr (3 doser Twinrix) + 520 kr (2 doser dukoral) = <font color=\"#AC0000\">2 230 kr<\/font color><\/p>\n<p>&nbsp;<br \/>\n<a href=\"https:\/\/www.apoteket.se\/halsotjanster\/Vaccination\" target=\"_blank\"><font color=\"#8C0000\"><strong><u>Apoteket Vaccination<\/u><\/strong><\/font color><\/a><br \/>\nP\u00e5 vissa Apotek g&aring;r det att vaccinera sig (de har dock inte alla resevacciner), <a href=\"https:\/\/www.apoteket.se\/halsotjanster\/Vaccination#heading15983\" target=\"_blank\"><font color=\"#8C0000\"><u>se vilka Apotek h&auml;r<\/u><\/font color><\/a>.<br \/>\nVid vaccination f&aring;r du kundklubbspo&auml;ng p&aring; din vaccination.<\/p>\n<p><font color=\"#085949\"><strong>Prisexempel<\/strong><\/font color><br \/>\nHepatit A 450 kr<br \/>\nHepatit B 340 kr<br \/>\nTwinrix (Hepatit A + B) 580 kr<br \/>\nKolera (Dukoral, tv&aring; doser) 510 kr<br \/>\n&nbsp;<br \/>\n<font color=\"#085949\"><strong>Prisj&auml;mf&ouml;relse<\/strong><\/font color> &#8211; fullst&auml;ndig vaccinering med tv&aring; vanliga resevacciner:<br \/>\n1 740 kr (3 doser Twinrix) + 510 kr (2 doser dukoral) = <font color=\"#AC0000\">2 250 kr<\/font color><\/p>\n<p>&nbsp;<br \/>\n<a href=\"http:\/\/www.lansvaccinationer.se\/0_prislista_2col.htm\" target=\"_blank\"><font color=\"#8C0000\"><strong><u>L&auml;nsvaccinationer i Uppsala<\/u><\/u><\/strong><\/font color><\/a><br \/>\nVaccinationsmottagningar med drop-in tider vardagar. L&auml;nsVaccinationer erbjuder de flesta vaccinationer som f&ouml;rekommer p&aring; marknaden.<br \/>\n<font color=\"#085941\">Rabatt >>><\/font color> Studentrabatt 10% mot uppvisande av Mecenat\/Student-kortet eller ISIC-kort.<br \/>\n<font color=\"#085941\">Hitta >>><\/font color> L\u00e4nsvaccinationer mottagning, Sysslomansgatan 6.<br \/>\n<font color=\"#085941\">Hitta >>><\/font color> Klinik Sk&ouml;lden, Sk&ouml;ldungagatan 57, Svartb&auml;cken. <\/p>\n<p><font color=\"#085949\"><strong>Prisexempel<\/strong><\/font color><br \/>\nGula febern 520 kr<br \/>\nHepatit A 480 kr<br \/>\nHepatit B 350 kr<br \/>\nTwinrix (Hepatit A + B) 590 kr<br \/>\nKolera (Dukoral, tv&aring; doser) 520 kr<br \/>\nMalariatabletter recept &auml;r gratis vid vaccinering (annars 150 kr).<\/p>\n<p><font color=\"#085949\"><strong>Prisj&auml;mf&ouml;relse<\/strong><\/font color> &#8211; fullst&auml;ndig vaccinering med tv&aring; vanliga resevacciner p&aring; L&auml;nsvaccinationer i Uppsala:<br \/>\n1 770 kr (3 doser Twinrix) + 520 kr (2 doser dukoral) = <font color=\"#AC0000\">2 290 kr<\/font color><br \/>\n&nbsp;<br \/>\nMed 10% rabatt f&ouml;r studenter:<br \/>\n1 593 kr (3 doser Twinrix) + 468 kr (2 doser dukoral) = <font color=\"#AC0000\"><strong>2 061 kr<\/strong><\/font color><\/p>\n<p>&nbsp;<br \/>\n<a href=\"http:\/\/www.akademiska.se\/sv\/Verksamheter\/Infektion\/Infektionsmottagning-1\/Vaccination\" target=\"_blank\"><font color=\"#8C0000\"><strong><u>Akademiska sjukhuset<\/u><\/u><\/strong><\/font color><\/a><br \/>\nP&aring; infektionsavdelningen (ing&aring;ng 33) p&aring; Akademiska sjukhuset har man en stor vaccinationsmottagning.<br \/>\nTidsbest&auml;llning (8:30-16.45): 018-611 56 20 och &auml;ven viss drop-in till sjuksk&ouml;terska (endast Hepatit A, Hepatit B och dukoral)<\/p>\n<p><font color=\"#085949\"><strong>Prisexempel<\/strong><\/font color><br \/>\nEn grundavgift (vid varje vaccinationstillf&auml;lle) p&aring; 150 kronor plus vaccinpriset&#8230;<br \/>\nGula febern 445 kr<br \/>\nHepatit A 383 kr<br \/>\nHepatit B 349 kr<br \/>\nTwinrix (Hepatit A + B) 556 kr<br \/>\nKolera (dukoral, tv&aring; doser) 490 kr<\/p>\n<p><font color=\"#085949\"><strong>Prisj&auml;mf&ouml;relse<\/strong><\/font color> &#8211; fullst&auml;ndig vaccinering med tv&aring; vanliga resevacciner p&aring; Akademiska sjukhuset:<br \/>\n2 118 kr (3 doser Twinrix) + 490 kr (2 doser dukoral) = <font color=\"#AC0000\">2 608 kr<\/font color><\/p>\n<p>&nbsp;<br \/>\n<a href=\"http:\/\/www.totalhalsan.se\/privat\/vaccination-uppsala\" target=\"_blank\"><font color=\"#8C0000\"><strong><u>Totalh&auml;lsan i Uppsala<\/u><\/u><\/strong><\/font color><\/a><br \/>\nResevaccinationer och reser&aring;d och drop-in m&aring;ndagar klockan 17-19.<br \/>\n<font color=\"#085941\">Hitta >>><\/font color> Gr&auml;nby Centrum, &Ouml;:a Entr\u00e9n v&aring;n 3, Marknadsgatan 1, Uppsala <\/p>\n<p><font color=\"#085949\"><strong>Prisexempel<\/strong><\/font color><br \/>\nHepatit A 400 kr<br \/>\nHepatit B 350 kr<br \/>\nTwinrix (hep A + B) 570 kr <\/p>\n<p>&nbsp;<br \/>\n<a href=\"https:\/\/capio.se\/narsjukvard\/uppsala\/savja-vardcentral\/vaccination\/\" target=\"_blank\"><font color=\"#8C0000\"><strong><u>Capio V&aring;rdcentral S&auml;vja<\/u><\/u><\/strong><\/font color><\/a><br \/>\nErbjuder medicinsk r&aring;dgivning, tips p&aring; reseapotek  samt f&ouml;resl&aring;r l&auml;mplig vaccination.<br \/>\n<font color=\"#085941\">Hitta >>><\/font color> K&aring;bo L&auml;karhus, G&ouml;tav&auml;gen 4, Uppsala &#8211; 018 &#8211; 69 60 15<\/p>\n<p><font color=\"#085949\"><strong>Prisexempel<\/strong><\/font color><br \/>\nEn grundavgift (vid varje vaccinationstillf&auml;lle) p&aring; 150 kronor plus vaccinpriset&#8230;<br \/>\nHepatit A 350 kr,<br \/>\nHepatit B 320<br \/>\nTwinrix (hep A + B) 460 kr <\/p>\n","protected":false},"excerpt":{"rendered":"<p>&nbsp; Prisj&auml;mf&ouml;relse resevaccination: Stockholms l&auml;n &nbsp;&#8211;&nbsp; G&ouml;teborg &nbsp;&#8211;&nbsp; Sk&aring;ne &nbsp;&#8211;&nbsp; Uppsala &nbsp;&#8211;&nbsp; Norrk&ouml;ping + Link&ouml;ping + J&ouml;nk&ouml;ping V&auml;ster&aring;s + &Ouml;rebro + [&hellip;]<\/p>\n","protected":false},"author":1,"featured_media":0,"parent":0,"menu_order":0,"comment_status":"open","ping_status":"closed","template":"","meta":[],"_links":{"self":[{"href":"http:\/\/www.jordenrunt.nu\/resa\/wp-json\/wp\/v2\/pages\/35400"}],"collection":[{"href":"http:\/\/www.jordenrunt.nu\/resa\/wp-json\/wp\/v2\/pages"}],"about":[{"href":"http:\/\/www.jordenrunt.nu\/resa\/wp-json\/wp\/v2\/types\/page"}],"author":[{"embeddable":true,"href":"http:\/\/www.jordenrunt.nu\/resa\/wp-json\/wp\/v2\/users\/1"}],"replies":[{"embeddable":true,"href":"http:\/\/www.jordenrunt.nu\/resa\/wp-json\/wp\/v2\/comments?post=35400"}],"version-history":[{"count":34,"href":"http:\/\/www.jordenrunt.nu\/resa\/wp-json\/wp\/v2\/pages\/35400\/revisions"}],"predecessor-version":[{"id":44068,"href":"http:\/\/www.jordenrunt.nu\/resa\/wp-json\/wp\/v2\/pages\/35400\/revisions\/44068"}],"wp:attachment":[{"href":"http:\/\/www.jordenrunt.nu\/resa\/wp-json\/wp\/v2\/media?parent=35400"}],"curies":[{"name":"wp","href":"https:\/\/api.w.org\/{rel}","templated":true}]}}