{"id":24748,"date":"2012-09-21T17:09:22","date_gmt":"2012-09-21T15:09:22","guid":{"rendered":"http:\/\/www.jordenrunt.nu\/resa\/?page_id=24748"},"modified":"2015-04-18T12:22:58","modified_gmt":"2015-04-18T10:22:58","slug":"sajtkarta-vaccination-reshalsa-resesakerhet","status":"publish","type":"page","link":"http:\/\/www.jordenrunt.nu\/resa\/sajtkarta-vaccination-reshalsa-resesakerhet\/","title":{"rendered":"Sajtkarta &#8211; Vaccination &#8211; Resh\u00e4lsa &#8211; Reses\u00e4kerhet"},"content":{"rendered":"<p>H&auml;r finns allt om att f&ouml;rb&auml;ttra reseh&auml;lsan och minimerar riskerna att r&aring;ka illa ut.<br \/>\n&nbsp;<\/p>\n<table bgcolor=\"#A9F5F2\" width=450 cellpadding=\"20\">\n<tr>\n<td><strong><font color=\"#000000\">1. Sjukdom &#8211; Olycka &#8211; R&aring;n &#8211; naturkatastrof &#8211; Krig<\/font color><\/strong><\/td>\n<\/tr>\n<\/table>\n<ol>\n<li><a href=\"http:\/\/www.jordenrunt.nu\/resa\/nodsida-sjuk-olycka\">Steg f\u00f6r steg guide i n&ouml;dens stund<\/a><\/li>\n<\/ol>\n<p>&nbsp; <\/p>\n<table bgcolor=\"#FF00B0\" width=450 cellpadding=\"20\">\n<tr>\n<td><strong><font color=\"#ffffff\">2. Hitta din vaccinationsklinik<\/font color><\/strong><\/td>\n<\/tr>\n<\/table>\n<p><ul><li><a href='http:\/\/www.jordenrunt.nu\/resa\/vaccination\/resehelsa\/2019\/05\/31\/resehalsa-bra-saker-till-lilla-forbandsladan\/'>Reseh\u00e4lsa &#8211; Bra saker till lilla f\u00f6rbandsl\u00e5dan<\/a><\/li><li><a href='http:\/\/www.jordenrunt.nu\/resa\/vaccination\/2016\/01\/21\/vaccination-stockholm\/'>Prisj\u00e4mf\u00f6relse resevaccination i Stockholm<\/a><\/li><li><a href='http:\/\/www.jordenrunt.nu\/resa\/vaccination\/2014\/09\/10\/vaccinationskliniker-skane-prisjamforelse\/'>Vaccinationskliniker Sk\u00e5ne &#8211; prisj\u00e4mf\u00f6relse<\/a><\/li><li><a href='http:\/\/www.jordenrunt.nu\/resa\/vaccination\/2014\/08\/22\/vaccination-goteborg\/'>Prisj\u00e4mf\u00f6relse vaccinationskliniker G\u00f6teborg<\/a><\/li><\/ul><br \/>\n&nbsp; <\/p>\n<table bgcolor=\"#A9F5F2\" width=450 cellpadding=\"20\">\n<tr>\n<td><strong><font color=\"#000000\">3. R&aring;d f&ouml;r god Reseh&auml;lsa<\/font color><\/strong><\/td>\n<\/tr>\n<\/table>\n<p><ul><li><a href='http:\/\/www.jordenrunt.nu\/resa\/vaccination\/resehelsa\/2019\/05\/31\/resehalsa-bra-saker-till-lilla-forbandsladan\/'>Reseh\u00e4lsa &#8211; Bra saker till lilla f\u00f6rbandsl\u00e5dan<\/a><\/li><li><a href='http:\/\/www.jordenrunt.nu\/resa\/vaccination\/resehelsa\/2010\/01\/15\/halsorad-pa-resan-ata-och-dricka\/'>H\u00e4lsor\u00e5d p\u00e5 resan &#8211; \u00c4ta och dricka<\/a><\/li><li><a href='http:\/\/www.jordenrunt.nu\/resa\/vaccination\/resehelsa\/2010\/01\/15\/halsorad-pa-resan-normalt-los-i-magen\/'>H\u00e4lsor\u00e5d p\u00e5 resan &#8211; &#8221;Normalt&#8221; l\u00f6s i magen<\/a><\/li><li><a href='http:\/\/www.jordenrunt.nu\/resa\/vaccination\/resehelsa\/2010\/01\/15\/halsorad-pa-resan-se-upp-med-varmen\/'>H\u00e4lsor\u00e5d p\u00e5 resan &#8211; Se upp med v\u00e4rmen<\/a><\/li><li><a href='http:\/\/www.jordenrunt.nu\/resa\/vaccination\/resehelsa\/2010\/01\/15\/halsorad-pa-resan-se-upp-med-solen\/'>H\u00e4lsor\u00e5d p\u00e5 resan &#8211; Se upp med solen<\/a><\/li><li><a href='http:\/\/www.jordenrunt.nu\/resa\/vaccination\/resehelsa\/2010\/01\/15\/halsorad-pa-resan-vid-sjukdom-eller-skada\/'>H\u00e4lsor\u00e5d p\u00e5 resan &#8211; Vid sjukdom eller skada<\/a><\/li><li><a href='http:\/\/www.jordenrunt.nu\/resa\/vaccination\/resehelsa\/2010\/01\/15\/ovriga-halso-och-sakerhetsrad-for-resenarer\/'>\u00d6vriga h\u00e4lso- och s\u00e4kerhetsr\u00e5d f\u00f6r resen\u00e4rer<\/a><\/li><\/ul><br \/>\n&nbsp; <\/p>\n<table bgcolor=\"#FF00B0\" width=450 cellpadding=\"20\">\n<tr>\n<td><strong><font color=\"#ffffff\">4. Grundfakta om vaccinering<\/font color><\/strong><\/td>\n<\/tr>\n<\/table>\n<p><ul><li><a href='http:\/\/www.jordenrunt.nu\/resa\/vaccination\/vaccin_grundfakta\/2010\/01\/15\/borja-dina-vaccinationsforberedelser-i-god-tid\/'>B\u00f6rja dina vaccinationsf\u00f6rberedelser i god tid<\/a><\/li><li><a href='http:\/\/www.jordenrunt.nu\/resa\/vaccination\/vaccin_grundfakta\/2010\/01\/15\/hitta-basta-och-billigaste-vaccineringen-for-dig\/'>Hitta b\u00e4sta och billigaste vaccineringen f\u00f6r dig<\/a><\/li><li><a href='http:\/\/www.jordenrunt.nu\/resa\/vaccination\/vaccin_grundfakta\/2010\/01\/15\/fakta-om-ett-antal-tropiska-sjukdomar\/'>Fakta om ett antal tropiska sjukdomar<\/a><\/li><li><a href='http:\/\/www.jordenrunt.nu\/resa\/vaccination\/vaccin_grundfakta\/2010\/01\/15\/vaccinations-och-halsorad-for-varlden\/'>Vaccinations- och h\u00e4lsor\u00e5d f\u00f6r v\u00e4rlden<\/a><\/li><li><a href='http:\/\/www.jordenrunt.nu\/resa\/vaccination\/vaccin_grundfakta\/2010\/01\/15\/vaccinering-och-langresor-om-du-ar-gravid\/'>Vaccinering och l\u00e5ngresor om du \u00e4r gravid<\/a><\/li><li><a href='http:\/\/www.jordenrunt.nu\/resa\/vaccination\/vaccin_grundfakta\/2010\/01\/15\/rad-och-tips-for-god-halsa-pa-resande-fot\/'>R\u00e5d och tips f\u00f6r god h\u00e4lsa p\u00e5 resande fot<\/a><\/li><\/ul><br \/>\n&nbsp; <\/p>\n<table bgcolor=\"#A9F5F2\" width=450 cellpadding=\"20\">\n<tr>\n<td><strong><font color=\"#000000\">5. Tips om Reses&auml;kerhet<\/font color><\/strong><\/td>\n<\/tr>\n<\/table>\n<ul><li><a href='http:\/\/www.jordenrunt.nu\/resa\/asien\/2022\/03\/20\/taxibolag-med-bara-kvinnliga-chaufforer-i-indien\/'>Indien &#8211; Taxibolag med kvinnliga chauff\u00f6rer i Mumbai<\/a><\/li><li><a href='http:\/\/www.jordenrunt.nu\/resa\/europa\/2021\/09\/29\/ring-112-vid-nodsituation-i-europa\/'>Ring 112 vid n\u00f6d i Europa<\/a><\/li><li><a href='http:\/\/www.jordenrunt.nu\/resa\/blandade\/2019\/12\/12\/se-upp-for-flygbolagen-pa-eus-svarta-lista\/'>Se upp f\u00f6r flygbolagen p\u00e5 EUs svarta lista<\/a><\/li><li><a href='http:\/\/www.jordenrunt.nu\/resa\/reseprylar\/2015\/05\/14\/reseprylar-sandaler-med-lonnfack\/'>Reseprylar &#8211; Sandaler med l\u00f6nnfack<\/a><\/li><li><a href='http:\/\/www.jordenrunt.nu\/resa\/reseprylar\/2015\/05\/13\/reseprylar-underklader-t-shirts-och-linnen-med-sakerhetsficka\/'>Reseprylar &#8211; Underkl\u00e4der och tr\u00f6jor med s\u00e4kerhetsficka<\/a><\/li><li><a href='http:\/\/www.jordenrunt.nu\/resa\/reseprylar\/2015\/03\/13\/reseprylar-byxor-med-manga-smarta-fickor\/'>Reseprylar &#8211; Byxor med smarta fickor<\/a><\/li><li><a href='http:\/\/www.jordenrunt.nu\/resa\/blandade\/2015\/02\/13\/att-valja-en-saker-dykbat-pa-resmalet\/'>Att v\u00e4lja en s\u00e4ker dykb\u00e5t p\u00e5 resm\u00e5let<\/a><\/li><li><a href='http:\/\/www.jordenrunt.nu\/resa\/reseplanera\/resesakerhet\/2014\/12\/15\/nodsida-naturkatastrof-krig\/'>I N\u00f6dens Stund &#8211; Katastrof eller krig p\u00e5 resm\u00e5let!<\/a><\/li><li><a href='http:\/\/www.jordenrunt.nu\/resa\/reseplanera\/resesakerhet\/2014\/12\/11\/nodsida-sjukdom-olycka\/'>I N\u00f6dens Stund &#8211; vid sjukdom eller olycka!<\/a><\/li><li><a href='http:\/\/www.jordenrunt.nu\/resa\/reseplanera\/resesakerhet\/2014\/12\/10\/i-nodens-stund-om-du-blir-bestulen\/'>I N\u00f6dens Stund &#8211; om du blir bestulen!<\/a><\/li><li><a href='http:\/\/www.jordenrunt.nu\/resa\/reseprylar\/2014\/06\/03\/reseprylar-strumpor-med-sakerhetsfickor\/'>Reseprylar &#8211; Strumpor med s\u00e4kerhetsfickor<\/a><\/li><li><a href='http:\/\/www.jordenrunt.nu\/resa\/reseprylar\/2014\/03\/22\/reseprylar-skjortor-med-dolda-fickor-for-pass-pengar-och-mobil\/'>Reseprylar &#8211; Snygga skjortor med dolda s\u00e4kerhetsfickor<\/a><\/li><li><a href='http:\/\/www.jordenrunt.nu\/resa\/asien\/2013\/08\/24\/hjalpcenter-i-hanoi-for-turister-som-blivit-lurade\/'>Vietnam &#8211; Hj\u00e4lpcenter i Hanoi f\u00f6r lurade turister<\/a><\/li><li><a href='http:\/\/www.jordenrunt.nu\/resa\/reseprylar\/2013\/08\/11\/reseprylar-pytteliten-mobilladdare\/'>Reseprylar &#8211; Pytteliten n\u00f6dfallsladdare f\u00f6r mobilen<\/a><\/li><li><a href='http:\/\/www.jordenrunt.nu\/resa\/reseprylar\/2013\/03\/28\/reseprylar-uv-ljus-som-renar-kranvatten\/'>Reseprylar &#8211; UV-ljus som renar kranvatten<\/a><\/li><li><a href='http:\/\/www.jordenrunt.nu\/resa\/reseplanera\/resesakerhet\/2013\/01\/30\/se-upp-for-vulkanutbrott-i-ecuador\/'>Se upp f\u00f6r vulkanutbrott i Ecuador<\/a><\/li><li><a href='http:\/\/www.jordenrunt.nu\/resa\/reseprylar\/2013\/01\/23\/reseprylar-sakra-hjulvaskor-fran-pacsafe\/'>Reseprylar &#8211; S\u00e4kra hjulv\u00e4skor fr\u00e5n Pacsafe<\/a><\/li><li><a href='http:\/\/www.jordenrunt.nu\/resa\/asien\/2013\/01\/12\/reserad-for-sakrare-tuk-tuk-fard-i-kambodja\/'>Reser\u00e5d f\u00f6r s\u00e4krare tuk-tuk f\u00e4rd i Kambodja<\/a><\/li><li><a href='http:\/\/www.jordenrunt.nu\/resa\/afrika\/2012\/12\/22\/avradan-fran-resor-till-centralafrikanska-republiken\/'>Reseavr\u00e5dan &#8211; Centralafrikanska Republiken<\/a><\/li><li><a href='http:\/\/www.jordenrunt.nu\/resa\/reseprylar\/2012\/12\/04\/reseprylar-skidrygga-hjlper-i-laviner\/'>Reseprylar &#8211; Skidrygga hj\u00e4lper i laviner<\/a><\/li><li><a href='http:\/\/www.jordenrunt.nu\/resa\/blandade\/2012\/10\/04\/besok-inte-turkiets-gransomraden-mot-syrien\/'>Bes\u00f6k inte Turkiets gr\u00e4nsomr\u00e5den mot Syrien<\/a><\/li><li><a href='http:\/\/www.jordenrunt.nu\/resa\/europa\/2012\/09\/21\/resevarning-dodlig-alkohol-i-tjeckien\/'>Resevarning &#8211; D\u00f6dlig alkohol i Tjeckien<\/a><\/li><li><a href='http:\/\/www.jordenrunt.nu\/resa\/asien\/2012\/09\/05\/resevarning-indonesien-dodsfall-av-metanol-i-alkohol\/'>Resevarning &#8211; D\u00f6dlig alkohol i Indonesien<\/a><\/li><li><a href='http:\/\/www.jordenrunt.nu\/resa\/asien\/2012\/07\/29\/nytt-svenskt-konsulat-i-thailand\/'>Nytt svenskt konsulat i Thailand<\/a><\/li><li><a href='http:\/\/www.jordenrunt.nu\/resa\/latinamerika\/2012\/06\/19\/de-grona-vaganglarna-i-mexiko\/'>De gr\u00f6na \u00e4nglarna p\u00e5 v\u00e4garna i Mexiko<\/a><\/li><li><a href='http:\/\/www.jordenrunt.nu\/resa\/reseprylar\/2012\/05\/15\/reseprylar-klader-med-sakerhetsfickor-fran-royal-robbins\/'>Reseprylar &#8211; Kl\u00e4der med s\u00e4kerhetsfickor fr\u00e5n Royal Robbins<\/a><\/li><li><a href='http:\/\/www.jordenrunt.nu\/resa\/blandade\/2012\/03\/16\/se-upp-med-adelstensbedragerier-i-thailand\/'>Se upp med \u00e4delstensbedr\u00e4gerier i Thailand<\/a><\/li><li><a href='http:\/\/www.jordenrunt.nu\/resa\/blandade\/2012\/03\/13\/se-upp-med-skadedjur-pa-semestern\/'>Se upp med skadedjur p\u00e5 semestern<\/a><\/li><li><a href='http:\/\/www.jordenrunt.nu\/resa\/afrika\/2012\/03\/09\/120-turistpoliser-skall-oka-resesakerheten-i-uganda\/'>Uganda &#8211; S\u00e4krare med 120 turistpoliser<\/a><\/li><li><a href='http:\/\/www.jordenrunt.nu\/resa\/asien\/2012\/03\/06\/indonesien-se-upp-med-illegala-vaxlingskontor-pa-bali\/'>Varning f\u00f6r illegala v\u00e4xlingskontor p\u00e5 Bali<\/a><\/li><li><a href='http:\/\/www.jordenrunt.nu\/resa\/afrika\/2012\/01\/30\/ud-avrader-fran-resor-till-nigeria\/'>UD avr\u00e5der fr\u00e5n resor till Nigeria<\/a><\/li><li><a href='http:\/\/www.jordenrunt.nu\/resa\/asien\/2012\/01\/12\/indonesien-se-upp-med-tatuering-pa-bali\/'>Indonesien &#8211; Se upp med tatuering p\u00e5 Bali<\/a><\/li><li><a href='http:\/\/www.jordenrunt.nu\/resa\/blandade\/2011\/12\/23\/borttagen-avradan-for-japan-och-sri-lanka\/'>Borttagen avr\u00e5dan f\u00f6r Japan och Sri Lanka<\/a><\/li><li><a href='http:\/\/www.jordenrunt.nu\/resa\/afrika\/2011\/11\/28\/varning-for-resor-till-kenyas-norra-kustomraden\/'>Uppdaterad: Varning f\u00f6r resor till Kenyas norra kustomr\u00e5den<\/a><\/li><li><a href='http:\/\/www.jordenrunt.nu\/resa\/europa\/2011\/10\/31\/se-upp-med-felbehandlande-och-dyra-lakare-i-bulgarien\/'>Se upp med felbehandlande och dyra l\u00e4kare i Bulgarien<\/a><\/li><li><a href='http:\/\/www.jordenrunt.nu\/resa\/world\/reseblogg\/2011\/10\/19\/svenska-piloters-arbetstid-kan-vara-en-sakerhetsrisk\/'>Svenska piloters arbetstid kan vara en s\u00e4kerhetsrisk<\/a><\/li><li><a href='http:\/\/www.jordenrunt.nu\/resa\/oceanien\/2011\/10\/11\/papua-nya-guinea-var-forsiktig-vid-bankomater-i-png\/'>Papua Nya Guinea &#8211; Var f\u00f6rsiktig vid bankomater i PNG<\/a><\/li><li><a href='http:\/\/www.jordenrunt.nu\/resa\/latinamerika\/2011\/10\/07\/kuba-se-upp-for-ficktjuvar-och-vaskryckare-i-havanna\/'>Kuba &#8211; Varning f\u00f6r ficktjuvar i Havanna<\/a><\/li><li><a href='http:\/\/www.jordenrunt.nu\/resa\/asien\/2011\/10\/07\/se-upp-for-vaskryckning-i-kambodja\/'>Se upp f\u00f6r v\u00e4skryckning i Kambodja<\/a><\/li><li><a href='http:\/\/www.jordenrunt.nu\/resa\/asien\/2011\/10\/01\/kina-ta-kopia-pa-kinavisumet-och-se-upp-med-te-bedrageri\/'>Kina &#8211; Ta kopia p\u00e5 kinavisumet och se upp med te-bedr\u00e4geri<\/a><\/li><li><a href='http:\/\/www.jordenrunt.nu\/resa\/latinamerika\/2011\/09\/30\/varning-for-sno-langs-ausangate-trek\/'>Varning f\u00f6r sn\u00f6 l\u00e4ngs Ausangate trek<\/a><\/li><li><a href='http:\/\/www.jordenrunt.nu\/resa\/blandade\/2011\/09\/26\/se-upp-for-bedragare-pa-resmalet\/'>Se upp f\u00f6r bedragare p\u00e5 resm\u00e5let<\/a><\/li><li><a href='http:\/\/www.jordenrunt.nu\/resa\/blandade\/2011\/06\/28\/se-upp-med-narkotika-pa-resan\/'>Se upp med narkotika p\u00e5 resan<\/a><\/li><li><a href='http:\/\/www.jordenrunt.nu\/resa\/asien\/2010\/10\/20\/varning-for-21-vulkaner-i-indonesien\/'>Varning f\u00f6r 21 vulkaner i Indonesien<\/a><\/li><li><a href='http:\/\/www.jordenrunt.nu\/resa\/afrika\/2010\/09\/05\/resevarning-ak-inte-till-norra-mali-nu\/'>Resevarning &#8211; \u00c5k inte till norra Mali nu&#8230;<\/a><\/li><li><a href='http:\/\/www.jordenrunt.nu\/resa\/blandade\/2010\/08\/14\/bryt-inte-lagen-i-varldens-lander\/'>Bryt inte lagen i v\u00e4rldens l\u00e4nder<\/a><\/li><li><a href='http:\/\/www.jordenrunt.nu\/resa\/latinamerika\/2010\/05\/31\/lasartips-om-att-aka-taxi-i-peru\/'>L\u00e4sartips om att \u00e5ka taxi i Peru<\/a><\/li><li><a href='http:\/\/www.jordenrunt.nu\/resa\/latinamerika\/2010\/04\/26\/peru-varning-for-rasrisk-i-cusco\/'>Peru &#8211; Varning f\u00f6r rasrisk i Cusco<\/a><\/li><li><a href='http:\/\/www.jordenrunt.nu\/resa\/afrika\/2010\/03\/31\/avradan-fran-resor-till-delar-av-senegal\/'>Avr\u00e5dan fr\u00e5n resor till delar av Senegal<\/a><\/li><li><a href='http:\/\/www.jordenrunt.nu\/resa\/reseplanera\/resesakerhet\/2010\/02\/17\/thailand-se-upp-med-droger\/'>Thailand &#8211; Se upp med droger<\/a><\/li><li><a href='http:\/\/www.jordenrunt.nu\/resa\/asien\/2010\/01\/25\/indonesien-varning-for-starka-strommar-nar-du-simmar\/'>Indonesien &#8211; Varning f\u00f6r starka str\u00f6mmar n\u00e4r du simmar<\/a><\/li><li><a href='http:\/\/www.jordenrunt.nu\/resa\/afrika\/2009\/10\/31\/okej-att-besoka-gabon-och-madagascar-igen\/'>Okej att bes\u00f6ka Gabon och Madagascar igen<\/a><\/li><li><a href='http:\/\/www.jordenrunt.nu\/resa\/asien\/2009\/08\/01\/varning-for-tax-free-shopping-pa-bangkoks-flygplats\/'>Varning f\u00f6r tax-free shopping p\u00e5 Bangkoks flygplats<\/a><\/li><li><a href='http:\/\/www.jordenrunt.nu\/resa\/reseplanera\/resesakerhet\/2009\/07\/28\/grundfakta-och-lanktips-resesakerhet\/'>Grundfakta och l\u00e4nktips Reses\u00e4kerhet<\/a><\/li><li><a href='http:\/\/www.jordenrunt.nu\/resa\/latinamerika\/2009\/05\/23\/okej-att-resa-till-mexiko-igen\/'>Okej att resa till Mexiko igen<\/a><\/li><li><a href='http:\/\/www.jordenrunt.nu\/resa\/asien\/2009\/05\/23\/varning-for-falsk-insamling-i-thailand\/'>Varning f\u00f6r falsk insamling i Thailand<\/a><\/li><li><a href='http:\/\/www.jordenrunt.nu\/resa\/latinamerika\/2009\/05\/02\/varning-for-resor-till-mexiko\/'>Varning f\u00f6r resor till Mexiko<\/a><\/li><li><a href='http:\/\/www.jordenrunt.nu\/resa\/asien\/2009\/03\/12\/varning-falska-dollarsedlar-i-kambodja\/'>Varning: Falska dollarsedlar i Kambodja<\/a><\/li><li><a href='http:\/\/www.jordenrunt.nu\/resa\/asien\/2009\/02\/12\/lsartips-se-upp-for-adelstensbluff-i-norra-thailand\/'>L\u00e4sartips &#8211; se upp f\u00f6r \u00e4delstensbluff i norra Thailand<\/a><\/li><li><a href='http:\/\/www.jordenrunt.nu\/resa\/afrika\/2009\/02\/02\/ud-avrader-fran-resor-till-madagaskar\/'>UD avr\u00e5der fr\u00e5n resor till Madagaskar<\/a><\/li><li><a href='http:\/\/www.jordenrunt.nu\/resa\/oceanien\/2009\/01\/25\/australien-se-upp-med-bluffande-flygbussar-fran-sydneys-flygplats\/'>Australien &#8211; Se upp med bluffande flygbussar fr\u00e5n Sydneys flygplats<\/a><\/li><li><a href='http:\/\/www.jordenrunt.nu\/resa\/latinamerika\/2008\/11\/12\/centralamerika-nyligen-andrade-gula-febern-regler-i-panama\/'>Centralamerika &#8211; Nyligen \u00e4ndrade Gula febern regler i Panama<\/a><\/li><li><a href='http:\/\/www.jordenrunt.nu\/resa\/latinamerika\/2008\/08\/22\/argentina-varning-for-gula-febern\/'>Argentina &#8211; Varning f\u00f6r Gula febern<\/a><\/li><li><a href='http:\/\/www.jordenrunt.nu\/resa\/asien\/2008\/08\/16\/thailand-varning-fran-ambassaden-i-bangkok\/'>Thailand &#8211; Varning fr\u00e5n ambassaden i Bangkok<\/a><\/li><li><a href='http:\/\/www.jordenrunt.nu\/resa\/blandade\/2008\/05\/26\/motorcykelolyckor-vanligt-bland-resenarer\/'>Motorcykelolyckor vanligt bland resen\u00e4rer<\/a><\/li><li><a href='http:\/\/www.jordenrunt.nu\/resa\/asien\/2004\/01\/28\/lasarvarning-blast-av-juvelerare-i-bangkok\/'>L\u00e4sarvarning &#8211; Juvelbluff i Thailand<\/a><\/li><\/ul>\n","protected":false},"excerpt":{"rendered":"<p>H&auml;r finns allt om att f&ouml;rb&auml;ttra reseh&auml;lsan och minimerar riskerna att r&aring;ka illa ut. &nbsp; 1. Sjukdom &#8211; Olycka &#8211; R&aring;n [&hellip;]<\/p>\n","protected":false},"author":1,"featured_media":0,"parent":0,"menu_order":0,"comment_status":"open","ping_status":"closed","template":"","meta":[],"_links":{"self":[{"href":"http:\/\/www.jordenrunt.nu\/resa\/wp-json\/wp\/v2\/pages\/24748"}],"collection":[{"href":"http:\/\/www.jordenrunt.nu\/resa\/wp-json\/wp\/v2\/pages"}],"about":[{"href":"http:\/\/www.jordenrunt.nu\/resa\/wp-json\/wp\/v2\/types\/page"}],"author":[{"embeddable":true,"href":"http:\/\/www.jordenrunt.nu\/resa\/wp-json\/wp\/v2\/users\/1"}],"replies":[{"embeddable":true,"href":"http:\/\/www.jordenrunt.nu\/resa\/wp-json\/wp\/v2\/comments?post=24748"}],"version-history":[{"count":2,"href":"http:\/\/www.jordenrunt.nu\/resa\/wp-json\/wp\/v2\/pages\/24748\/revisions"}],"predecessor-version":[{"id":38320,"href":"http:\/\/www.jordenrunt.nu\/resa\/wp-json\/wp\/v2\/pages\/24748\/revisions\/38320"}],"wp:attachment":[{"href":"http:\/\/www.jordenrunt.nu\/resa\/wp-json\/wp\/v2\/media?parent=24748"}],"curies":[{"name":"wp","href":"https:\/\/api.w.org\/{rel}","templated":true}]}}