{"id":21364,"date":"2012-05-27T11:07:47","date_gmt":"2012-05-27T09:07:47","guid":{"rendered":"http:\/\/www.jordenrunt.nu\/resa\/?page_id=21364"},"modified":"2012-05-27T11:07:47","modified_gmt":"2012-05-27T09:07:47","slug":"auschwitz","status":"publish","type":"page","link":"http:\/\/www.jordenrunt.nu\/resa\/auschwitz\/","title":{"rendered":"K\u00e4nslosamt att bes\u00f6ka koncentrationsl\u00e4ger i Polen"},"content":{"rendered":"<p><strong>F&ouml;r ett antal &aring;r sedan bes&ouml;kte jag Auschwitz, Birkenau och Majdanek i Polen (under en t&aring;gluff genom &Ouml;steuropa) och det var kusligt hemskt. <\/strong><\/p>\n<p>Dessa f&ouml;re detta koncentrationsl&auml;ger &auml;r bevarade som museer, f&ouml;r att vittna om hemskheterna som begicks d&auml;r. Auschwitz och Birkenau &auml;r delvis &aring;teruppbyggda d&aring; mycket f&ouml;rst&ouml;rdes av nazisterna innan de retirerade. <\/p>\n<p><img loading=\"lazy\" src=\"http:\/\/www.jordenrunt.nu\/images\/auschwitz1-P1000594.jpg\" width=\"450\" height=\"309\" border=\"1\"><br \/>\n<font color=\"#AC0000\">Auschwitz med grindskylt Arbeit macht frei (arbete g&ouml;r dig fri)<\/font color> <\/p>\n<p><strong>Birkenau &#8211; h&auml;r miste miljonen livet<\/strong><\/p>\n<p><img loading=\"lazy\" src=\"http:\/\/www.jordenrunt.nu\/images\/birkenau2-P1000575.jpg\" width=\"450\" height=\"297\" border=\"1\"><\/p>\n<p>Birkenau var v&auml;rst av alla och d&auml;r miste runt miljonen m&auml;nniskor livet. <\/p>\n<p><img loading=\"lazy\" src=\"http:\/\/www.jordenrunt.nu\/images\/birkenau5-P1000575.jpg\" width=\"450\" height=\"237\" border=\"1\"><\/p>\n<p>Hit kom t&aring;g efter t&aring;g varje dag och k&ouml;rde in p&aring; koncentrationsl&auml;gret genom den &ouml;k&auml;nda porten som kallades the Gate to death (eller Death gate).<\/p>\n<p><img loading=\"lazy\" src=\"http:\/\/www.jordenrunt.nu\/images\/birkenau7-P1000575.jpg\" width=\"450\" height=\"325\" border=\"1\"><\/p>\n<p>H&auml;r fick stora delar av de som var med p&aring; t&aring;gen g&aring; direkt till gaskamrarna (som mest upp emot 10 000 om dagen). I krematorieugnar bredvid gaskamrarna br&auml;ndes kroppar dygnet runt och bland annat h&auml;lldes aska i en liten damm (och &auml;n i dag, &ouml;ver 60 &aring;r senare, &auml;r dammens vatten fortfarande gr&aring;tt).<\/p>\n<p><strong>Majdanek &#8211; i stort sett allt bevarat<\/strong><\/p>\n<p>Till skillnad fr&aring;n Auschwitz och Birkenau (som f&ouml;rst&ouml;rdes av nazisterna och &auml;r &aring;teruppbyggda), &auml;r Majdanek n&auml;stan helt intakt och ligger i &ouml;stra Polen ett par tre kilometer utanf&ouml;r staden Lublin. <\/p>\n<p><img loading=\"lazy\" src=\"http:\/\/www.jordenrunt.nu\/images\/majdanek-P1000499.jpg\" width=\"450\" height=\"253\" border=\"1\"><\/p>\n<p>Vid mitt bes&ouml;k p&aring; Majdanek gick jag hela v&auml;gen fr&aring;n mitt hotell de ungef&auml;r tre kilometrarna till Majdanek och det k&auml;ndes r&auml;tt att g&aring;. <\/p>\n<p><img loading=\"lazy\" src=\"http:\/\/www.jordenrunt.nu\/images\/majdanek1-P1000499.jpg\" width=\"450\" height=\"237\" border=\"1\"><\/p>\n<p>N&auml;r man sedan vandrar runt i baracker och gaskamrar &auml;r allt v&auml;ldigt verkligt och p&aring;tagligt och obehagligt. I en barack l&aring;g till exempel tusentals skor samlade och man formligen k&auml;nde lukten av sm&auml;rta, lidelse och t&aring;rar. <\/p>\n<p><img loading=\"lazy\" src=\"http:\/\/www.jordenrunt.nu\/images\/majdanek3-P1000499.jpg\" width=\"450\" height=\"231\" border=\"1\"><\/p>\n<p><strong>R&auml;kna med k&auml;nslosamma bes&ouml;k<\/strong><br \/>\nEftersom Auschwitz och Birkenau ligger n&auml;ra varandra (i Oswiecim med n&aring;gra kilometers mellanrum) g&aring;r det bra att bes&ouml;ka b&aring;da under en och samma dag (men det &auml;r tuffa bes&ouml;k och jag kan rekommendera en vilodag mellan).<br \/>\n&nbsp;&nbsp; Majdanek (ligger en bra bit bort) &auml;r ocks&aring; v&auml;rt ett bes&ouml;k och jag tyckte nog att det var det som gjorde mest intryck p&aring; mig (man kunde n&auml;stan ta p&aring; &aring;ngest och lidelse d&auml;r).<br \/>\n&nbsp;&nbsp; R&auml;kna med att ett bes&ouml;k det blir k&auml;nslosamt och tungt. H&auml;r har m&aring;ngen t&aring;rar f&auml;llts genom &aring;ren (dels av f&aring;ngarna och dels av de som bes&ouml;kt de nuvarande museerna).<br \/>\n&nbsp;&nbsp; Till exempel n&auml;r jag var vid Birkenau kom en klass svenska ungdomar med buss och efter&aring;t (utanf&ouml;r Gate to Death) gr&auml;t str&auml;ngt taget alla i klassen.<\/p>\n<p><strong>Gick in i v&auml;ggen efter tre bes&ouml;k p&aring; tre dagar<\/strong><br \/>\nPersonligen gick jag totalt in i v&auml;ggen efter att under tre intensiva dagar ha bes&ouml;ka Majdanek, Auschwitz och Birkenau.<br \/>\n&nbsp;&nbsp; Dag ett p&aring; f&ouml;rmiddagen var jag i Majdanek och p&aring; eftermiddagen tog jag t&aring;get till Krakow. P&aring; morgonen dag tv&aring; en kortare f&auml;rd till Oswiecim och bes&ouml;k i Auschwitz p&aring; eftermiddagen. Dag tre p&aring; f&ouml;rmiddagen tillbaka i Auschwitz och p&aring; eftermiddagen Birkenau.<br \/>\n&nbsp;&nbsp; Dag fyra p&aring; morgonen t&aring;g fr&aring;n Oswiecim mot Slovakien (&aring;terupptog min t&aring;gluff). Men p&aring; t&aring;get b&ouml;rjade jag m&aring; illa, blev matt i kroppen och mina ben skakade.<br \/>\n&nbsp;&nbsp; Det gick inte att forts&auml;tta och jag hoppade av i Krakow, tog in p&aring; ett hotell och bara l&aring;g p&aring; rummet hela dagen&#8230;<\/p>\n<p>Innan du &aring;ker, kika g&auml;rna p&aring; f&ouml;ljande tv&aring; sajter som ber&auml;ttar om museerna \/ koncentrationsl&auml;gren och dess historier:<br \/>\n<a href=\"http:\/\/en.auschwitz.org\/h\" target=\"_blank\">en.auschwitz.org\/h<\/a><br \/>\n<a href=\"http:\/\/www.majdanek.pl\" target=\"_blank\">www.majdanek.pl<\/a> <\/p>\n<p>Text och bilder: <strong>Robert Karlsson<\/strong><\/p>\n","protected":false},"excerpt":{"rendered":"<p>F&ouml;r ett antal &aring;r sedan bes&ouml;kte jag Auschwitz, Birkenau och Majdanek i Polen (under en t&aring;gluff genom &Ouml;steuropa) och det var [&hellip;]<\/p>\n","protected":false},"author":1,"featured_media":0,"parent":0,"menu_order":0,"comment_status":"open","ping_status":"closed","template":"","meta":[],"_links":{"self":[{"href":"http:\/\/www.jordenrunt.nu\/resa\/wp-json\/wp\/v2\/pages\/21364"}],"collection":[{"href":"http:\/\/www.jordenrunt.nu\/resa\/wp-json\/wp\/v2\/pages"}],"about":[{"href":"http:\/\/www.jordenrunt.nu\/resa\/wp-json\/wp\/v2\/types\/page"}],"author":[{"embeddable":true,"href":"http:\/\/www.jordenrunt.nu\/resa\/wp-json\/wp\/v2\/users\/1"}],"replies":[{"embeddable":true,"href":"http:\/\/www.jordenrunt.nu\/resa\/wp-json\/wp\/v2\/comments?post=21364"}],"version-history":[{"count":0,"href":"http:\/\/www.jordenrunt.nu\/resa\/wp-json\/wp\/v2\/pages\/21364\/revisions"}],"wp:attachment":[{"href":"http:\/\/www.jordenrunt.nu\/resa\/wp-json\/wp\/v2\/media?parent=21364"}],"curies":[{"name":"wp","href":"https:\/\/api.w.org\/{rel}","templated":true}]}}