{"id":18523,"date":"2011-11-12T22:19:14","date_gmt":"2011-11-12T20:19:14","guid":{"rendered":"http:\/\/www.jordenrunt.nu\/resa\/?page_id=18523"},"modified":"2011-11-12T22:19:14","modified_gmt":"2011-11-12T20:19:14","slug":"tagluff-2011-montmartre-paris","status":"publish","type":"page","link":"http:\/\/www.jordenrunt.nu\/resa\/tagluff-europa-2011\/tagluff-2011-montmartre-paris\/","title":{"rendered":"T\u00e5gluff 2011 &#8211; Montmartre &#8211; Paris"},"content":{"rendered":"<p><strong>Under november m\u00e5nad 2011 kombinerar jag ett bes&ouml;k p&aring; resm&auml;ssan World Travel Market i London, med en liten t&aring;gluff i Europa.<\/strong><\/p>\n<p><font color=\"#AC0000\">12 nov 2011 i Paris och lite bilder fr\u00e5n stadsdelen Montmartre&#8230;<\/font color><\/p>\n<p><img loading=\"lazy\" src=\"http:\/\/www.jordenrunt.nu\/resa\/wp-content\/uploads\/2011\/11\/paris-sacre-cour-trappor.jpg\" alt=\"\" title=\"\" width=\"450\" height=\"450\"  border=\"1\"><br \/>\nTrappor \u00e4r verkligen en betydande ingrediens i Montmartre!<br \/>\n&nbsp;<\/p>\n<p><img loading=\"lazy\" src=\"http:\/\/www.jordenrunt.nu\/resa\/wp-content\/uploads\/2011\/11\/paris-sacre-cour2011-1.jpg\" alt=\"\" title=\"\" width=\"450\" height=\"504\" border=\"1\"><br \/>\nOch i vissa trappor \u00e4r det fullt med folk &#8211; som h\u00e4r framf\u00f6r Sacre Cour.<br \/>\n&nbsp;<\/p>\n<p><img loading=\"lazy\" src=\"http:\/\/www.jordenrunt.nu\/resa\/wp-content\/uploads\/2011\/11\/paris-sacre-cour2011-2.jpg\" alt=\"\" title=\"\" width=\"450\" height=\"488\"  border=\"1\"><br \/>\nSacre Cour fr\u00e5n baksidan bjuder dock inte p\u00e5 lika mycket folk&#8230;<br \/>\n&nbsp;<\/p>\n<p><img loading=\"lazy\" src=\"http:\/\/www.jordenrunt.nu\/resa\/wp-content\/uploads\/2011\/11\/paris-eiffel-2011-31.jpg\" alt=\"\" title=\"\" width=\"450\" height=\"431\" border=\"1\"><br \/>\nGrym utsikt \u00f6ver staden uppe fr\u00e5n Montmartre kullen &#8211; till exempel mot Eiffeltornet.<br \/>\n&nbsp;<\/p>\n<p><img loading=\"lazy\" src=\"http:\/\/www.jordenrunt.nu\/resa\/wp-content\/uploads\/2011\/11\/paris-montmartre-trappa.jpg\" alt=\"\" title=\"\" width=\"450\" height=\"490\" border=\"1\"><br \/>\nSa jag att det fanns en del trappor i Montmartre?<br \/>\n&nbsp;<\/p>\n<p><img loading=\"lazy\" src=\"http:\/\/www.jordenrunt.nu\/resa\/wp-content\/uploads\/2011\/11\/montmartre-gata.jpg\" alt=\"\" title=\"\" width=\"450\" height=\"338\" border=\"1\"><br \/>\nGillar att strosa p\u00e5 gatorna p\u00e5 baksidan av Montmartre &#8211; mysigt helt enkelt.<br \/>\n&nbsp; <\/p>\n<p>Foto: <strong>Robert Karlsson<\/strong> (Paris, l\u00f6rdag den 12 nov 2011)<\/p>\n<p><a href=\"http:\/\/www.jordenrunt.nu\/resa\/index.php\/tagluff-europa-2011\/\"><fot color=\"#AC0000\"><u>Fler upplevelser fr\u00e5n denna t\u00e5gluff<\/u><\/font color><\/a><\/p>\n","protected":false},"excerpt":{"rendered":"<p>Under november m\u00e5nad 2011 kombinerar jag ett bes&ouml;k p&aring; resm&auml;ssan World Travel Market i London, med en liten t&aring;gluff i Europa. [&hellip;]<\/p>\n","protected":false},"author":1,"featured_media":0,"parent":18460,"menu_order":0,"comment_status":"open","ping_status":"closed","template":"","meta":[],"_links":{"self":[{"href":"http:\/\/www.jordenrunt.nu\/resa\/wp-json\/wp\/v2\/pages\/18523"}],"collection":[{"href":"http:\/\/www.jordenrunt.nu\/resa\/wp-json\/wp\/v2\/pages"}],"about":[{"href":"http:\/\/www.jordenrunt.nu\/resa\/wp-json\/wp\/v2\/types\/page"}],"author":[{"embeddable":true,"href":"http:\/\/www.jordenrunt.nu\/resa\/wp-json\/wp\/v2\/users\/1"}],"replies":[{"embeddable":true,"href":"http:\/\/www.jordenrunt.nu\/resa\/wp-json\/wp\/v2\/comments?post=18523"}],"version-history":[{"count":0,"href":"http:\/\/www.jordenrunt.nu\/resa\/wp-json\/wp\/v2\/pages\/18523\/revisions"}],"up":[{"embeddable":true,"href":"http:\/\/www.jordenrunt.nu\/resa\/wp-json\/wp\/v2\/pages\/18460"}],"wp:attachment":[{"href":"http:\/\/www.jordenrunt.nu\/resa\/wp-json\/wp\/v2\/media?parent=18523"}],"curies":[{"name":"wp","href":"https:\/\/api.w.org\/{rel}","templated":true}]}}